{"id":16121,"date":"2025-04-17T01:02:12","date_gmt":"2025-04-16T22:02:12","guid":{"rendered":"https:\/\/stiina.ability.ee\/ee\/?page_id=16121"},"modified":"2026-04-06T12:13:35","modified_gmt":"2026-04-06T09:13:35","slug":"tutvustus","status":"publish","type":"page","link":"https:\/\/www.acelogistics.eu\/ee\/et\/ettevottest\/tutvustus\/","title":{"rendered":"Tutvustus"},"content":{"rendered":"<p>[et_pb_section fb_built=&#8221;1&#8243; _builder_version=&#8221;4.19.4&#8243; _module_preset=&#8221;default&#8221; custom_padding=&#8221;0px||6px|||&#8221; global_colors_info=&#8221;{}&#8221;][et_pb_row _builder_version=&#8221;4.27.4&#8243; _module_preset=&#8221;default&#8221; custom_padding=&#8221;55px||40px||false|false&#8221; global_colors_info=&#8221;{}&#8221;][et_pb_column type=&#8221;4_4&#8243; _builder_version=&#8221;4.27.4&#8243; _module_preset=&#8221;default&#8221; global_colors_info=&#8221;{}&#8221;][et_pb_heading title=&#8221;TUTVUSTUS&#8221; _builder_version=&#8221;4.27.4&#8243; _module_preset=&#8221;default&#8221; title_font=&#8221;&#8211;et_global_heading_font|700||on|||||&#8221; title_font_size=&#8221;26px&#8221; custom_margin=&#8221;||||false|false&#8221; custom_padding=&#8221;0px||||false|false&#8221; global_colors_info=&#8221;{}&#8221;][\/et_pb_heading][\/et_pb_column][\/et_pb_row][et_pb_row _builder_version=&#8221;4.19.4&#8243; _module_preset=&#8221;default&#8221; custom_padding=&#8221;0px||0px|||&#8221; global_colors_info=&#8221;{}&#8221;][et_pb_column type=&#8221;4_4&#8243; _builder_version=&#8221;4.19.4&#8243; _module_preset=&#8221;default&#8221; global_colors_info=&#8221;{}&#8221;][et_pb_text _builder_version=&#8221;4.27.4&#8243; _module_preset=&#8221;default&#8221; hover_enabled=&#8221;0&#8243; global_colors_info=&#8221;{}&#8221; sticky_enabled=&#8221;0&#8243;]<\/p>\n<p>ACE Logistics Group on Balti riikides ja naaberriikides tegutsev logistikaettev\u00f5tete kontsern.<\/p>\n<p>ACE Logistics, mis asutati 1992. aastal, on seadnud eesm\u00e4rgiks olla \u00fcks Baltikumi juhtivaid logistikateenuste pakkujaid, \u00fchendades oma klientide, t\u00f6\u00f6tajate ja aktsion\u00e4ride p\u00fcsiva ja pikaajalise rahulolu enam kui 30-aastase kogemusega logistikasektoris.<\/p>\n<p>ACE Logistics sai alguse lennutranspordiga seotud teenuste pakkumisega, saades tol ajal \u00fcheks Baltikumi suurimaks lennutranspordi ekspedeerijaks. Hiljem laiendati tegevust Eestist L\u00e4tti, Leetu ja Ukrainasse ning turule toodi t\u00e4iendavaid transporditeenuseid. T\u00e4nap\u00e4eval pakub ACE Logistics laia valikut logistikateenuseid, sealhulgas maantee-, lennu-, mere- ja raudteetransporti, lisaks t\u00e4iendavaid tugiteenuseid, nagu 3PL ladustamine, tollivormistus ja kaubakindlustus. ACE Logistics teeb koost\u00f6\u00f6d parimate logistikav\u00f5rgustikega \u00fcle maailma, et pakkuda oma klientidele k\u00f5rgekvaliteetseid logistikateenuseid.<\/p>\n<p>ACE Logistics peab oluliseks j\u00e4tkusuutlikkust oma logistilises infrastruktuuris ning keskendub tugevalt ESG p\u00f5him\u00f5tetele, hoides nii kvaliteeti kui ka j\u00e4tkusuutlikkust k\u00f5rgeimal tasemel, omades ISO-sertifikaate nii kvaliteedi- kui ka keskkonnajuhtimise valdkonnas. ACE Logistics keskendub ka sotsiaalsele vastutusele, toetades kohalikke kogukondi ja edendades logistikakoolitusprojekte riikides, kus on meie ettev\u00f5tted.<\/p>\n<p>[\/et_pb_text][\/et_pb_column][\/et_pb_row][et_pb_row _builder_version=&#8221;4.27.4&#8243; _module_preset=&#8221;default&#8221; width_tablet=&#8221;100%&#8221; width_phone=&#8221;100%&#8221; width_last_edited=&#8221;on|tablet&#8221; global_colors_info=&#8221;{}&#8221;][et_pb_column type=&#8221;4_4&#8243; _builder_version=&#8221;4.27.4&#8243; _module_preset=&#8221;default&#8221; global_colors_info=&#8221;{}&#8221;][et_pb_image src=&#8221;https:\/\/www.acelogistics.eu\/ee\/wp-content\/uploads\/sites\/2\/2025\/08\/ace-logistics-ajajoon-koond-2025.png&#8221; title_text=&#8221;ace logistics ajajoon koond 2025&#8243; align=&#8221;center&#8221; _builder_version=&#8221;4.27.4&#8243; _module_preset=&#8221;default&#8221; global_colors_info=&#8221;{}&#8221;][\/et_pb_image][\/et_pb_column][\/et_pb_row][\/et_pb_section][et_pb_section fb_built=&#8221;1&#8243; _builder_version=&#8221;4.19.4&#8243; _module_preset=&#8221;default&#8221; custom_padding=&#8221;0px|||||&#8221; global_colors_info=&#8221;{}&#8221;][\/et_pb_section]<\/p>\n","protected":false},"excerpt":{"rendered":"<p>ACE Logistics Group on Balti riikides ja naaberriikides tegutsev logistikaettev\u00f5tete kontsern. ACE Logistics, mis asutati 1992. aastal, on seadnud eesm\u00e4rgiks olla \u00fcks Baltikumi juhtivaid logistikateenuste pakkujaid, \u00fchendades oma klientide, t\u00f6\u00f6tajate ja aktsion\u00e4ride p\u00fcsiva ja pikaajalise rahulolu enam kui 30-aastase kogemusega logistikasektoris. ACE Logistics sai alguse lennutranspordiga seotud teenuste pakkumisega, saades tol ajal \u00fcheks Baltikumi suurimaks [&hellip;]<\/p>\n","protected":false},"author":2,"featured_media":18885,"parent":1885,"menu_order":0,"comment_status":"closed","ping_status":"closed","template":"","meta":{"_et_pb_use_builder":"on","_et_pb_old_content":"","_et_gb_content_width":"","footnotes":""},"class_list":["post-16121","page","type-page","status-publish","has-post-thumbnail","hentry"],"yoast_head":"<!-- This site is optimized with the Yoast SEO plugin v26.8 - https:\/\/yoast.com\/product\/yoast-seo-wordpress\/ -->\n<title>Tutvustus - ACE Logistics Estonia<\/title>\n<meta name=\"description\" content=\"ACE Logistics Group AS on Balti riikides ja Ukrainas tegutsev logistikaettev\u00f5tete kontsern, mis asutati 1992.aastal. Loe lisaks.\" \/>\n<meta name=\"robots\" content=\"index, follow, max-snippet:-1, max-image-preview:large, max-video-preview:-1\" \/>\n<link rel=\"canonical\" href=\"https:\/\/www.acelogistics.eu\/ee\/et\/ettevottest\/tutvustus\/\" \/>\n<meta property=\"og:locale\" content=\"et_EE\" \/>\n<meta property=\"og:type\" content=\"article\" \/>\n<meta property=\"og:title\" content=\"Tutvustus - ACE Logistics Estonia\" \/>\n<meta property=\"og:description\" content=\"ACE Logistics Group AS on Balti riikides ja Ukrainas tegutsev logistikaettev\u00f5tete kontsern, mis asutati 1992.aastal. Loe lisaks.\" \/>\n<meta property=\"og:url\" content=\"https:\/\/www.acelogistics.eu\/ee\/et\/ettevottest\/tutvustus\/\" \/>\n<meta property=\"og:site_name\" content=\"ACE Logistics Estonia\" \/>\n<meta property=\"article:modified_time\" content=\"2026-04-06T09:13:35+00:00\" \/>\n<meta name=\"twitter:card\" content=\"summary_large_image\" \/>\n<meta name=\"twitter:label1\" content=\"Est. reading time\" \/>\n\t<meta name=\"twitter:data1\" content=\"1 minut\" \/>\n<script type=\"application\/ld+json\" class=\"yoast-schema-graph\">{\"@context\":\"https:\/\/schema.org\",\"@graph\":[{\"@type\":\"WebPage\",\"@id\":\"https:\/\/www.acelogistics.eu\/ee\/et\/ettevottest\/tutvustus\/\",\"url\":\"https:\/\/www.acelogistics.eu\/ee\/et\/ettevottest\/tutvustus\/\",\"name\":\"Tutvustus - ACE Logistics Estonia\",\"isPartOf\":{\"@id\":\"https:\/\/www.acelogistics.eu\/ee\/en\/#website\"},\"primaryImageOfPage\":{\"@id\":\"https:\/\/www.acelogistics.eu\/ee\/et\/ettevottest\/tutvustus\/#primaryimage\"},\"image\":{\"@id\":\"https:\/\/www.acelogistics.eu\/ee\/et\/ettevottest\/tutvustus\/#primaryimage\"},\"thumbnailUrl\":\"https:\/\/www.acelogistics.eu\/ee\/wp-content\/uploads\/sites\/2\/2026\/04\/Laadimine-ACEi-autoga-2.jpg\",\"datePublished\":\"2025-04-16T22:02:12+00:00\",\"dateModified\":\"2026-04-06T09:13:35+00:00\",\"description\":\"ACE Logistics Group AS on Balti riikides ja Ukrainas tegutsev logistikaettev\u00f5tete kontsern, mis asutati 1992.aastal. Loe lisaks.\",\"breadcrumb\":{\"@id\":\"https:\/\/www.acelogistics.eu\/ee\/et\/ettevottest\/tutvustus\/#breadcrumb\"},\"inLanguage\":\"et\",\"potentialAction\":[{\"@type\":\"ReadAction\",\"target\":[\"https:\/\/www.acelogistics.eu\/ee\/et\/ettevottest\/tutvustus\/\"]}]},{\"@type\":\"ImageObject\",\"inLanguage\":\"et\",\"@id\":\"https:\/\/www.acelogistics.eu\/ee\/et\/ettevottest\/tutvustus\/#primaryimage\",\"url\":\"https:\/\/www.acelogistics.eu\/ee\/wp-content\/uploads\/sites\/2\/2026\/04\/Laadimine-ACEi-autoga-2.jpg\",\"contentUrl\":\"https:\/\/www.acelogistics.eu\/ee\/wp-content\/uploads\/sites\/2\/2026\/04\/Laadimine-ACEi-autoga-2.jpg\",\"width\":1536,\"height\":1024},{\"@type\":\"BreadcrumbList\",\"@id\":\"https:\/\/www.acelogistics.eu\/ee\/et\/ettevottest\/tutvustus\/#breadcrumb\",\"itemListElement\":[{\"@type\":\"ListItem\",\"position\":1,\"name\":\"Home\",\"item\":\"https:\/\/www.acelogistics.eu\/ee\/et\/\"},{\"@type\":\"ListItem\",\"position\":2,\"name\":\"Ettev\u00f5ttest\",\"item\":\"https:\/\/www.acelogistics.eu\/ee\/et\/ettevottest\/\"},{\"@type\":\"ListItem\",\"position\":3,\"name\":\"Tutvustus\"}]},{\"@type\":\"WebSite\",\"@id\":\"https:\/\/www.acelogistics.eu\/ee\/en\/#website\",\"url\":\"https:\/\/www.acelogistics.eu\/ee\/en\/\",\"name\":\"ACE Logistics Estonia\",\"description\":\"\",\"potentialAction\":[{\"@type\":\"SearchAction\",\"target\":{\"@type\":\"EntryPoint\",\"urlTemplate\":\"https:\/\/www.acelogistics.eu\/ee\/en\/?s={search_term_string}\"},\"query-input\":{\"@type\":\"PropertyValueSpecification\",\"valueRequired\":true,\"valueName\":\"search_term_string\"}}],\"inLanguage\":\"et\"}]}<\/script>\n<!-- \/ Yoast SEO plugin. -->","yoast_head_json":{"title":"Tutvustus - ACE Logistics Estonia","description":"ACE Logistics Group AS on Balti riikides ja Ukrainas tegutsev logistikaettev\u00f5tete kontsern, mis asutati 1992.aastal. Loe lisaks.","robots":{"index":"index","follow":"follow","max-snippet":"max-snippet:-1","max-image-preview":"max-image-preview:large","max-video-preview":"max-video-preview:-1"},"canonical":"https:\/\/www.acelogistics.eu\/ee\/et\/ettevottest\/tutvustus\/","og_locale":"et_EE","og_type":"article","og_title":"Tutvustus - ACE Logistics Estonia","og_description":"ACE Logistics Group AS on Balti riikides ja Ukrainas tegutsev logistikaettev\u00f5tete kontsern, mis asutati 1992.aastal. Loe lisaks.","og_url":"https:\/\/www.acelogistics.eu\/ee\/et\/ettevottest\/tutvustus\/","og_site_name":"ACE Logistics Estonia","article_modified_time":"2026-04-06T09:13:35+00:00","twitter_card":"summary_large_image","twitter_misc":{"Est. reading time":"1 minut"},"schema":{"@context":"https:\/\/schema.org","@graph":[{"@type":"WebPage","@id":"https:\/\/www.acelogistics.eu\/ee\/et\/ettevottest\/tutvustus\/","url":"https:\/\/www.acelogistics.eu\/ee\/et\/ettevottest\/tutvustus\/","name":"Tutvustus - ACE Logistics Estonia","isPartOf":{"@id":"https:\/\/www.acelogistics.eu\/ee\/en\/#website"},"primaryImageOfPage":{"@id":"https:\/\/www.acelogistics.eu\/ee\/et\/ettevottest\/tutvustus\/#primaryimage"},"image":{"@id":"https:\/\/www.acelogistics.eu\/ee\/et\/ettevottest\/tutvustus\/#primaryimage"},"thumbnailUrl":"https:\/\/www.acelogistics.eu\/ee\/wp-content\/uploads\/sites\/2\/2026\/04\/Laadimine-ACEi-autoga-2.jpg","datePublished":"2025-04-16T22:02:12+00:00","dateModified":"2026-04-06T09:13:35+00:00","description":"ACE Logistics Group AS on Balti riikides ja Ukrainas tegutsev logistikaettev\u00f5tete kontsern, mis asutati 1992.aastal. Loe lisaks.","breadcrumb":{"@id":"https:\/\/www.acelogistics.eu\/ee\/et\/ettevottest\/tutvustus\/#breadcrumb"},"inLanguage":"et","potentialAction":[{"@type":"ReadAction","target":["https:\/\/www.acelogistics.eu\/ee\/et\/ettevottest\/tutvustus\/"]}]},{"@type":"ImageObject","inLanguage":"et","@id":"https:\/\/www.acelogistics.eu\/ee\/et\/ettevottest\/tutvustus\/#primaryimage","url":"https:\/\/www.acelogistics.eu\/ee\/wp-content\/uploads\/sites\/2\/2026\/04\/Laadimine-ACEi-autoga-2.jpg","contentUrl":"https:\/\/www.acelogistics.eu\/ee\/wp-content\/uploads\/sites\/2\/2026\/04\/Laadimine-ACEi-autoga-2.jpg","width":1536,"height":1024},{"@type":"BreadcrumbList","@id":"https:\/\/www.acelogistics.eu\/ee\/et\/ettevottest\/tutvustus\/#breadcrumb","itemListElement":[{"@type":"ListItem","position":1,"name":"Home","item":"https:\/\/www.acelogistics.eu\/ee\/et\/"},{"@type":"ListItem","position":2,"name":"Ettev\u00f5ttest","item":"https:\/\/www.acelogistics.eu\/ee\/et\/ettevottest\/"},{"@type":"ListItem","position":3,"name":"Tutvustus"}]},{"@type":"WebSite","@id":"https:\/\/www.acelogistics.eu\/ee\/en\/#website","url":"https:\/\/www.acelogistics.eu\/ee\/en\/","name":"ACE Logistics Estonia","description":"","potentialAction":[{"@type":"SearchAction","target":{"@type":"EntryPoint","urlTemplate":"https:\/\/www.acelogistics.eu\/ee\/en\/?s={search_term_string}"},"query-input":{"@type":"PropertyValueSpecification","valueRequired":true,"valueName":"search_term_string"}}],"inLanguage":"et"}]}},"_links":{"self":[{"href":"https:\/\/www.acelogistics.eu\/ee\/et\/wp-json\/wp\/v2\/pages\/16121","targetHints":{"allow":["GET"]}}],"collection":[{"href":"https:\/\/www.acelogistics.eu\/ee\/et\/wp-json\/wp\/v2\/pages"}],"about":[{"href":"https:\/\/www.acelogistics.eu\/ee\/et\/wp-json\/wp\/v2\/types\/page"}],"author":[{"embeddable":true,"href":"https:\/\/www.acelogistics.eu\/ee\/et\/wp-json\/wp\/v2\/users\/2"}],"replies":[{"embeddable":true,"href":"https:\/\/www.acelogistics.eu\/ee\/et\/wp-json\/wp\/v2\/comments?post=16121"}],"version-history":[{"count":18,"href":"https:\/\/www.acelogistics.eu\/ee\/et\/wp-json\/wp\/v2\/pages\/16121\/revisions"}],"predecessor-version":[{"id":18865,"href":"https:\/\/www.acelogistics.eu\/ee\/et\/wp-json\/wp\/v2\/pages\/16121\/revisions\/18865"}],"up":[{"embeddable":true,"href":"https:\/\/www.acelogistics.eu\/ee\/et\/wp-json\/wp\/v2\/pages\/1885"}],"wp:featuredmedia":[{"embeddable":true,"href":"https:\/\/www.acelogistics.eu\/ee\/et\/wp-json\/wp\/v2\/media\/18885"}],"wp:attachment":[{"href":"https:\/\/www.acelogistics.eu\/ee\/et\/wp-json\/wp\/v2\/media?parent=16121"}],"curies":[{"name":"wp","href":"https:\/\/api.w.org\/{rel}","templated":true}]}}