{"id":17018,"date":"2025-06-30T06:53:21","date_gmt":"2025-06-30T03:53:21","guid":{"rendered":"https:\/\/stiina.ability.ee\/ee\/?page_id=17018"},"modified":"2026-04-07T11:15:45","modified_gmt":"2026-04-07T08:15:45","slug":"struktuur","status":"publish","type":"page","link":"https:\/\/www.acelogistics.eu\/ee\/et\/ettevottest\/struktuur\/","title":{"rendered":"Struktuur"},"content":{"rendered":"<p>[et_pb_section fb_built=&#8221;1&#8243; _builder_version=&#8221;4.19.4&#8243; _module_preset=&#8221;default&#8221; custom_padding=&#8221;0px||6px|||&#8221; global_colors_info=&#8221;{}&#8221;][et_pb_row _builder_version=&#8221;4.27.4&#8243; _module_preset=&#8221;default&#8221; custom_padding=&#8221;55px||40px||false|false&#8221; global_colors_info=&#8221;{}&#8221;][et_pb_column type=&#8221;4_4&#8243; _builder_version=&#8221;4.27.4&#8243; _module_preset=&#8221;default&#8221; global_colors_info=&#8221;{}&#8221;][et_pb_heading title=&#8221;GRUPI STRUKTUUR&#8221; _builder_version=&#8221;4.27.4&#8243; _module_preset=&#8221;default&#8221; title_font=&#8221;&#8211;et_global_heading_font|700||on|||||&#8221; title_font_size=&#8221;26px&#8221; custom_margin=&#8221;||||false|false&#8221; custom_padding=&#8221;0px||||false|false&#8221; global_colors_info=&#8221;{}&#8221;][\/et_pb_heading][\/et_pb_column][\/et_pb_row][et_pb_row column_structure=&#8221;1_2,1_2&#8243; _builder_version=&#8221;4.27.5&#8243; _module_preset=&#8221;default&#8221; custom_padding=&#8221;50px||150px||false|false&#8221; global_colors_info=&#8221;{}&#8221;][et_pb_column type=&#8221;1_2&#8243; _builder_version=&#8221;4.19.4&#8243; _module_preset=&#8221;default&#8221; global_colors_info=&#8221;{}&#8221;][et_pb_text admin_label=&#8221;ACE Logistics Group&#8221; _builder_version=&#8221;4.27.4&#8243; _module_preset=&#8221;default&#8221; text_text_color=&#8221;#FFFFFF&#8221; text_font_size=&#8221;18px&#8221; background_color=&#8221;#f27f00&#8243; text_orientation=&#8221;center&#8221; custom_margin=&#8221;-15px||10px||false|false&#8221; custom_padding=&#8221;10px|10px|10px|10px|true|false&#8221; global_colors_info=&#8221;{}&#8221;]<\/p>\n<p><b>ACE Logistics Estonia<\/b><br \/><em>logistika- ja ekspedeerimisteenuste osutamine<\/em><\/p>\n<p>[\/et_pb_text][et_pb_text admin_label=&#8221;ACE Logistics Group&#8221; _builder_version=&#8221;4.27.5&#8243; _module_preset=&#8221;default&#8221; text_text_color=&#8221;#FFFFFF&#8221; text_font_size=&#8221;18px&#8221; background_color=&#8221;#f27f00&#8243; text_orientation=&#8221;center&#8221; custom_margin=&#8221;0px||10px||false|false&#8221; custom_padding=&#8221;10px|10px|10px|10px|true|false&#8221; link_option_url=&#8221;https:\/\/www.acelogistics.eu\/lv\/en\/&#8221; link_option_url_new_window=&#8221;on&#8221; global_colors_info=&#8221;{}&#8221;]<\/p>\n<p><strong>ACE Logistics Latvia<\/strong><br \/><em>logistika- ja ekspedeerimisteenuste osutamine<\/em><\/p>\n<p>[\/et_pb_text][et_pb_text admin_label=&#8221;ACE Logistics Group&#8221; _builder_version=&#8221;4.27.5&#8243; _module_preset=&#8221;default&#8221; text_text_color=&#8221;#FFFFFF&#8221; text_font_size=&#8221;18px&#8221; background_color=&#8221;#f27f00&#8243; text_orientation=&#8221;center&#8221; custom_margin=&#8221;0px||10px||false|false&#8221; custom_padding=&#8221;10px|10px|10px|10px|true|false&#8221; link_option_url=&#8221;https:\/\/www.acelogistics.eu\/lt\/en\/&#8221; link_option_url_new_window=&#8221;on&#8221; global_colors_info=&#8221;{}&#8221;]<\/p>\n<p><strong>ACE Logistics Lithuania<\/strong><br \/><em>logistika- ja ekspedeerimisteenuste osutamine<\/em><\/p>\n<p>[\/et_pb_text][et_pb_text admin_label=&#8221;ACE Logistics Group&#8221; _builder_version=&#8221;4.27.5&#8243; _module_preset=&#8221;default&#8221; text_text_color=&#8221;#FFFFFF&#8221; text_font_size=&#8221;18px&#8221; background_color=&#8221;#f27f00&#8243; text_orientation=&#8221;center&#8221; custom_margin=&#8221;0px||10px||false|false&#8221; custom_padding=&#8221;10px|10px|10px|10px|true|false&#8221; link_option_url=&#8221;https:\/\/www.acelogistics.eu\/ukr\/uk\/&#8221; link_option_url_new_window=&#8221;on&#8221; global_colors_info=&#8221;{}&#8221;]<\/p>\n<p><strong>ACE Logistics Ukraine<\/strong><br \/><em>logistika- ja ekspedeerimisteenuste osutamine<\/em><\/p>\n<p>[\/et_pb_text][\/et_pb_column][et_pb_column type=&#8221;1_2&#8243; _builder_version=&#8221;4.19.4&#8243; _module_preset=&#8221;default&#8221; global_colors_info=&#8221;{}&#8221;][et_pb_text admin_label=&#8221;ACE Logistics Group&#8221; _builder_version=&#8221;4.27.4&#8243; _module_preset=&#8221;default&#8221; text_text_color=&#8221;#FFFFFF&#8221; text_font_size=&#8221;18px&#8221; background_color=&#8221;#004f7c&#8221; text_orientation=&#8221;center&#8221; custom_margin=&#8221;-15px||10px||false|false&#8221; custom_padding=&#8221;10px|10px|10px|10px|true|false&#8221; link_option_url=&#8221;https:\/\/ch.ee\/&#8221; link_option_url_new_window=&#8221;on&#8221; global_colors_info=&#8221;{}&#8221;]<\/p>\n<p><strong>Cargo Handling<\/strong><br \/><em><span>kaubak\u00e4sitlusteenuste osutamine<\/span><\/em><\/p>\n<p>[\/et_pb_text][et_pb_text admin_label=&#8221;ACE Logistics Group&#8221; _builder_version=&#8221;4.27.6&#8243; _module_preset=&#8221;default&#8221; text_text_color=&#8221;#FFFFFF&#8221; text_font_size=&#8221;18px&#8221; background_color=&#8221;#004f7c&#8221; text_orientation=&#8221;center&#8221; custom_margin=&#8221;0px||10px||false|false&#8221; custom_padding=&#8221;10px|10px|10px|10px|true|false&#8221; link_option_url=&#8221;https:\/\/airproxy.eu\/&#8221; link_option_url_new_window=&#8221;on&#8221; hover_enabled=&#8221;0&#8243; global_colors_info=&#8221;{}&#8221; sticky_enabled=&#8221;0&#8243;]<\/p>\n<p><strong>Air Proxy Estonia<\/strong><br \/><em><span>lennufirmade esindamine<\/span><\/em><\/p>\n<p>[\/et_pb_text][et_pb_text admin_label=&#8221;ACE Logistics Group&#8221; _builder_version=&#8221;4.27.6&#8243; _module_preset=&#8221;default&#8221; text_text_color=&#8221;#FFFFFF&#8221; text_font_size=&#8221;18px&#8221; background_color=&#8221;#004f7c&#8221; text_orientation=&#8221;center&#8221; custom_margin=&#8221;0px||10px||false|false&#8221; custom_padding=&#8221;10px|10px|10px|10px|true|false&#8221; link_option_url=&#8221;https:\/\/airproxy.eu\/&#8221; link_option_url_new_window=&#8221;on&#8221; hover_enabled=&#8221;0&#8243; global_colors_info=&#8221;{}&#8221; sticky_enabled=&#8221;0&#8243;]<\/p>\n<p><strong>Air Proxy Latvia<\/strong><br \/><em>lennufirmade esindamine<\/em><\/p>\n<p>[\/et_pb_text][et_pb_text admin_label=&#8221;ACE Logistics Group&#8221; _builder_version=&#8221;4.27.4&#8243; _module_preset=&#8221;default&#8221; text_text_color=&#8221;#FFFFFF&#8221; text_font_size=&#8221;18px&#8221; background_color=&#8221;#004f7c&#8221; text_orientation=&#8221;center&#8221; custom_margin=&#8221;0px||10px||false|false&#8221; custom_padding=&#8221;10px|10px|10px|10px|true|false&#8221; global_colors_info=&#8221;{}&#8221;]<\/p>\n<p><strong>Sepise Kinnisvara<\/strong><br \/><em>kinnisvarateenuste osutamine<\/em><\/p>\n<p>[\/et_pb_text][\/et_pb_column][\/et_pb_row][\/et_pb_section]<\/p>\n","protected":false},"excerpt":{"rendered":"<p>ACE Logistics Estonialogistika- ja ekspedeerimisteenuste osutamineACE Logistics Latvialogistika- ja ekspedeerimisteenuste osutamineACE Logistics Lithuanialogistika- ja ekspedeerimisteenuste osutamineACE Logistics Ukrainelogistika- ja ekspedeerimisteenuste osutamineCargo Handlingkaubak\u00e4sitlusteenuste osutamineAir Proxy Estonialennufirmade esindamineAir Proxy Latvialennufirmade esindamineSepise Kinnisvarakinnisvarateenuste osutamine<\/p>\n","protected":false},"author":2,"featured_media":0,"parent":1885,"menu_order":0,"comment_status":"closed","ping_status":"closed","template":"","meta":{"_et_pb_use_builder":"on","_et_pb_old_content":"","_et_gb_content_width":"","footnotes":""},"class_list":["post-17018","page","type-page","status-publish","hentry"],"yoast_head":"<!-- This site is optimized with the Yoast SEO plugin v26.8 - https:\/\/yoast.com\/product\/yoast-seo-wordpress\/ -->\n<title>Struktuur - ACE Logistics Estonia<\/title>\n<meta name=\"description\" content=\"Siia alla oleme v\u00e4lja toonud ACE Logistics Group AS alla kuuluvad ettev\u00f5tted. Valdkonnaks logistika, kaubak\u00e4sitlus, lennufirmade esindamine.\" \/>\n<meta name=\"robots\" content=\"index, follow, max-snippet:-1, max-image-preview:large, max-video-preview:-1\" \/>\n<link rel=\"canonical\" href=\"https:\/\/www.acelogistics.eu\/ee\/et\/ettevottest\/struktuur\/\" \/>\n<meta property=\"og:locale\" content=\"et_EE\" \/>\n<meta property=\"og:type\" content=\"article\" \/>\n<meta property=\"og:title\" content=\"Struktuur - ACE Logistics Estonia\" \/>\n<meta property=\"og:description\" content=\"Siia alla oleme v\u00e4lja toonud ACE Logistics Group AS alla kuuluvad ettev\u00f5tted. Valdkonnaks logistika, kaubak\u00e4sitlus, lennufirmade esindamine.\" \/>\n<meta property=\"og:url\" content=\"https:\/\/www.acelogistics.eu\/ee\/et\/ettevottest\/struktuur\/\" \/>\n<meta property=\"og:site_name\" content=\"ACE Logistics Estonia\" \/>\n<meta property=\"article:modified_time\" content=\"2026-04-07T08:15:45+00:00\" \/>\n<meta name=\"twitter:card\" content=\"summary_large_image\" \/>\n<meta name=\"twitter:label1\" content=\"Est. reading time\" \/>\n\t<meta name=\"twitter:data1\" content=\"1 minut\" \/>\n<script type=\"application\/ld+json\" class=\"yoast-schema-graph\">{\"@context\":\"https:\/\/schema.org\",\"@graph\":[{\"@type\":\"WebPage\",\"@id\":\"https:\/\/www.acelogistics.eu\/ee\/et\/ettevottest\/struktuur\/\",\"url\":\"https:\/\/www.acelogistics.eu\/ee\/et\/ettevottest\/struktuur\/\",\"name\":\"Struktuur - ACE Logistics Estonia\",\"isPartOf\":{\"@id\":\"https:\/\/www.acelogistics.eu\/ee\/en\/#website\"},\"datePublished\":\"2025-06-30T03:53:21+00:00\",\"dateModified\":\"2026-04-07T08:15:45+00:00\",\"description\":\"Siia alla oleme v\u00e4lja toonud ACE Logistics Group AS alla kuuluvad ettev\u00f5tted. Valdkonnaks logistika, kaubak\u00e4sitlus, lennufirmade esindamine.\",\"breadcrumb\":{\"@id\":\"https:\/\/www.acelogistics.eu\/ee\/et\/ettevottest\/struktuur\/#breadcrumb\"},\"inLanguage\":\"et\",\"potentialAction\":[{\"@type\":\"ReadAction\",\"target\":[\"https:\/\/www.acelogistics.eu\/ee\/et\/ettevottest\/struktuur\/\"]}]},{\"@type\":\"BreadcrumbList\",\"@id\":\"https:\/\/www.acelogistics.eu\/ee\/et\/ettevottest\/struktuur\/#breadcrumb\",\"itemListElement\":[{\"@type\":\"ListItem\",\"position\":1,\"name\":\"Home\",\"item\":\"https:\/\/www.acelogistics.eu\/ee\/et\/\"},{\"@type\":\"ListItem\",\"position\":2,\"name\":\"Ettev\u00f5ttest\",\"item\":\"https:\/\/www.acelogistics.eu\/ee\/et\/ettevottest\/\"},{\"@type\":\"ListItem\",\"position\":3,\"name\":\"Struktuur\"}]},{\"@type\":\"WebSite\",\"@id\":\"https:\/\/www.acelogistics.eu\/ee\/en\/#website\",\"url\":\"https:\/\/www.acelogistics.eu\/ee\/en\/\",\"name\":\"ACE Logistics Estonia\",\"description\":\"\",\"potentialAction\":[{\"@type\":\"SearchAction\",\"target\":{\"@type\":\"EntryPoint\",\"urlTemplate\":\"https:\/\/www.acelogistics.eu\/ee\/en\/?s={search_term_string}\"},\"query-input\":{\"@type\":\"PropertyValueSpecification\",\"valueRequired\":true,\"valueName\":\"search_term_string\"}}],\"inLanguage\":\"et\"}]}<\/script>\n<!-- \/ Yoast SEO plugin. -->","yoast_head_json":{"title":"Struktuur - ACE Logistics Estonia","description":"Siia alla oleme v\u00e4lja toonud ACE Logistics Group AS alla kuuluvad ettev\u00f5tted. Valdkonnaks logistika, kaubak\u00e4sitlus, lennufirmade esindamine.","robots":{"index":"index","follow":"follow","max-snippet":"max-snippet:-1","max-image-preview":"max-image-preview:large","max-video-preview":"max-video-preview:-1"},"canonical":"https:\/\/www.acelogistics.eu\/ee\/et\/ettevottest\/struktuur\/","og_locale":"et_EE","og_type":"article","og_title":"Struktuur - ACE Logistics Estonia","og_description":"Siia alla oleme v\u00e4lja toonud ACE Logistics Group AS alla kuuluvad ettev\u00f5tted. Valdkonnaks logistika, kaubak\u00e4sitlus, lennufirmade esindamine.","og_url":"https:\/\/www.acelogistics.eu\/ee\/et\/ettevottest\/struktuur\/","og_site_name":"ACE Logistics Estonia","article_modified_time":"2026-04-07T08:15:45+00:00","twitter_card":"summary_large_image","twitter_misc":{"Est. reading time":"1 minut"},"schema":{"@context":"https:\/\/schema.org","@graph":[{"@type":"WebPage","@id":"https:\/\/www.acelogistics.eu\/ee\/et\/ettevottest\/struktuur\/","url":"https:\/\/www.acelogistics.eu\/ee\/et\/ettevottest\/struktuur\/","name":"Struktuur - ACE Logistics Estonia","isPartOf":{"@id":"https:\/\/www.acelogistics.eu\/ee\/en\/#website"},"datePublished":"2025-06-30T03:53:21+00:00","dateModified":"2026-04-07T08:15:45+00:00","description":"Siia alla oleme v\u00e4lja toonud ACE Logistics Group AS alla kuuluvad ettev\u00f5tted. Valdkonnaks logistika, kaubak\u00e4sitlus, lennufirmade esindamine.","breadcrumb":{"@id":"https:\/\/www.acelogistics.eu\/ee\/et\/ettevottest\/struktuur\/#breadcrumb"},"inLanguage":"et","potentialAction":[{"@type":"ReadAction","target":["https:\/\/www.acelogistics.eu\/ee\/et\/ettevottest\/struktuur\/"]}]},{"@type":"BreadcrumbList","@id":"https:\/\/www.acelogistics.eu\/ee\/et\/ettevottest\/struktuur\/#breadcrumb","itemListElement":[{"@type":"ListItem","position":1,"name":"Home","item":"https:\/\/www.acelogistics.eu\/ee\/et\/"},{"@type":"ListItem","position":2,"name":"Ettev\u00f5ttest","item":"https:\/\/www.acelogistics.eu\/ee\/et\/ettevottest\/"},{"@type":"ListItem","position":3,"name":"Struktuur"}]},{"@type":"WebSite","@id":"https:\/\/www.acelogistics.eu\/ee\/en\/#website","url":"https:\/\/www.acelogistics.eu\/ee\/en\/","name":"ACE Logistics Estonia","description":"","potentialAction":[{"@type":"SearchAction","target":{"@type":"EntryPoint","urlTemplate":"https:\/\/www.acelogistics.eu\/ee\/en\/?s={search_term_string}"},"query-input":{"@type":"PropertyValueSpecification","valueRequired":true,"valueName":"search_term_string"}}],"inLanguage":"et"}]}},"_links":{"self":[{"href":"https:\/\/www.acelogistics.eu\/ee\/et\/wp-json\/wp\/v2\/pages\/17018","targetHints":{"allow":["GET"]}}],"collection":[{"href":"https:\/\/www.acelogistics.eu\/ee\/et\/wp-json\/wp\/v2\/pages"}],"about":[{"href":"https:\/\/www.acelogistics.eu\/ee\/et\/wp-json\/wp\/v2\/types\/page"}],"author":[{"embeddable":true,"href":"https:\/\/www.acelogistics.eu\/ee\/et\/wp-json\/wp\/v2\/users\/2"}],"replies":[{"embeddable":true,"href":"https:\/\/www.acelogistics.eu\/ee\/et\/wp-json\/wp\/v2\/comments?post=17018"}],"version-history":[{"count":23,"href":"https:\/\/www.acelogistics.eu\/ee\/et\/wp-json\/wp\/v2\/pages\/17018\/revisions"}],"predecessor-version":[{"id":18888,"href":"https:\/\/www.acelogistics.eu\/ee\/et\/wp-json\/wp\/v2\/pages\/17018\/revisions\/18888"}],"up":[{"embeddable":true,"href":"https:\/\/www.acelogistics.eu\/ee\/et\/wp-json\/wp\/v2\/pages\/1885"}],"wp:attachment":[{"href":"https:\/\/www.acelogistics.eu\/ee\/et\/wp-json\/wp\/v2\/media?parent=17018"}],"curies":[{"name":"wp","href":"https:\/\/api.w.org\/{rel}","templated":true}]}}