{"id":17114,"date":"2025-05-06T22:15:50","date_gmt":"2025-05-06T19:15:50","guid":{"rendered":"https:\/\/stiina.ability.ee\/ee\/information\/claims\/"},"modified":"2026-04-06T10:27:26","modified_gmt":"2026-04-06T07:27:26","slug":"reklamatsioonid","status":"publish","type":"page","link":"https:\/\/www.acelogistics.eu\/ee\/et\/abiinfo\/reklamatsioonid\/","title":{"rendered":"Reklamatsioonid"},"content":{"rendered":"<p>[et_pb_section fb_built=&#8221;1&#8243; _builder_version=&#8221;4.19.4&#8243; _module_preset=&#8221;default&#8221; custom_padding=&#8221;0px|||||&#8221; global_colors_info=&#8221;{}&#8221;][et_pb_row admin_label=&#8221;Row&#8221; _builder_version=&#8221;4.27.4&#8243; _module_preset=&#8221;default&#8221; custom_padding=&#8221;55px||40px||false|false&#8221; global_colors_info=&#8221;{}&#8221;][et_pb_column type=&#8221;4_4&#8243; _builder_version=&#8221;4.27.4&#8243; _module_preset=&#8221;default&#8221; global_colors_info=&#8221;{}&#8221;][et_pb_heading title=&#8221;@ET-DC@eyJkeW5hbWljIjp0cnVlLCJjb250ZW50IjoicG9zdF90aXRsZSIsInNldHRpbmdzIjp7ImJlZm9yZSI6IiIsImFmdGVyIjoiIn19@&#8221; _builder_version=&#8221;4.27.4&#8243; _dynamic_attributes=&#8221;title&#8221; _module_preset=&#8221;default&#8221; title_font=&#8221;&#8211;et_global_heading_font|700||on|||||&#8221; title_font_size=&#8221;26px&#8221; custom_margin=&#8221;||||false|false&#8221; custom_padding=&#8221;0px||||false|false&#8221; global_colors_info=&#8221;{}&#8221;][\/et_pb_heading][\/et_pb_column][\/et_pb_row][et_pb_row _builder_version=&#8221;4.27.4&#8243; _module_preset=&#8221;default&#8221; custom_padding=&#8221;0px||0px||false|false&#8221; global_colors_info=&#8221;{}&#8221;][et_pb_column type=&#8221;4_4&#8243; _builder_version=&#8221;4.19.4&#8243; _module_preset=&#8221;default&#8221; global_colors_info=&#8221;{}&#8221;][et_pb_text _builder_version=&#8221;4.27.5&#8243; _module_preset=&#8221;default&#8221; custom_padding=&#8221;||0px|||&#8221; header_2_line_height_tablet=&#8221;&#8221; header_2_line_height_phone=&#8221;1.4em&#8221; header_2_line_height_last_edited=&#8221;on|phone&#8221; global_colors_info=&#8221;{}&#8221;]<\/p>\n<p>Saadetiste transportimisel on k\u00f5igi osapoolte ootus, et punktist A peale laaditud saadetis j\u00f5uaks punkti B ohutult, etten\u00e4htud ajal ja kahjustusteta. Enamasti see nii l\u00e4hebki, kuid on ka erandeid, kuna kaubaveoga kaasnevad mitmed riskitegurid.<\/p>\n<p>Kui ACE Logisticsi teenustega transportimisel tekivad sellised olukorrad, saavad meie kliendid esitada kahjun\u00f5ude, mida meie kahjuk\u00e4sitlusspetsialistid vajaliku hoole ja t\u00e4helepanuga menetlevad.<\/p>\n<p>&nbsp;<\/p>\n<h2>KAHJUN\u00d5UDE EDASTAMINE JA MENETLEMINE<\/h2>\n<p>&nbsp;<\/p>\n<p>Et esitada kahjun\u00f5ue, palun t\u00e4ida <a href=\"https:\/\/www.acelogistics.eu\/ee\/wp-content\/uploads\/sites\/2\/2025\/05\/REKLAMATSIOONI-VORM-REV.docx\">reklamatsioonivorm<\/a> ja edasta info <a href=\"mailto:road@ace.ee\">road@ace.ee<\/a>. Lisaks kahjun\u00f5ude vormile palun lisada ka k\u00f5ik dokumendid, mis on seotud nii saadetise kui ka kahjun\u00f5ude suurusega (kommertsarve, pakkeleht, remondikulude arved jne).<\/p>\n<p>Palun arvestada, et kliendid on kohustatud transpordiarve eest tasuma isegi siis, kui pretensioon on aktsepteeritud ja menetlemisel.<\/p>\n<p>Reklamatsiooni k\u00e4sitletakse\u00a0 <a href=\"https:\/\/www.riigiteataja.ee\/akt\/104072024018\">V\u00f5la\u00f5igusseaduse<\/a>, <a href=\"https:\/\/www.elea.ee\/elea-autokaubaveo-uldtingimused\/\">ELEA \u00dcldtingimuste<\/a>, <a href=\"https:\/\/www.eraa.ee\/files\/filemanager\/files\/cmr_konventsioon.pdf\">CMR Konventsiooni<\/a>, <a href=\"https:\/\/www.riigiteataja.ee\/akt\/112122018042\">Kaubandusliku meres\u00f5idu seaduse<\/a> ja teiste konventsioonide alusel.<\/p>\n<p>[\/et_pb_text][\/et_pb_column][\/et_pb_row][et_pb_row column_structure=&#8221;1_2,1_2&#8243; _builder_version=&#8221;4.27.4&#8243; _module_preset=&#8221;default&#8221; global_colors_info=&#8221;{}&#8221;][et_pb_column type=&#8221;1_2&#8243; _builder_version=&#8221;4.27.4&#8243; _module_preset=&#8221;default&#8221; global_colors_info=&#8221;{}&#8221;][et_pb_button button_url=&#8221;https:\/\/www.acelogistics.eu\/ee\/wp-content\/uploads\/sites\/2\/2025\/05\/REKLAMATSIOONI-VORM-REV.docx&#8221; url_new_window=&#8221;on&#8221; button_text=&#8221;Lae alla eestikeelne reklamatsioonivorm (.doc)&#8221; button_alignment=&#8221;center&#8221; admin_label=&#8221;Reklamatsiooni vorm&#8221; _builder_version=&#8221;4.27.4&#8243; _module_preset=&#8221;default&#8221; custom_button=&#8221;on&#8221; button_border_width=&#8221;2px&#8221; button_icon=&#8221;&#x69;||divi||400&#8243; button_icon_placement=&#8221;left&#8221; button_on_hover=&#8221;off&#8221; custom_margin=&#8221;||||false|false&#8221; custom_padding=&#8221;9px||9px||true|false&#8221; custom_css_main_element=&#8221;width: 100%;&#8221; global_colors_info=&#8221;{}&#8221;][\/et_pb_button][\/et_pb_column][et_pb_column type=&#8221;1_2&#8243; _builder_version=&#8221;4.27.4&#8243; _module_preset=&#8221;default&#8221; global_colors_info=&#8221;{}&#8221;][et_pb_button button_url=&#8221;https:\/\/www.acelogistics.eu\/ee\/wp-content\/uploads\/sites\/2\/2025\/05\/REPORT-OF-CLAIM-ROC.docx&#8221; url_new_window=&#8221;on&#8221; button_text=&#8221;Lae alla inglisekeelne reklamatsioonivorm (.doc)&#8221; button_alignment=&#8221;center&#8221; admin_label=&#8221;Complaint form&#8221; _builder_version=&#8221;4.27.4&#8243; _module_preset=&#8221;default&#8221; custom_button=&#8221;on&#8221; button_text_size=&#8221;20px&#8221; button_bg_color=&#8221;#004f7c&#8221; button_border_width=&#8221;2px&#8221; button_border_color=&#8221;#004f7c&#8221; button_icon=&#8221;&#x69;||divi||400&#8243; button_icon_placement=&#8221;left&#8221; button_on_hover=&#8221;off&#8221; custom_margin=&#8221;||||false|false&#8221; custom_padding=&#8221;9px||9px||true|false&#8221; button_border_color_last_edited=&#8221;off|desktop&#8221; custom_css_main_element=&#8221;width: 100%;&#8221; global_colors_info=&#8221;{}&#8221; button_border_color__hover_enabled=&#8221;on|hover&#8221; button_border_color__hover=&#8221;#004f7c&#8221;][\/et_pb_button][\/et_pb_column][\/et_pb_row][et_pb_row _builder_version=&#8221;4.19.4&#8243; _module_preset=&#8221;default&#8221; custom_padding=&#8221;0px|||||&#8221; global_colors_info=&#8221;{}&#8221;][et_pb_column type=&#8221;4_4&#8243; _builder_version=&#8221;4.19.4&#8243; _module_preset=&#8221;default&#8221; global_colors_info=&#8221;{}&#8221;][et_pb_text content_tablet=&#8221;<\/p>\n<h2><\/h2>\n<h2>AJAPIIRANGUD \u00d5NNETUSJUHTUMITEST TEATAMISEKS<\/h2>\n<h1><\/h1>\n<p>Olukordades, kus saadetis saabub saajale n\u00e4htavate kaubakahjustustega, tuleb kahjustused mahalaadimise ajal CMR\/POD-le m\u00e4rkida.<\/p>\n<p>Olukordades, kus kaubakahjustused ei olnud n\u00e4htavad mahalaadimise ajal ja avastati hiljem, tuleb kahjustustest teatada 7 kalendrip\u00e4eva jooksul alates kohaletoimetamise p\u00e4evast.<\/p>\n<p>Kadunud saadetise korral v\u00f5ib t\u00f6\u00f6tlemine v\u00f5tta aega kuni 30 p\u00e4eva. M\u00f5nel juhul, kui mahalaadimise kuup\u00e4eva tellimuses kokku ei lepitud, v\u00f5ib t\u00f6\u00f6tlemine v\u00f5tta aega kuni 60 p\u00e4eva.<\/p>\n<p>\u00a0<\/p>\n<h2>VEDAJAVASTUTUSKINDLUSTUS<\/h2>\n<h1><\/h1>\n<p>Kaubaveo puhul katab kauba kaotsimineku v\u00f5i v\u00e4\u00e4rtuse v\u00e4henemise vedaja vastutuskindlustus kokkulepitud SDR-tingimuste alusel.<\/p>\n<p>Lisaks piiratud h\u00fcvitism\u00e4\u00e4radele h\u00f5lmab vedaja vastutus ainult kahju, mis on tekkinud vedaja s\u00fc\u00fc t\u00f5ttu. Vedaja ei vastuta, kui kahju on tekkinud asjaolude t\u00f5ttu, mida vedaja ei saanud v\u00e4ltida (nt r\u00f6\u00f6vimine).<\/p>\n<p><span>Kui kauba v\u00e4\u00e4rtus \u00fcletab nimetatud SDR-m\u00e4\u00e4rade kindlustusv\u00e4\u00e4rtuse v\u00f5i kui kindlustust on vaja olukordades, kus vedaja ei vastuta kauba kahjustumise eest, saab ACE Logistics kaitse pakkumisega abiks olla vahendades <a href=%22https:\/\/www.acelogistics.eu\/ee\/et\/teenused\/veosekindlustus\/%22>kauba t\u00e4iskindlustust.<\/a><\/span><\/p>\n<p>&#8221; content_phone=&#8221;<\/p>\n<h2><\/h2>\n<h2>AJAPIIRANGUD \u00d5NNETUS-JUHTUMITEST TEATAMISEKS<\/h2>\n<h1><\/h1>\n<p>Olukordades, kus saadetis saabub saajale n\u00e4htavate kaubakahjustustega, tuleb kahjustused mahalaadimise ajal CMR\/POD-le m\u00e4rkida.<\/p>\n<p>Olukordades, kus kaubakahjustused ei olnud n\u00e4htavad mahalaadimise ajal ja avastati hiljem, tuleb kahjustustest teatada 7 kalendrip\u00e4eva jooksul alates kohaletoimetamise p\u00e4evast.<\/p>\n<p>Kadunud saadetise korral v\u00f5ib t\u00f6\u00f6tlemine v\u00f5tta aega kuni 30 p\u00e4eva. M\u00f5nel juhul, kui mahalaadimise kuup\u00e4eva tellimuses kokku ei lepitud, v\u00f5ib t\u00f6\u00f6tlemine v\u00f5tta aega kuni 60 p\u00e4eva.<\/p>\n<p>&nbsp;<\/p>\n<h2>VEDAJAVASTUTUS-KINDLUSTUS<\/h2>\n<h1><\/h1>\n<p>Kaubaveo puhul katab kauba kaotsimineku v\u00f5i v\u00e4\u00e4rtuse v\u00e4henemise vedaja vastutuskindlustus kokkulepitud SDR-tingimuste alusel.<\/p>\n<p>Lisaks piiratud h\u00fcvitism\u00e4\u00e4radele h\u00f5lmab vedaja vastutus ainult kahju, mis on tekkinud vedaja s\u00fc\u00fc t\u00f5ttu. Vedaja ei vastuta, kui kahju on tekkinud asjaolude t\u00f5ttu, mida vedaja ei saanud v\u00e4ltida (nt r\u00f6\u00f6vimine).<\/p>\n<p><span>Kui kauba v\u00e4\u00e4rtus \u00fcletab nimetatud SDR-m\u00e4\u00e4rade kindlustusv\u00e4\u00e4rtuse v\u00f5i kui kindlustust on vaja olukordades, kus vedaja ei vastuta kauba kahjustumise eest, saab ACE Logistics kaitse pakkumisega abiks olla vahendades <a href=%22https:\/\/www.acelogistics.eu\/ee\/et\/teenused\/veosekindlustus\/%22>kauba t\u00e4iskindlustust.<\/a><\/span><\/p>\n<p>&#8221; content_last_edited=&#8221;on|phone&#8221; _builder_version=&#8221;4.27.5&#8243; _module_preset=&#8221;default&#8221; custom_padding=&#8221;||0px|||&#8221; hover_enabled=&#8221;0&#8243; header_2_line_height_tablet=&#8221;&#8221; header_2_line_height_phone=&#8221;1.4em&#8221; header_2_line_height_last_edited=&#8221;on|phone&#8221; global_colors_info=&#8221;{}&#8221; sticky_enabled=&#8221;0&#8243;]<\/p>\n<h2><\/h2>\n<h2>AJAPIIRANGUD \u00d5NNETUSJUHTUMITEST TEATAMISEKS<\/h2>\n<h1><\/h1>\n<p>Olukordades, kus saadetis saabub saajale n\u00e4htavate kaubakahjustustega, tuleb kahjustused mahalaadimise ajal CMR\/POD-le m\u00e4rkida.<\/p>\n<p>Olukordades, kus kaubakahjustused ei olnud n\u00e4htavad mahalaadimise ajal ja avastati hiljem, tuleb kahjustustest teatada 7 kalendrip\u00e4eva jooksul alates kohaletoimetamise p\u00e4evast.<\/p>\n<p>Kadunud saadetise korral v\u00f5ib t\u00f6\u00f6tlemine v\u00f5tta aega kuni 30 p\u00e4eva. M\u00f5nel juhul, kui mahalaadimise kuup\u00e4eva tellimuses kokku ei lepitud, v\u00f5ib t\u00f6\u00f6tlemine v\u00f5tta aega kuni 60 p\u00e4eva.<\/p>\n<p>&nbsp;<\/p>\n<h2>VEDAJAVASTUTUSKINDLUSTUS<\/h2>\n<h1><\/h1>\n<p>Kaubaveo puhul katab kauba kaotsimineku v\u00f5i v\u00e4\u00e4rtuse v\u00e4henemise vedaja vastutuskindlustus kokkulepitud SDR-tingimuste alusel.<\/p>\n<p>Lisaks piiratud h\u00fcvitism\u00e4\u00e4radele h\u00f5lmab vedaja vastutus ainult kahju, mis on tekkinud vedaja s\u00fc\u00fc t\u00f5ttu. Vedaja ei vastuta, kui kahju on tekkinud asjaolude t\u00f5ttu, mida vedaja ei saanud v\u00e4ltida (nt r\u00f6\u00f6vimine).<\/p>\n<p><span>Kui kauba v\u00e4\u00e4rtus \u00fcletab nimetatud SDR-m\u00e4\u00e4rade kindlustusv\u00e4\u00e4rtuse v\u00f5i kui kindlustust on vaja olukordades, kus vedaja ei vastuta kauba kahjustumise eest, saab ACE Logistics kaitse pakkumisega abiks olla vahendades <a href=\"https:\/\/www.acelogistics.eu\/ee\/et\/teenused\/veosekindlustus\/\">kauba t\u00e4iskindlustust.<\/a><\/span><\/p>\n<p>[\/et_pb_text][et_pb_toggle title=&#8221;SDR (special drawing rights) m\u00e4\u00e4rad:&#8221; _builder_version=&#8221;4.27.4&#8243; _module_preset=&#8221;default&#8221; global_colors_info=&#8221;{}&#8221;]<\/p>\n<ul>\n<li aria-level=\"1\">lennutransport: k\u00f5ige rohkem 26 SDR-i kg kohta;<\/li>\n<li aria-level=\"1\">maanteetransport: k\u00f5ige rohkem 8,33 SDR-i kg kohta;<\/li>\n<li aria-level=\"1\">meretransport: k\u00f5ige rohkem 2 SDR-i kg kohta v\u00f5i maksimaalselt 666,67 SDR-i \u00fchiku kohta;<\/li>\n<li aria-level=\"1\">raudteetransport: k\u00f5ige rohkem 2 SDR-I kg kohta.<\/li>\n<\/ul>\n<p>[\/et_pb_toggle][\/et_pb_column][\/et_pb_row][et_pb_row _builder_version=&#8221;4.19.4&#8243; _module_preset=&#8221;default&#8221; custom_margin=&#8221;|auto|-5px|auto||&#8221; custom_padding=&#8221;||3px|||&#8221; global_colors_info=&#8221;{}&#8221;][et_pb_column type=&#8221;4_4&#8243; _builder_version=&#8221;4.19.4&#8243; _module_preset=&#8221;default&#8221; global_colors_info=&#8221;{}&#8221;][et_pb_text _builder_version=&#8221;4.27.5&#8243; _module_preset=&#8221;default&#8221; custom_padding=&#8221;||0px|||&#8221; header_2_line_height_tablet=&#8221;&#8221; header_2_line_height_phone=&#8221;1.4em&#8221; header_2_line_height_last_edited=&#8221;on|phone&#8221; global_colors_info=&#8221;{}&#8221;]<\/p>\n<h2>PIISAVA PAKENDAMISE N\u00d5UDED<\/h2>\n<h1><\/h1>\n<p>Enamasti on parim kaitse kauba v\u00f5imalike kahjustuste vastu piisav pakendamine. Kui pakend ei vasta vajalikele n\u00f5uetele, v\u00f5ib vedaja vabaneda kahjustustest tingitud vastutusest.<\/p>\n<p>Pakend loetakse piisavaks, kui:<\/p>\n<ul>\n<li>kaup ei \u00fcleta kaubaaluse m\u00f5\u00f5tmeid;<\/li>\n<li>kaup on kaubaaluse k\u00fclge kinnitatud;<\/li>\n<li>pakend on vastupidav r\u00f5hule, vibratsioonile, tolmule ja niiskusele;<\/li>\n<li>kaup on selgelt m\u00e4rgistatud (n\u00e4iteks &#8220;Habras&#8221;, &#8220;\u00c4ra virnasta&#8221;, &#8220;See k\u00fclg \u00fclespoole&#8221;);<\/li>\n<li>pakend on piisavalt stabiilne, et v\u00f5imaldada saadetise k\u00e4itlemist;<\/li>\n<li>pakend ei tohi olla ohtlik teistele saadetistele ega t\u00f6\u00f6tajatele.<\/li>\n<\/ul>\n<ul>\n<li style=\"list-style-type: none;\">\n<ul><\/ul>\n<\/li>\n<\/ul>\n<p>[\/et_pb_text][\/et_pb_column][\/et_pb_row][\/et_pb_section]<\/p>\n","protected":false},"excerpt":{"rendered":"<p>Saadetiste transportimisel on k\u00f5igi osapoolte ootus, et punktist A peale laaditud saadetis j\u00f5uaks punkti B ohutult, etten\u00e4htud ajal ja kahjustusteta. Enamasti see nii l\u00e4hebki, kuid on ka erandeid, kuna kaubaveoga kaasnevad mitmed riskitegurid. Kui ACE Logisticsi teenustega transportimisel tekivad sellised olukorrad, saavad meie kliendid esitada kahjun\u00f5ude, mida meie kahjuk\u00e4sitlusspetsialistid vajaliku hoole ja t\u00e4helepanuga menetlevad. &nbsp; [&hellip;]<\/p>\n","protected":false},"author":2,"featured_media":0,"parent":17109,"menu_order":0,"comment_status":"closed","ping_status":"closed","template":"","meta":{"_et_pb_use_builder":"on","_et_pb_old_content":"","_et_gb_content_width":"","footnotes":""},"class_list":["post-17114","page","type-page","status-publish","hentry"],"yoast_head":"<!-- This site is optimized with the Yoast SEO plugin v26.8 - https:\/\/yoast.com\/product\/yoast-seo-wordpress\/ -->\n<title>Reklamatsioonid - ACE Logistics Estonia<\/title>\n<meta name=\"description\" content=\"Reklamatsioonid logistikas - kuidas esitada kaebus ja lahendada tarneprobleeme? Leia ACE Logisticsi juhised kiireks ja t\u00f5husaks lahenduseks.\" \/>\n<meta name=\"robots\" content=\"index, follow, max-snippet:-1, max-image-preview:large, max-video-preview:-1\" \/>\n<link rel=\"canonical\" href=\"https:\/\/www.acelogistics.eu\/ee\/et\/abiinfo\/reklamatsioonid\/\" \/>\n<meta property=\"og:locale\" content=\"et_EE\" \/>\n<meta property=\"og:type\" content=\"article\" \/>\n<meta property=\"og:title\" content=\"Reklamatsioonid - ACE Logistics Estonia\" \/>\n<meta property=\"og:description\" content=\"Reklamatsioonid logistikas - kuidas esitada kaebus ja lahendada tarneprobleeme? Leia ACE Logisticsi juhised kiireks ja t\u00f5husaks lahenduseks.\" \/>\n<meta property=\"og:url\" content=\"https:\/\/www.acelogistics.eu\/ee\/et\/abiinfo\/reklamatsioonid\/\" \/>\n<meta property=\"og:site_name\" content=\"ACE Logistics Estonia\" \/>\n<meta property=\"article:modified_time\" content=\"2026-04-06T07:27:26+00:00\" \/>\n<meta name=\"twitter:card\" content=\"summary_large_image\" \/>\n<meta name=\"twitter:label1\" content=\"Est. reading time\" \/>\n\t<meta name=\"twitter:data1\" content=\"4 minutit\" \/>\n<script type=\"application\/ld+json\" class=\"yoast-schema-graph\">{\"@context\":\"https:\/\/schema.org\",\"@graph\":[{\"@type\":\"WebPage\",\"@id\":\"https:\/\/www.acelogistics.eu\/ee\/et\/abiinfo\/reklamatsioonid\/\",\"url\":\"https:\/\/www.acelogistics.eu\/ee\/et\/abiinfo\/reklamatsioonid\/\",\"name\":\"Reklamatsioonid - ACE Logistics Estonia\",\"isPartOf\":{\"@id\":\"https:\/\/www.acelogistics.eu\/ee\/en\/#website\"},\"datePublished\":\"2025-05-06T19:15:50+00:00\",\"dateModified\":\"2026-04-06T07:27:26+00:00\",\"description\":\"Reklamatsioonid logistikas - kuidas esitada kaebus ja lahendada tarneprobleeme? Leia ACE Logisticsi juhised kiireks ja t\u00f5husaks lahenduseks.\",\"breadcrumb\":{\"@id\":\"https:\/\/www.acelogistics.eu\/ee\/et\/abiinfo\/reklamatsioonid\/#breadcrumb\"},\"inLanguage\":\"et\",\"potentialAction\":[{\"@type\":\"ReadAction\",\"target\":[\"https:\/\/www.acelogistics.eu\/ee\/et\/abiinfo\/reklamatsioonid\/\"]}]},{\"@type\":\"BreadcrumbList\",\"@id\":\"https:\/\/www.acelogistics.eu\/ee\/et\/abiinfo\/reklamatsioonid\/#breadcrumb\",\"itemListElement\":[{\"@type\":\"ListItem\",\"position\":1,\"name\":\"Home\",\"item\":\"https:\/\/www.acelogistics.eu\/ee\/et\/\"},{\"@type\":\"ListItem\",\"position\":2,\"name\":\"ABIINFO\",\"item\":\"https:\/\/www.acelogistics.eu\/ee\/et\/abiinfo\/\"},{\"@type\":\"ListItem\",\"position\":3,\"name\":\"Reklamatsioonid\"}]},{\"@type\":\"WebSite\",\"@id\":\"https:\/\/www.acelogistics.eu\/ee\/en\/#website\",\"url\":\"https:\/\/www.acelogistics.eu\/ee\/en\/\",\"name\":\"ACE Logistics Estonia\",\"description\":\"\",\"potentialAction\":[{\"@type\":\"SearchAction\",\"target\":{\"@type\":\"EntryPoint\",\"urlTemplate\":\"https:\/\/www.acelogistics.eu\/ee\/en\/?s={search_term_string}\"},\"query-input\":{\"@type\":\"PropertyValueSpecification\",\"valueRequired\":true,\"valueName\":\"search_term_string\"}}],\"inLanguage\":\"et\"}]}<\/script>\n<!-- \/ Yoast SEO plugin. -->","yoast_head_json":{"title":"Reklamatsioonid - ACE Logistics Estonia","description":"Reklamatsioonid logistikas - kuidas esitada kaebus ja lahendada tarneprobleeme? Leia ACE Logisticsi juhised kiireks ja t\u00f5husaks lahenduseks.","robots":{"index":"index","follow":"follow","max-snippet":"max-snippet:-1","max-image-preview":"max-image-preview:large","max-video-preview":"max-video-preview:-1"},"canonical":"https:\/\/www.acelogistics.eu\/ee\/et\/abiinfo\/reklamatsioonid\/","og_locale":"et_EE","og_type":"article","og_title":"Reklamatsioonid - ACE Logistics Estonia","og_description":"Reklamatsioonid logistikas - kuidas esitada kaebus ja lahendada tarneprobleeme? Leia ACE Logisticsi juhised kiireks ja t\u00f5husaks lahenduseks.","og_url":"https:\/\/www.acelogistics.eu\/ee\/et\/abiinfo\/reklamatsioonid\/","og_site_name":"ACE Logistics Estonia","article_modified_time":"2026-04-06T07:27:26+00:00","twitter_card":"summary_large_image","twitter_misc":{"Est. reading time":"4 minutit"},"schema":{"@context":"https:\/\/schema.org","@graph":[{"@type":"WebPage","@id":"https:\/\/www.acelogistics.eu\/ee\/et\/abiinfo\/reklamatsioonid\/","url":"https:\/\/www.acelogistics.eu\/ee\/et\/abiinfo\/reklamatsioonid\/","name":"Reklamatsioonid - ACE Logistics Estonia","isPartOf":{"@id":"https:\/\/www.acelogistics.eu\/ee\/en\/#website"},"datePublished":"2025-05-06T19:15:50+00:00","dateModified":"2026-04-06T07:27:26+00:00","description":"Reklamatsioonid logistikas - kuidas esitada kaebus ja lahendada tarneprobleeme? Leia ACE Logisticsi juhised kiireks ja t\u00f5husaks lahenduseks.","breadcrumb":{"@id":"https:\/\/www.acelogistics.eu\/ee\/et\/abiinfo\/reklamatsioonid\/#breadcrumb"},"inLanguage":"et","potentialAction":[{"@type":"ReadAction","target":["https:\/\/www.acelogistics.eu\/ee\/et\/abiinfo\/reklamatsioonid\/"]}]},{"@type":"BreadcrumbList","@id":"https:\/\/www.acelogistics.eu\/ee\/et\/abiinfo\/reklamatsioonid\/#breadcrumb","itemListElement":[{"@type":"ListItem","position":1,"name":"Home","item":"https:\/\/www.acelogistics.eu\/ee\/et\/"},{"@type":"ListItem","position":2,"name":"ABIINFO","item":"https:\/\/www.acelogistics.eu\/ee\/et\/abiinfo\/"},{"@type":"ListItem","position":3,"name":"Reklamatsioonid"}]},{"@type":"WebSite","@id":"https:\/\/www.acelogistics.eu\/ee\/en\/#website","url":"https:\/\/www.acelogistics.eu\/ee\/en\/","name":"ACE Logistics Estonia","description":"","potentialAction":[{"@type":"SearchAction","target":{"@type":"EntryPoint","urlTemplate":"https:\/\/www.acelogistics.eu\/ee\/en\/?s={search_term_string}"},"query-input":{"@type":"PropertyValueSpecification","valueRequired":true,"valueName":"search_term_string"}}],"inLanguage":"et"}]}},"_links":{"self":[{"href":"https:\/\/www.acelogistics.eu\/ee\/et\/wp-json\/wp\/v2\/pages\/17114","targetHints":{"allow":["GET"]}}],"collection":[{"href":"https:\/\/www.acelogistics.eu\/ee\/et\/wp-json\/wp\/v2\/pages"}],"about":[{"href":"https:\/\/www.acelogistics.eu\/ee\/et\/wp-json\/wp\/v2\/types\/page"}],"author":[{"embeddable":true,"href":"https:\/\/www.acelogistics.eu\/ee\/et\/wp-json\/wp\/v2\/users\/2"}],"replies":[{"embeddable":true,"href":"https:\/\/www.acelogistics.eu\/ee\/et\/wp-json\/wp\/v2\/comments?post=17114"}],"version-history":[{"count":11,"href":"https:\/\/www.acelogistics.eu\/ee\/et\/wp-json\/wp\/v2\/pages\/17114\/revisions"}],"predecessor-version":[{"id":18741,"href":"https:\/\/www.acelogistics.eu\/ee\/et\/wp-json\/wp\/v2\/pages\/17114\/revisions\/18741"}],"up":[{"embeddable":true,"href":"https:\/\/www.acelogistics.eu\/ee\/et\/wp-json\/wp\/v2\/pages\/17109"}],"wp:attachment":[{"href":"https:\/\/www.acelogistics.eu\/ee\/et\/wp-json\/wp\/v2\/media?parent=17114"}],"curies":[{"name":"wp","href":"https:\/\/api.w.org\/{rel}","templated":true}]}}