{"id":17118,"date":"2025-04-01T09:27:06","date_gmt":"2025-04-01T06:27:06","guid":{"rendered":"https:\/\/stiina.ability.ee\/ee\/information\/incoterms\/"},"modified":"2026-04-06T10:22:01","modified_gmt":"2026-04-06T07:22:01","slug":"incoterms","status":"publish","type":"page","link":"https:\/\/www.acelogistics.eu\/ee\/et\/abiinfo\/incoterms\/","title":{"rendered":"Incoterms"},"content":{"rendered":"<p>[et_pb_section fb_built=&#8221;1&#8243; _builder_version=&#8221;4.19.4&#8243; _module_preset=&#8221;default&#8221; custom_padding=&#8221;0px|||||&#8221; global_colors_info=&#8221;{}&#8221;][et_pb_row _builder_version=&#8221;4.27.4&#8243; _module_preset=&#8221;default&#8221; custom_padding=&#8221;55px||40px||false|false&#8221; global_colors_info=&#8221;{}&#8221;][et_pb_column type=&#8221;4_4&#8243; _builder_version=&#8221;4.27.4&#8243; _module_preset=&#8221;default&#8221; global_colors_info=&#8221;{}&#8221;][et_pb_heading title=&#8221;MIS ON INCOTERMS?&#8221; _builder_version=&#8221;4.27.4&#8243; _module_preset=&#8221;default&#8221; title_font=&#8221;&#8211;et_global_heading_font|700||on|||||&#8221; title_font_size=&#8221;26px&#8221; custom_margin=&#8221;||||false|false&#8221; custom_padding=&#8221;0px||||false|false&#8221; global_colors_info=&#8221;{}&#8221;][\/et_pb_heading][\/et_pb_column][\/et_pb_row][et_pb_row _builder_version=&#8221;4.19.4&#8243; _module_preset=&#8221;default&#8221; custom_padding=&#8221;0px|||||&#8221; global_colors_info=&#8221;{}&#8221;][et_pb_column type=&#8221;4_4&#8243; _builder_version=&#8221;4.19.4&#8243; _module_preset=&#8221;default&#8221; global_colors_info=&#8221;{}&#8221;][et_pb_text _builder_version=&#8221;4.27.4&#8243; _module_preset=&#8221;default&#8221; custom_padding=&#8221;||0px|||&#8221; global_colors_info=&#8221;{}&#8221;]<\/p>\n<p>Kaupade ostmine ja m\u00fc\u00fcmine rahvusvahelises kaubanduss\u00fcsteemis v\u00f5ib sageli olla keeruline, kuna see h\u00f5lmab k\u00f5iki osapooli vastutuse, kulude ja riskidega. Kaubanduse impordi ja ekspordi h\u00f5lbustamiseks v\u00f5ttis Rahvusvaheline Kaubanduskoda (ICC) kasutusele rahvusvahelised kaubandustingimused (Incoterms), mis on maailma peamised kaupade m\u00fc\u00fcgitingimused.<\/p>\n<p>Incotermsi reeglid sisaldavad kolmet\u00e4helisi kaubandustermineid, millel k\u00f5igil on v\u00e4ga t\u00e4pne t\u00e4hendus kaupade m\u00fc\u00fcgiks kogu maailmas. Need 11 reeglit s\u00e4testavad ostja ja m\u00fc\u00fcja kohustused (n\u00e4iteks kes vastutab transpordi, impordi ja ekspordi tollivormistuse eest jne) ning, mis oluline, teekonna punkti, kus risk l\u00e4heb \u00fcle m\u00fc\u00fcjalt ostjale.<\/p>\n<p>Incotermsi reegleid vaadatakse l\u00e4bi iga 10 aasta tagant, uusim versioon on Incoterms 2020.<\/p>\n<p>[\/et_pb_text][\/et_pb_column][\/et_pb_row][et_pb_row _builder_version=&#8221;4.19.4&#8243; _module_preset=&#8221;default&#8221; global_colors_info=&#8221;{}&#8221;][et_pb_column type=&#8221;4_4&#8243; _builder_version=&#8221;4.19.4&#8243; _module_preset=&#8221;default&#8221; global_colors_info=&#8221;{}&#8221;][et_pb_text _builder_version=&#8221;4.27.5&#8243; _module_preset=&#8221;default&#8221; header_2_line_height=&#8221;1.4em&#8221; header_5_line_height=&#8221;1.4em&#8221; custom_padding=&#8221;||0px|||&#8221; global_colors_info=&#8221;{}&#8221;]<\/p>\n<h2>TARNEKLAUSLID K\u00d5IKIDELE TRANSPORDILIIKIDELE:<\/h2>\n<p>&nbsp;<\/p>\n<h5>EXW \u2013 Ex Works (nimetatud tarnekohta)<\/h5>\n<p>Seda terminit kasutatakse sageli kauba esialgse hinnapakkumise tegemisel ilma kulusid lisamata. See termin seab ostjale maksimaalse ja m\u00fc\u00fcjale minimaalse kohustuse.<\/p>\n<p>EXW t\u00e4hendab, et m\u00fc\u00fcjal on kaup kokkulepitud kuup\u00e4eval oma ruumides (tehases, tehases, laos, tehases) k\u00e4ttesaamiseks valmis. Ostja tasub k\u00f5ik transpordikulud ja kannab ka kauba l\u00f5ppsihtkohta toimetamise riski. M\u00fc\u00fcja ei laadi kaupa pealev\u00f5tvatele s\u00f5idukitele ega vormista seda ekspordiks. Kui m\u00fc\u00fcja laadib kauba peale, teeb ta seda ostja riskil ja kulul. Kui pooled soovivad, et m\u00fc\u00fcja vastutaks kauba laadimise eest lahkumisel ning kannaks sellise laadimisega seotud riski ja k\u00f5ik kulud, tuleb see m\u00fc\u00fcgilepingusse selges\u00f5naliselt s\u00f5nastada.<\/p>\n<h5>FCA \u2013 Free Carrier (nimetatud tarnekohta)<\/h5>\n<p>M\u00fc\u00fcja annab ekspordiks tollivormistuse l\u00e4binud kauba \u00fcle esimese vedaja (ostja poolt nimetatud) k\u00e4sutusse nimetatud kohas. M\u00fc\u00fcja tasub veokulud nimetatud tarnekohta ja risk l\u00e4heb \u00fcle kauba \u00fcleandmisel esimesele vedajale.<\/p>\n<h5>CPT \u2013 Carriage Paid To (nimetatud sihtkohta)<\/h5>\n<p>M\u00fc\u00fcja tasub kauba vedamise kulud nimetatud kohta. Risk l\u00e4heb ostjale \u00fcle kauba \u00fcleandmisel esimesele vedajale impordikohas.<\/p>\n<h5>CIP \u2013 Carriage and Insurance Paid to (nimetatud sihtkohta)<\/h5>\n<p>See termin sarnaneb CPT-ga \u2013 m\u00fc\u00fcja maksab veo eest nimetatud sihtkohta, kuid risk l\u00e4heb \u00fcle kauba \u00fcleandmisel esimesele vedajale. CIP-i puhul vastutab m\u00fc\u00fcja aga kauba minimaalse kindlustuse hankimise eest transiidi ajal.<\/p>\n<h5>DAP \u2013 Delivered at Place (nimetatud sihtkohta)<\/h5>\n<p>M\u00fc\u00fcja tasub veo ja nimetatud sihtkohta toimetamise kulud, v\u00e4lja arvatud imporditollimaksuga seotud kulud, ning v\u00f5tab enda kanda k\u00f5ik riskid kuni hetkeni, mil kaup on ostja poolt mahalaadimiseks valmis.<\/p>\n<h5><span>DPU &#8211; Delivered at Place Unloaded (nimetatud sihtkohta)<\/span><\/h5>\n<p>See uuendatud Incoterms (varem DAT &#8211; Delivered at Terminal) n\u00f5uab, et m\u00fc\u00fcja vastutab kauba vedamise, nimetatud kohta toimetamise ja mahalaadimise eest. M\u00fc\u00fcja v\u00f5tab enda kanda ka kogu riski kuni sihtkohta j\u00f5udmiseni.<\/p>\n<h5>DDP \u2013 Delivered Duty Paid<span> (nimetatud sihtkohta)<\/span><\/h5>\n<p>M\u00fc\u00fcja vastutab kauba toimetamise eest ostja riigis nimetatud kohta ja tasub k\u00f5ik kauba sihtkohta toimetamise kulud, sh imporditollikulud ja -maksud. Ostja vastutab mahalaadimise eest. See tingimus seab m\u00fc\u00fcjale maksimaalsed ja ostjale minimaalsed kohustused.<\/p>\n<p>&nbsp;<\/p>\n<h2>TARNEKLAUSLID AINULT MERE JA SISEVEEKOGUDE TRANSPORDIKS:<\/h2>\n<p>&nbsp;<\/p>\n<h5>FAS \u2013 Free Alongside Ship (nimetatud l\u00e4hetussadamasse)<\/h5>\n<p>M\u00fc\u00fcja peab kauba nimetatud sadamas laeva k\u00f5rvale paigutama. M\u00fc\u00fcja peab kauba ekspordiks tollivormistuse vormistama. Seda tarneklauslit kasutatakse tavaliselt raskeveo v\u00f5i puistlasti puhul.<\/p>\n<h5>FOB \u2013 Free on Board (nimetatud l\u00e4hetussadamasse)<\/h5>\n<p>M\u00fc\u00fcja peab kauba laadima ostja poolt m\u00e4\u00e4ratud laevale. Kulud ja risk jagatakse siis, kui kaup on tegelikult laeval. M\u00fc\u00fcja peab kauba ekspordiks tollivormistuse vormistama.<\/p>\n<h5>CFR \u2013 Cost and Freight <span>(nimetatud sihtkohta)<\/span><\/h5>\n<p>M\u00fc\u00fcja peab tasuma kauba sihtsadamasse toimetamise kulud ja veokulud. Risk l\u00e4heb aga ostjale \u00fcle p\u00e4rast kauba laevale laadimist. Kauba kindlustus EI kuulu selle alla. Varem tunti seda terminit kui CNF (C&amp;F). Ainult meretranspordile.<\/p>\n<h5>CIF \u2013 Cost, Insurance and Freight (nimetatud sihtsadamasse)<\/h5>\n<p>T\u00e4pselt sama mis CFR, v\u00e4lja arvatud see, et m\u00fc\u00fcja peab lisaks hankima ja tasuma kindlustuse. Ainult meretransport.<\/p>\n<p><span style=\"color: #e00b00;\"><a href=\"mailto:toll@ace.ee\" style=\"color: #e00b00;\"><\/a><\/span><\/p>\n<p>[\/et_pb_text][\/et_pb_column][\/et_pb_row][et_pb_row column_structure=&#8221;1_2,1_2&#8243; _builder_version=&#8221;4.27.4&#8243; _module_preset=&#8221;default&#8221; width=&#8221;100%&#8221; module_alignment=&#8221;center&#8221; custom_padding=&#8221;0px||21px|||&#8221; saved_tabs=&#8221;all&#8221; global_colors_info=&#8221;{}&#8221;][et_pb_column type=&#8221;1_2&#8243; _builder_version=&#8221;4.19.4&#8243; _module_preset=&#8221;default&#8221; global_colors_info=&#8221;{}&#8221;][et_pb_button button_url=&#8221;@ET-DC@eyJkeW5hbWljIjp0cnVlLCJjb250ZW50IjoicG9zdF9saW5rX3VybF9wYWdlIiwic2V0dGluZ3MiOnsicG9zdF9pZCI6IjE2MCJ9fQ==@&#8221; button_text=&#8221;V\u00f5ta meiega \u00fchendust&#8221; button_alignment=&#8221;center&#8221; admin_label=&#8221;Contact us&#8221; _builder_version=&#8221;4.27.4&#8243; _dynamic_attributes=&#8221;button_url&#8221; _module_preset=&#8221;default&#8221; custom_button=&#8221;on&#8221; button_border_width=&#8221;2px&#8221; button_icon=&#8221;&#xe090;||divi||400&#8243; button_icon_placement=&#8221;left&#8221; button_on_hover=&#8221;off&#8221; custom_margin=&#8221;||||false|false&#8221; custom_padding=&#8221;9px||9px||true|false&#8221; hover_enabled=&#8221;0&#8243; custom_css_main_element=&#8221;width: 100%;&#8221; global_colors_info=&#8221;{}&#8221; sticky_enabled=&#8221;0&#8243;][\/et_pb_button][\/et_pb_column][et_pb_column type=&#8221;1_2&#8243; _builder_version=&#8221;4.19.4&#8243; _module_preset=&#8221;default&#8221; global_colors_info=&#8221;{}&#8221;][et_pb_button button_url=&#8221;@ET-DC@eyJkeW5hbWljIjp0cnVlLCJjb250ZW50IjoicG9zdF9saW5rX3VybF9wYWdlIiwic2V0dGluZ3MiOnsicG9zdF9pZCI6IjMwMyJ9fQ==@&#8221; button_text=&#8221;K\u00fcsi hinnapakkumist&#8221; button_alignment=&#8221;center&#8221; admin_label=&#8221;Get a quote&#8221; _builder_version=&#8221;4.27.4&#8243; _dynamic_attributes=&#8221;button_url&#8221; _module_preset=&#8221;default&#8221; custom_button=&#8221;on&#8221; button_text_size=&#8221;20px&#8221; button_bg_color=&#8221;#004f7c&#8221; button_border_width=&#8221;2px&#8221; button_border_color=&#8221;#004f7c&#8221; button_icon=&#8221;&#xf15c;||fa||900&#8243; button_icon_placement=&#8221;left&#8221; button_on_hover=&#8221;off&#8221; custom_margin=&#8221;||||false|false&#8221; custom_padding=&#8221;9px||9px||true|false&#8221; button_border_color_last_edited=&#8221;off|desktop&#8221; custom_css_main_element=&#8221;width: 100%;&#8221; global_colors_info=&#8221;{}&#8221; button_border_color__hover_enabled=&#8221;on|hover&#8221; button_border_color__hover=&#8221;#004f7c&#8221;][\/et_pb_button][\/et_pb_column][\/et_pb_row][\/et_pb_section]<\/p>\n","protected":false},"excerpt":{"rendered":"<p>Kaupade ostmine ja m\u00fc\u00fcmine rahvusvahelises kaubanduss\u00fcsteemis v\u00f5ib sageli olla keeruline, kuna see h\u00f5lmab k\u00f5iki osapooli vastutuse, kulude ja riskidega. Kaubanduse impordi ja ekspordi h\u00f5lbustamiseks v\u00f5ttis Rahvusvaheline Kaubanduskoda (ICC) kasutusele rahvusvahelised kaubandustingimused (Incoterms), mis on maailma peamised kaupade m\u00fc\u00fcgitingimused. Incotermsi reeglid sisaldavad kolmet\u00e4helisi kaubandustermineid, millel k\u00f5igil on v\u00e4ga t\u00e4pne t\u00e4hendus kaupade m\u00fc\u00fcgiks kogu maailmas. Need 11 [&hellip;]<\/p>\n","protected":false},"author":2,"featured_media":0,"parent":17109,"menu_order":0,"comment_status":"closed","ping_status":"closed","template":"","meta":{"_et_pb_use_builder":"on","_et_pb_old_content":"","_et_gb_content_width":"","footnotes":""},"class_list":["post-17118","page","type-page","status-publish","hentry"],"yoast_head":"<!-- This site is optimized with the Yoast SEO plugin v26.8 - https:\/\/yoast.com\/product\/yoast-seo-wordpress\/ -->\n<title>Incoterms - ACE Logistics Estonia<\/title>\n<meta name=\"description\" content=\"Incotermsi reeglid sisaldavad kolmet\u00e4helisi kaubandustermineid, millel k\u00f5igil on v\u00e4ga t\u00e4pne t\u00e4hendus kaupade m\u00fc\u00fcgiks kogu maailmas. Loe lisa.\" \/>\n<meta name=\"robots\" content=\"index, follow, max-snippet:-1, max-image-preview:large, max-video-preview:-1\" \/>\n<link rel=\"canonical\" href=\"https:\/\/www.acelogistics.eu\/ee\/et\/abiinfo\/incoterms\/\" \/>\n<meta property=\"og:locale\" content=\"et_EE\" \/>\n<meta property=\"og:type\" content=\"article\" \/>\n<meta property=\"og:title\" content=\"Incoterms - ACE Logistics Estonia\" \/>\n<meta property=\"og:description\" content=\"Incotermsi reeglid sisaldavad kolmet\u00e4helisi kaubandustermineid, millel k\u00f5igil on v\u00e4ga t\u00e4pne t\u00e4hendus kaupade m\u00fc\u00fcgiks kogu maailmas. Loe lisa.\" \/>\n<meta property=\"og:url\" content=\"https:\/\/www.acelogistics.eu\/ee\/et\/abiinfo\/incoterms\/\" \/>\n<meta property=\"og:site_name\" content=\"ACE Logistics Estonia\" \/>\n<meta property=\"article:modified_time\" content=\"2026-04-06T07:22:01+00:00\" \/>\n<meta name=\"twitter:card\" content=\"summary_large_image\" \/>\n<meta name=\"twitter:label1\" content=\"Est. reading time\" \/>\n\t<meta name=\"twitter:data1\" content=\"3 minutit\" \/>\n<script type=\"application\/ld+json\" class=\"yoast-schema-graph\">{\"@context\":\"https:\/\/schema.org\",\"@graph\":[{\"@type\":\"WebPage\",\"@id\":\"https:\/\/www.acelogistics.eu\/ee\/et\/abiinfo\/incoterms\/\",\"url\":\"https:\/\/www.acelogistics.eu\/ee\/et\/abiinfo\/incoterms\/\",\"name\":\"Incoterms - ACE Logistics Estonia\",\"isPartOf\":{\"@id\":\"https:\/\/www.acelogistics.eu\/ee\/en\/#website\"},\"datePublished\":\"2025-04-01T06:27:06+00:00\",\"dateModified\":\"2026-04-06T07:22:01+00:00\",\"description\":\"Incotermsi reeglid sisaldavad kolmet\u00e4helisi kaubandustermineid, millel k\u00f5igil on v\u00e4ga t\u00e4pne t\u00e4hendus kaupade m\u00fc\u00fcgiks kogu maailmas. Loe lisa.\",\"breadcrumb\":{\"@id\":\"https:\/\/www.acelogistics.eu\/ee\/et\/abiinfo\/incoterms\/#breadcrumb\"},\"inLanguage\":\"et\",\"potentialAction\":[{\"@type\":\"ReadAction\",\"target\":[\"https:\/\/www.acelogistics.eu\/ee\/et\/abiinfo\/incoterms\/\"]}]},{\"@type\":\"BreadcrumbList\",\"@id\":\"https:\/\/www.acelogistics.eu\/ee\/et\/abiinfo\/incoterms\/#breadcrumb\",\"itemListElement\":[{\"@type\":\"ListItem\",\"position\":1,\"name\":\"Home\",\"item\":\"https:\/\/www.acelogistics.eu\/ee\/et\/\"},{\"@type\":\"ListItem\",\"position\":2,\"name\":\"ABIINFO\",\"item\":\"https:\/\/www.acelogistics.eu\/ee\/et\/abiinfo\/\"},{\"@type\":\"ListItem\",\"position\":3,\"name\":\"Incoterms\"}]},{\"@type\":\"WebSite\",\"@id\":\"https:\/\/www.acelogistics.eu\/ee\/en\/#website\",\"url\":\"https:\/\/www.acelogistics.eu\/ee\/en\/\",\"name\":\"ACE Logistics Estonia\",\"description\":\"\",\"potentialAction\":[{\"@type\":\"SearchAction\",\"target\":{\"@type\":\"EntryPoint\",\"urlTemplate\":\"https:\/\/www.acelogistics.eu\/ee\/en\/?s={search_term_string}\"},\"query-input\":{\"@type\":\"PropertyValueSpecification\",\"valueRequired\":true,\"valueName\":\"search_term_string\"}}],\"inLanguage\":\"et\"}]}<\/script>\n<!-- \/ Yoast SEO plugin. -->","yoast_head_json":{"title":"Incoterms - ACE Logistics Estonia","description":"Incotermsi reeglid sisaldavad kolmet\u00e4helisi kaubandustermineid, millel k\u00f5igil on v\u00e4ga t\u00e4pne t\u00e4hendus kaupade m\u00fc\u00fcgiks kogu maailmas. Loe lisa.","robots":{"index":"index","follow":"follow","max-snippet":"max-snippet:-1","max-image-preview":"max-image-preview:large","max-video-preview":"max-video-preview:-1"},"canonical":"https:\/\/www.acelogistics.eu\/ee\/et\/abiinfo\/incoterms\/","og_locale":"et_EE","og_type":"article","og_title":"Incoterms - ACE Logistics Estonia","og_description":"Incotermsi reeglid sisaldavad kolmet\u00e4helisi kaubandustermineid, millel k\u00f5igil on v\u00e4ga t\u00e4pne t\u00e4hendus kaupade m\u00fc\u00fcgiks kogu maailmas. Loe lisa.","og_url":"https:\/\/www.acelogistics.eu\/ee\/et\/abiinfo\/incoterms\/","og_site_name":"ACE Logistics Estonia","article_modified_time":"2026-04-06T07:22:01+00:00","twitter_card":"summary_large_image","twitter_misc":{"Est. reading time":"3 minutit"},"schema":{"@context":"https:\/\/schema.org","@graph":[{"@type":"WebPage","@id":"https:\/\/www.acelogistics.eu\/ee\/et\/abiinfo\/incoterms\/","url":"https:\/\/www.acelogistics.eu\/ee\/et\/abiinfo\/incoterms\/","name":"Incoterms - ACE Logistics Estonia","isPartOf":{"@id":"https:\/\/www.acelogistics.eu\/ee\/en\/#website"},"datePublished":"2025-04-01T06:27:06+00:00","dateModified":"2026-04-06T07:22:01+00:00","description":"Incotermsi reeglid sisaldavad kolmet\u00e4helisi kaubandustermineid, millel k\u00f5igil on v\u00e4ga t\u00e4pne t\u00e4hendus kaupade m\u00fc\u00fcgiks kogu maailmas. Loe lisa.","breadcrumb":{"@id":"https:\/\/www.acelogistics.eu\/ee\/et\/abiinfo\/incoterms\/#breadcrumb"},"inLanguage":"et","potentialAction":[{"@type":"ReadAction","target":["https:\/\/www.acelogistics.eu\/ee\/et\/abiinfo\/incoterms\/"]}]},{"@type":"BreadcrumbList","@id":"https:\/\/www.acelogistics.eu\/ee\/et\/abiinfo\/incoterms\/#breadcrumb","itemListElement":[{"@type":"ListItem","position":1,"name":"Home","item":"https:\/\/www.acelogistics.eu\/ee\/et\/"},{"@type":"ListItem","position":2,"name":"ABIINFO","item":"https:\/\/www.acelogistics.eu\/ee\/et\/abiinfo\/"},{"@type":"ListItem","position":3,"name":"Incoterms"}]},{"@type":"WebSite","@id":"https:\/\/www.acelogistics.eu\/ee\/en\/#website","url":"https:\/\/www.acelogistics.eu\/ee\/en\/","name":"ACE Logistics Estonia","description":"","potentialAction":[{"@type":"SearchAction","target":{"@type":"EntryPoint","urlTemplate":"https:\/\/www.acelogistics.eu\/ee\/en\/?s={search_term_string}"},"query-input":{"@type":"PropertyValueSpecification","valueRequired":true,"valueName":"search_term_string"}}],"inLanguage":"et"}]}},"_links":{"self":[{"href":"https:\/\/www.acelogistics.eu\/ee\/et\/wp-json\/wp\/v2\/pages\/17118","targetHints":{"allow":["GET"]}}],"collection":[{"href":"https:\/\/www.acelogistics.eu\/ee\/et\/wp-json\/wp\/v2\/pages"}],"about":[{"href":"https:\/\/www.acelogistics.eu\/ee\/et\/wp-json\/wp\/v2\/types\/page"}],"author":[{"embeddable":true,"href":"https:\/\/www.acelogistics.eu\/ee\/et\/wp-json\/wp\/v2\/users\/2"}],"replies":[{"embeddable":true,"href":"https:\/\/www.acelogistics.eu\/ee\/et\/wp-json\/wp\/v2\/comments?post=17118"}],"version-history":[{"count":6,"href":"https:\/\/www.acelogistics.eu\/ee\/et\/wp-json\/wp\/v2\/pages\/17118\/revisions"}],"predecessor-version":[{"id":18737,"href":"https:\/\/www.acelogistics.eu\/ee\/et\/wp-json\/wp\/v2\/pages\/17118\/revisions\/18737"}],"up":[{"embeddable":true,"href":"https:\/\/www.acelogistics.eu\/ee\/et\/wp-json\/wp\/v2\/pages\/17109"}],"wp:attachment":[{"href":"https:\/\/www.acelogistics.eu\/ee\/et\/wp-json\/wp\/v2\/media?parent=17118"}],"curies":[{"name":"wp","href":"https:\/\/api.w.org\/{rel}","templated":true}]}}