{"id":17123,"date":"2025-04-01T09:28:12","date_gmt":"2025-04-01T06:28:12","guid":{"rendered":"https:\/\/stiina.ability.ee\/ee\/information\/delays\/"},"modified":"2026-04-06T10:26:21","modified_gmt":"2026-04-06T07:26:21","slug":"kauba-hilinemised","status":"publish","type":"page","link":"https:\/\/www.acelogistics.eu\/ee\/et\/abiinfo\/kauba-hilinemised\/","title":{"rendered":"Kauba hilinemised"},"content":{"rendered":"<p>[et_pb_section fb_built=&#8221;1&#8243; _builder_version=&#8221;4.19.4&#8243; _module_preset=&#8221;default&#8221; custom_padding=&#8221;0px|||||&#8221; global_colors_info=&#8221;{}&#8221;][et_pb_row _builder_version=&#8221;4.19.4&#8243; _module_preset=&#8221;default&#8221; custom_padding=&#8221;0px|||||&#8221; global_colors_info=&#8221;{}&#8221;][et_pb_column type=&#8221;4_4&#8243; _builder_version=&#8221;4.19.4&#8243; _module_preset=&#8221;default&#8221; global_colors_info=&#8221;{}&#8221;][et_pb_text _builder_version=&#8221;4.27.5&#8243; _module_preset=&#8221;default&#8221; custom_padding=&#8221;70px||0px|||&#8221; hover_enabled=&#8221;0&#8243; global_colors_info=&#8221;{}&#8221; header_5_line_height_last_edited=&#8221;on|phone&#8221; sticky_enabled=&#8221;0&#8243; header_5_line_height_phone=&#8221;1.4em&#8221;]<\/p>\n<p>Saadetiste tarneaegade hilinemine on endiselt probleemiks ja j\u00e4\u00e4b ka tulevikus probleemiks. K\u00f5igi muude transpordi ajal tekkivate probleemide korral on selgelt m\u00e4\u00e4ratletud vastutuse piirangud. Kuid hilinemiste korral on olukord oluliselt keerulisem. <a href=\"https:\/\/www.elea.ee\/elea-uldtingimused\/\" title=\"ELEA \u00fcldtingimused\">ELEA \u00fcldtingimused <\/a>s\u00e4testavad, et hilinemise eest makstakse h\u00fcvitist, kui lepingu t\u00e4itmiseks kuluv aeg \u00fcletab antud asjaoludel m\u00f5istlikku aega.<\/p>\n<h5><strong><\/strong><\/h5>\n<h5><strong>Mis on m\u00f5istlik aeg?<\/strong><strong><span><\/span><\/strong><\/h5>\n<p>M\u00f5istlik aeg on ajavahemik, mis arvutatakse kauba vedamiseks l\u00e4htepunktist sihtpunkti, arvestades tavap\u00e4raseid tingimusi ja kasutades konkreetset transpordivahendit. Tavap\u00e4rastest tingimustest k\u00f5rvalekaldumine v\u00f5ib olla v\u00e4\u00e4ramatu j\u00f5ud v\u00f5i m\u00f5ni muu p\u00f5hjus, mis ei ole p\u00f5hjustatud vedajast. Kui vedaja v\u00f5i ekspediitor s\u00f5lmib veolepingu, siis pakkumises n\u00e4idatud veoaja all m\u00f5eldakse tavap\u00e4raste tingimuste kohaselt toimuva veo aega. See ei garanteeri kauba toimetamist sihtkohta teatud aja jooksul.<\/p>\n<h5><strong><\/strong><\/h5>\n<h5><strong>Miks ei anta garantiisid?<\/strong><\/h5>\n<p>N\u00e4iteks \u00f5hutranspordi puhul on Eestisse lendavate lennukite v\u00e4ike mahutavus ja kauba suurusele esitatavad fikseeritud n\u00f5uded suureks takistuseks tagatiste v\u00e4ljastamisel. Lennufirmad ei saa alati garanteerida eelnevalt kinnitatud broneeringut transiidipunktist kaugemale lennates. Maanteetranspordi puhul on keeruline ennustada j\u00e4rjekordi piiril v\u00f5i ootamatut tehnilist riket.<\/p>\n<p>Veokorraldaja on kohustatud klienti v\u00f5imalikust viivitusest teavitama. Klient peaks arvestama \u00fclaltoodud asjaoludega ja v\u00f5imaluse korral j\u00e4tma alati varuaega ootamatuteks olukordadeks.<\/p>\n<p>&nbsp;<\/p>\n<h5>Kuidas on v\u00f5imalik garantiid ikkagi saada?<\/h5>\n<p>Lennutranspordi puhul saab klient kasutada nn prioriteetteenust. See t\u00e4hendab, et lennufirma garanteerib kliendi kauba \u00f5igeaegse saabumise sihtkohta. Prioriteetteenus on tavahindadest m\u00e4rkimisv\u00e4\u00e4rselt kallim. Juhul kui vedaja ei suuda kinnitatud broneeringut pidada, h\u00fcvitab ta kliendile lennujaamast lennujaama veokulud.<\/p>\n<p>Maanteetranspordi puhul on samuti v\u00f5imalik vedajatega kokku leppida konkreetsetes ajatingimustes. Sellisel juhul on transpordi hind reeglina k\u00f5rgem, kuid kliendile on garanteeritud, et ta saab iga viivitatud p\u00e4eva eest h\u00fcvitist.<\/p>\n<p>&nbsp;<\/p>\n<p>Veokorraldaja ei vastuta viivituse eest, kui selle p\u00f5hjustas kauba saatja v\u00f5i saaja. Veokorraldaja ei h\u00fcvita ka saamata j\u00e4\u00e4nud kasumit, turu kaotust, mainekahju jne. Need h\u00fcvitatakse ainult juhul, kui klient ja veokorraldaja on lepingusse lisanud vastavad klauslid.<\/p>\n<p>Seet\u00f5ttu on \u00e4\u00e4rmiselt oluline, et klient teavitaks meid alati transpordi tellimisel ajatundlikust kaubast ja v\u00f5imalikust kahjust viivituse korral. Sellisel juhul saab veokorraldaja v\u00f5tta kasutusele k\u00f5ik meetmed viivituse v\u00f5imaluste minimeerimiseks ning teiseks s\u00f5lmida kliendi ja tema allt\u00f6\u00f6v\u00f5tjatega (vedajatega ja partneritega) lepingu viivituse korral h\u00fcvitamise kohta.<\/p>\n<p>Seega s\u00f5ltub viivituse v\u00e4ltimine nii veokorraldajast kui ka kliendist.<\/p>\n<p>[\/et_pb_text][\/et_pb_column][\/et_pb_row][et_pb_row column_structure=&#8221;1_2,1_2&#8243; _builder_version=&#8221;4.27.4&#8243; _module_preset=&#8221;default&#8221; width=&#8221;100%&#8221; module_alignment=&#8221;center&#8221; custom_padding=&#8221;0px||21px|||&#8221; saved_tabs=&#8221;all&#8221; global_colors_info=&#8221;{}&#8221;][et_pb_column type=&#8221;1_2&#8243; _builder_version=&#8221;4.19.4&#8243; _module_preset=&#8221;default&#8221; global_colors_info=&#8221;{}&#8221;][et_pb_button button_url=&#8221;@ET-DC@eyJkeW5hbWljIjp0cnVlLCJjb250ZW50IjoicG9zdF9saW5rX3VybF9wYWdlIiwic2V0dGluZ3MiOnsicG9zdF9pZCI6IjE2MCJ9fQ==@&#8221; button_text=&#8221;V\u00f5ta meiega \u00fchendust&#8221; button_alignment=&#8221;center&#8221; admin_label=&#8221;Contact us&#8221; _builder_version=&#8221;4.27.4&#8243; _dynamic_attributes=&#8221;button_url&#8221; _module_preset=&#8221;default&#8221; custom_button=&#8221;on&#8221; button_border_width=&#8221;2px&#8221; button_icon=&#8221;&#xe090;||divi||400&#8243; button_icon_placement=&#8221;left&#8221; button_on_hover=&#8221;off&#8221; custom_margin=&#8221;||||false|false&#8221; custom_padding=&#8221;9px||9px||true|false&#8221; custom_css_main_element=&#8221;width: 100%;&#8221; global_colors_info=&#8221;{}&#8221;][\/et_pb_button][\/et_pb_column][et_pb_column type=&#8221;1_2&#8243; _builder_version=&#8221;4.19.4&#8243; _module_preset=&#8221;default&#8221; global_colors_info=&#8221;{}&#8221;][et_pb_button button_url=&#8221;@ET-DC@eyJkeW5hbWljIjp0cnVlLCJjb250ZW50IjoicG9zdF9saW5rX3VybF9wYWdlIiwic2V0dGluZ3MiOnsicG9zdF9pZCI6IjMwMyJ9fQ==@&#8221; button_text=&#8221;K\u00fcsi hinnapakkumist&#8221; button_alignment=&#8221;center&#8221; admin_label=&#8221;Get a quote&#8221; _builder_version=&#8221;4.27.4&#8243; _dynamic_attributes=&#8221;button_url&#8221; _module_preset=&#8221;default&#8221; custom_button=&#8221;on&#8221; button_text_size=&#8221;20px&#8221; button_bg_color=&#8221;#004f7c&#8221; button_border_width=&#8221;2px&#8221; button_border_color=&#8221;#004f7c&#8221; button_icon=&#8221;&#xf15c;||fa||900&#8243; button_icon_placement=&#8221;left&#8221; button_on_hover=&#8221;off&#8221; custom_margin=&#8221;||||false|false&#8221; custom_padding=&#8221;9px||9px||true|false&#8221; button_border_color_last_edited=&#8221;off|desktop&#8221; custom_css_main_element=&#8221;width: 100%;&#8221; global_colors_info=&#8221;{}&#8221; button_border_color__hover_enabled=&#8221;on|hover&#8221; button_border_color__hover=&#8221;#004f7c&#8221;][\/et_pb_button][\/et_pb_column][\/et_pb_row][\/et_pb_section]<\/p>\n","protected":false},"excerpt":{"rendered":"<p>Saadetiste tarneaegade hilinemine on endiselt probleemiks ja j\u00e4\u00e4b ka tulevikus probleemiks. K\u00f5igi muude transpordi ajal tekkivate probleemide korral on selgelt m\u00e4\u00e4ratletud vastutuse piirangud. Kuid hilinemiste korral on olukord oluliselt keerulisem. ELEA \u00fcldtingimused s\u00e4testavad, et hilinemise eest makstakse h\u00fcvitist, kui lepingu t\u00e4itmiseks kuluv aeg \u00fcletab antud asjaoludel m\u00f5istlikku aega. Mis on m\u00f5istlik aeg? M\u00f5istlik aeg on [&hellip;]<\/p>\n","protected":false},"author":2,"featured_media":0,"parent":17109,"menu_order":0,"comment_status":"closed","ping_status":"closed","template":"","meta":{"_et_pb_use_builder":"on","_et_pb_old_content":"","_et_gb_content_width":"","footnotes":""},"class_list":["post-17123","page","type-page","status-publish","hentry"],"yoast_head":"<!-- This site is optimized with the Yoast SEO plugin v26.8 - https:\/\/yoast.com\/product\/yoast-seo-wordpress\/ -->\n<title>Kauba hilinemised - ACE Logistics Estonia<\/title>\n<meta name=\"description\" content=\"Kauba hilinemised. P\u00f5hjused, lahendused ja mida teha viivituste korral. Uuri, kuidas ACE Logistics aitab tarneprobleeme ennetada ja lahendada.\" \/>\n<meta name=\"robots\" content=\"index, follow, max-snippet:-1, max-image-preview:large, max-video-preview:-1\" \/>\n<link rel=\"canonical\" href=\"https:\/\/www.acelogistics.eu\/ee\/et\/abiinfo\/kauba-hilinemised\/\" \/>\n<meta property=\"og:locale\" content=\"et_EE\" \/>\n<meta property=\"og:type\" content=\"article\" \/>\n<meta property=\"og:title\" content=\"Kauba hilinemised - ACE Logistics Estonia\" \/>\n<meta property=\"og:description\" content=\"Kauba hilinemised. P\u00f5hjused, lahendused ja mida teha viivituste korral. Uuri, kuidas ACE Logistics aitab tarneprobleeme ennetada ja lahendada.\" \/>\n<meta property=\"og:url\" content=\"https:\/\/www.acelogistics.eu\/ee\/et\/abiinfo\/kauba-hilinemised\/\" \/>\n<meta property=\"og:site_name\" content=\"ACE Logistics Estonia\" \/>\n<meta property=\"article:modified_time\" content=\"2026-04-06T07:26:21+00:00\" \/>\n<meta name=\"twitter:card\" content=\"summary_large_image\" \/>\n<meta name=\"twitter:label1\" content=\"Est. reading time\" \/>\n\t<meta name=\"twitter:data1\" content=\"2 minutit\" \/>\n<script type=\"application\/ld+json\" class=\"yoast-schema-graph\">{\"@context\":\"https:\/\/schema.org\",\"@graph\":[{\"@type\":\"WebPage\",\"@id\":\"https:\/\/www.acelogistics.eu\/ee\/et\/abiinfo\/kauba-hilinemised\/\",\"url\":\"https:\/\/www.acelogistics.eu\/ee\/et\/abiinfo\/kauba-hilinemised\/\",\"name\":\"Kauba hilinemised - ACE Logistics Estonia\",\"isPartOf\":{\"@id\":\"https:\/\/www.acelogistics.eu\/ee\/en\/#website\"},\"datePublished\":\"2025-04-01T06:28:12+00:00\",\"dateModified\":\"2026-04-06T07:26:21+00:00\",\"description\":\"Kauba hilinemised. P\u00f5hjused, lahendused ja mida teha viivituste korral. Uuri, kuidas ACE Logistics aitab tarneprobleeme ennetada ja lahendada.\",\"breadcrumb\":{\"@id\":\"https:\/\/www.acelogistics.eu\/ee\/et\/abiinfo\/kauba-hilinemised\/#breadcrumb\"},\"inLanguage\":\"et\",\"potentialAction\":[{\"@type\":\"ReadAction\",\"target\":[\"https:\/\/www.acelogistics.eu\/ee\/et\/abiinfo\/kauba-hilinemised\/\"]}]},{\"@type\":\"BreadcrumbList\",\"@id\":\"https:\/\/www.acelogistics.eu\/ee\/et\/abiinfo\/kauba-hilinemised\/#breadcrumb\",\"itemListElement\":[{\"@type\":\"ListItem\",\"position\":1,\"name\":\"Home\",\"item\":\"https:\/\/www.acelogistics.eu\/ee\/et\/\"},{\"@type\":\"ListItem\",\"position\":2,\"name\":\"ABIINFO\",\"item\":\"https:\/\/www.acelogistics.eu\/ee\/et\/abiinfo\/\"},{\"@type\":\"ListItem\",\"position\":3,\"name\":\"Kauba hilinemised\"}]},{\"@type\":\"WebSite\",\"@id\":\"https:\/\/www.acelogistics.eu\/ee\/en\/#website\",\"url\":\"https:\/\/www.acelogistics.eu\/ee\/en\/\",\"name\":\"ACE Logistics Estonia\",\"description\":\"\",\"potentialAction\":[{\"@type\":\"SearchAction\",\"target\":{\"@type\":\"EntryPoint\",\"urlTemplate\":\"https:\/\/www.acelogistics.eu\/ee\/en\/?s={search_term_string}\"},\"query-input\":{\"@type\":\"PropertyValueSpecification\",\"valueRequired\":true,\"valueName\":\"search_term_string\"}}],\"inLanguage\":\"et\"}]}<\/script>\n<!-- \/ Yoast SEO plugin. -->","yoast_head_json":{"title":"Kauba hilinemised - ACE Logistics Estonia","description":"Kauba hilinemised. P\u00f5hjused, lahendused ja mida teha viivituste korral. Uuri, kuidas ACE Logistics aitab tarneprobleeme ennetada ja lahendada.","robots":{"index":"index","follow":"follow","max-snippet":"max-snippet:-1","max-image-preview":"max-image-preview:large","max-video-preview":"max-video-preview:-1"},"canonical":"https:\/\/www.acelogistics.eu\/ee\/et\/abiinfo\/kauba-hilinemised\/","og_locale":"et_EE","og_type":"article","og_title":"Kauba hilinemised - ACE Logistics Estonia","og_description":"Kauba hilinemised. P\u00f5hjused, lahendused ja mida teha viivituste korral. Uuri, kuidas ACE Logistics aitab tarneprobleeme ennetada ja lahendada.","og_url":"https:\/\/www.acelogistics.eu\/ee\/et\/abiinfo\/kauba-hilinemised\/","og_site_name":"ACE Logistics Estonia","article_modified_time":"2026-04-06T07:26:21+00:00","twitter_card":"summary_large_image","twitter_misc":{"Est. reading time":"2 minutit"},"schema":{"@context":"https:\/\/schema.org","@graph":[{"@type":"WebPage","@id":"https:\/\/www.acelogistics.eu\/ee\/et\/abiinfo\/kauba-hilinemised\/","url":"https:\/\/www.acelogistics.eu\/ee\/et\/abiinfo\/kauba-hilinemised\/","name":"Kauba hilinemised - ACE Logistics Estonia","isPartOf":{"@id":"https:\/\/www.acelogistics.eu\/ee\/en\/#website"},"datePublished":"2025-04-01T06:28:12+00:00","dateModified":"2026-04-06T07:26:21+00:00","description":"Kauba hilinemised. P\u00f5hjused, lahendused ja mida teha viivituste korral. Uuri, kuidas ACE Logistics aitab tarneprobleeme ennetada ja lahendada.","breadcrumb":{"@id":"https:\/\/www.acelogistics.eu\/ee\/et\/abiinfo\/kauba-hilinemised\/#breadcrumb"},"inLanguage":"et","potentialAction":[{"@type":"ReadAction","target":["https:\/\/www.acelogistics.eu\/ee\/et\/abiinfo\/kauba-hilinemised\/"]}]},{"@type":"BreadcrumbList","@id":"https:\/\/www.acelogistics.eu\/ee\/et\/abiinfo\/kauba-hilinemised\/#breadcrumb","itemListElement":[{"@type":"ListItem","position":1,"name":"Home","item":"https:\/\/www.acelogistics.eu\/ee\/et\/"},{"@type":"ListItem","position":2,"name":"ABIINFO","item":"https:\/\/www.acelogistics.eu\/ee\/et\/abiinfo\/"},{"@type":"ListItem","position":3,"name":"Kauba hilinemised"}]},{"@type":"WebSite","@id":"https:\/\/www.acelogistics.eu\/ee\/en\/#website","url":"https:\/\/www.acelogistics.eu\/ee\/en\/","name":"ACE Logistics Estonia","description":"","potentialAction":[{"@type":"SearchAction","target":{"@type":"EntryPoint","urlTemplate":"https:\/\/www.acelogistics.eu\/ee\/en\/?s={search_term_string}"},"query-input":{"@type":"PropertyValueSpecification","valueRequired":true,"valueName":"search_term_string"}}],"inLanguage":"et"}]}},"_links":{"self":[{"href":"https:\/\/www.acelogistics.eu\/ee\/et\/wp-json\/wp\/v2\/pages\/17123","targetHints":{"allow":["GET"]}}],"collection":[{"href":"https:\/\/www.acelogistics.eu\/ee\/et\/wp-json\/wp\/v2\/pages"}],"about":[{"href":"https:\/\/www.acelogistics.eu\/ee\/et\/wp-json\/wp\/v2\/types\/page"}],"author":[{"embeddable":true,"href":"https:\/\/www.acelogistics.eu\/ee\/et\/wp-json\/wp\/v2\/users\/2"}],"replies":[{"embeddable":true,"href":"https:\/\/www.acelogistics.eu\/ee\/et\/wp-json\/wp\/v2\/comments?post=17123"}],"version-history":[{"count":9,"href":"https:\/\/www.acelogistics.eu\/ee\/et\/wp-json\/wp\/v2\/pages\/17123\/revisions"}],"predecessor-version":[{"id":18739,"href":"https:\/\/www.acelogistics.eu\/ee\/et\/wp-json\/wp\/v2\/pages\/17123\/revisions\/18739"}],"up":[{"embeddable":true,"href":"https:\/\/www.acelogistics.eu\/ee\/et\/wp-json\/wp\/v2\/pages\/17109"}],"wp:attachment":[{"href":"https:\/\/www.acelogistics.eu\/ee\/et\/wp-json\/wp\/v2\/media?parent=17123"}],"curies":[{"name":"wp","href":"https:\/\/api.w.org\/{rel}","templated":true}]}}