{"id":17127,"date":"2025-03-10T02:46:13","date_gmt":"2025-03-10T00:46:13","guid":{"rendered":"https:\/\/stiina.ability.ee\/ee\/information\/carrier-liability\/"},"modified":"2026-04-06T11:43:25","modified_gmt":"2026-04-06T08:43:25","slug":"vedaja-vastutus","status":"publish","type":"page","link":"https:\/\/www.acelogistics.eu\/ee\/et\/abiinfo\/vedaja-vastutus\/","title":{"rendered":"Vedaja vastutus"},"content":{"rendered":"<p>[et_pb_section fb_built=&#8221;1&#8243; _builder_version=&#8221;4.19.4&#8243; _module_preset=&#8221;default&#8221; custom_padding=&#8221;0px|||||&#8221; global_colors_info=&#8221;{}&#8221;][et_pb_row _builder_version=&#8221;4.27.4&#8243; _module_preset=&#8221;default&#8221; custom_padding=&#8221;55px||40px||false|false&#8221; global_colors_info=&#8221;{}&#8221;][et_pb_column type=&#8221;4_4&#8243; _builder_version=&#8221;4.27.4&#8243; _module_preset=&#8221;default&#8221; global_colors_info=&#8221;{}&#8221;][et_pb_heading title=&#8221;VEDAJA VASTUTUS&#8221; _builder_version=&#8221;4.27.4&#8243; _module_preset=&#8221;default&#8221; title_font=&#8221;&#8211;et_global_heading_font|700||on|||||&#8221; title_font_size=&#8221;26px&#8221; custom_margin=&#8221;||||false|false&#8221; custom_padding=&#8221;0px||||false|false&#8221; global_colors_info=&#8221;{}&#8221;][\/et_pb_heading][\/et_pb_column][\/et_pb_row][et_pb_row _builder_version=&#8221;4.19.4&#8243; _module_preset=&#8221;default&#8221; custom_padding=&#8221;0px|||||&#8221; global_colors_info=&#8221;{}&#8221;][et_pb_column type=&#8221;4_4&#8243; _builder_version=&#8221;4.19.4&#8243; _module_preset=&#8221;default&#8221; global_colors_info=&#8221;{}&#8221;][et_pb_text _builder_version=&#8221;4.27.6&#8243; _module_preset=&#8221;default&#8221; custom_padding=&#8221;||0px|||&#8221; hover_enabled=&#8221;0&#8243; global_colors_info=&#8221;{}&#8221; sticky_enabled=&#8221;0&#8243;]<\/p>\n<p>Kaubaveo tellimist planeerides on kliendil alati hea teada h\u00fcvitist halvima juhuks, kui kaup l\u00e4heb kaotsi v\u00f5i saab kahjustada. Kauba kahjustumise korral, mis on toimunud transpordi ajal, on kauba omanikul \u00f5igus vedaja vastu n\u00f5ue esitada. Klient (kauba omanik) ei pea vedaja vastutuse eest eraldi maksma. Vedaja kindlustusvastutuse kohta on vaja teada j\u00e4rgmist:<\/p>\n<ul>\n<li>\u00d5hutranspordis on vedaja vastutus piiratud maksimaalselt 26 SDR-iga kauba brutokilogrammi kohta (AWB kindlustus);<\/li>\n<li>Maanteetranspordis on vedaja vastutus piiratud maksimaalselt 8,33 SDR-iga kauba brutokilogrammi kohta (CMR kindlustus);<\/li>\n<li>Meretranspordis on vedaja vastutus piiratud maksimaalselt 2 SDR-iga kauba brutokilogrammi kohta v\u00f5i 666,67 SDR-iga \u00fchiku kohta (B\/L kindlustus).<\/li>\n<li>Kauba kaotsimineku v\u00f5i kahjustumise korral kohaliku transpordi k\u00e4igus on vedaja vastutus s\u00e4testatud vastava riigi ekspedeerijate \u00fchingu \u00fcldtingimustes v\u00f5i muus kehtivas dokumendis;<\/li>\n<li>Vastutuskindlustus nagu iga teine \u200b\u200bkindlustus h\u00fcvitab kahju tegeliku kaalu, seega mitte v\u00f5imaliku mahukaalu alusel.<\/li>\n<\/ul>\n<p>Tuleb meeles pidada, et lisaks h\u00fcvitism\u00e4\u00e4rade piirangutele h\u00f5lmab vedaja vastutus ka kahjusid, mis on tekkinud \u00fcksnes vedaja s\u00fc\u00fcl. Vedaja ei vastuta kahju eest, kui see on tekkinud asjaolude t\u00f5ttu, mida vedaja ei saanud v\u00e4ltida (nt r\u00f6\u00f6vimine).<\/p>\n<p>Kui teie kauba v\u00e4\u00e4rtus \u00fcletab antud kindlustusv\u00e4\u00e4rtusega vedaja piirm\u00e4\u00e4rasid ja kui soovite olla kindlustatud ka juhul, kui vedaja ei vastuta kauba kahjustumise eest, soovitame teil tellida t\u00e4isveokindlustuse k\u00f5igi riskide vastu vastavalt ICC(A) tingimustele.<\/p>\n<p>[\/et_pb_text][\/et_pb_column][\/et_pb_row][et_pb_row column_structure=&#8221;1_2,1_2&#8243; _builder_version=&#8221;4.27.4&#8243; _module_preset=&#8221;default&#8221; module_alignment=&#8221;center&#8221; custom_padding=&#8221;0px||21px|||&#8221; saved_tabs=&#8221;all&#8221; global_colors_info=&#8221;{}&#8221;][et_pb_column type=&#8221;1_2&#8243; _builder_version=&#8221;4.19.4&#8243; _module_preset=&#8221;default&#8221; global_colors_info=&#8221;{}&#8221;][et_pb_button button_url=&#8221;@ET-DC@eyJkeW5hbWljIjp0cnVlLCJjb250ZW50IjoicG9zdF9saW5rX3VybF9wYWdlIiwic2V0dGluZ3MiOnsicG9zdF9pZCI6IjE2MCJ9fQ==@&#8221; button_text=&#8221;V\u00f5ta meiega \u00fchendust&#8221; button_alignment=&#8221;center&#8221; admin_label=&#8221;Contact us&#8221; _builder_version=&#8221;4.27.4&#8243; _dynamic_attributes=&#8221;button_url&#8221; _module_preset=&#8221;default&#8221; custom_button=&#8221;on&#8221; button_border_width=&#8221;2px&#8221; button_icon=&#8221;&#xe090;||divi||400&#8243; button_icon_placement=&#8221;left&#8221; button_on_hover=&#8221;off&#8221; custom_margin=&#8221;||||false|false&#8221; custom_padding=&#8221;9px||9px||true|false&#8221; custom_css_main_element=&#8221;width: 100%;&#8221; global_colors_info=&#8221;{}&#8221;][\/et_pb_button][\/et_pb_column][et_pb_column type=&#8221;1_2&#8243; _builder_version=&#8221;4.19.4&#8243; _module_preset=&#8221;default&#8221; global_colors_info=&#8221;{}&#8221;][et_pb_button button_url=&#8221;@ET-DC@eyJkeW5hbWljIjp0cnVlLCJjb250ZW50IjoicG9zdF9saW5rX3VybF9wYWdlIiwic2V0dGluZ3MiOnsicG9zdF9pZCI6IjMwMyJ9fQ==@&#8221; button_text=&#8221;K\u00fcsi hinnapakkumist&#8221; button_alignment=&#8221;center&#8221; admin_label=&#8221;Get a quote&#8221; _builder_version=&#8221;4.27.4&#8243; _dynamic_attributes=&#8221;button_url&#8221; _module_preset=&#8221;default&#8221; custom_button=&#8221;on&#8221; button_text_size=&#8221;20px&#8221; button_bg_color=&#8221;#004f7c&#8221; button_border_width=&#8221;2px&#8221; button_border_color=&#8221;#004f7c&#8221; button_icon=&#8221;&#xf15c;||fa||900&#8243; button_icon_placement=&#8221;left&#8221; button_on_hover=&#8221;off&#8221; custom_margin=&#8221;||||false|false&#8221; custom_padding=&#8221;9px||9px||true|false&#8221; button_border_color_last_edited=&#8221;off|desktop&#8221; custom_css_main_element=&#8221;width: 100%;&#8221; global_colors_info=&#8221;{}&#8221; button_border_color__hover_enabled=&#8221;on|hover&#8221; button_border_color__hover=&#8221;#004f7c&#8221;][\/et_pb_button][\/et_pb_column][\/et_pb_row][\/et_pb_section]<\/p>\n","protected":false},"excerpt":{"rendered":"<p>Kaubaveo tellimist planeerides on kliendil alati hea teada h\u00fcvitist halvima juhuks, kui kaup l\u00e4heb kaotsi v\u00f5i saab kahjustada. Kauba kahjustumise korral, mis on toimunud transpordi ajal, on kauba omanikul \u00f5igus vedaja vastu n\u00f5ue esitada. Klient (kauba omanik) ei pea vedaja vastutuse eest eraldi maksma. Vedaja kindlustusvastutuse kohta on vaja teada j\u00e4rgmist: \u00d5hutranspordis on vedaja vastutus [&hellip;]<\/p>\n","protected":false},"author":2,"featured_media":0,"parent":17109,"menu_order":0,"comment_status":"closed","ping_status":"closed","template":"","meta":{"_et_pb_use_builder":"on","_et_pb_old_content":"","_et_gb_content_width":"","footnotes":""},"class_list":["post-17127","page","type-page","status-publish","hentry"],"yoast_head":"<!-- This site is optimized with the Yoast SEO plugin v26.8 - https:\/\/yoast.com\/product\/yoast-seo-wordpress\/ -->\n<title>Vedaja vastutus - ACE Logistics Estonia<\/title>\n<meta name=\"description\" content=\"Milline on vedaja vastutus kauba kahjustumise v\u00f5i kadumise korral? Loe h\u00fcvitiste piirm\u00e4\u00e4rade ja kindlustuse kohta ACE Logisticsi juhendist.\" \/>\n<meta name=\"robots\" content=\"index, follow, max-snippet:-1, max-image-preview:large, max-video-preview:-1\" \/>\n<link rel=\"canonical\" href=\"https:\/\/www.acelogistics.eu\/ee\/et\/abiinfo\/vedaja-vastutus\/\" \/>\n<meta property=\"og:locale\" content=\"et_EE\" \/>\n<meta property=\"og:type\" content=\"article\" \/>\n<meta property=\"og:title\" content=\"Vedaja vastutus - ACE Logistics Estonia\" \/>\n<meta property=\"og:description\" content=\"Milline on vedaja vastutus kauba kahjustumise v\u00f5i kadumise korral? Loe h\u00fcvitiste piirm\u00e4\u00e4rade ja kindlustuse kohta ACE Logisticsi juhendist.\" \/>\n<meta property=\"og:url\" content=\"https:\/\/www.acelogistics.eu\/ee\/et\/abiinfo\/vedaja-vastutus\/\" \/>\n<meta property=\"og:site_name\" content=\"ACE Logistics Estonia\" \/>\n<meta property=\"article:modified_time\" content=\"2026-04-06T08:43:25+00:00\" \/>\n<meta name=\"twitter:card\" content=\"summary_large_image\" \/>\n<meta name=\"twitter:label1\" content=\"Est. reading time\" \/>\n\t<meta name=\"twitter:data1\" content=\"1 minut\" \/>\n<script type=\"application\/ld+json\" class=\"yoast-schema-graph\">{\"@context\":\"https:\/\/schema.org\",\"@graph\":[{\"@type\":\"WebPage\",\"@id\":\"https:\/\/www.acelogistics.eu\/ee\/et\/abiinfo\/vedaja-vastutus\/\",\"url\":\"https:\/\/www.acelogistics.eu\/ee\/et\/abiinfo\/vedaja-vastutus\/\",\"name\":\"Vedaja vastutus - ACE Logistics Estonia\",\"isPartOf\":{\"@id\":\"https:\/\/www.acelogistics.eu\/ee\/en\/#website\"},\"datePublished\":\"2025-03-10T00:46:13+00:00\",\"dateModified\":\"2026-04-06T08:43:25+00:00\",\"description\":\"Milline on vedaja vastutus kauba kahjustumise v\u00f5i kadumise korral? Loe h\u00fcvitiste piirm\u00e4\u00e4rade ja kindlustuse kohta ACE Logisticsi juhendist.\",\"breadcrumb\":{\"@id\":\"https:\/\/www.acelogistics.eu\/ee\/et\/abiinfo\/vedaja-vastutus\/#breadcrumb\"},\"inLanguage\":\"et\",\"potentialAction\":[{\"@type\":\"ReadAction\",\"target\":[\"https:\/\/www.acelogistics.eu\/ee\/et\/abiinfo\/vedaja-vastutus\/\"]}]},{\"@type\":\"BreadcrumbList\",\"@id\":\"https:\/\/www.acelogistics.eu\/ee\/et\/abiinfo\/vedaja-vastutus\/#breadcrumb\",\"itemListElement\":[{\"@type\":\"ListItem\",\"position\":1,\"name\":\"Home\",\"item\":\"https:\/\/www.acelogistics.eu\/ee\/et\/\"},{\"@type\":\"ListItem\",\"position\":2,\"name\":\"ABIINFO\",\"item\":\"https:\/\/www.acelogistics.eu\/ee\/et\/abiinfo\/\"},{\"@type\":\"ListItem\",\"position\":3,\"name\":\"Vedaja vastutus\"}]},{\"@type\":\"WebSite\",\"@id\":\"https:\/\/www.acelogistics.eu\/ee\/en\/#website\",\"url\":\"https:\/\/www.acelogistics.eu\/ee\/en\/\",\"name\":\"ACE Logistics Estonia\",\"description\":\"\",\"potentialAction\":[{\"@type\":\"SearchAction\",\"target\":{\"@type\":\"EntryPoint\",\"urlTemplate\":\"https:\/\/www.acelogistics.eu\/ee\/en\/?s={search_term_string}\"},\"query-input\":{\"@type\":\"PropertyValueSpecification\",\"valueRequired\":true,\"valueName\":\"search_term_string\"}}],\"inLanguage\":\"et\"}]}<\/script>\n<!-- \/ Yoast SEO plugin. -->","yoast_head_json":{"title":"Vedaja vastutus - ACE Logistics Estonia","description":"Milline on vedaja vastutus kauba kahjustumise v\u00f5i kadumise korral? Loe h\u00fcvitiste piirm\u00e4\u00e4rade ja kindlustuse kohta ACE Logisticsi juhendist.","robots":{"index":"index","follow":"follow","max-snippet":"max-snippet:-1","max-image-preview":"max-image-preview:large","max-video-preview":"max-video-preview:-1"},"canonical":"https:\/\/www.acelogistics.eu\/ee\/et\/abiinfo\/vedaja-vastutus\/","og_locale":"et_EE","og_type":"article","og_title":"Vedaja vastutus - ACE Logistics Estonia","og_description":"Milline on vedaja vastutus kauba kahjustumise v\u00f5i kadumise korral? Loe h\u00fcvitiste piirm\u00e4\u00e4rade ja kindlustuse kohta ACE Logisticsi juhendist.","og_url":"https:\/\/www.acelogistics.eu\/ee\/et\/abiinfo\/vedaja-vastutus\/","og_site_name":"ACE Logistics Estonia","article_modified_time":"2026-04-06T08:43:25+00:00","twitter_card":"summary_large_image","twitter_misc":{"Est. reading time":"1 minut"},"schema":{"@context":"https:\/\/schema.org","@graph":[{"@type":"WebPage","@id":"https:\/\/www.acelogistics.eu\/ee\/et\/abiinfo\/vedaja-vastutus\/","url":"https:\/\/www.acelogistics.eu\/ee\/et\/abiinfo\/vedaja-vastutus\/","name":"Vedaja vastutus - ACE Logistics Estonia","isPartOf":{"@id":"https:\/\/www.acelogistics.eu\/ee\/en\/#website"},"datePublished":"2025-03-10T00:46:13+00:00","dateModified":"2026-04-06T08:43:25+00:00","description":"Milline on vedaja vastutus kauba kahjustumise v\u00f5i kadumise korral? Loe h\u00fcvitiste piirm\u00e4\u00e4rade ja kindlustuse kohta ACE Logisticsi juhendist.","breadcrumb":{"@id":"https:\/\/www.acelogistics.eu\/ee\/et\/abiinfo\/vedaja-vastutus\/#breadcrumb"},"inLanguage":"et","potentialAction":[{"@type":"ReadAction","target":["https:\/\/www.acelogistics.eu\/ee\/et\/abiinfo\/vedaja-vastutus\/"]}]},{"@type":"BreadcrumbList","@id":"https:\/\/www.acelogistics.eu\/ee\/et\/abiinfo\/vedaja-vastutus\/#breadcrumb","itemListElement":[{"@type":"ListItem","position":1,"name":"Home","item":"https:\/\/www.acelogistics.eu\/ee\/et\/"},{"@type":"ListItem","position":2,"name":"ABIINFO","item":"https:\/\/www.acelogistics.eu\/ee\/et\/abiinfo\/"},{"@type":"ListItem","position":3,"name":"Vedaja vastutus"}]},{"@type":"WebSite","@id":"https:\/\/www.acelogistics.eu\/ee\/en\/#website","url":"https:\/\/www.acelogistics.eu\/ee\/en\/","name":"ACE Logistics Estonia","description":"","potentialAction":[{"@type":"SearchAction","target":{"@type":"EntryPoint","urlTemplate":"https:\/\/www.acelogistics.eu\/ee\/en\/?s={search_term_string}"},"query-input":{"@type":"PropertyValueSpecification","valueRequired":true,"valueName":"search_term_string"}}],"inLanguage":"et"}]}},"_links":{"self":[{"href":"https:\/\/www.acelogistics.eu\/ee\/et\/wp-json\/wp\/v2\/pages\/17127","targetHints":{"allow":["GET"]}}],"collection":[{"href":"https:\/\/www.acelogistics.eu\/ee\/et\/wp-json\/wp\/v2\/pages"}],"about":[{"href":"https:\/\/www.acelogistics.eu\/ee\/et\/wp-json\/wp\/v2\/types\/page"}],"author":[{"embeddable":true,"href":"https:\/\/www.acelogistics.eu\/ee\/et\/wp-json\/wp\/v2\/users\/2"}],"replies":[{"embeddable":true,"href":"https:\/\/www.acelogistics.eu\/ee\/et\/wp-json\/wp\/v2\/comments?post=17127"}],"version-history":[{"count":8,"href":"https:\/\/www.acelogistics.eu\/ee\/et\/wp-json\/wp\/v2\/pages\/17127\/revisions"}],"predecessor-version":[{"id":18843,"href":"https:\/\/www.acelogistics.eu\/ee\/et\/wp-json\/wp\/v2\/pages\/17127\/revisions\/18843"}],"up":[{"embeddable":true,"href":"https:\/\/www.acelogistics.eu\/ee\/et\/wp-json\/wp\/v2\/pages\/17109"}],"wp:attachment":[{"href":"https:\/\/www.acelogistics.eu\/ee\/et\/wp-json\/wp\/v2\/media?parent=17127"}],"curies":[{"name":"wp","href":"https:\/\/api.w.org\/{rel}","templated":true}]}}