{"id":17291,"date":"2025-10-24T10:36:19","date_gmt":"2025-10-24T07:36:19","guid":{"rendered":"https:\/\/stiina.ability.ee\/ee\/management\/"},"modified":"2026-04-06T10:56:04","modified_gmt":"2026-04-06T07:56:04","slug":"juhtkond","status":"publish","type":"page","link":"https:\/\/www.acelogistics.eu\/ee\/et\/juhtkond\/","title":{"rendered":"Juhtkond"},"content":{"rendered":"<p>[et_pb_section fb_built=&#8221;1&#8243; admin_label=&#8221;People-section&#8221; _builder_version=&#8221;4.27.5&#8243; _module_preset=&#8221;default&#8221; global_module=&#8221;17808&#8243; saved_tabs=&#8221;all&#8221; global_colors_info=&#8221;{}&#8221;][et_pb_row _builder_version=&#8221;4.27.4&#8243; _module_preset=&#8221;default&#8221; global_colors_info=&#8221;{}&#8221;][et_pb_column type=&#8221;4_4&#8243; _builder_version=&#8221;4.27.4&#8243; _module_preset=&#8221;default&#8221; global_colors_info=&#8221;{}&#8221;][et_pb_heading title=&#8221;JUHTKOND&#8221; _builder_version=&#8221;4.27.4&#8243; _module_preset=&#8221;default&#8221; global_colors_info=&#8221;{}&#8221;][\/et_pb_heading][\/et_pb_column][\/et_pb_row][et_pb_row _builder_version=&#8221;4.27.4&#8243; _module_preset=&#8221;default&#8221; global_colors_info=&#8221;{}&#8221;][et_pb_column type=&#8221;4_4&#8243; _builder_version=&#8221;4.27.4&#8243; _module_preset=&#8221;default&#8221; global_colors_info=&#8221;{}&#8221;][et_pb_text _builder_version=&#8221;4.27.5&#8243; _module_preset=&#8221;default&#8221; global_colors_info=&#8221;{}&#8221;]<\/p>\n<p><strong>Tutvu meie kontserni juhtkonnaga &#8211; inimestega, kes seisavad ACE Logisticsi grupi eduloo taga.<\/strong><\/p>\n<p>Kogenud juhid, kes kujundavad meie tarneahela t\u00f6\u00f6d, strateegilist kasvu ja p\u00fchendumust usaldusv\u00e4\u00e4rsetele logistikateenustele, viies ettev\u00f5tte t\u00f5hususe, innovatsiooni ja k\u00f5rge kliendirahuloluni.<\/p>\n<p>[\/et_pb_text][\/et_pb_column][\/et_pb_row][et_pb_row column_structure=&#8221;1_5,1_5,1_5,1_5,1_5&#8243; disabled_on=&#8221;on|off|off&#8221; admin_label=&#8221;row-desktop&#8221; _builder_version=&#8221;4.27.5&#8243; _module_preset=&#8221;default&#8221; global_colors_info=&#8221;{}&#8221;][et_pb_column type=&#8221;1_5&#8243; _builder_version=&#8221;4.27.5&#8243; _module_preset=&#8221;default&#8221; global_colors_info=&#8221;{}&#8221;][et_pb_team_member name=&#8221;Karli Lambot   &#8221; position=&#8221;N\u00f5ukogu esimees&#8221; image_url=&#8221;https:\/\/www.acelogistics.eu\/ee\/wp-content\/uploads\/sites\/2\/2025\/12\/Karli-Lambot-Color-3500&#215;3300-1-scaled.jpg&#8221; _builder_version=&#8221;4.27.5&#8243; _module_preset=&#8221;default&#8221; text_orientation=&#8221;center&#8221; max_width=&#8221;200px&#8221; global_colors_info=&#8221;{}&#8221;]<\/p>\n<p>ACE Logistics Group<\/p>\n<p>[\/et_pb_team_member][\/et_pb_column][et_pb_column type=&#8221;1_5&#8243; _builder_version=&#8221;4.27.5&#8243; _module_preset=&#8221;default&#8221; global_colors_info=&#8221;{}&#8221;][et_pb_team_member name=&#8221;Andres Matkur&#8221; position=&#8221;Tegevjuht&#8221; image_url=&#8221;https:\/\/www.acelogistics.eu\/ee\/wp-content\/uploads\/sites\/2\/2025\/12\/Andres-Matkur-Color-3500&#215;3300-1-scaled.jpg&#8221; _builder_version=&#8221;4.27.5&#8243; _module_preset=&#8221;default&#8221; text_orientation=&#8221;center&#8221; max_width=&#8221;200px&#8221; global_colors_info=&#8221;{}&#8221;]<\/p>\n<p>ACE Logistics Group<\/p>\n<p>[\/et_pb_team_member][\/et_pb_column][et_pb_column type=&#8221;1_5&#8243; _builder_version=&#8221;4.27.5&#8243; _module_preset=&#8221;default&#8221; global_colors_info=&#8221;{}&#8221;][\/et_pb_column][et_pb_column type=&#8221;1_5&#8243; _builder_version=&#8221;4.27.5&#8243; _module_preset=&#8221;default&#8221; global_colors_info=&#8221;{}&#8221;][\/et_pb_column][et_pb_column type=&#8221;1_5&#8243; _builder_version=&#8221;4.27.5&#8243; _module_preset=&#8221;default&#8221; global_colors_info=&#8221;{}&#8221;][\/et_pb_column][\/et_pb_row][et_pb_row disabled_on=&#8221;off|on|on&#8221; admin_label=&#8221;row-mobiil&#8221; _builder_version=&#8221;4.27.5&#8243; _module_preset=&#8221;default&#8221; global_colors_info=&#8221;{}&#8221;][et_pb_column type=&#8221;4_4&#8243; _builder_version=&#8221;4.27.5&#8243; _module_preset=&#8221;default&#8221; global_colors_info=&#8221;{}&#8221;][et_pb_team_member name=&#8221;Karli Lambot   &#8221; position=&#8221;N\u00f5ukogu esimees&#8221; image_url=&#8221;https:\/\/www.acelogistics.eu\/ee\/wp-content\/uploads\/sites\/2\/2025\/12\/Karli-Lambot-Color-3500&#215;3300-1-scaled.jpg&#8221; _builder_version=&#8221;4.27.5&#8243; _module_preset=&#8221;default&#8221; text_orientation=&#8221;center&#8221; max_width=&#8221;200px&#8221; module_alignment=&#8221;center&#8221; global_colors_info=&#8221;{}&#8221;]<\/p>\n<p>ACE Logistics Group<\/p>\n<p>[\/et_pb_team_member][et_pb_team_member name=&#8221;Andres Matkur&#8221; position=&#8221;Tegevjuht&#8221; image_url=&#8221;https:\/\/www.acelogistics.eu\/ee\/wp-content\/uploads\/sites\/2\/2025\/12\/Andres-Matkur-Color-3500&#215;3300-1-scaled.jpg&#8221; _builder_version=&#8221;4.27.5&#8243; _module_preset=&#8221;default&#8221; text_orientation=&#8221;center&#8221; max_width=&#8221;200px&#8221; module_alignment=&#8221;center&#8221; global_colors_info=&#8221;{}&#8221;]<\/p>\n<p>ACE Logistics Group<\/p>\n<p>[\/et_pb_team_member][\/et_pb_column][\/et_pb_row][et_pb_row column_structure=&#8221;1_5,1_5,1_5,1_5,1_5&#8243; disabled_on=&#8221;on|off|off&#8221; admin_label=&#8221;row-desktop&#8221; _builder_version=&#8221;4.27.5&#8243; _module_preset=&#8221;default&#8221; global_colors_info=&#8221;{}&#8221;][et_pb_column type=&#8221;1_5&#8243; _builder_version=&#8221;4.27.5&#8243; _module_preset=&#8221;default&#8221; global_colors_info=&#8221;{}&#8221;][et_pb_team_member name=&#8221;Inge Parring&#8221; position=&#8221;Kvaliteedi- ja personalijuht&#8221; image_url=&#8221;https:\/\/www.acelogistics.eu\/ee\/wp-content\/uploads\/sites\/2\/2026\/01\/Inge-Parring-3500&#215;3300-1-scaled.png&#8221; _builder_version=&#8221;4.27.5&#8243; _module_preset=&#8221;default&#8221; text_orientation=&#8221;center&#8221; max_width=&#8221;200px&#8221; global_colors_info=&#8221;{}&#8221;]<\/p>\n<p>ACE Logistics Group<\/p>\n<p>[\/et_pb_team_member][\/et_pb_column][et_pb_column type=&#8221;1_5&#8243; _builder_version=&#8221;4.27.5&#8243; _module_preset=&#8221;default&#8221; global_colors_info=&#8221;{}&#8221;][et_pb_team_member name=&#8221;Avo M\u00f6llits&#8221; position=&#8221;IT juht&#8221; image_url=&#8221;https:\/\/www.acelogistics.eu\/ee\/wp-content\/uploads\/sites\/2\/2025\/12\/Avo-Mollits-color-3500&#215;3300-1-scaled.jpg&#8221; _builder_version=&#8221;4.27.5&#8243; _module_preset=&#8221;default&#8221; text_orientation=&#8221;center&#8221; max_width=&#8221;200px&#8221; global_colors_info=&#8221;{}&#8221;]<\/p>\n<p>ACE Logistics Group<\/p>\n<p>[\/et_pb_team_member][\/et_pb_column][et_pb_column type=&#8221;1_5&#8243; _builder_version=&#8221;4.27.5&#8243; _module_preset=&#8221;default&#8221; global_colors_info=&#8221;{}&#8221;][et_pb_team_member name=&#8221;Tiiu Lepp&#8221; position=&#8221;Pearaamatupidaja&#8221; image_url=&#8221;https:\/\/www.acelogistics.eu\/ee\/wp-content\/uploads\/sites\/2\/2025\/12\/Tiiu-Lepp-Color-3500&#215;3300-1-scaled.jpg&#8221; _builder_version=&#8221;4.27.5&#8243; _module_preset=&#8221;default&#8221; text_orientation=&#8221;center&#8221; max_width=&#8221;200px&#8221; global_colors_info=&#8221;{}&#8221;]<\/p>\n<p>ACE Logistics Group<\/p>\n<p>[\/et_pb_team_member][\/et_pb_column][et_pb_column type=&#8221;1_5&#8243; _builder_version=&#8221;4.27.5&#8243; _module_preset=&#8221;default&#8221; global_colors_info=&#8221;{}&#8221;][\/et_pb_column][et_pb_column type=&#8221;1_5&#8243; _builder_version=&#8221;4.27.5&#8243; _module_preset=&#8221;default&#8221; global_colors_info=&#8221;{}&#8221;][\/et_pb_column][\/et_pb_row][et_pb_row disabled_on=&#8221;off|on|on&#8221; admin_label=&#8221;row-mobiil&#8221; _builder_version=&#8221;4.27.5&#8243; _module_preset=&#8221;default&#8221; global_colors_info=&#8221;{}&#8221;][et_pb_column type=&#8221;4_4&#8243; _builder_version=&#8221;4.27.5&#8243; _module_preset=&#8221;default&#8221; global_colors_info=&#8221;{}&#8221;][et_pb_team_member name=&#8221;Inge Parring&#8221; position=&#8221;Kvaliteedi- ja personalijuht&#8221; image_url=&#8221;https:\/\/www.acelogistics.eu\/ee\/wp-content\/uploads\/sites\/2\/2026\/01\/Inge-Parring-3500&#215;3300-1-scaled.png&#8221; _builder_version=&#8221;4.27.5&#8243; _module_preset=&#8221;default&#8221; text_orientation=&#8221;center&#8221; max_width=&#8221;200px&#8221; module_alignment=&#8221;center&#8221; global_colors_info=&#8221;{}&#8221;]<\/p>\n<p>ACE Logistics Group<\/p>\n<p>[\/et_pb_team_member][et_pb_team_member name=&#8221;Avo M\u00f6llits&#8221; position=&#8221;IT juht&#8221; image_url=&#8221;https:\/\/www.acelogistics.eu\/ee\/wp-content\/uploads\/sites\/2\/2025\/12\/Avo-Mollits-color-3500&#215;3300-1-scaled.jpg&#8221; _builder_version=&#8221;4.27.5&#8243; _module_preset=&#8221;default&#8221; text_orientation=&#8221;center&#8221; max_width=&#8221;200px&#8221; module_alignment=&#8221;center&#8221; global_colors_info=&#8221;{}&#8221;]<\/p>\n<p>ACE Logistics Group<\/p>\n<p>[\/et_pb_team_member][et_pb_team_member name=&#8221;Tiiu Lepp&#8221; position=&#8221;Pearaamatupidaja&#8221; image_url=&#8221;https:\/\/www.acelogistics.eu\/ee\/wp-content\/uploads\/sites\/2\/2025\/12\/Tiiu-Lepp-Color-3500&#215;3300-1-scaled.jpg&#8221; _builder_version=&#8221;4.27.5&#8243; _module_preset=&#8221;default&#8221; text_orientation=&#8221;center&#8221; max_width=&#8221;200px&#8221; module_alignment=&#8221;center&#8221; global_colors_info=&#8221;{}&#8221;]<\/p>\n<p>ACE Logistics Group<\/p>\n<p>[\/et_pb_team_member][\/et_pb_column][\/et_pb_row][et_pb_row column_structure=&#8221;1_5,1_5,1_5,1_5,1_5&#8243; disabled_on=&#8221;on|off|off&#8221; admin_label=&#8221;row-desktop&#8221; _builder_version=&#8221;4.27.5&#8243; _module_preset=&#8221;default&#8221; global_colors_info=&#8221;{}&#8221;][et_pb_column type=&#8221;1_5&#8243; _builder_version=&#8221;4.27.5&#8243; _module_preset=&#8221;default&#8221; global_colors_info=&#8221;{}&#8221;][et_pb_team_member name=&#8221;Katrin Tiidrus&#8221; position=&#8221;Tegevjuht&#8221; image_url=&#8221;https:\/\/www.acelogistics.eu\/ee\/wp-content\/uploads\/sites\/2\/2025\/12\/Katrin-Tiidrus-color-3500&#215;3300-1-scaled.jpg&#8221; _builder_version=&#8221;4.27.5&#8243; _module_preset=&#8221;default&#8221; text_orientation=&#8221;center&#8221; max_width=&#8221;200px&#8221; global_colors_info=&#8221;{}&#8221;]<\/p>\n<p>ACE Logistics Estonia<\/p>\n<p>[\/et_pb_team_member][\/et_pb_column][et_pb_column type=&#8221;1_5&#8243; _builder_version=&#8221;4.27.5&#8243; _module_preset=&#8221;default&#8221; global_colors_info=&#8221;{}&#8221;][et_pb_team_member name=&#8221;K\u0101rlis Kaspar\u0101ns&#8221; position=&#8221;Tegevjuht&#8221; image_url=&#8221;https:\/\/www.acelogistics.eu\/ee\/wp-content\/uploads\/sites\/2\/2025\/12\/Karlis-Kasparans-Color-3500&#215;3300-1-scaled.jpg&#8221; _builder_version=&#8221;4.27.5&#8243; _module_preset=&#8221;default&#8221; text_orientation=&#8221;center&#8221; max_width=&#8221;200px&#8221; hover_enabled=&#8221;0&#8243; global_colors_info=&#8221;{}&#8221; sticky_enabled=&#8221;0&#8243;]<\/p>\n<p>ACE Logistics Latvia<\/p>\n<p>[\/et_pb_team_member][\/et_pb_column][et_pb_column type=&#8221;1_5&#8243; _builder_version=&#8221;4.27.5&#8243; _module_preset=&#8221;default&#8221; global_colors_info=&#8221;{}&#8221;][et_pb_team_member name=&#8221;Juana Kudarauskiene&#8221; position=&#8221;Tegevjuht&#8221; image_url=&#8221;https:\/\/www.acelogistics.eu\/ee\/wp-content\/uploads\/sites\/2\/2025\/12\/Juana-Kudarauskiene-Color-3500&#215;3300-1-scaled.jpg&#8221; _builder_version=&#8221;4.27.5&#8243; _module_preset=&#8221;default&#8221; text_orientation=&#8221;center&#8221; max_width=&#8221;200px&#8221; global_colors_info=&#8221;{}&#8221;]<\/p>\n<p>ACE Logistics Lithuania<\/p>\n<p>[\/et_pb_team_member][\/et_pb_column][et_pb_column type=&#8221;1_5&#8243; _builder_version=&#8221;4.27.5&#8243; _module_preset=&#8221;default&#8221; global_colors_info=&#8221;{}&#8221;][et_pb_team_member name=&#8221;Olena Dashko&#8221; position=&#8221;Tegevjuht&#8221; image_url=&#8221;https:\/\/www.acelogistics.eu\/ee\/wp-content\/uploads\/sites\/2\/2026\/01\/Olena-Dashko-3500&#215;3300-1-scaled.png&#8221; _builder_version=&#8221;4.27.5&#8243; _module_preset=&#8221;default&#8221; text_orientation=&#8221;center&#8221; max_width=&#8221;200px&#8221; global_colors_info=&#8221;{}&#8221;]<\/p>\n<p>ACE Logistics Ukraine<\/p>\n<p>[\/et_pb_team_member][\/et_pb_column][et_pb_column type=&#8221;1_5&#8243; _builder_version=&#8221;4.27.5&#8243; _module_preset=&#8221;default&#8221; global_colors_info=&#8221;{}&#8221;][et_pb_team_member name=&#8221;Viljar Lehtmets&#8221; position=&#8221;Tegevjuht&#8221; image_url=&#8221;https:\/\/www.acelogistics.eu\/ee\/wp-content\/uploads\/sites\/2\/2026\/01\/Viljar-Lehtmets-3500&#215;3300-1.png&#8221; _builder_version=&#8221;4.27.5&#8243; _module_preset=&#8221;default&#8221; text_orientation=&#8221;center&#8221; max_width=&#8221;200px&#8221; global_colors_info=&#8221;{}&#8221;]<\/p>\n<p>Cargo Handling\/Airproxy<\/p>\n<p>[\/et_pb_team_member][\/et_pb_column][\/et_pb_row][et_pb_row disabled_on=&#8221;off|on|on&#8221; admin_label=&#8221;row-mobiil&#8221; _builder_version=&#8221;4.27.5&#8243; _module_preset=&#8221;default&#8221; global_colors_info=&#8221;{}&#8221;][et_pb_column type=&#8221;4_4&#8243; _builder_version=&#8221;4.27.5&#8243; _module_preset=&#8221;default&#8221; global_colors_info=&#8221;{}&#8221;][et_pb_team_member name=&#8221;Katrin Tiidrus&#8221; position=&#8221;Tegevjuht&#8221; image_url=&#8221;https:\/\/www.acelogistics.eu\/ee\/wp-content\/uploads\/sites\/2\/2025\/12\/Katrin-Tiidrus-color-3500&#215;3300-1-scaled.jpg&#8221; _builder_version=&#8221;4.27.5&#8243; _module_preset=&#8221;default&#8221; text_orientation=&#8221;center&#8221; max_width=&#8221;200px&#8221; module_alignment=&#8221;center&#8221; global_colors_info=&#8221;{}&#8221;]<\/p>\n<p>ACE Logistics Estonia<\/p>\n<p>[\/et_pb_team_member][et_pb_team_member name=&#8221;K\u0101rlis Kaspar\u0101ns&#8221; position=&#8221;Tegevjuht&#8221; image_url=&#8221;https:\/\/www.acelogistics.eu\/ee\/wp-content\/uploads\/sites\/2\/2025\/12\/Karlis-Kasparans-Color-3500&#215;3300-1-scaled.jpg&#8221; _builder_version=&#8221;4.27.5&#8243; _module_preset=&#8221;default&#8221; text_orientation=&#8221;center&#8221; max_width=&#8221;200px&#8221; module_alignment=&#8221;center&#8221; hover_enabled=&#8221;0&#8243; global_colors_info=&#8221;{}&#8221; sticky_enabled=&#8221;0&#8243;]<\/p>\n<p>ACE Logistics Latvia<\/p>\n<p>[\/et_pb_team_member][et_pb_team_member name=&#8221;Juana Kudarauskiene&#8221; position=&#8221;Tegevjuht&#8221; image_url=&#8221;https:\/\/www.acelogistics.eu\/ee\/wp-content\/uploads\/sites\/2\/2025\/12\/Juana-Kudarauskiene-Color-3500&#215;3300-1-scaled.jpg&#8221; _builder_version=&#8221;4.27.5&#8243; _module_preset=&#8221;default&#8221; text_orientation=&#8221;center&#8221; max_width=&#8221;200px&#8221; module_alignment=&#8221;center&#8221; global_colors_info=&#8221;{}&#8221;]<\/p>\n<p>ACE Logistics Lithuania<\/p>\n<p>[\/et_pb_team_member][et_pb_team_member name=&#8221;Olena Dashko&#8221; position=&#8221;Tegevjuht&#8221; image_url=&#8221;https:\/\/www.acelogistics.eu\/ee\/wp-content\/uploads\/sites\/2\/2026\/01\/Olena-Dashko-3500&#215;3300-1-scaled.png&#8221; _builder_version=&#8221;4.27.5&#8243; _module_preset=&#8221;default&#8221; text_orientation=&#8221;center&#8221; max_width=&#8221;200px&#8221; module_alignment=&#8221;center&#8221; global_colors_info=&#8221;{}&#8221;]<\/p>\n<p>ACE Logistics Ukraine<\/p>\n<p>[\/et_pb_team_member][et_pb_team_member name=&#8221;Viljar Lehtmets&#8221; position=&#8221;Tegevjuht&#8221; image_url=&#8221;https:\/\/www.acelogistics.eu\/ee\/wp-content\/uploads\/sites\/2\/2026\/01\/Viljar-Lehtmets-3500&#215;3300-1.png&#8221; _builder_version=&#8221;4.27.5&#8243; _module_preset=&#8221;default&#8221; text_orientation=&#8221;center&#8221; max_width=&#8221;200px&#8221; module_alignment=&#8221;center&#8221; global_colors_info=&#8221;{}&#8221;]<\/p>\n<p>Cargo Handling\/Airproxy<\/p>\n<p>[\/et_pb_team_member][\/et_pb_column][\/et_pb_row][\/et_pb_section]<\/p>\n","protected":false},"excerpt":{"rendered":"<p>Tutvu meie kontserni juhtkonnaga &#8211; inimestega, kes seisavad ACE Logisticsi grupi eduloo taga. Kogenud juhid, kes kujundavad meie tarneahela t\u00f6\u00f6d, strateegilist kasvu ja p\u00fchendumust usaldusv\u00e4\u00e4rsetele logistikateenustele, viies ettev\u00f5tte t\u00f5hususe, innovatsiooni ja k\u00f5rge kliendirahuloluni.ACE Logistics GroupACE Logistics GroupACE Logistics GroupACE Logistics GroupACE Logistics GroupACE Logistics GroupACE Logistics GroupACE Logistics GroupACE Logistics GroupACE Logistics GroupACE Logistics EstoniaACE [&hellip;]<\/p>\n","protected":false},"author":1,"featured_media":0,"parent":0,"menu_order":0,"comment_status":"closed","ping_status":"closed","template":"","meta":{"_et_pb_use_builder":"on","_et_pb_old_content":"<!-- wp:divi\/placeholder \/-->","_et_gb_content_width":"","footnotes":""},"class_list":["post-17291","page","type-page","status-publish","hentry"],"yoast_head":"<!-- This site is optimized with the Yoast SEO plugin v26.8 - https:\/\/yoast.com\/product\/yoast-seo-wordpress\/ -->\n<title>Juhtkond - ACE Logistics Estonia<\/title>\n<meta name=\"description\" content=\"Tutvu ACE Logisticsi juhtkonnaga - kogenud juhid, kes loovad tarneahela innovatsiooni ja k\u00f5rget kliendirahulolu.\" \/>\n<meta name=\"robots\" content=\"index, follow, max-snippet:-1, max-image-preview:large, max-video-preview:-1\" \/>\n<link rel=\"canonical\" href=\"https:\/\/www.acelogistics.eu\/ee\/et\/juhtkond\/\" \/>\n<meta property=\"og:locale\" content=\"et_EE\" \/>\n<meta property=\"og:type\" content=\"article\" \/>\n<meta property=\"og:title\" content=\"Juhtkond - ACE Logistics Estonia\" \/>\n<meta property=\"og:description\" content=\"Tutvu ACE Logisticsi juhtkonnaga - kogenud juhid, kes loovad tarneahela innovatsiooni ja k\u00f5rget kliendirahulolu.\" \/>\n<meta property=\"og:url\" content=\"https:\/\/www.acelogistics.eu\/ee\/et\/juhtkond\/\" \/>\n<meta property=\"og:site_name\" content=\"ACE Logistics Estonia\" \/>\n<meta property=\"article:modified_time\" content=\"2026-04-06T07:56:04+00:00\" \/>\n<meta name=\"twitter:card\" content=\"summary_large_image\" \/>\n<meta name=\"twitter:label1\" content=\"Est. reading time\" \/>\n\t<meta name=\"twitter:data1\" content=\"5 minutit\" \/>\n<script type=\"application\/ld+json\" class=\"yoast-schema-graph\">{\"@context\":\"https:\/\/schema.org\",\"@graph\":[{\"@type\":\"WebPage\",\"@id\":\"https:\/\/www.acelogistics.eu\/ee\/et\/juhtkond\/\",\"url\":\"https:\/\/www.acelogistics.eu\/ee\/et\/juhtkond\/\",\"name\":\"Juhtkond - ACE Logistics Estonia\",\"isPartOf\":{\"@id\":\"https:\/\/www.acelogistics.eu\/ee\/en\/#website\"},\"datePublished\":\"2025-10-24T07:36:19+00:00\",\"dateModified\":\"2026-04-06T07:56:04+00:00\",\"description\":\"Tutvu ACE Logisticsi juhtkonnaga - kogenud juhid, kes loovad tarneahela innovatsiooni ja k\u00f5rget kliendirahulolu.\",\"breadcrumb\":{\"@id\":\"https:\/\/www.acelogistics.eu\/ee\/et\/juhtkond\/#breadcrumb\"},\"inLanguage\":\"et\",\"potentialAction\":[{\"@type\":\"ReadAction\",\"target\":[\"https:\/\/www.acelogistics.eu\/ee\/et\/juhtkond\/\"]}]},{\"@type\":\"BreadcrumbList\",\"@id\":\"https:\/\/www.acelogistics.eu\/ee\/et\/juhtkond\/#breadcrumb\",\"itemListElement\":[{\"@type\":\"ListItem\",\"position\":1,\"name\":\"Home\",\"item\":\"https:\/\/www.acelogistics.eu\/ee\/et\/\"},{\"@type\":\"ListItem\",\"position\":2,\"name\":\"Juhtkond\"}]},{\"@type\":\"WebSite\",\"@id\":\"https:\/\/www.acelogistics.eu\/ee\/en\/#website\",\"url\":\"https:\/\/www.acelogistics.eu\/ee\/en\/\",\"name\":\"ACE Logistics Estonia\",\"description\":\"\",\"potentialAction\":[{\"@type\":\"SearchAction\",\"target\":{\"@type\":\"EntryPoint\",\"urlTemplate\":\"https:\/\/www.acelogistics.eu\/ee\/en\/?s={search_term_string}\"},\"query-input\":{\"@type\":\"PropertyValueSpecification\",\"valueRequired\":true,\"valueName\":\"search_term_string\"}}],\"inLanguage\":\"et\"}]}<\/script>\n<!-- \/ Yoast SEO plugin. -->","yoast_head_json":{"title":"Juhtkond - ACE Logistics Estonia","description":"Tutvu ACE Logisticsi juhtkonnaga - kogenud juhid, kes loovad tarneahela innovatsiooni ja k\u00f5rget kliendirahulolu.","robots":{"index":"index","follow":"follow","max-snippet":"max-snippet:-1","max-image-preview":"max-image-preview:large","max-video-preview":"max-video-preview:-1"},"canonical":"https:\/\/www.acelogistics.eu\/ee\/et\/juhtkond\/","og_locale":"et_EE","og_type":"article","og_title":"Juhtkond - ACE Logistics Estonia","og_description":"Tutvu ACE Logisticsi juhtkonnaga - kogenud juhid, kes loovad tarneahela innovatsiooni ja k\u00f5rget kliendirahulolu.","og_url":"https:\/\/www.acelogistics.eu\/ee\/et\/juhtkond\/","og_site_name":"ACE Logistics Estonia","article_modified_time":"2026-04-06T07:56:04+00:00","twitter_card":"summary_large_image","twitter_misc":{"Est. reading time":"5 minutit"},"schema":{"@context":"https:\/\/schema.org","@graph":[{"@type":"WebPage","@id":"https:\/\/www.acelogistics.eu\/ee\/et\/juhtkond\/","url":"https:\/\/www.acelogistics.eu\/ee\/et\/juhtkond\/","name":"Juhtkond - ACE Logistics Estonia","isPartOf":{"@id":"https:\/\/www.acelogistics.eu\/ee\/en\/#website"},"datePublished":"2025-10-24T07:36:19+00:00","dateModified":"2026-04-06T07:56:04+00:00","description":"Tutvu ACE Logisticsi juhtkonnaga - kogenud juhid, kes loovad tarneahela innovatsiooni ja k\u00f5rget kliendirahulolu.","breadcrumb":{"@id":"https:\/\/www.acelogistics.eu\/ee\/et\/juhtkond\/#breadcrumb"},"inLanguage":"et","potentialAction":[{"@type":"ReadAction","target":["https:\/\/www.acelogistics.eu\/ee\/et\/juhtkond\/"]}]},{"@type":"BreadcrumbList","@id":"https:\/\/www.acelogistics.eu\/ee\/et\/juhtkond\/#breadcrumb","itemListElement":[{"@type":"ListItem","position":1,"name":"Home","item":"https:\/\/www.acelogistics.eu\/ee\/et\/"},{"@type":"ListItem","position":2,"name":"Juhtkond"}]},{"@type":"WebSite","@id":"https:\/\/www.acelogistics.eu\/ee\/en\/#website","url":"https:\/\/www.acelogistics.eu\/ee\/en\/","name":"ACE Logistics Estonia","description":"","potentialAction":[{"@type":"SearchAction","target":{"@type":"EntryPoint","urlTemplate":"https:\/\/www.acelogistics.eu\/ee\/en\/?s={search_term_string}"},"query-input":{"@type":"PropertyValueSpecification","valueRequired":true,"valueName":"search_term_string"}}],"inLanguage":"et"}]}},"_links":{"self":[{"href":"https:\/\/www.acelogistics.eu\/ee\/et\/wp-json\/wp\/v2\/pages\/17291","targetHints":{"allow":["GET"]}}],"collection":[{"href":"https:\/\/www.acelogistics.eu\/ee\/et\/wp-json\/wp\/v2\/pages"}],"about":[{"href":"https:\/\/www.acelogistics.eu\/ee\/et\/wp-json\/wp\/v2\/types\/page"}],"author":[{"embeddable":true,"href":"https:\/\/www.acelogistics.eu\/ee\/et\/wp-json\/wp\/v2\/users\/1"}],"replies":[{"embeddable":true,"href":"https:\/\/www.acelogistics.eu\/ee\/et\/wp-json\/wp\/v2\/comments?post=17291"}],"version-history":[{"count":43,"href":"https:\/\/www.acelogistics.eu\/ee\/et\/wp-json\/wp\/v2\/pages\/17291\/revisions"}],"predecessor-version":[{"id":18803,"href":"https:\/\/www.acelogistics.eu\/ee\/et\/wp-json\/wp\/v2\/pages\/17291\/revisions\/18803"}],"wp:attachment":[{"href":"https:\/\/www.acelogistics.eu\/ee\/et\/wp-json\/wp\/v2\/media?parent=17291"}],"curies":[{"name":"wp","href":"https:\/\/api.w.org\/{rel}","templated":true}]}}