{"id":1730,"date":"2023-01-13T09:45:30","date_gmt":"2023-01-13T07:45:30","guid":{"rendered":"https:\/\/stiina.ability.ee\/ee\/?page_id=1730"},"modified":"2026-04-06T11:16:57","modified_gmt":"2026-04-06T08:16:57","slug":"kutuselisa","status":"publish","type":"page","link":"https:\/\/www.acelogistics.eu\/ee\/et\/teenused\/kutuselisa\/","title":{"rendered":"K\u00fctuselisa"},"content":{"rendered":"<p>[et_pb_section fb_built=&#8221;1&#8243; _builder_version=&#8221;4.19.4&#8243; _module_preset=&#8221;default&#8221; custom_padding=&#8221;0px|||||&#8221; global_colors_info=&#8221;{}&#8221;][et_pb_row _builder_version=&#8221;4.27.4&#8243; _module_preset=&#8221;default&#8221; custom_padding=&#8221;55px||40px||false|false&#8221; global_colors_info=&#8221;{}&#8221;][et_pb_column type=&#8221;4_4&#8243; _builder_version=&#8221;4.27.4&#8243; _module_preset=&#8221;default&#8221; global_colors_info=&#8221;{}&#8221;][et_pb_heading title=&#8221;@ET-DC@eyJkeW5hbWljIjp0cnVlLCJjb250ZW50IjoicG9zdF90aXRsZSIsInNldHRpbmdzIjp7ImJlZm9yZSI6IiIsImFmdGVyIjoiIn19@&#8221; _builder_version=&#8221;4.27.4&#8243; _dynamic_attributes=&#8221;title&#8221; _module_preset=&#8221;default&#8221; title_font=&#8221;&#8211;et_global_heading_font|700||on|||||&#8221; title_font_size=&#8221;26px&#8221; custom_margin=&#8221;||||false|false&#8221; custom_padding=&#8221;0px||||false|false&#8221; global_colors_info=&#8221;{}&#8221;][\/et_pb_heading][\/et_pb_column][\/et_pb_row][et_pb_row _builder_version=&#8221;4.19.4&#8243; _module_preset=&#8221;default&#8221; custom_padding=&#8221;0px|||||&#8221; global_colors_info=&#8221;{}&#8221;][et_pb_column type=&#8221;4_4&#8243; _builder_version=&#8221;4.19.4&#8243; _module_preset=&#8221;default&#8221; global_colors_info=&#8221;{}&#8221;][et_pb_text _builder_version=&#8221;4.27.6&#8243; _module_preset=&#8221;default&#8221; hover_enabled=&#8221;0&#8243; global_colors_info=&#8221;{}&#8221; sticky_enabled=&#8221;0&#8243;]<\/p>\n<p>K\u00f5igile ACE Logisticsi maanteetranspordi teenuste hinnapakkumistele lisandub alates 1.04.2022 k\u00fctuselisatasu, mida muudetakse kord kuus. K\u00fctuselisa aluseks on viimase kuu aritmeetiline keskmine diiselk\u00fctuse jaehind Eestis Euroopa Komisjoni poolt avaldatavas \u00fclevaates. K\u00fctuse lisatasu koefitsient (BAF) arvutatakse arvestades k\u00fctusekulu osakaalu kogukuludest ja see on jooksva kuu k\u00fctuselisatasu aluseks. P\u00f6\u00f6rame t\u00e4helepanu, et BAF rakendub kauba korjekuup\u00e4eva j\u00e4rgi.<\/p>\n<p><strong>Seoses L\u00e4his-Ida konfliktiga ja sellest tuleneva naftaturu suure volatiilsusega korrigeeritakse alates 16.03.2026 BAF-i iga kahe n\u00e4dala tagant. Tegemist on ajutise meetmega, mis v\u00f5imaldab reageerida paindlikumalt k\u00fctusehindade muutustele. Turuolukorra stabiliseerudes hindame v\u00f5imalust naasta varasema igakuise arvestusmudeli juurde.<\/strong><\/p>\n<p><strong>BAF:<\/strong><br \/><iframe id=\"trackFrame\" src=\"\/eservices\/weborders\/TE\/FuelSurcharge.php?office=EE&amp;productgroup=Groupage&amp;format=xml&amp;lang=EE\" width=\"100%\" style=\"min-height: 320px; border: none;\"><\/iframe><\/p>\n<p>[\/et_pb_text][\/et_pb_column][\/et_pb_row][\/et_pb_section]<\/p>\n","protected":false},"excerpt":{"rendered":"<p>K\u00f5igile ACE Logisticsi maanteetranspordi teenuste hinnapakkumistele lisandub alates 1.04.2022 k\u00fctuselisatasu, mida muudetakse kord kuus. K\u00fctuselisa aluseks on viimase kuu aritmeetiline keskmine diiselk\u00fctuse jaehind Eestis Euroopa Komisjoni poolt avaldatavas \u00fclevaates. K\u00fctuse lisatasu koefitsient (BAF) arvutatakse arvestades k\u00fctusekulu osakaalu kogukuludest ja see on jooksva kuu k\u00fctuselisatasu aluseks. P\u00f6\u00f6rame t\u00e4helepanu, et BAF rakendub kauba korjekuup\u00e4eva j\u00e4rgi. Seoses L\u00e4his-Ida [&hellip;]<\/p>\n","protected":false},"author":1,"featured_media":18818,"parent":1336,"menu_order":0,"comment_status":"closed","ping_status":"closed","template":"","meta":{"_et_pb_use_builder":"on","_et_pb_old_content":"","_et_gb_content_width":"","footnotes":""},"class_list":["post-1730","page","type-page","status-publish","has-post-thumbnail","hentry"],"yoast_head":"<!-- This site is optimized with the Yoast SEO plugin v26.8 - https:\/\/yoast.com\/product\/yoast-seo-wordpress\/ -->\n<title>K\u00fctuselisa - ACE Logistics Estonia<\/title>\n<meta name=\"description\" content=\"K\u00fctuselisa ehk BAF lisandub k\u00f5igile ACE Logisticsi maanteetranspordi teenuste hinnapakkumistele ja on muutuv v\u00e4\u00e4rtus. Tutvu BAFiga siin.\" \/>\n<meta name=\"robots\" content=\"index, follow, max-snippet:-1, max-image-preview:large, max-video-preview:-1\" \/>\n<link rel=\"canonical\" href=\"https:\/\/www.acelogistics.eu\/ee\/et\/teenused\/kutuselisa\/\" \/>\n<meta property=\"og:locale\" content=\"et_EE\" \/>\n<meta property=\"og:type\" content=\"article\" \/>\n<meta property=\"og:title\" content=\"K\u00fctuselisa - ACE Logistics Estonia\" \/>\n<meta property=\"og:description\" content=\"K\u00fctuselisa ehk BAF lisandub k\u00f5igile ACE Logisticsi maanteetranspordi teenuste hinnapakkumistele ja on muutuv v\u00e4\u00e4rtus. Tutvu BAFiga siin.\" \/>\n<meta property=\"og:url\" content=\"https:\/\/www.acelogistics.eu\/ee\/et\/teenused\/kutuselisa\/\" \/>\n<meta property=\"og:site_name\" content=\"ACE Logistics Estonia\" \/>\n<meta property=\"article:modified_time\" content=\"2026-04-06T08:16:57+00:00\" \/>\n<meta property=\"og:image\" content=\"https:\/\/www.acelogistics.eu\/ee\/wp-content\/uploads\/sites\/2\/2026\/04\/Kutuselisa.jpg\" \/>\n\t<meta property=\"og:image:width\" content=\"1920\" \/>\n\t<meta property=\"og:image:height\" content=\"1280\" \/>\n\t<meta property=\"og:image:type\" content=\"image\/jpeg\" \/>\n<meta name=\"twitter:card\" content=\"summary_large_image\" \/>\n<meta name=\"twitter:label1\" content=\"Est. reading time\" \/>\n\t<meta name=\"twitter:data1\" content=\"1 minut\" \/>\n<script type=\"application\/ld+json\" class=\"yoast-schema-graph\">{\"@context\":\"https:\/\/schema.org\",\"@graph\":[{\"@type\":\"WebPage\",\"@id\":\"https:\/\/www.acelogistics.eu\/ee\/et\/teenused\/kutuselisa\/\",\"url\":\"https:\/\/www.acelogistics.eu\/ee\/et\/teenused\/kutuselisa\/\",\"name\":\"K\u00fctuselisa - ACE Logistics Estonia\",\"isPartOf\":{\"@id\":\"https:\/\/www.acelogistics.eu\/ee\/en\/#website\"},\"primaryImageOfPage\":{\"@id\":\"https:\/\/www.acelogistics.eu\/ee\/et\/teenused\/kutuselisa\/#primaryimage\"},\"image\":{\"@id\":\"https:\/\/www.acelogistics.eu\/ee\/et\/teenused\/kutuselisa\/#primaryimage\"},\"thumbnailUrl\":\"https:\/\/www.acelogistics.eu\/ee\/wp-content\/uploads\/sites\/2\/2026\/04\/Kutuselisa.jpg\",\"datePublished\":\"2023-01-13T07:45:30+00:00\",\"dateModified\":\"2026-04-06T08:16:57+00:00\",\"description\":\"K\u00fctuselisa ehk BAF lisandub k\u00f5igile ACE Logisticsi maanteetranspordi teenuste hinnapakkumistele ja on muutuv v\u00e4\u00e4rtus. Tutvu BAFiga siin.\",\"breadcrumb\":{\"@id\":\"https:\/\/www.acelogistics.eu\/ee\/et\/teenused\/kutuselisa\/#breadcrumb\"},\"inLanguage\":\"et\",\"potentialAction\":[{\"@type\":\"ReadAction\",\"target\":[\"https:\/\/www.acelogistics.eu\/ee\/et\/teenused\/kutuselisa\/\"]}]},{\"@type\":\"ImageObject\",\"inLanguage\":\"et\",\"@id\":\"https:\/\/www.acelogistics.eu\/ee\/et\/teenused\/kutuselisa\/#primaryimage\",\"url\":\"https:\/\/www.acelogistics.eu\/ee\/wp-content\/uploads\/sites\/2\/2026\/04\/Kutuselisa.jpg\",\"contentUrl\":\"https:\/\/www.acelogistics.eu\/ee\/wp-content\/uploads\/sites\/2\/2026\/04\/Kutuselisa.jpg\",\"width\":1920,\"height\":1280},{\"@type\":\"BreadcrumbList\",\"@id\":\"https:\/\/www.acelogistics.eu\/ee\/et\/teenused\/kutuselisa\/#breadcrumb\",\"itemListElement\":[{\"@type\":\"ListItem\",\"position\":1,\"name\":\"Home\",\"item\":\"https:\/\/www.acelogistics.eu\/ee\/et\/\"},{\"@type\":\"ListItem\",\"position\":2,\"name\":\"Teenused\",\"item\":\"https:\/\/www.acelogistics.eu\/ee\/et\/teenused\/\"},{\"@type\":\"ListItem\",\"position\":3,\"name\":\"K\u00fctuselisa\"}]},{\"@type\":\"WebSite\",\"@id\":\"https:\/\/www.acelogistics.eu\/ee\/en\/#website\",\"url\":\"https:\/\/www.acelogistics.eu\/ee\/en\/\",\"name\":\"ACE Logistics Estonia\",\"description\":\"\",\"potentialAction\":[{\"@type\":\"SearchAction\",\"target\":{\"@type\":\"EntryPoint\",\"urlTemplate\":\"https:\/\/www.acelogistics.eu\/ee\/en\/?s={search_term_string}\"},\"query-input\":{\"@type\":\"PropertyValueSpecification\",\"valueRequired\":true,\"valueName\":\"search_term_string\"}}],\"inLanguage\":\"et\"}]}<\/script>\n<!-- \/ Yoast SEO plugin. -->","yoast_head_json":{"title":"K\u00fctuselisa - ACE Logistics Estonia","description":"K\u00fctuselisa ehk BAF lisandub k\u00f5igile ACE Logisticsi maanteetranspordi teenuste hinnapakkumistele ja on muutuv v\u00e4\u00e4rtus. Tutvu BAFiga siin.","robots":{"index":"index","follow":"follow","max-snippet":"max-snippet:-1","max-image-preview":"max-image-preview:large","max-video-preview":"max-video-preview:-1"},"canonical":"https:\/\/www.acelogistics.eu\/ee\/et\/teenused\/kutuselisa\/","og_locale":"et_EE","og_type":"article","og_title":"K\u00fctuselisa - ACE Logistics Estonia","og_description":"K\u00fctuselisa ehk BAF lisandub k\u00f5igile ACE Logisticsi maanteetranspordi teenuste hinnapakkumistele ja on muutuv v\u00e4\u00e4rtus. Tutvu BAFiga siin.","og_url":"https:\/\/www.acelogistics.eu\/ee\/et\/teenused\/kutuselisa\/","og_site_name":"ACE Logistics Estonia","article_modified_time":"2026-04-06T08:16:57+00:00","og_image":[{"width":1920,"height":1280,"url":"https:\/\/www.acelogistics.eu\/ee\/wp-content\/uploads\/sites\/2\/2026\/04\/Kutuselisa.jpg","type":"image\/jpeg"}],"twitter_card":"summary_large_image","twitter_misc":{"Est. reading time":"1 minut"},"schema":{"@context":"https:\/\/schema.org","@graph":[{"@type":"WebPage","@id":"https:\/\/www.acelogistics.eu\/ee\/et\/teenused\/kutuselisa\/","url":"https:\/\/www.acelogistics.eu\/ee\/et\/teenused\/kutuselisa\/","name":"K\u00fctuselisa - ACE Logistics Estonia","isPartOf":{"@id":"https:\/\/www.acelogistics.eu\/ee\/en\/#website"},"primaryImageOfPage":{"@id":"https:\/\/www.acelogistics.eu\/ee\/et\/teenused\/kutuselisa\/#primaryimage"},"image":{"@id":"https:\/\/www.acelogistics.eu\/ee\/et\/teenused\/kutuselisa\/#primaryimage"},"thumbnailUrl":"https:\/\/www.acelogistics.eu\/ee\/wp-content\/uploads\/sites\/2\/2026\/04\/Kutuselisa.jpg","datePublished":"2023-01-13T07:45:30+00:00","dateModified":"2026-04-06T08:16:57+00:00","description":"K\u00fctuselisa ehk BAF lisandub k\u00f5igile ACE Logisticsi maanteetranspordi teenuste hinnapakkumistele ja on muutuv v\u00e4\u00e4rtus. Tutvu BAFiga siin.","breadcrumb":{"@id":"https:\/\/www.acelogistics.eu\/ee\/et\/teenused\/kutuselisa\/#breadcrumb"},"inLanguage":"et","potentialAction":[{"@type":"ReadAction","target":["https:\/\/www.acelogistics.eu\/ee\/et\/teenused\/kutuselisa\/"]}]},{"@type":"ImageObject","inLanguage":"et","@id":"https:\/\/www.acelogistics.eu\/ee\/et\/teenused\/kutuselisa\/#primaryimage","url":"https:\/\/www.acelogistics.eu\/ee\/wp-content\/uploads\/sites\/2\/2026\/04\/Kutuselisa.jpg","contentUrl":"https:\/\/www.acelogistics.eu\/ee\/wp-content\/uploads\/sites\/2\/2026\/04\/Kutuselisa.jpg","width":1920,"height":1280},{"@type":"BreadcrumbList","@id":"https:\/\/www.acelogistics.eu\/ee\/et\/teenused\/kutuselisa\/#breadcrumb","itemListElement":[{"@type":"ListItem","position":1,"name":"Home","item":"https:\/\/www.acelogistics.eu\/ee\/et\/"},{"@type":"ListItem","position":2,"name":"Teenused","item":"https:\/\/www.acelogistics.eu\/ee\/et\/teenused\/"},{"@type":"ListItem","position":3,"name":"K\u00fctuselisa"}]},{"@type":"WebSite","@id":"https:\/\/www.acelogistics.eu\/ee\/en\/#website","url":"https:\/\/www.acelogistics.eu\/ee\/en\/","name":"ACE Logistics Estonia","description":"","potentialAction":[{"@type":"SearchAction","target":{"@type":"EntryPoint","urlTemplate":"https:\/\/www.acelogistics.eu\/ee\/en\/?s={search_term_string}"},"query-input":{"@type":"PropertyValueSpecification","valueRequired":true,"valueName":"search_term_string"}}],"inLanguage":"et"}]}},"_links":{"self":[{"href":"https:\/\/www.acelogistics.eu\/ee\/et\/wp-json\/wp\/v2\/pages\/1730","targetHints":{"allow":["GET"]}}],"collection":[{"href":"https:\/\/www.acelogistics.eu\/ee\/et\/wp-json\/wp\/v2\/pages"}],"about":[{"href":"https:\/\/www.acelogistics.eu\/ee\/et\/wp-json\/wp\/v2\/types\/page"}],"author":[{"embeddable":true,"href":"https:\/\/www.acelogistics.eu\/ee\/et\/wp-json\/wp\/v2\/users\/1"}],"replies":[{"embeddable":true,"href":"https:\/\/www.acelogistics.eu\/ee\/et\/wp-json\/wp\/v2\/comments?post=1730"}],"version-history":[{"count":32,"href":"https:\/\/www.acelogistics.eu\/ee\/et\/wp-json\/wp\/v2\/pages\/1730\/revisions"}],"predecessor-version":[{"id":18822,"href":"https:\/\/www.acelogistics.eu\/ee\/et\/wp-json\/wp\/v2\/pages\/1730\/revisions\/18822"}],"up":[{"embeddable":true,"href":"https:\/\/www.acelogistics.eu\/ee\/et\/wp-json\/wp\/v2\/pages\/1336"}],"wp:featuredmedia":[{"embeddable":true,"href":"https:\/\/www.acelogistics.eu\/ee\/et\/wp-json\/wp\/v2\/media\/18818"}],"wp:attachment":[{"href":"https:\/\/www.acelogistics.eu\/ee\/et\/wp-json\/wp\/v2\/media?parent=1730"}],"curies":[{"name":"wp","href":"https:\/\/api.w.org\/{rel}","templated":true}]}}