{"id":1745,"date":"2023-01-13T09:33:06","date_gmt":"2023-01-13T07:33:06","guid":{"rendered":"https:\/\/stiina.ability.ee\/ee\/?page_id=1745"},"modified":"2026-04-06T11:23:30","modified_gmt":"2026-04-06T08:23:30","slug":"lennutransport","status":"publish","type":"page","link":"https:\/\/www.acelogistics.eu\/ee\/et\/teenused\/lennutransport\/","title":{"rendered":"Lennutransport"},"content":{"rendered":"<p>[et_pb_section fb_built=&#8221;1&#8243; _builder_version=&#8221;4.19.4&#8243; _module_preset=&#8221;default&#8221; custom_padding=&#8221;0px||0px|||&#8221; global_colors_info=&#8221;{}&#8221;][et_pb_row _builder_version=&#8221;4.27.4&#8243; _module_preset=&#8221;default&#8221; custom_margin=&#8221;60px||||false|false&#8221; custom_padding=&#8221;0px||4px|||&#8221; global_colors_info=&#8221;{}&#8221;][et_pb_column type=&#8221;4_4&#8243; _builder_version=&#8221;4.19.4&#8243; _module_preset=&#8221;default&#8221; global_colors_info=&#8221;{}&#8221;][et_pb_text content_tablet=&#8221;<\/p>\n<h2 style=%22text-align: left;%22>LENNUTRANSPORT &#8211; KUI AEG ON K\u00d5IGE T\u00c4HTSAM<\/h2>\n<p>&#8221; content_phone=&#8221;<\/p>\n<h2 style=%22text-align: left;%22>LENNUTRANSPORT &#8211; KUI AEG ON K\u00d5IGE T\u00c4HTSAM<\/h2>\n<p>&#8221; content_last_edited=&#8221;on|phone&#8221; admin_label=&#8221;ROAD TRANSPORT IS FAST AND RELIABLE ALL OVER EUROPE&#8221; _builder_version=&#8221;4.27.5&#8243; _module_preset=&#8221;default&#8221; header_2_line_height=&#8221;1.4em&#8221; custom_margin=&#8221;||26px|||&#8221; custom_padding=&#8221;||2px||false|false&#8221; header_line_height_tablet=&#8221;&#8221; header_line_height_phone=&#8221;1.4em&#8221; header_line_height_last_edited=&#8221;on|phone&#8221; header_5_line_height_tablet=&#8221;&#8221; header_5_line_height_phone=&#8221;1.8em&#8221; header_5_line_height_last_edited=&#8221;on|phone&#8221; global_colors_info=&#8221;{}&#8221;]<\/p>\n<h2 style=\"text-align: left;\">LENNUTRANSPORT &#8211; KUI AEG ON K\u00d5IGE T\u00c4HTSAM<\/h2>\n<p>[\/et_pb_text][et_pb_text _builder_version=&#8221;4.27.5&#8243; _module_preset=&#8221;default&#8221; global_colors_info=&#8221;{}&#8221;]<\/p>\n<p>Lennutransport on \u00fcks kiiremaid ja usaldusv\u00e4\u00e4rsemaid veoteenuseid. ACE Logisticsi lai rahvusvaheline partnerite v\u00f5rgustik annab v\u00f5imaluse pakkuda uksest uksele teenust rohkem kui 150 eri riigis. Me teeme koost\u00f6\u00f6d k\u00f5igi meie regioonis asuvate lennuliinidega ja oleme pakkunud lennutransporti juba rohkem kui 30 aastat. Teid teenindavad oma ala parimad spetsialistid.<\/p>\n<p>ACE Logisticsil on \u00f5igused ja kompetents k\u00e4sitleda erinevaid tooteid.<\/p>\n<p>[\/et_pb_text][et_pb_text admin_label=&#8221;ACE LOGISTICS ROAD TRANSPORT SERVICES&#8221; _builder_version=&#8221;4.27.4&#8243; _module_preset=&#8221;default&#8221; custom_margin=&#8221;||18px|||&#8221; header_2_line_height_tablet=&#8221;&#8221; header_2_line_height_phone=&#8221;1.4em&#8221; header_2_line_height_last_edited=&#8221;on|phone&#8221; header_5_line_height_tablet=&#8221;&#8221; header_5_line_height_phone=&#8221;1.8em&#8221; header_5_line_height_last_edited=&#8221;on|phone&#8221; global_colors_info=&#8221;{}&#8221;]<\/p>\n<div id=\"ace_road_transport_services\">\n<h2>ACE LOGISTICSI LENNUTRANSPORDI TEENUSED<\/h2>\n<\/div>\n<p>[\/et_pb_text][et_pb_text _builder_version=&#8221;4.27.4&#8243; _module_preset=&#8221;default&#8221; global_colors_info=&#8221;{}&#8221;]<\/p>\n<p>Meie teenuste valik aitab leida \u00f5ige lahenduse igale saadetisele.<\/p>\n<p>[\/et_pb_text][\/et_pb_column][\/et_pb_row][et_pb_row column_structure=&#8221;1_2,1_2&#8243; use_custom_gutter=&#8221;on&#8221; gutter_width=&#8221;1&#8243; admin_label=&#8221;Service&#8221; _builder_version=&#8221;4.19.4&#8243; _module_preset=&#8221;356bbccb-d785-4c48-b7e0-cf514e633ced&#8221; custom_margin=&#8221;-3px|||||&#8221; global_colors_info=&#8221;{}&#8221;][et_pb_column type=&#8221;1_2&#8243; _builder_version=&#8221;4.19.4&#8243; _module_preset=&#8221;default&#8221; custom_css_main_element=&#8221;width: 29% !important;||margin-right: 1% !important;&#8221; global_colors_info=&#8221;{}&#8221; custom_css_main_element_last_edited=&#8221;on|desktop&#8221; custom_css_main_element_phone=&#8221;width: 100% !important;&#8221; custom_css_main_element_tablet=&#8221;width: 30% !important;&#8221;][et_pb_text _builder_version=&#8221;4.27.5&#8243; _module_preset=&#8221;default&#8221; custom_margin_tablet=&#8221;&#8221; custom_margin_phone=&#8221;||20px||false|false&#8221; custom_margin_last_edited=&#8221;on|phone&#8221; global_colors_info=&#8221;{}&#8221;]<\/p>\n<h3>aceStandard<\/h3>\n<p><strong>standardteenus lennusaadetistele<\/strong><\/p>\n<p>[\/et_pb_text][\/et_pb_column][et_pb_column type=&#8221;1_2&#8243; _builder_version=&#8221;4.19.4&#8243; _module_preset=&#8221;default&#8221; custom_css_main_element=&#8221;width: 70% !important;&#8221; global_colors_info=&#8221;{}&#8221; custom_css_main_element_last_edited=&#8221;on|phone&#8221; custom_css_main_element_phone=&#8221;width: 100% !important;&#8221; custom_css_main_element_tablet=&#8221;width: 70% !important;&#8221;][et_pb_text _builder_version=&#8221;4.27.5&#8243; _module_preset=&#8221;default&#8221; custom_padding=&#8221;0px|||||&#8221; global_colors_info=&#8221;{}&#8221;]<\/p>\n<p><span>Pakume sobivaima kliendi ootustele vastava lahenduse soovitud sihtkohta \u00fcle maailma. Kui saadetise transport standardse lahendusega ei ole v\u00f5imalik, pakume ka mitmeid erilahendusi.<\/span><\/p>\n<p>[\/et_pb_text][\/et_pb_column][\/et_pb_row][et_pb_row column_structure=&#8221;1_2,1_2&#8243; use_custom_gutter=&#8221;on&#8221; gutter_width=&#8221;1&#8243; admin_label=&#8221;Service&#8221; _builder_version=&#8221;4.19.4&#8243; _module_preset=&#8221;356bbccb-d785-4c48-b7e0-cf514e633ced&#8221; custom_margin=&#8221;-3px|||||&#8221; global_colors_info=&#8221;{}&#8221;][et_pb_column type=&#8221;1_2&#8243; _builder_version=&#8221;4.19.4&#8243; _module_preset=&#8221;default&#8221; custom_css_main_element=&#8221;width: 29% !important;||margin-right: 1% !important;&#8221; global_colors_info=&#8221;{}&#8221; custom_css_main_element_last_edited=&#8221;on|desktop&#8221; custom_css_main_element_phone=&#8221;width: 100% !important;&#8221; custom_css_main_element_tablet=&#8221;width: 30% !important;&#8221;][et_pb_text _builder_version=&#8221;4.27.5&#8243; _module_preset=&#8221;default&#8221; custom_margin_tablet=&#8221;&#8221; custom_margin_phone=&#8221;||20px||false|false&#8221; custom_margin_last_edited=&#8221;on|phone&#8221; hover_enabled=&#8221;0&#8243; global_colors_info=&#8221;{}&#8221; sticky_enabled=&#8221;0&#8243;]<\/p>\n<h3>aceExpress<\/h3>\n<p><strong>kui tarneaeg on k\u00f5rgeim prioriteet<\/strong><\/p>\n<p>[\/et_pb_text][\/et_pb_column][et_pb_column type=&#8221;1_2&#8243; _builder_version=&#8221;4.19.4&#8243; _module_preset=&#8221;default&#8221; custom_css_main_element=&#8221;width: 70% !important;&#8221; global_colors_info=&#8221;{}&#8221; custom_css_main_element_last_edited=&#8221;on|phone&#8221; custom_css_main_element_phone=&#8221;width: 100% !important;&#8221; custom_css_main_element_tablet=&#8221;width: 70% !important;&#8221;][et_pb_text _builder_version=&#8221;4.27.5&#8243; _module_preset=&#8221;default&#8221; custom_margin=&#8221;1px|||||&#8221; custom_padding=&#8221;0px|||||&#8221; global_colors_info=&#8221;{}&#8221;]<\/p>\n<p><span>Kui kauba transpordiga on kiire, pakume ekspressteenust ajaliselt tundlikele saadetistele. Kiirteenus tagab eelisj\u00e4rjekorra lennule v\u00f5i kindlal ajal kohaletoimetamise.<\/span><\/p>\n<p>[\/et_pb_text][\/et_pb_column][\/et_pb_row][et_pb_row column_structure=&#8221;1_2,1_2&#8243; use_custom_gutter=&#8221;on&#8221; gutter_width=&#8221;1&#8243; admin_label=&#8221;Service&#8221; _builder_version=&#8221;4.22.2&#8243; _module_preset=&#8221;356bbccb-d785-4c48-b7e0-cf514e633ced&#8221; custom_margin=&#8221;-3px||-14px||false|false&#8221; global_colors_info=&#8221;{}&#8221;][et_pb_column type=&#8221;1_2&#8243; _builder_version=&#8221;4.19.4&#8243; _module_preset=&#8221;default&#8221; custom_css_main_element=&#8221;width: 29% !important;||margin-right: 1% !important;&#8221; global_colors_info=&#8221;{}&#8221; custom_css_main_element_last_edited=&#8221;on|desktop&#8221; custom_css_main_element_phone=&#8221;width: 100% !important;&#8221; custom_css_main_element_tablet=&#8221;width: 30% !important;&#8221;][et_pb_text _builder_version=&#8221;4.27.5&#8243; _module_preset=&#8221;default&#8221; max_width=&#8221;84.4%&#8221; custom_margin_tablet=&#8221;&#8221; custom_margin_phone=&#8221;||20px||false|false&#8221; custom_margin_last_edited=&#8221;on|phone&#8221; global_colors_info=&#8221;{}&#8221;]<\/p>\n<h3>aceCombi<\/h3>\n<p><strong>kesktee hinna ja tarneaja vahel<\/strong><\/p>\n<p>[\/et_pb_text][\/et_pb_column][et_pb_column type=&#8221;1_2&#8243; _builder_version=&#8221;4.19.4&#8243; _module_preset=&#8221;default&#8221; custom_css_main_element=&#8221;width: 70% !important;&#8221; global_colors_info=&#8221;{}&#8221; custom_css_main_element_last_edited=&#8221;on|phone&#8221; custom_css_main_element_phone=&#8221;width: 100% !important;&#8221; custom_css_main_element_tablet=&#8221;width: 70% !important;&#8221;][et_pb_text _builder_version=&#8221;4.27.5&#8243; _module_preset=&#8221;default&#8221; custom_padding=&#8221;3px|||||&#8221; global_colors_info=&#8221;{}&#8221;]<\/p>\n<p><span>Kombineeritud transpordi teenus kaupadele, mille puhul on kohaletoimetamise aeg paindlikum. Teenus aceCombi sobib ka kaubaveole, mis vajab erilahendust. N\u00e4iteks \u00fclegabariidiline saadetis, eksootiline siht- v\u00f5i l\u00e4htekoht jt.<\/span><br \/><em>M\u00f5istliku hinna ja paindliku tarneajaga kaubaveov\u00f5imaluse leidmiseks Hiinast vaadake ka meie <a href=\"https:\/\/www.acelogistics.eu\/ee\/et\/teenused\/raudteetransport\/\">raudteeveo<\/a> v\u00f5imalusi.<\/em><\/p>\n<p>[\/et_pb_text][\/et_pb_column][\/et_pb_row][et_pb_row column_structure=&#8221;1_2,1_2&#8243; use_custom_gutter=&#8221;on&#8221; gutter_width=&#8221;1&#8243; admin_label=&#8221;Service&#8221; _builder_version=&#8221;4.19.4&#8243; _module_preset=&#8221;356bbccb-d785-4c48-b7e0-cf514e633ced&#8221; custom_margin=&#8221;-3px|||||&#8221; global_colors_info=&#8221;{}&#8221;][et_pb_column type=&#8221;1_2&#8243; _builder_version=&#8221;4.19.4&#8243; _module_preset=&#8221;default&#8221; custom_css_main_element=&#8221;width: 29% !important;||margin-right: 1% !important;&#8221; global_colors_info=&#8221;{}&#8221; custom_css_main_element_last_edited=&#8221;on|desktop&#8221; custom_css_main_element_phone=&#8221;width: 100% !important;&#8221; custom_css_main_element_tablet=&#8221;width: 30% !important;&#8221;][et_pb_text _builder_version=&#8221;4.27.4&#8243; _module_preset=&#8221;default&#8221; custom_margin_tablet=&#8221;&#8221; custom_margin_phone=&#8221;||20px||false|false&#8221; custom_margin_last_edited=&#8221;on|phone&#8221; global_colors_info=&#8221;{}&#8221;]<\/p>\n<h3>aceSpecial<\/h3>\n<p><strong>erikaupade jaoks<\/strong><\/p>\n<p>[\/et_pb_text][\/et_pb_column][et_pb_column type=&#8221;1_2&#8243; _builder_version=&#8221;4.19.4&#8243; _module_preset=&#8221;default&#8221; custom_css_main_element=&#8221;width: 70% !important;&#8221; global_colors_info=&#8221;{}&#8221; custom_css_main_element_last_edited=&#8221;on|phone&#8221; custom_css_main_element_phone=&#8221;width: 100% !important;&#8221; custom_css_main_element_tablet=&#8221;width: 70% !important;&#8221;][et_pb_text _builder_version=&#8221;4.27.5&#8243; _module_preset=&#8221;default&#8221; custom_padding=&#8221;2px|||||&#8221; global_colors_info=&#8221;{}&#8221;]<\/p>\n<p><span>ACE Logistics pakub lennutransporditeenust mitmele erik\u00e4sitlemist n\u00f5udvale kaubaliigile, n\u00e4iteks: ohtlikud kaubad, kiiresti riknevad tooted, elusloomad, v\u00e4\u00e4rissaadetised, inims\u00e4ilmed jt.<\/span><\/p>\n<p>[\/et_pb_text][\/et_pb_column][\/et_pb_row][et_pb_row _builder_version=&#8221;4.19.4&#8243; _module_preset=&#8221;default&#8221; global_colors_info=&#8221;{}&#8221;][et_pb_column type=&#8221;4_4&#8243; _builder_version=&#8221;4.19.4&#8243; _module_preset=&#8221;default&#8221; global_colors_info=&#8221;{}&#8221;][et_pb_text admin_label=&#8221;ACE LOGISTICS ROAD TRANSPORT SERVICES&#8221; _builder_version=&#8221;4.27.4&#8243; _module_preset=&#8221;default&#8221; custom_margin=&#8221;||18px|||&#8221; header_2_line_height_tablet=&#8221;&#8221; header_2_line_height_phone=&#8221;1.4em&#8221; header_2_line_height_last_edited=&#8221;on|phone&#8221; header_5_line_height_tablet=&#8221;&#8221; header_5_line_height_phone=&#8221;1.8em&#8221; header_5_line_height_last_edited=&#8221;on|phone&#8221; global_colors_info=&#8221;{}&#8221;]<\/p>\n<div id=\"ace_road_transport_services\">\n<h2>UKSELT UKSELE TEENUS<\/h2>\n<\/div>\n<p>[\/et_pb_text][et_pb_text _builder_version=&#8221;4.27.5&#8243; _module_preset=&#8221;default&#8221; global_colors_info=&#8221;{}&#8221;]<\/p>\n<blockquote><\/blockquote>\n<p>Lisaks lennutranspordile pakub ACE Logistics saadetise k\u00e4itlemise t\u00e4islahendust: kohalikku transporti,\u00a0<a href=\"https:\/\/www.ace.ee\/teenused\/tollivormistus\/\">tollivormistust<\/a>,\u00a0<a href=\"https:\/\/www.ace.ee\/teenused\/veosekindlustus\/\">veosekindlustust<\/a>\u00a0ja\u00a0<a href=\"https:\/\/www.ace.ee\/teenused\/ladustamine\/\">ladustamist.<\/a><\/p>\n<p>Kui tundub, et antud nimekirjas sobivat kaubaveoteenust ei leidu, v\u00f5ta meiega \u00fchendust ja pakume lahenduse l\u00e4htudes konkreetse veo n\u00f5uetest.<\/p>\n<blockquote><\/blockquote>\n<p>[\/et_pb_text][et_pb_toggle title=&#8221;ARVESTUSLIKU KAALU KALKULAATOR&#8221; open_toggle_background_color=&#8221;RGBA(255,255,255,0)&#8221; closed_toggle_background_color=&#8221;RGBA(255,255,255,0)&#8221; icon_color=&#8221;#004f7c&#8221; open_icon_color=&#8221;#004f7c&#8221; module_id=&#8221;calculator&#8221; _builder_version=&#8221;4.27.4&#8243; _module_preset=&#8221;default&#8221; global_colors_info=&#8221;{}&#8221;]<iframe src=\"\/wp-content\/uploads\/tools\/chwcalc20\/chwcalc.html?lang=ee\" height=\"550\" width=\"100%\"><\/iframe>[\/et_pb_toggle][\/et_pb_column][\/et_pb_row][et_pb_row column_structure=&#8221;1_2,1_2&#8243; _builder_version=&#8221;4.27.4&#8243; _module_preset=&#8221;default&#8221; module_alignment=&#8221;center&#8221; custom_padding=&#8221;0px||21px|||&#8221; saved_tabs=&#8221;all&#8221; global_colors_info=&#8221;{}&#8221;][et_pb_column type=&#8221;1_2&#8243; _builder_version=&#8221;4.19.4&#8243; _module_preset=&#8221;default&#8221; global_colors_info=&#8221;{}&#8221;][et_pb_button button_url=&#8221;@ET-DC@eyJkeW5hbWljIjp0cnVlLCJjb250ZW50IjoicG9zdF9saW5rX3VybF9wYWdlIiwic2V0dGluZ3MiOnsicG9zdF9pZCI6IjE2MCJ9fQ==@&#8221; button_text=&#8221;V\u00f5ta meiega \u00fchendust&#8221; button_alignment=&#8221;center&#8221; admin_label=&#8221;Contact us&#8221; _builder_version=&#8221;4.27.4&#8243; _dynamic_attributes=&#8221;button_url&#8221; _module_preset=&#8221;default&#8221; custom_button=&#8221;on&#8221; button_border_width=&#8221;2px&#8221; button_icon=&#8221;&#xe090;||divi||400&#8243; button_icon_placement=&#8221;left&#8221; button_on_hover=&#8221;off&#8221; custom_margin=&#8221;||||false|false&#8221; custom_padding=&#8221;9px||9px||true|false&#8221; custom_css_main_element=&#8221;width: 100%;&#8221; global_colors_info=&#8221;{}&#8221;][\/et_pb_button][\/et_pb_column][et_pb_column type=&#8221;1_2&#8243; _builder_version=&#8221;4.19.4&#8243; _module_preset=&#8221;default&#8221; global_colors_info=&#8221;{}&#8221;][et_pb_button button_url=&#8221;@ET-DC@eyJkeW5hbWljIjp0cnVlLCJjb250ZW50IjoicG9zdF9saW5rX3VybF9wYWdlIiwic2V0dGluZ3MiOnsicG9zdF9pZCI6IjMwMyJ9fQ==@&#8221; button_text=&#8221;K\u00fcsi hinnapakkumist&#8221; button_alignment=&#8221;center&#8221; admin_label=&#8221;Get a quote&#8221; _builder_version=&#8221;4.27.4&#8243; _dynamic_attributes=&#8221;button_url&#8221; _module_preset=&#8221;default&#8221; custom_button=&#8221;on&#8221; button_text_size=&#8221;20px&#8221; button_bg_color=&#8221;#004f7c&#8221; button_border_width=&#8221;2px&#8221; button_border_color=&#8221;#004f7c&#8221; button_icon=&#8221;&#xf15c;||fa||900&#8243; button_icon_placement=&#8221;left&#8221; button_on_hover=&#8221;off&#8221; custom_margin=&#8221;||||false|false&#8221; custom_padding=&#8221;9px||9px||true|false&#8221; button_border_color_last_edited=&#8221;off|desktop&#8221; custom_css_main_element=&#8221;width: 100%;&#8221; global_colors_info=&#8221;{}&#8221; button_border_color__hover_enabled=&#8221;on|hover&#8221; button_border_color__hover=&#8221;#004f7c&#8221;][\/et_pb_button][\/et_pb_column][\/et_pb_row][et_pb_row _builder_version=&#8221;4.19.4&#8243; _module_preset=&#8221;default&#8221; custom_padding=&#8221;17px||80px|||&#8221; global_colors_info=&#8221;{}&#8221;][et_pb_column type=&#8221;4_4&#8243; _builder_version=&#8221;4.19.4&#8243; _module_preset=&#8221;default&#8221; global_colors_info=&#8221;{}&#8221;][et_pb_toggle title=&#8221;Hea teada:&#8221; open=&#8221;on&#8221; icon_color=&#8221;#004f7c&#8221; toggle_icon=&#8221;&#xf05a;||fa||900&#8243; use_icon_font_size=&#8221;on&#8221; icon_font_size=&#8221;30px&#8221; open_icon_color=&#8221;#004f7c&#8221; open_toggle_icon=&#8221;&#xf05a;||fa||900&#8243; open_use_icon_font_size=&#8221;on&#8221; open_icon_font_size=&#8221;30px&#8221; _builder_version=&#8221;4.27.4&#8243; _module_preset=&#8221;default&#8221; global_colors_info=&#8221;{}&#8221;]<\/p>\n<p>\u2013 lennutranspordi mahu ja kaalu suhe on 167 kg kuupmeetri kohta;<br \/>\u2013 vedaja vastutus on kuni 26 SDR-i kauba brutokilogrammi kohta.<\/p>\n<p>[\/et_pb_toggle][\/et_pb_column][\/et_pb_row][\/et_pb_section]<\/p>\n","protected":false},"excerpt":{"rendered":"<p>LENNUTRANSPORT &#8211; KUI AEG ON K\u00d5IGE T\u00c4HTSAMLennutransport on \u00fcks kiiremaid ja usaldusv\u00e4\u00e4rsemaid veoteenuseid. ACE Logisticsi lai rahvusvaheline partnerite v\u00f5rgustik annab v\u00f5imaluse pakkuda uksest uksele teenust rohkem kui 150 eri riigis. Me teeme koost\u00f6\u00f6d k\u00f5igi meie regioonis asuvate lennuliinidega ja oleme pakkunud lennutransporti juba rohkem kui 30 aastat. Teid teenindavad oma ala parimad spetsialistid. ACE Logisticsil [&hellip;]<\/p>\n","protected":false},"author":1,"featured_media":15205,"parent":1336,"menu_order":0,"comment_status":"closed","ping_status":"closed","template":"","meta":{"_et_pb_use_builder":"on","_et_pb_old_content":"","_et_gb_content_width":"","footnotes":""},"class_list":["post-1745","page","type-page","status-publish","has-post-thumbnail","hentry"],"yoast_head":"<!-- This site is optimized with the Yoast SEO plugin v26.8 - https:\/\/yoast.com\/product\/yoast-seo-wordpress\/ -->\n<title>Lennutransport - ACE Logistics Estonia<\/title>\n<meta name=\"description\" content=\"ACE Logistics sai alguse lennutranspordist. Lennutranspordi teenus on meil j\u00e4tkuvalt t\u00e4htsal kohal ja saame pakkuda vedusid ligi 200. riiki.\" \/>\n<meta name=\"robots\" content=\"index, follow, max-snippet:-1, max-image-preview:large, max-video-preview:-1\" \/>\n<link rel=\"canonical\" href=\"https:\/\/www.acelogistics.eu\/ee\/et\/teenused\/lennutransport\/\" \/>\n<meta property=\"og:locale\" content=\"et_EE\" \/>\n<meta property=\"og:type\" content=\"article\" \/>\n<meta property=\"og:title\" content=\"Lennutransport - ACE Logistics Estonia\" \/>\n<meta property=\"og:description\" content=\"ACE Logistics sai alguse lennutranspordist. Lennutranspordi teenus on meil j\u00e4tkuvalt t\u00e4htsal kohal ja saame pakkuda vedusid ligi 200. riiki.\" \/>\n<meta property=\"og:url\" content=\"https:\/\/www.acelogistics.eu\/ee\/et\/teenused\/lennutransport\/\" \/>\n<meta property=\"og:site_name\" content=\"ACE Logistics Estonia\" \/>\n<meta property=\"article:modified_time\" content=\"2026-04-06T08:23:30+00:00\" \/>\n<meta property=\"og:image\" content=\"https:\/\/www.acelogistics.eu\/ee\/wp-content\/uploads\/sites\/2\/2024\/09\/ACE-Logistics-airplane.jpeg\" \/>\n\t<meta property=\"og:image:width\" content=\"1024\" \/>\n\t<meta property=\"og:image:height\" content=\"569\" \/>\n\t<meta property=\"og:image:type\" content=\"image\/jpeg\" \/>\n<meta name=\"twitter:card\" content=\"summary_large_image\" \/>\n<meta name=\"twitter:label1\" content=\"Est. reading time\" \/>\n\t<meta name=\"twitter:data1\" content=\"2 minutit\" \/>\n<script type=\"application\/ld+json\" class=\"yoast-schema-graph\">{\"@context\":\"https:\/\/schema.org\",\"@graph\":[{\"@type\":\"WebPage\",\"@id\":\"https:\/\/www.acelogistics.eu\/ee\/et\/teenused\/lennutransport\/\",\"url\":\"https:\/\/www.acelogistics.eu\/ee\/et\/teenused\/lennutransport\/\",\"name\":\"Lennutransport - ACE Logistics Estonia\",\"isPartOf\":{\"@id\":\"https:\/\/www.acelogistics.eu\/ee\/en\/#website\"},\"primaryImageOfPage\":{\"@id\":\"https:\/\/www.acelogistics.eu\/ee\/et\/teenused\/lennutransport\/#primaryimage\"},\"image\":{\"@id\":\"https:\/\/www.acelogistics.eu\/ee\/et\/teenused\/lennutransport\/#primaryimage\"},\"thumbnailUrl\":\"https:\/\/www.acelogistics.eu\/ee\/wp-content\/uploads\/sites\/2\/2024\/09\/ACE-Logistics-airplane.jpeg\",\"datePublished\":\"2023-01-13T07:33:06+00:00\",\"dateModified\":\"2026-04-06T08:23:30+00:00\",\"description\":\"ACE Logistics sai alguse lennutranspordist. Lennutranspordi teenus on meil j\u00e4tkuvalt t\u00e4htsal kohal ja saame pakkuda vedusid ligi 200. riiki.\",\"breadcrumb\":{\"@id\":\"https:\/\/www.acelogistics.eu\/ee\/et\/teenused\/lennutransport\/#breadcrumb\"},\"inLanguage\":\"et\",\"potentialAction\":[{\"@type\":\"ReadAction\",\"target\":[\"https:\/\/www.acelogistics.eu\/ee\/et\/teenused\/lennutransport\/\"]}]},{\"@type\":\"ImageObject\",\"inLanguage\":\"et\",\"@id\":\"https:\/\/www.acelogistics.eu\/ee\/et\/teenused\/lennutransport\/#primaryimage\",\"url\":\"https:\/\/www.acelogistics.eu\/ee\/wp-content\/uploads\/sites\/2\/2024\/09\/ACE-Logistics-airplane.jpeg\",\"contentUrl\":\"https:\/\/www.acelogistics.eu\/ee\/wp-content\/uploads\/sites\/2\/2024\/09\/ACE-Logistics-airplane.jpeg\",\"width\":1024,\"height\":569},{\"@type\":\"BreadcrumbList\",\"@id\":\"https:\/\/www.acelogistics.eu\/ee\/et\/teenused\/lennutransport\/#breadcrumb\",\"itemListElement\":[{\"@type\":\"ListItem\",\"position\":1,\"name\":\"Home\",\"item\":\"https:\/\/www.acelogistics.eu\/ee\/et\/\"},{\"@type\":\"ListItem\",\"position\":2,\"name\":\"Teenused\",\"item\":\"https:\/\/www.acelogistics.eu\/ee\/et\/teenused\/\"},{\"@type\":\"ListItem\",\"position\":3,\"name\":\"Lennutransport\"}]},{\"@type\":\"WebSite\",\"@id\":\"https:\/\/www.acelogistics.eu\/ee\/en\/#website\",\"url\":\"https:\/\/www.acelogistics.eu\/ee\/en\/\",\"name\":\"ACE Logistics Estonia\",\"description\":\"\",\"potentialAction\":[{\"@type\":\"SearchAction\",\"target\":{\"@type\":\"EntryPoint\",\"urlTemplate\":\"https:\/\/www.acelogistics.eu\/ee\/en\/?s={search_term_string}\"},\"query-input\":{\"@type\":\"PropertyValueSpecification\",\"valueRequired\":true,\"valueName\":\"search_term_string\"}}],\"inLanguage\":\"et\"}]}<\/script>\n<!-- \/ Yoast SEO plugin. -->","yoast_head_json":{"title":"Lennutransport - ACE Logistics Estonia","description":"ACE Logistics sai alguse lennutranspordist. Lennutranspordi teenus on meil j\u00e4tkuvalt t\u00e4htsal kohal ja saame pakkuda vedusid ligi 200. riiki.","robots":{"index":"index","follow":"follow","max-snippet":"max-snippet:-1","max-image-preview":"max-image-preview:large","max-video-preview":"max-video-preview:-1"},"canonical":"https:\/\/www.acelogistics.eu\/ee\/et\/teenused\/lennutransport\/","og_locale":"et_EE","og_type":"article","og_title":"Lennutransport - ACE Logistics Estonia","og_description":"ACE Logistics sai alguse lennutranspordist. Lennutranspordi teenus on meil j\u00e4tkuvalt t\u00e4htsal kohal ja saame pakkuda vedusid ligi 200. riiki.","og_url":"https:\/\/www.acelogistics.eu\/ee\/et\/teenused\/lennutransport\/","og_site_name":"ACE Logistics Estonia","article_modified_time":"2026-04-06T08:23:30+00:00","og_image":[{"width":1024,"height":569,"url":"https:\/\/www.acelogistics.eu\/ee\/wp-content\/uploads\/sites\/2\/2024\/09\/ACE-Logistics-airplane.jpeg","type":"image\/jpeg"}],"twitter_card":"summary_large_image","twitter_misc":{"Est. reading time":"2 minutit"},"schema":{"@context":"https:\/\/schema.org","@graph":[{"@type":"WebPage","@id":"https:\/\/www.acelogistics.eu\/ee\/et\/teenused\/lennutransport\/","url":"https:\/\/www.acelogistics.eu\/ee\/et\/teenused\/lennutransport\/","name":"Lennutransport - ACE Logistics Estonia","isPartOf":{"@id":"https:\/\/www.acelogistics.eu\/ee\/en\/#website"},"primaryImageOfPage":{"@id":"https:\/\/www.acelogistics.eu\/ee\/et\/teenused\/lennutransport\/#primaryimage"},"image":{"@id":"https:\/\/www.acelogistics.eu\/ee\/et\/teenused\/lennutransport\/#primaryimage"},"thumbnailUrl":"https:\/\/www.acelogistics.eu\/ee\/wp-content\/uploads\/sites\/2\/2024\/09\/ACE-Logistics-airplane.jpeg","datePublished":"2023-01-13T07:33:06+00:00","dateModified":"2026-04-06T08:23:30+00:00","description":"ACE Logistics sai alguse lennutranspordist. Lennutranspordi teenus on meil j\u00e4tkuvalt t\u00e4htsal kohal ja saame pakkuda vedusid ligi 200. riiki.","breadcrumb":{"@id":"https:\/\/www.acelogistics.eu\/ee\/et\/teenused\/lennutransport\/#breadcrumb"},"inLanguage":"et","potentialAction":[{"@type":"ReadAction","target":["https:\/\/www.acelogistics.eu\/ee\/et\/teenused\/lennutransport\/"]}]},{"@type":"ImageObject","inLanguage":"et","@id":"https:\/\/www.acelogistics.eu\/ee\/et\/teenused\/lennutransport\/#primaryimage","url":"https:\/\/www.acelogistics.eu\/ee\/wp-content\/uploads\/sites\/2\/2024\/09\/ACE-Logistics-airplane.jpeg","contentUrl":"https:\/\/www.acelogistics.eu\/ee\/wp-content\/uploads\/sites\/2\/2024\/09\/ACE-Logistics-airplane.jpeg","width":1024,"height":569},{"@type":"BreadcrumbList","@id":"https:\/\/www.acelogistics.eu\/ee\/et\/teenused\/lennutransport\/#breadcrumb","itemListElement":[{"@type":"ListItem","position":1,"name":"Home","item":"https:\/\/www.acelogistics.eu\/ee\/et\/"},{"@type":"ListItem","position":2,"name":"Teenused","item":"https:\/\/www.acelogistics.eu\/ee\/et\/teenused\/"},{"@type":"ListItem","position":3,"name":"Lennutransport"}]},{"@type":"WebSite","@id":"https:\/\/www.acelogistics.eu\/ee\/en\/#website","url":"https:\/\/www.acelogistics.eu\/ee\/en\/","name":"ACE Logistics Estonia","description":"","potentialAction":[{"@type":"SearchAction","target":{"@type":"EntryPoint","urlTemplate":"https:\/\/www.acelogistics.eu\/ee\/en\/?s={search_term_string}"},"query-input":{"@type":"PropertyValueSpecification","valueRequired":true,"valueName":"search_term_string"}}],"inLanguage":"et"}]}},"_links":{"self":[{"href":"https:\/\/www.acelogistics.eu\/ee\/et\/wp-json\/wp\/v2\/pages\/1745","targetHints":{"allow":["GET"]}}],"collection":[{"href":"https:\/\/www.acelogistics.eu\/ee\/et\/wp-json\/wp\/v2\/pages"}],"about":[{"href":"https:\/\/www.acelogistics.eu\/ee\/et\/wp-json\/wp\/v2\/types\/page"}],"author":[{"embeddable":true,"href":"https:\/\/www.acelogistics.eu\/ee\/et\/wp-json\/wp\/v2\/users\/1"}],"replies":[{"embeddable":true,"href":"https:\/\/www.acelogistics.eu\/ee\/et\/wp-json\/wp\/v2\/comments?post=1745"}],"version-history":[{"count":40,"href":"https:\/\/www.acelogistics.eu\/ee\/et\/wp-json\/wp\/v2\/pages\/1745\/revisions"}],"predecessor-version":[{"id":18830,"href":"https:\/\/www.acelogistics.eu\/ee\/et\/wp-json\/wp\/v2\/pages\/1745\/revisions\/18830"}],"up":[{"embeddable":true,"href":"https:\/\/www.acelogistics.eu\/ee\/et\/wp-json\/wp\/v2\/pages\/1336"}],"wp:featuredmedia":[{"embeddable":true,"href":"https:\/\/www.acelogistics.eu\/ee\/et\/wp-json\/wp\/v2\/media\/15205"}],"wp:attachment":[{"href":"https:\/\/www.acelogistics.eu\/ee\/et\/wp-json\/wp\/v2\/media?parent=1745"}],"curies":[{"name":"wp","href":"https:\/\/api.w.org\/{rel}","templated":true}]}}