{"id":1756,"date":"2023-01-13T09:33:16","date_gmt":"2023-01-13T07:33:16","guid":{"rendered":"https:\/\/stiina.ability.ee\/ee\/?page_id=1756"},"modified":"2026-04-06T11:26:43","modified_gmt":"2026-04-06T08:26:43","slug":"meretransport","status":"publish","type":"page","link":"https:\/\/www.acelogistics.eu\/ee\/et\/teenused\/meretransport\/","title":{"rendered":"Meretransport"},"content":{"rendered":"<p>[et_pb_section fb_built=&#8221;1&#8243; _builder_version=&#8221;4.19.4&#8243; _module_preset=&#8221;default&#8221; custom_padding=&#8221;0px||0px|||&#8221; global_colors_info=&#8221;{}&#8221;][et_pb_row _builder_version=&#8221;4.19.4&#8243; _module_preset=&#8221;default&#8221; custom_padding=&#8221;0px||4px|||&#8221; global_colors_info=&#8221;{}&#8221;][et_pb_column type=&#8221;4_4&#8243; _builder_version=&#8221;4.19.4&#8243; _module_preset=&#8221;default&#8221; global_colors_info=&#8221;{}&#8221;][et_pb_text admin_label=&#8221;ROAD TRANSPORT IS FAST AND RELIABLE ALL OVER EUROPE&#8221; _builder_version=&#8221;4.27.5&#8243; _module_preset=&#8221;default&#8221; custom_margin=&#8221;60px||26px||false|false&#8221; header_2_line_height_tablet=&#8221;&#8221; header_2_line_height_phone=&#8221;1.4em&#8221; header_2_line_height_last_edited=&#8221;on|phone&#8221; header_5_line_height_tablet=&#8221;&#8221; header_5_line_height_phone=&#8221;1.8em&#8221; header_5_line_height_last_edited=&#8221;on|phone&#8221; global_colors_info=&#8221;{}&#8221;]<\/p>\n<h2 style=\"text-align: left;\">MERETRANSPORT &#8211; KUI HIND ON K\u00d5IGE T\u00c4HTSAM<\/h2>\n<p>[\/et_pb_text][et_pb_text _builder_version=&#8221;4.27.5&#8243; _module_preset=&#8221;default&#8221; global_colors_info=&#8221;{}&#8221;]Kaubavedu meretranspordiga on sobivaim transpordiliik saadetistele, mis ei eelda kiiret tarneaega. Suuremate koguste puhul v\u00f5imaldab merevedu transpordikulusid kokku hoida.<\/p>\n<p>ACE Logisticsi meretransporditeenused v\u00f5imaldavad kaupu transportida nii osakonteinerites (LCL) kui ka t\u00e4iskonteinerites (FCL).<\/p>\n<p>ACE Logisticsi lai rahvusvaheline partnerite v\u00f5rgustik ja tihe koost\u00f6\u00f6 juhtivate laevaliinidega tagab uksest ukseni teenuse \u00fcle maailma.[\/et_pb_text][et_pb_text admin_label=&#8221;ACE LOGISTICS ROAD TRANSPORT SERVICES&#8221; _builder_version=&#8221;4.27.4&#8243; _module_preset=&#8221;default&#8221; custom_margin=&#8221;||18px|||&#8221; custom_padding=&#8221;7px||0px|||&#8221; header_2_line_height_tablet=&#8221;&#8221; header_2_line_height_phone=&#8221;1.4em&#8221; header_2_line_height_last_edited=&#8221;on|phone&#8221; header_5_line_height_tablet=&#8221;&#8221; header_5_line_height_phone=&#8221;1.8em&#8221; header_5_line_height_last_edited=&#8221;on|phone&#8221; global_colors_info=&#8221;{}&#8221;]<\/p>\n<div id=\"ace_road_transport_services\">\n<h2>ACE LOGISTICSI MERETRANSPORDI TEENUSED<\/h2>\n<\/div>\n<p>[\/et_pb_text][et_pb_text _builder_version=&#8221;4.27.5&#8243; _module_preset=&#8221;default&#8221; global_colors_info=&#8221;{}&#8221;]<\/p>\n<p>Olgu saadetis suur v\u00f5i v\u00e4ike, saab seda mugavalt meritsi transportida.<\/p>\n<p>[\/et_pb_text][\/et_pb_column][\/et_pb_row][et_pb_row column_structure=&#8221;1_2,1_2&#8243; use_custom_gutter=&#8221;on&#8221; gutter_width=&#8221;1&#8243; admin_label=&#8221;Service&#8221; _builder_version=&#8221;4.19.4&#8243; _module_preset=&#8221;356bbccb-d785-4c48-b7e0-cf514e633ced&#8221; custom_margin=&#8221;-3px|||||&#8221; global_colors_info=&#8221;{}&#8221;][et_pb_column type=&#8221;1_2&#8243; _builder_version=&#8221;4.19.4&#8243; _module_preset=&#8221;default&#8221; custom_css_main_element=&#8221;width: 29% !important;||margin-right: 1% !important;&#8221; global_colors_info=&#8221;{}&#8221; custom_css_main_element_last_edited=&#8221;on|desktop&#8221; custom_css_main_element_phone=&#8221;width: 100% !important;&#8221; custom_css_main_element_tablet=&#8221;width: 30% !important;&#8221;][et_pb_text _builder_version=&#8221;4.27.5&#8243; _module_preset=&#8221;default&#8221; custom_margin_tablet=&#8221;&#8221; custom_margin_phone=&#8221;||20px||false|false&#8221; custom_margin_last_edited=&#8221;on|phone&#8221; global_colors_info=&#8221;{}&#8221;]<\/p>\n<h3>aceLCL<\/h3>\n<p><strong>(LCL \u2013 less than container load)<\/strong><\/p>\n<p>[\/et_pb_text][\/et_pb_column][et_pb_column type=&#8221;1_2&#8243; _builder_version=&#8221;4.19.4&#8243; _module_preset=&#8221;default&#8221; custom_css_main_element=&#8221;width: 70% !important;&#8221; global_colors_info=&#8221;{}&#8221; custom_css_main_element_last_edited=&#8221;on|phone&#8221; custom_css_main_element_phone=&#8221;width: 100% !important;&#8221; custom_css_main_element_tablet=&#8221;width: 70% !important;&#8221;][et_pb_text _builder_version=&#8221;4.27.5&#8243; _module_preset=&#8221;default&#8221; custom_padding=&#8221;17px|||||&#8221; global_colors_info=&#8221;{}&#8221;]<\/p>\n<p>Osakonteinerveod &#8211; kaubad konsolideeritakse l\u00e4htesadamas koos teiste saadetistega \u00fchte konteinerisse.<\/p>\n<p>[\/et_pb_text][\/et_pb_column][\/et_pb_row][et_pb_row column_structure=&#8221;1_2,1_2&#8243; use_custom_gutter=&#8221;on&#8221; gutter_width=&#8221;1&#8243; admin_label=&#8221;Service&#8221; _builder_version=&#8221;4.19.4&#8243; _module_preset=&#8221;356bbccb-d785-4c48-b7e0-cf514e633ced&#8221; custom_margin=&#8221;-3px|||||&#8221; global_colors_info=&#8221;{}&#8221;][et_pb_column type=&#8221;1_2&#8243; _builder_version=&#8221;4.19.4&#8243; _module_preset=&#8221;default&#8221; custom_css_main_element=&#8221;width: 29% !important;||margin-right: 1% !important;&#8221; global_colors_info=&#8221;{}&#8221; custom_css_main_element_last_edited=&#8221;on|desktop&#8221; custom_css_main_element_phone=&#8221;width: 100% !important;&#8221; custom_css_main_element_tablet=&#8221;width: 30% !important;&#8221;][et_pb_text _builder_version=&#8221;4.27.5&#8243; _module_preset=&#8221;default&#8221; custom_margin_tablet=&#8221;&#8221; custom_margin_phone=&#8221;||20px||false|false&#8221; custom_margin_last_edited=&#8221;on|phone&#8221; global_colors_info=&#8221;{}&#8221;]<\/p>\n<h3>aceFCL<\/h3>\n<p><strong>(FCL \u2013 full container load)<\/strong><\/p>\n<p>[\/et_pb_text][\/et_pb_column][et_pb_column type=&#8221;1_2&#8243; _builder_version=&#8221;4.19.4&#8243; _module_preset=&#8221;default&#8221; custom_css_main_element=&#8221;width: 70% !important;&#8221; global_colors_info=&#8221;{}&#8221; custom_css_main_element_last_edited=&#8221;on|phone&#8221; custom_css_main_element_phone=&#8221;width: 100% !important;&#8221; custom_css_main_element_tablet=&#8221;width: 70% !important;&#8221;][et_pb_text _builder_version=&#8221;4.27.5&#8243; _module_preset=&#8221;default&#8221; custom_margin=&#8221;1px|||||&#8221; custom_padding=&#8221;17px|||||&#8221; hover_enabled=&#8221;0&#8243; global_colors_info=&#8221;{}&#8221; sticky_enabled=&#8221;0&#8243;]<\/p>\n<p>T\u00e4iskonteinerveod &#8211; saadetis h\u00f5lmab terve 20- v\u00f5i 40-jalase konteineri. Sobib nii suurte koguste kui ka ebastandardsete m\u00f5\u00f5tmetega kaupade puhul.<\/p>\n<p>[\/et_pb_text][\/et_pb_column][\/et_pb_row][et_pb_row _builder_version=&#8221;4.19.4&#8243; _module_preset=&#8221;default&#8221; global_colors_info=&#8221;{}&#8221;][et_pb_column type=&#8221;4_4&#8243; _builder_version=&#8221;4.19.4&#8243; _module_preset=&#8221;default&#8221; global_colors_info=&#8221;{}&#8221;][et_pb_text admin_label=&#8221;ACE LOGISTICS ROAD TRANSPORT SERVICES&#8221; _builder_version=&#8221;4.27.4&#8243; _module_preset=&#8221;default&#8221; custom_margin=&#8221;||18px|||&#8221; header_2_line_height_tablet=&#8221;&#8221; header_2_line_height_phone=&#8221;1.4em&#8221; header_2_line_height_last_edited=&#8221;on|phone&#8221; header_5_line_height_tablet=&#8221;&#8221; header_5_line_height_phone=&#8221;1.8em&#8221; header_5_line_height_last_edited=&#8221;on|phone&#8221; global_colors_info=&#8221;{}&#8221;]<\/p>\n<div id=\"ace_road_transport_services\">\n<h2>UKSELT UKSELE TEENUS<\/h2>\n<\/div>\n<p>[\/et_pb_text][et_pb_text _builder_version=&#8221;4.27.5&#8243; _module_preset=&#8221;default&#8221; hover_enabled=&#8221;0&#8243; global_colors_info=&#8221;{}&#8221; sticky_enabled=&#8221;0&#8243;]<\/p>\n<p>Lisaks meretranspordile pakub ACE saadetiste k\u00e4itlemise t\u00e4islahendust:\u00a0 kohalikku transporti, <a href=\"https:\/\/www.acelogistics.eu\/ee\/et\/service\/customs-brokerage\/\">tollivormistust<\/a>,\u00a0<a href=\"https:\/\/www.acelogistics.eu\/ee\/et\/service\/insurance\/\">kaubakindlustus<\/a>t\u00a0ja\u00a0<a href=\"https:\/\/www.acelogistics.eu\/ee\/et\/service\/warehousing\/\">ladustamis<\/a>t nii l\u00e4hte- kui ka sihtriigis.<\/p>\n<p>[\/et_pb_text][et_pb_toggle title=&#8221;ARVESTUSLIKU KAALU KALKULAATOR&#8221; open_toggle_background_color=&#8221;RGBA(255,255,255,0)&#8221; closed_toggle_background_color=&#8221;RGBA(255,255,255,0)&#8221; icon_color=&#8221;#004f7c&#8221; open_icon_color=&#8221;#004f7c&#8221; module_id=&#8221;calculator&#8221; _builder_version=&#8221;4.27.4&#8243; _module_preset=&#8221;default&#8221; global_colors_info=&#8221;{}&#8221;]<\/p>\n<p><iframe src=\"\/wp-content\/uploads\/tools\/chwcalc20\/chwcalc.html?lang=ee\" height=\"550\" width=\"100%\"><\/iframe><\/p>\n<p>[\/et_pb_toggle][\/et_pb_column][\/et_pb_row][et_pb_row column_structure=&#8221;1_2,1_2&#8243; _builder_version=&#8221;4.27.4&#8243; _module_preset=&#8221;default&#8221; module_alignment=&#8221;center&#8221; custom_padding=&#8221;0px||21px|||&#8221; saved_tabs=&#8221;all&#8221; global_colors_info=&#8221;{}&#8221;][et_pb_column type=&#8221;1_2&#8243; _builder_version=&#8221;4.19.4&#8243; _module_preset=&#8221;default&#8221; global_colors_info=&#8221;{}&#8221;][et_pb_button button_url=&#8221;@ET-DC@eyJkeW5hbWljIjp0cnVlLCJjb250ZW50IjoicG9zdF9saW5rX3VybF9wYWdlIiwic2V0dGluZ3MiOnsicG9zdF9pZCI6IjE2MCJ9fQ==@&#8221; button_text=&#8221;V\u00f5ta meiega \u00fchendust&#8221; button_alignment=&#8221;center&#8221; admin_label=&#8221;Contact us&#8221; _builder_version=&#8221;4.27.4&#8243; _dynamic_attributes=&#8221;button_url&#8221; _module_preset=&#8221;default&#8221; custom_button=&#8221;on&#8221; button_border_width=&#8221;2px&#8221; button_icon=&#8221;&#xe090;||divi||400&#8243; button_icon_placement=&#8221;left&#8221; button_on_hover=&#8221;off&#8221; custom_margin=&#8221;||||false|false&#8221; custom_padding=&#8221;9px||9px||true|false&#8221; custom_css_main_element=&#8221;width: 100%;&#8221; global_colors_info=&#8221;{}&#8221;][\/et_pb_button][\/et_pb_column][et_pb_column type=&#8221;1_2&#8243; _builder_version=&#8221;4.19.4&#8243; _module_preset=&#8221;default&#8221; global_colors_info=&#8221;{}&#8221;][et_pb_button button_url=&#8221;@ET-DC@eyJkeW5hbWljIjp0cnVlLCJjb250ZW50IjoicG9zdF9saW5rX3VybF9wYWdlIiwic2V0dGluZ3MiOnsicG9zdF9pZCI6IjMwMyJ9fQ==@&#8221; button_text=&#8221;K\u00fcsi hinnapakkumist&#8221; button_alignment=&#8221;center&#8221; admin_label=&#8221;Get a quote&#8221; _builder_version=&#8221;4.27.4&#8243; _dynamic_attributes=&#8221;button_url&#8221; _module_preset=&#8221;default&#8221; custom_button=&#8221;on&#8221; button_text_size=&#8221;20px&#8221; button_bg_color=&#8221;#004f7c&#8221; button_border_width=&#8221;2px&#8221; button_border_color=&#8221;#004f7c&#8221; button_icon=&#8221;&#xf15c;||fa||900&#8243; button_icon_placement=&#8221;left&#8221; button_on_hover=&#8221;off&#8221; custom_margin=&#8221;||||false|false&#8221; custom_padding=&#8221;9px||9px||true|false&#8221; button_border_color_last_edited=&#8221;off|desktop&#8221; custom_css_main_element=&#8221;width: 100%;&#8221; global_colors_info=&#8221;{}&#8221; button_border_color__hover_enabled=&#8221;on|hover&#8221; button_border_color__hover=&#8221;#004f7c&#8221;][\/et_pb_button][\/et_pb_column][\/et_pb_row][et_pb_row _builder_version=&#8221;4.19.4&#8243; _module_preset=&#8221;default&#8221; custom_padding=&#8221;17px||80px|||&#8221; global_colors_info=&#8221;{}&#8221;][et_pb_column type=&#8221;4_4&#8243; _builder_version=&#8221;4.19.4&#8243; _module_preset=&#8221;default&#8221; global_colors_info=&#8221;{}&#8221;][et_pb_toggle title=&#8221;Hea teada:&#8221; open=&#8221;on&#8221; icon_color=&#8221;#004f7c&#8221; toggle_icon=&#8221;&#xf05a;||fa||900&#8243; use_icon_font_size=&#8221;on&#8221; icon_font_size=&#8221;30px&#8221; open_icon_color=&#8221;#004f7c&#8221; open_toggle_icon=&#8221;&#xf05a;||fa||900&#8243; open_use_icon_font_size=&#8221;on&#8221; open_icon_font_size=&#8221;30px&#8221; _builder_version=&#8221;4.27.4&#8243; _module_preset=&#8221;default&#8221; global_colors_info=&#8221;{}&#8221;]<\/p>\n<p>\u2013 meretranspordis mahu ja kaalu suhe 1000 kg kuupmeetri kohta;<br \/>\u2013 vedaja vastutus meretranspordis on kuni 2 SDR brutokilogrammi kohta v\u00f5i 666,67 SDR \u00fchiku kohta, kui see on k\u00f5rgeim v\u00e4\u00e4rtus<\/p>\n<p>[\/et_pb_toggle][\/et_pb_column][\/et_pb_row][\/et_pb_section]<\/p>\n","protected":false},"excerpt":{"rendered":"<p>MERETRANSPORT &#8211; KUI HIND ON K\u00d5IGE T\u00c4HTSAMKaubavedu meretranspordiga on sobivaim transpordiliik saadetistele, mis ei eelda kiiret tarneaega. Suuremate koguste puhul v\u00f5imaldab merevedu transpordikulusid kokku hoida. ACE Logisticsi meretransporditeenused v\u00f5imaldavad kaupu transportida nii osakonteinerites (LCL) kui ka t\u00e4iskonteinerites (FCL). ACE Logisticsi lai rahvusvaheline partnerite v\u00f5rgustik ja tihe koost\u00f6\u00f6 juhtivate laevaliinidega tagab uksest ukseni teenuse \u00fcle maailma. [&hellip;]<\/p>\n","protected":false},"author":1,"featured_media":17494,"parent":1336,"menu_order":0,"comment_status":"closed","ping_status":"closed","template":"","meta":{"_et_pb_use_builder":"on","_et_pb_old_content":"","_et_gb_content_width":"","footnotes":""},"class_list":["post-1756","page","type-page","status-publish","has-post-thumbnail","hentry"],"yoast_head":"<!-- This site is optimized with the Yoast SEO plugin v26.8 - https:\/\/yoast.com\/product\/yoast-seo-wordpress\/ -->\n<title>Meretransport - ACE Logistics Estonia<\/title>\n<meta name=\"description\" content=\"ACE Logistics pakub lisaks maantee- ja \u00f5hutranspordile ka merevedusid Hiinast. Pakume nii osakonteinervedusid kui t\u00e4iskonteinervedusid.\" \/>\n<meta name=\"robots\" content=\"index, follow, max-snippet:-1, max-image-preview:large, max-video-preview:-1\" \/>\n<link rel=\"canonical\" href=\"https:\/\/www.acelogistics.eu\/ee\/et\/teenused\/meretransport\/\" \/>\n<meta property=\"og:locale\" content=\"et_EE\" \/>\n<meta property=\"og:type\" content=\"article\" \/>\n<meta property=\"og:title\" content=\"Meretransport - ACE Logistics Estonia\" \/>\n<meta property=\"og:description\" content=\"ACE Logistics pakub lisaks maantee- ja \u00f5hutranspordile ka merevedusid Hiinast. Pakume nii osakonteinervedusid kui t\u00e4iskonteinervedusid.\" \/>\n<meta property=\"og:url\" content=\"https:\/\/www.acelogistics.eu\/ee\/et\/teenused\/meretransport\/\" \/>\n<meta property=\"og:site_name\" content=\"ACE Logistics Estonia\" \/>\n<meta property=\"article:modified_time\" content=\"2026-04-06T08:26:43+00:00\" \/>\n<meta property=\"og:image\" content=\"https:\/\/www.acelogistics.eu\/ee\/wp-content\/uploads\/sites\/2\/2025\/11\/ACE-Laev-LT-cropped-1-1536x802-1.jpg\" \/>\n\t<meta property=\"og:image:width\" content=\"1536\" \/>\n\t<meta property=\"og:image:height\" content=\"802\" \/>\n\t<meta property=\"og:image:type\" content=\"image\/jpeg\" \/>\n<meta name=\"twitter:card\" content=\"summary_large_image\" \/>\n<meta name=\"twitter:label1\" content=\"Est. reading time\" \/>\n\t<meta name=\"twitter:data1\" content=\"1 minut\" \/>\n<script type=\"application\/ld+json\" class=\"yoast-schema-graph\">{\"@context\":\"https:\/\/schema.org\",\"@graph\":[{\"@type\":\"WebPage\",\"@id\":\"https:\/\/www.acelogistics.eu\/ee\/et\/teenused\/meretransport\/\",\"url\":\"https:\/\/www.acelogistics.eu\/ee\/et\/teenused\/meretransport\/\",\"name\":\"Meretransport - ACE Logistics Estonia\",\"isPartOf\":{\"@id\":\"https:\/\/www.acelogistics.eu\/ee\/en\/#website\"},\"primaryImageOfPage\":{\"@id\":\"https:\/\/www.acelogistics.eu\/ee\/et\/teenused\/meretransport\/#primaryimage\"},\"image\":{\"@id\":\"https:\/\/www.acelogistics.eu\/ee\/et\/teenused\/meretransport\/#primaryimage\"},\"thumbnailUrl\":\"https:\/\/www.acelogistics.eu\/ee\/wp-content\/uploads\/sites\/2\/2025\/11\/ACE-Laev-LT-cropped-1-1536x802-1.jpg\",\"datePublished\":\"2023-01-13T07:33:16+00:00\",\"dateModified\":\"2026-04-06T08:26:43+00:00\",\"description\":\"ACE Logistics pakub lisaks maantee- ja \u00f5hutranspordile ka merevedusid Hiinast. Pakume nii osakonteinervedusid kui t\u00e4iskonteinervedusid.\",\"breadcrumb\":{\"@id\":\"https:\/\/www.acelogistics.eu\/ee\/et\/teenused\/meretransport\/#breadcrumb\"},\"inLanguage\":\"et\",\"potentialAction\":[{\"@type\":\"ReadAction\",\"target\":[\"https:\/\/www.acelogistics.eu\/ee\/et\/teenused\/meretransport\/\"]}]},{\"@type\":\"ImageObject\",\"inLanguage\":\"et\",\"@id\":\"https:\/\/www.acelogistics.eu\/ee\/et\/teenused\/meretransport\/#primaryimage\",\"url\":\"https:\/\/www.acelogistics.eu\/ee\/wp-content\/uploads\/sites\/2\/2025\/11\/ACE-Laev-LT-cropped-1-1536x802-1.jpg\",\"contentUrl\":\"https:\/\/www.acelogistics.eu\/ee\/wp-content\/uploads\/sites\/2\/2025\/11\/ACE-Laev-LT-cropped-1-1536x802-1.jpg\",\"width\":1536,\"height\":802,\"caption\":\"461257402\"},{\"@type\":\"BreadcrumbList\",\"@id\":\"https:\/\/www.acelogistics.eu\/ee\/et\/teenused\/meretransport\/#breadcrumb\",\"itemListElement\":[{\"@type\":\"ListItem\",\"position\":1,\"name\":\"Home\",\"item\":\"https:\/\/www.acelogistics.eu\/ee\/et\/\"},{\"@type\":\"ListItem\",\"position\":2,\"name\":\"Teenused\",\"item\":\"https:\/\/www.acelogistics.eu\/ee\/et\/teenused\/\"},{\"@type\":\"ListItem\",\"position\":3,\"name\":\"Meretransport\"}]},{\"@type\":\"WebSite\",\"@id\":\"https:\/\/www.acelogistics.eu\/ee\/en\/#website\",\"url\":\"https:\/\/www.acelogistics.eu\/ee\/en\/\",\"name\":\"ACE Logistics Estonia\",\"description\":\"\",\"potentialAction\":[{\"@type\":\"SearchAction\",\"target\":{\"@type\":\"EntryPoint\",\"urlTemplate\":\"https:\/\/www.acelogistics.eu\/ee\/en\/?s={search_term_string}\"},\"query-input\":{\"@type\":\"PropertyValueSpecification\",\"valueRequired\":true,\"valueName\":\"search_term_string\"}}],\"inLanguage\":\"et\"}]}<\/script>\n<!-- \/ Yoast SEO plugin. -->","yoast_head_json":{"title":"Meretransport - ACE Logistics Estonia","description":"ACE Logistics pakub lisaks maantee- ja \u00f5hutranspordile ka merevedusid Hiinast. Pakume nii osakonteinervedusid kui t\u00e4iskonteinervedusid.","robots":{"index":"index","follow":"follow","max-snippet":"max-snippet:-1","max-image-preview":"max-image-preview:large","max-video-preview":"max-video-preview:-1"},"canonical":"https:\/\/www.acelogistics.eu\/ee\/et\/teenused\/meretransport\/","og_locale":"et_EE","og_type":"article","og_title":"Meretransport - ACE Logistics Estonia","og_description":"ACE Logistics pakub lisaks maantee- ja \u00f5hutranspordile ka merevedusid Hiinast. Pakume nii osakonteinervedusid kui t\u00e4iskonteinervedusid.","og_url":"https:\/\/www.acelogistics.eu\/ee\/et\/teenused\/meretransport\/","og_site_name":"ACE Logistics Estonia","article_modified_time":"2026-04-06T08:26:43+00:00","og_image":[{"width":1536,"height":802,"url":"https:\/\/www.acelogistics.eu\/ee\/wp-content\/uploads\/sites\/2\/2025\/11\/ACE-Laev-LT-cropped-1-1536x802-1.jpg","type":"image\/jpeg"}],"twitter_card":"summary_large_image","twitter_misc":{"Est. reading time":"1 minut"},"schema":{"@context":"https:\/\/schema.org","@graph":[{"@type":"WebPage","@id":"https:\/\/www.acelogistics.eu\/ee\/et\/teenused\/meretransport\/","url":"https:\/\/www.acelogistics.eu\/ee\/et\/teenused\/meretransport\/","name":"Meretransport - ACE Logistics Estonia","isPartOf":{"@id":"https:\/\/www.acelogistics.eu\/ee\/en\/#website"},"primaryImageOfPage":{"@id":"https:\/\/www.acelogistics.eu\/ee\/et\/teenused\/meretransport\/#primaryimage"},"image":{"@id":"https:\/\/www.acelogistics.eu\/ee\/et\/teenused\/meretransport\/#primaryimage"},"thumbnailUrl":"https:\/\/www.acelogistics.eu\/ee\/wp-content\/uploads\/sites\/2\/2025\/11\/ACE-Laev-LT-cropped-1-1536x802-1.jpg","datePublished":"2023-01-13T07:33:16+00:00","dateModified":"2026-04-06T08:26:43+00:00","description":"ACE Logistics pakub lisaks maantee- ja \u00f5hutranspordile ka merevedusid Hiinast. Pakume nii osakonteinervedusid kui t\u00e4iskonteinervedusid.","breadcrumb":{"@id":"https:\/\/www.acelogistics.eu\/ee\/et\/teenused\/meretransport\/#breadcrumb"},"inLanguage":"et","potentialAction":[{"@type":"ReadAction","target":["https:\/\/www.acelogistics.eu\/ee\/et\/teenused\/meretransport\/"]}]},{"@type":"ImageObject","inLanguage":"et","@id":"https:\/\/www.acelogistics.eu\/ee\/et\/teenused\/meretransport\/#primaryimage","url":"https:\/\/www.acelogistics.eu\/ee\/wp-content\/uploads\/sites\/2\/2025\/11\/ACE-Laev-LT-cropped-1-1536x802-1.jpg","contentUrl":"https:\/\/www.acelogistics.eu\/ee\/wp-content\/uploads\/sites\/2\/2025\/11\/ACE-Laev-LT-cropped-1-1536x802-1.jpg","width":1536,"height":802,"caption":"461257402"},{"@type":"BreadcrumbList","@id":"https:\/\/www.acelogistics.eu\/ee\/et\/teenused\/meretransport\/#breadcrumb","itemListElement":[{"@type":"ListItem","position":1,"name":"Home","item":"https:\/\/www.acelogistics.eu\/ee\/et\/"},{"@type":"ListItem","position":2,"name":"Teenused","item":"https:\/\/www.acelogistics.eu\/ee\/et\/teenused\/"},{"@type":"ListItem","position":3,"name":"Meretransport"}]},{"@type":"WebSite","@id":"https:\/\/www.acelogistics.eu\/ee\/en\/#website","url":"https:\/\/www.acelogistics.eu\/ee\/en\/","name":"ACE Logistics Estonia","description":"","potentialAction":[{"@type":"SearchAction","target":{"@type":"EntryPoint","urlTemplate":"https:\/\/www.acelogistics.eu\/ee\/en\/?s={search_term_string}"},"query-input":{"@type":"PropertyValueSpecification","valueRequired":true,"valueName":"search_term_string"}}],"inLanguage":"et"}]}},"_links":{"self":[{"href":"https:\/\/www.acelogistics.eu\/ee\/et\/wp-json\/wp\/v2\/pages\/1756","targetHints":{"allow":["GET"]}}],"collection":[{"href":"https:\/\/www.acelogistics.eu\/ee\/et\/wp-json\/wp\/v2\/pages"}],"about":[{"href":"https:\/\/www.acelogistics.eu\/ee\/et\/wp-json\/wp\/v2\/types\/page"}],"author":[{"embeddable":true,"href":"https:\/\/www.acelogistics.eu\/ee\/et\/wp-json\/wp\/v2\/users\/1"}],"replies":[{"embeddable":true,"href":"https:\/\/www.acelogistics.eu\/ee\/et\/wp-json\/wp\/v2\/comments?post=1756"}],"version-history":[{"count":24,"href":"https:\/\/www.acelogistics.eu\/ee\/et\/wp-json\/wp\/v2\/pages\/1756\/revisions"}],"predecessor-version":[{"id":18834,"href":"https:\/\/www.acelogistics.eu\/ee\/et\/wp-json\/wp\/v2\/pages\/1756\/revisions\/18834"}],"up":[{"embeddable":true,"href":"https:\/\/www.acelogistics.eu\/ee\/et\/wp-json\/wp\/v2\/pages\/1336"}],"wp:featuredmedia":[{"embeddable":true,"href":"https:\/\/www.acelogistics.eu\/ee\/et\/wp-json\/wp\/v2\/media\/17494"}],"wp:attachment":[{"href":"https:\/\/www.acelogistics.eu\/ee\/et\/wp-json\/wp\/v2\/media?parent=1756"}],"curies":[{"name":"wp","href":"https:\/\/api.w.org\/{rel}","templated":true}]}}