{"id":1805,"date":"2023-01-13T09:34:00","date_gmt":"2023-01-13T07:34:00","guid":{"rendered":"https:\/\/stiina.ability.ee\/ee\/?page_id=1805"},"modified":"2026-04-06T11:22:10","modified_gmt":"2026-04-06T08:22:10","slug":"ladustamine","status":"publish","type":"page","link":"https:\/\/www.acelogistics.eu\/ee\/et\/teenused\/ladustamine\/","title":{"rendered":"Ladustamine"},"content":{"rendered":"<p>[et_pb_section fb_built=&#8221;1&#8243; _builder_version=&#8221;4.19.4&#8243; _module_preset=&#8221;default&#8221; custom_padding=&#8221;0px|||||&#8221; global_colors_info=&#8221;{}&#8221;][et_pb_row _builder_version=&#8221;4.27.4&#8243; _module_preset=&#8221;default&#8221; custom_padding=&#8221;55px||40px||false|false&#8221; global_colors_info=&#8221;{}&#8221;][et_pb_column type=&#8221;4_4&#8243; _builder_version=&#8221;4.27.4&#8243; _module_preset=&#8221;default&#8221; global_colors_info=&#8221;{}&#8221;][et_pb_heading title=&#8221;@ET-DC@eyJkeW5hbWljIjp0cnVlLCJjb250ZW50IjoicG9zdF90aXRsZSIsInNldHRpbmdzIjp7ImJlZm9yZSI6IiIsImFmdGVyIjoiIn19@&#8221; _builder_version=&#8221;4.27.4&#8243; _dynamic_attributes=&#8221;title&#8221; _module_preset=&#8221;default&#8221; title_font=&#8221;&#8211;et_global_heading_font|700||on|||||&#8221; title_font_size=&#8221;26px&#8221; custom_margin=&#8221;||||false|false&#8221; custom_padding=&#8221;0px||||false|false&#8221; global_colors_info=&#8221;{}&#8221;][\/et_pb_heading][\/et_pb_column][\/et_pb_row][et_pb_row _builder_version=&#8221;4.19.4&#8243; _module_preset=&#8221;default&#8221; custom_padding=&#8221;0px|||||&#8221; global_colors_info=&#8221;{}&#8221;][et_pb_column type=&#8221;4_4&#8243; _builder_version=&#8221;4.19.4&#8243; _module_preset=&#8221;default&#8221; global_colors_info=&#8221;{}&#8221;][et_pb_text _builder_version=&#8221;4.27.4&#8243; _module_preset=&#8221;default&#8221; global_colors_info=&#8221;{}&#8221;]<\/p>\n<p>ACE Logistics pakub laiaulatuslikke 3PL laoteenuseid k\u00f5ikides Balti riikides.<\/p>\n<h4>Mida laoteenus sisaldab?<\/h4>\n<ul>\n<li style=\"list-style-type: none;\">\n<ul>\n<li>kauba vastuv\u00f5tmine, koguse ja seisukorra vastavuse kontrollimine<\/li>\n<li>andmete sisestamine lao andmebaasi vastuv\u00f5etud kauba kohta<\/li>\n<li>kauba paigutamine lattu ja ladustamine<\/li>\n<li>saadetiste komplekteerimine vastavalt kliendi tellimustele<\/li>\n<li>kauba markeerimine (triipkoodiga etiketid, juhised jne)<\/li>\n<li>toimingud, mis lisavad kaubale v\u00e4\u00e4rtust (m\u00fc\u00fcgiks ettevalmistamine, pakendamine, testimine jne)<\/li>\n<li>kauba m\u00e4\u00e4ramine v\u00f5i kohaletoimetamine l\u00f5pptarbija sihtkohta<\/li>\n<li>aruannete ja \u00fclevaadete koostamine (lao inventuur, ladustatud kauba kogus, lao liikumine jne)<\/li>\n<\/ul>\n<\/li>\n<\/ul>\n<p>Loendis olevate tegevuste arv ei ole l\u00f5plik ja s\u00f5ltub l\u00f5ppkokkuv\u00f5ttes kliendi vajadustest.<\/p>\n<p>[\/et_pb_text][et_pb_text _builder_version=&#8221;4.27.5&#8243; _module_preset=&#8221;default&#8221; hover_enabled=&#8221;0&#8243; global_colors_info=&#8221;{}&#8221; header_4_line_height_last_edited=&#8221;on|phone&#8221; sticky_enabled=&#8221;0&#8243; header_4_line_height_phone=&#8221;1.4em&#8221;]<\/p>\n<h4>Millised on ACE Logisticsi laoteenuste kasutamise eelised?<\/h4>\n<ul>\n<li style=\"list-style-type: none;\">\n<ul>\n<li>klient vabaneb rutiinsetest k\u00fcsimustest ja probleemidest, mis on seotud kauba ladustamisega;<\/li>\n<li>ladustamiskulud s\u00f5ltuvad otseselt ladustatud kauba ja tehtud t\u00f6\u00f6de kogusest \u2013 lihtne ja kerge kontroll, p\u00fcsikulud muutuvad muutuvkuludeks;<\/li>\n<li>v\u00e4iksemad kulutused laoruumidele, hoonetele ja inimkapitalile;<\/li>\n<li>klient saab keskenduda ainult oma p\u00f5hitegevusele;<\/li>\n<li>t\u00f6\u00f6 kvaliteet on tagatud, kuna poolte vaheline leping m\u00e4\u00e4rab laopidaja vastutuse;<\/li>\n<li>ladustamise kogukulud v\u00e4henevad.<\/li>\n<\/ul>\n<\/li>\n<\/ul>\n<p>[\/et_pb_text][\/et_pb_column][\/et_pb_row][et_pb_row column_structure=&#8221;1_2,1_2&#8243; _builder_version=&#8221;4.27.4&#8243; _module_preset=&#8221;default&#8221; module_alignment=&#8221;center&#8221; custom_padding=&#8221;0px||21px|||&#8221; saved_tabs=&#8221;all&#8221; global_colors_info=&#8221;{}&#8221;][et_pb_column type=&#8221;1_2&#8243; _builder_version=&#8221;4.19.4&#8243; _module_preset=&#8221;default&#8221; global_colors_info=&#8221;{}&#8221;][et_pb_button button_url=&#8221;@ET-DC@eyJkeW5hbWljIjp0cnVlLCJjb250ZW50IjoicG9zdF9saW5rX3VybF9wYWdlIiwic2V0dGluZ3MiOnsicG9zdF9pZCI6IjE2MCJ9fQ==@&#8221; button_text=&#8221;V\u00f5ta meiega \u00fchendust&#8221; button_alignment=&#8221;center&#8221; admin_label=&#8221;Contact us&#8221; _builder_version=&#8221;4.27.4&#8243; _dynamic_attributes=&#8221;button_url&#8221; _module_preset=&#8221;default&#8221; custom_button=&#8221;on&#8221; button_border_width=&#8221;2px&#8221; button_icon=&#8221;&#xe090;||divi||400&#8243; button_icon_placement=&#8221;left&#8221; button_on_hover=&#8221;off&#8221; custom_margin=&#8221;||||false|false&#8221; custom_padding=&#8221;9px||9px||true|false&#8221; custom_css_main_element=&#8221;width: 100%;&#8221; global_colors_info=&#8221;{}&#8221;][\/et_pb_button][\/et_pb_column][et_pb_column type=&#8221;1_2&#8243; _builder_version=&#8221;4.19.4&#8243; _module_preset=&#8221;default&#8221; global_colors_info=&#8221;{}&#8221;][et_pb_button button_url=&#8221;@ET-DC@eyJkeW5hbWljIjp0cnVlLCJjb250ZW50IjoicG9zdF9saW5rX3VybF9wYWdlIiwic2V0dGluZ3MiOnsicG9zdF9pZCI6IjMwMyJ9fQ==@&#8221; button_text=&#8221;K\u00fcsi hinnapakkumist&#8221; button_alignment=&#8221;center&#8221; admin_label=&#8221;Get a quote&#8221; _builder_version=&#8221;4.27.4&#8243; _dynamic_attributes=&#8221;button_url&#8221; _module_preset=&#8221;default&#8221; custom_button=&#8221;on&#8221; button_text_size=&#8221;20px&#8221; button_bg_color=&#8221;#004f7c&#8221; button_border_width=&#8221;2px&#8221; button_border_color=&#8221;#004f7c&#8221; button_icon=&#8221;&#xf15c;||fa||900&#8243; button_icon_placement=&#8221;left&#8221; button_on_hover=&#8221;off&#8221; custom_margin=&#8221;||||false|false&#8221; custom_padding=&#8221;9px||9px||true|false&#8221; button_border_color_last_edited=&#8221;off|desktop&#8221; custom_css_main_element=&#8221;width: 100%;&#8221; global_colors_info=&#8221;{}&#8221; button_border_color__hover_enabled=&#8221;on|hover&#8221; button_border_color__hover=&#8221;#004f7c&#8221;][\/et_pb_button][\/et_pb_column][\/et_pb_row][\/et_pb_section]<\/p>\n","protected":false},"excerpt":{"rendered":"<p>ACE Logistics pakub laiaulatuslikke 3PL laoteenuseid k\u00f5ikides Balti riikides. Mida laoteenus sisaldab? kauba vastuv\u00f5tmine, koguse ja seisukorra vastavuse kontrollimine andmete sisestamine lao andmebaasi vastuv\u00f5etud kauba kohta kauba paigutamine lattu ja ladustamine saadetiste komplekteerimine vastavalt kliendi tellimustele kauba markeerimine (triipkoodiga etiketid, juhised jne) toimingud, mis lisavad kaubale v\u00e4\u00e4rtust (m\u00fc\u00fcgiks ettevalmistamine, pakendamine, testimine jne) kauba m\u00e4\u00e4ramine v\u00f5i [&hellip;]<\/p>\n","protected":false},"author":1,"featured_media":18825,"parent":1336,"menu_order":0,"comment_status":"closed","ping_status":"closed","template":"","meta":{"_et_pb_use_builder":"on","_et_pb_old_content":"","_et_gb_content_width":"","footnotes":""},"class_list":["post-1805","page","type-page","status-publish","has-post-thumbnail","hentry"],"yoast_head":"<!-- This site is optimized with the Yoast SEO plugin v26.8 - https:\/\/yoast.com\/product\/yoast-seo-wordpress\/ -->\n<title>Ladustamine - ACE Logistics Estonia<\/title>\n<meta name=\"description\" content=\"ACE Logistics pakub ka ladustamise teenust. Tutvu meie laiaulatuslike laoteenustega kodulehel ja saada oma p\u00e4ring.\" \/>\n<meta name=\"robots\" content=\"index, follow, max-snippet:-1, max-image-preview:large, max-video-preview:-1\" \/>\n<link rel=\"canonical\" href=\"https:\/\/www.acelogistics.eu\/ee\/et\/teenused\/ladustamine\/\" \/>\n<meta property=\"og:locale\" content=\"et_EE\" \/>\n<meta property=\"og:type\" content=\"article\" \/>\n<meta property=\"og:title\" content=\"Ladustamine - ACE Logistics Estonia\" \/>\n<meta property=\"og:description\" content=\"ACE Logistics pakub ka ladustamise teenust. Tutvu meie laiaulatuslike laoteenustega kodulehel ja saada oma p\u00e4ring.\" \/>\n<meta property=\"og:url\" content=\"https:\/\/www.acelogistics.eu\/ee\/et\/teenused\/ladustamine\/\" \/>\n<meta property=\"og:site_name\" content=\"ACE Logistics Estonia\" \/>\n<meta property=\"article:modified_time\" content=\"2026-04-06T08:22:10+00:00\" \/>\n<meta property=\"og:image\" content=\"https:\/\/www.acelogistics.eu\/ee\/wp-content\/uploads\/sites\/2\/2026\/04\/Ladu.jpg\" \/>\n\t<meta property=\"og:image:width\" content=\"3000\" \/>\n\t<meta property=\"og:image:height\" content=\"2000\" \/>\n\t<meta property=\"og:image:type\" content=\"image\/jpeg\" \/>\n<meta name=\"twitter:card\" content=\"summary_large_image\" \/>\n<meta name=\"twitter:label1\" content=\"Est. reading time\" \/>\n\t<meta name=\"twitter:data1\" content=\"1 minut\" \/>\n<script type=\"application\/ld+json\" class=\"yoast-schema-graph\">{\"@context\":\"https:\/\/schema.org\",\"@graph\":[{\"@type\":\"WebPage\",\"@id\":\"https:\/\/www.acelogistics.eu\/ee\/et\/teenused\/ladustamine\/\",\"url\":\"https:\/\/www.acelogistics.eu\/ee\/et\/teenused\/ladustamine\/\",\"name\":\"Ladustamine - ACE Logistics Estonia\",\"isPartOf\":{\"@id\":\"https:\/\/www.acelogistics.eu\/ee\/en\/#website\"},\"primaryImageOfPage\":{\"@id\":\"https:\/\/www.acelogistics.eu\/ee\/et\/teenused\/ladustamine\/#primaryimage\"},\"image\":{\"@id\":\"https:\/\/www.acelogistics.eu\/ee\/et\/teenused\/ladustamine\/#primaryimage\"},\"thumbnailUrl\":\"https:\/\/www.acelogistics.eu\/ee\/wp-content\/uploads\/sites\/2\/2026\/04\/Ladu.jpg\",\"datePublished\":\"2023-01-13T07:34:00+00:00\",\"dateModified\":\"2026-04-06T08:22:10+00:00\",\"description\":\"ACE Logistics pakub ka ladustamise teenust. Tutvu meie laiaulatuslike laoteenustega kodulehel ja saada oma p\u00e4ring.\",\"breadcrumb\":{\"@id\":\"https:\/\/www.acelogistics.eu\/ee\/et\/teenused\/ladustamine\/#breadcrumb\"},\"inLanguage\":\"et\",\"potentialAction\":[{\"@type\":\"ReadAction\",\"target\":[\"https:\/\/www.acelogistics.eu\/ee\/et\/teenused\/ladustamine\/\"]}]},{\"@type\":\"ImageObject\",\"inLanguage\":\"et\",\"@id\":\"https:\/\/www.acelogistics.eu\/ee\/et\/teenused\/ladustamine\/#primaryimage\",\"url\":\"https:\/\/www.acelogistics.eu\/ee\/wp-content\/uploads\/sites\/2\/2026\/04\/Ladu.jpg\",\"contentUrl\":\"https:\/\/www.acelogistics.eu\/ee\/wp-content\/uploads\/sites\/2\/2026\/04\/Ladu.jpg\",\"width\":3000,\"height\":2000,\"caption\":\"Ladustamine\"},{\"@type\":\"BreadcrumbList\",\"@id\":\"https:\/\/www.acelogistics.eu\/ee\/et\/teenused\/ladustamine\/#breadcrumb\",\"itemListElement\":[{\"@type\":\"ListItem\",\"position\":1,\"name\":\"Home\",\"item\":\"https:\/\/www.acelogistics.eu\/ee\/et\/\"},{\"@type\":\"ListItem\",\"position\":2,\"name\":\"Teenused\",\"item\":\"https:\/\/www.acelogistics.eu\/ee\/et\/teenused\/\"},{\"@type\":\"ListItem\",\"position\":3,\"name\":\"Ladustamine\"}]},{\"@type\":\"WebSite\",\"@id\":\"https:\/\/www.acelogistics.eu\/ee\/en\/#website\",\"url\":\"https:\/\/www.acelogistics.eu\/ee\/en\/\",\"name\":\"ACE Logistics Estonia\",\"description\":\"\",\"potentialAction\":[{\"@type\":\"SearchAction\",\"target\":{\"@type\":\"EntryPoint\",\"urlTemplate\":\"https:\/\/www.acelogistics.eu\/ee\/en\/?s={search_term_string}\"},\"query-input\":{\"@type\":\"PropertyValueSpecification\",\"valueRequired\":true,\"valueName\":\"search_term_string\"}}],\"inLanguage\":\"et\"}]}<\/script>\n<!-- \/ Yoast SEO plugin. -->","yoast_head_json":{"title":"Ladustamine - ACE Logistics Estonia","description":"ACE Logistics pakub ka ladustamise teenust. Tutvu meie laiaulatuslike laoteenustega kodulehel ja saada oma p\u00e4ring.","robots":{"index":"index","follow":"follow","max-snippet":"max-snippet:-1","max-image-preview":"max-image-preview:large","max-video-preview":"max-video-preview:-1"},"canonical":"https:\/\/www.acelogistics.eu\/ee\/et\/teenused\/ladustamine\/","og_locale":"et_EE","og_type":"article","og_title":"Ladustamine - ACE Logistics Estonia","og_description":"ACE Logistics pakub ka ladustamise teenust. Tutvu meie laiaulatuslike laoteenustega kodulehel ja saada oma p\u00e4ring.","og_url":"https:\/\/www.acelogistics.eu\/ee\/et\/teenused\/ladustamine\/","og_site_name":"ACE Logistics Estonia","article_modified_time":"2026-04-06T08:22:10+00:00","og_image":[{"width":3000,"height":2000,"url":"https:\/\/www.acelogistics.eu\/ee\/wp-content\/uploads\/sites\/2\/2026\/04\/Ladu.jpg","type":"image\/jpeg"}],"twitter_card":"summary_large_image","twitter_misc":{"Est. reading time":"1 minut"},"schema":{"@context":"https:\/\/schema.org","@graph":[{"@type":"WebPage","@id":"https:\/\/www.acelogistics.eu\/ee\/et\/teenused\/ladustamine\/","url":"https:\/\/www.acelogistics.eu\/ee\/et\/teenused\/ladustamine\/","name":"Ladustamine - ACE Logistics Estonia","isPartOf":{"@id":"https:\/\/www.acelogistics.eu\/ee\/en\/#website"},"primaryImageOfPage":{"@id":"https:\/\/www.acelogistics.eu\/ee\/et\/teenused\/ladustamine\/#primaryimage"},"image":{"@id":"https:\/\/www.acelogistics.eu\/ee\/et\/teenused\/ladustamine\/#primaryimage"},"thumbnailUrl":"https:\/\/www.acelogistics.eu\/ee\/wp-content\/uploads\/sites\/2\/2026\/04\/Ladu.jpg","datePublished":"2023-01-13T07:34:00+00:00","dateModified":"2026-04-06T08:22:10+00:00","description":"ACE Logistics pakub ka ladustamise teenust. Tutvu meie laiaulatuslike laoteenustega kodulehel ja saada oma p\u00e4ring.","breadcrumb":{"@id":"https:\/\/www.acelogistics.eu\/ee\/et\/teenused\/ladustamine\/#breadcrumb"},"inLanguage":"et","potentialAction":[{"@type":"ReadAction","target":["https:\/\/www.acelogistics.eu\/ee\/et\/teenused\/ladustamine\/"]}]},{"@type":"ImageObject","inLanguage":"et","@id":"https:\/\/www.acelogistics.eu\/ee\/et\/teenused\/ladustamine\/#primaryimage","url":"https:\/\/www.acelogistics.eu\/ee\/wp-content\/uploads\/sites\/2\/2026\/04\/Ladu.jpg","contentUrl":"https:\/\/www.acelogistics.eu\/ee\/wp-content\/uploads\/sites\/2\/2026\/04\/Ladu.jpg","width":3000,"height":2000,"caption":"Ladustamine"},{"@type":"BreadcrumbList","@id":"https:\/\/www.acelogistics.eu\/ee\/et\/teenused\/ladustamine\/#breadcrumb","itemListElement":[{"@type":"ListItem","position":1,"name":"Home","item":"https:\/\/www.acelogistics.eu\/ee\/et\/"},{"@type":"ListItem","position":2,"name":"Teenused","item":"https:\/\/www.acelogistics.eu\/ee\/et\/teenused\/"},{"@type":"ListItem","position":3,"name":"Ladustamine"}]},{"@type":"WebSite","@id":"https:\/\/www.acelogistics.eu\/ee\/en\/#website","url":"https:\/\/www.acelogistics.eu\/ee\/en\/","name":"ACE Logistics Estonia","description":"","potentialAction":[{"@type":"SearchAction","target":{"@type":"EntryPoint","urlTemplate":"https:\/\/www.acelogistics.eu\/ee\/en\/?s={search_term_string}"},"query-input":{"@type":"PropertyValueSpecification","valueRequired":true,"valueName":"search_term_string"}}],"inLanguage":"et"}]}},"_links":{"self":[{"href":"https:\/\/www.acelogistics.eu\/ee\/et\/wp-json\/wp\/v2\/pages\/1805","targetHints":{"allow":["GET"]}}],"collection":[{"href":"https:\/\/www.acelogistics.eu\/ee\/et\/wp-json\/wp\/v2\/pages"}],"about":[{"href":"https:\/\/www.acelogistics.eu\/ee\/et\/wp-json\/wp\/v2\/types\/page"}],"author":[{"embeddable":true,"href":"https:\/\/www.acelogistics.eu\/ee\/et\/wp-json\/wp\/v2\/users\/1"}],"replies":[{"embeddable":true,"href":"https:\/\/www.acelogistics.eu\/ee\/et\/wp-json\/wp\/v2\/comments?post=1805"}],"version-history":[{"count":25,"href":"https:\/\/www.acelogistics.eu\/ee\/et\/wp-json\/wp\/v2\/pages\/1805\/revisions"}],"predecessor-version":[{"id":18828,"href":"https:\/\/www.acelogistics.eu\/ee\/et\/wp-json\/wp\/v2\/pages\/1805\/revisions\/18828"}],"up":[{"embeddable":true,"href":"https:\/\/www.acelogistics.eu\/ee\/et\/wp-json\/wp\/v2\/pages\/1336"}],"wp:featuredmedia":[{"embeddable":true,"href":"https:\/\/www.acelogistics.eu\/ee\/et\/wp-json\/wp\/v2\/media\/18825"}],"wp:attachment":[{"href":"https:\/\/www.acelogistics.eu\/ee\/et\/wp-json\/wp\/v2\/media?parent=1805"}],"curies":[{"name":"wp","href":"https:\/\/api.w.org\/{rel}","templated":true}]}}