{"id":1816,"date":"2023-01-13T09:34:14","date_gmt":"2023-01-13T07:34:14","guid":{"rendered":"https:\/\/stiina.ability.ee\/ee\/?page_id=1816"},"modified":"2026-04-06T11:39:43","modified_gmt":"2026-04-06T08:39:43","slug":"veosekindlustus","status":"publish","type":"page","link":"https:\/\/www.acelogistics.eu\/ee\/et\/teenused\/veosekindlustus\/","title":{"rendered":"Veosekindlustus"},"content":{"rendered":"<p>[et_pb_section fb_built=&#8221;1&#8243; _builder_version=&#8221;4.19.4&#8243; _module_preset=&#8221;default&#8221; custom_padding=&#8221;0px|||||&#8221; global_colors_info=&#8221;{}&#8221;][et_pb_row _builder_version=&#8221;4.27.4&#8243; _module_preset=&#8221;default&#8221; custom_padding=&#8221;55px||40px||false|false&#8221; global_colors_info=&#8221;{}&#8221;][et_pb_column type=&#8221;4_4&#8243; _builder_version=&#8221;4.27.4&#8243; _module_preset=&#8221;default&#8221; global_colors_info=&#8221;{}&#8221;][et_pb_heading title=&#8221;@ET-DC@eyJkeW5hbWljIjp0cnVlLCJjb250ZW50IjoicG9zdF90aXRsZSIsInNldHRpbmdzIjp7ImJlZm9yZSI6IiIsImFmdGVyIjoiIn19@&#8221; _builder_version=&#8221;4.27.4&#8243; _dynamic_attributes=&#8221;title&#8221; _module_preset=&#8221;default&#8221; title_font=&#8221;&#8211;et_global_heading_font|700||on|||||&#8221; title_font_size=&#8221;26px&#8221; custom_margin=&#8221;||||false|false&#8221; custom_padding=&#8221;0px||||false|false&#8221; global_colors_info=&#8221;{}&#8221;][\/et_pb_heading][\/et_pb_column][\/et_pb_row][et_pb_row _builder_version=&#8221;4.19.4&#8243; _module_preset=&#8221;default&#8221; custom_padding=&#8221;0px|||||&#8221; global_colors_info=&#8221;{}&#8221;][et_pb_column type=&#8221;4_4&#8243; _builder_version=&#8221;4.19.4&#8243; _module_preset=&#8221;default&#8221; global_colors_info=&#8221;{}&#8221;][et_pb_text _builder_version=&#8221;4.27.4&#8243; _module_preset=&#8221;default&#8221; hover_enabled=&#8221;0&#8243; global_colors_info=&#8221;{}&#8221; sticky_enabled=&#8221;0&#8243;]<\/p>\n<p>ACE aitab kliente end ebameeldivuste vastu kaitsta. Vahendame veoste t\u00e4iskindlustust.<\/p>\n<p>Transpordi puhul katab kauba kadumise v\u00f5i selle v\u00e4\u00e4rtuse v\u00e4henemise vedaja vastutuskindlustus, mille h\u00fcvitise m\u00e4\u00e4r s\u00f5ltub konkreetsest transpordiliigist.<\/p>\n<p>Lisaks h\u00fcvitism\u00e4\u00e4rade piirangutele h\u00f5lmab vedaja vastutus ainult vedaja s\u00fc\u00fc t\u00f5ttu tekkinud kahjusid. Vedaja ei vastuta v\u00e4ltimatutel asjaoludel toimunud kahjude, nt r\u00f6\u00f6vi eest.<\/p>\n<p>[\/et_pb_text][et_pb_toggle title=&#8221;SDR (special drawing rights) m\u00e4\u00e4rad:&#8221; _builder_version=&#8221;4.27.4&#8243; _module_preset=&#8221;default&#8221; hover_enabled=&#8221;0&#8243; global_colors_info=&#8221;{}&#8221; sticky_enabled=&#8221;0&#8243;]<\/p>\n<ul>\n<li style=\"font-weight: 400;\" aria-level=\"1\">lennutransport: k\u00f5ige rohkem 26 SDR-i kg kohta;<\/li>\n<li style=\"font-weight: 400;\" aria-level=\"1\">maanteetransport: k\u00f5ige rohkem 8,33 SDR-i kg kohta;<\/li>\n<li style=\"font-weight: 400;\" aria-level=\"1\">meretransport: k\u00f5ige rohkem 2 SDR-i kg kohta v\u00f5i maksimaalselt 666,67 SDR-i \u00fchiku kohta;<\/li>\n<li style=\"font-weight: 400;\" aria-level=\"1\">raudteetransport: k\u00f5ige rohkem 2 SDR-I kg kohta.<\/li>\n<\/ul>\n<p>[\/et_pb_toggle][et_pb_text _builder_version=&#8221;4.27.4&#8243; _module_preset=&#8221;default&#8221; hover_enabled=&#8221;0&#8243; global_colors_info=&#8221;{}&#8221; sticky_enabled=&#8221;0&#8243;]<\/p>\n<p>Soovitame oma kaubale s\u00f5lmida t\u00e4isveokindlustuse, juhul kui:<\/p>\n<ul>\n<li>teie kauba v\u00e4\u00e4rtus \u00fcletab vedaja vastutuse;<\/li>\n<li>soovite kindlustust olukordadeks, kus vedaja ei vastuta kauba kahjustumise eest.<\/li>\n<\/ul>\n<p>Veosekindlustus katab k\u00f5ik riskid vastavalt ICC(A) s\u00e4tetele. Kindlustus v\u00f5ib olla s\u00f5lmitud \u00fche saadetise kohta (\u00fcksikpoliis) v\u00f5i kliendid saavad taotleda avatud poliisi teatud perioodiks (nt aastaks), mis h\u00f5lmab k\u00f5iki sellel perioodil toimuvaid vedusid. Kui klient ei soovi kaupa kindlustada k\u00f5igi riskide vastu, on v\u00f5imalik see kindlustada piiratud tingimustel, konkreetsete riskide vastu (nt liiklus\u00f5nnetus, tulekahju, vargus jne). Veose kindlustamine piiratud kindlustuskaitsega (ja seega odavama) toimub punktide ICC (C) ja ICC (B) alusel.<\/p>\n<p>[\/et_pb_text][et_pb_toggle title=&#8221;ICC tingimused&#8221; _builder_version=&#8221;4.27.4&#8243; _module_preset=&#8221;default&#8221; hover_enabled=&#8221;0&#8243; global_colors_info=&#8221;{}&#8221; sticky_enabled=&#8221;0&#8243;]<\/p>\n<p><strong>ICC (C)<\/strong> tingimused katavad transpordi p\u00f5hiriske (liiklus\u00f5nnetused, tuli, plahvatus ja laeva\u00f5nnetused) ning sobib h\u00e4sti autotranspordile, k.a transport ro-ro-laevadel.<\/p>\n<p><strong>ICC (B)<\/strong> tingimused katavad rohkem riske ja sobivad eriti sellise kauba veoks, mille puhul osa marsruudist toimub \u00fcmberlaadimistega kaubalaevadele, nt konteinerlaevadele.<\/p>\n<p>M\u00f5lemale nimetatud tingimustekogule saab lisada veel \u00fcksikuid riske, nt kauba vargus, r\u00f6\u00f6vimine, kadumine v\u00f5i vandalism.<\/p>\n<p>ICC (C) ja ICC (B) on k\u00fcll kliendile odavamad, kuid siiski kitsama kattega (kahju peab toimuma teatud riski tagaj\u00e4rjel). Seevastu <strong>ICC (A)<\/strong> klausli kate on oluliselt laiem \u2013 ei ole t\u00e4htis, millise riski tagaj\u00e4rjel kahju toimub (nn all-risk-kindlustus).<\/p>\n<p>[\/et_pb_toggle][et_pb_text _builder_version=&#8221;4.27.4&#8243; _module_preset=&#8221;default&#8221; custom_margin=&#8221;||-5px|||&#8221; hover_enabled=&#8221;0&#8243; global_colors_info=&#8221;{}&#8221; sticky_enabled=&#8221;0&#8243;]<\/p>\n<p>T\u00e4isveosekindlustuse hind s\u00f5ltub nii marsruudist, transpordiliigist ja pakendist kui kaubaliigist ja kauba maksumusest.<\/p>\n<p><strong>Nii veosekindlustuse kui ka vedaja ning ekspedeerija vastutuse puhul tuleb kindlasti arvestada, et ei kindlustusselts ega transpordifirma j\u00e4\u00e4 vastutavaks kahjude eest, kui kauba pakend ei sobi selle transportimiseks (tava j\u00e4rgi on see tootja ning kauba saatja risk), kui kaup saab kahjustada temale iseloomulike omaduste t\u00f5ttu (nt aurustub) v\u00f5i kui k\u00e4ivitub v\u00e4\u00e4ramatu j\u00f5ud ehk force majeure.<\/strong><\/p>\n<p>[\/et_pb_text][\/et_pb_column][\/et_pb_row][et_pb_row _builder_version=&#8221;4.19.4&#8243; _module_preset=&#8221;default&#8221; custom_padding=&#8221;17px|||||&#8221; global_colors_info=&#8221;{}&#8221;][et_pb_column type=&#8221;4_4&#8243; _builder_version=&#8221;4.19.4&#8243; _module_preset=&#8221;default&#8221; global_colors_info=&#8221;{}&#8221;][et_pb_toggle title=&#8221;Hea teada:&#8221; open=&#8221;on&#8221; icon_color=&#8221;#004f7c&#8221; toggle_icon=&#8221;&#xf05a;||fa||900&#8243; use_icon_font_size=&#8221;on&#8221; icon_font_size=&#8221;30px&#8221; open_icon_color=&#8221;#004f7c&#8221; open_toggle_icon=&#8221;&#xf05a;||fa||900&#8243; open_use_icon_font_size=&#8221;on&#8221; open_icon_font_size=&#8221;30px&#8221; _builder_version=&#8221;4.27.4&#8243; _module_preset=&#8221;default&#8221; hover_enabled=&#8221;0&#8243; global_colors_info=&#8221;{}&#8221; sticky_enabled=&#8221;0&#8243;]<\/p>\n<p>Veose kindlustust vahendab ACE Logistics, kuid kindlustuslepingu osapooled on klient ja kindlustusfirma.<\/p>\n<p>[\/et_pb_toggle][\/et_pb_column][\/et_pb_row][et_pb_row column_structure=&#8221;1_2,1_2&#8243; _builder_version=&#8221;4.27.4&#8243; _module_preset=&#8221;default&#8221; module_alignment=&#8221;center&#8221; custom_padding=&#8221;0px||21px|||&#8221; saved_tabs=&#8221;all&#8221; global_colors_info=&#8221;{}&#8221;][et_pb_column type=&#8221;1_2&#8243; _builder_version=&#8221;4.19.4&#8243; _module_preset=&#8221;default&#8221; global_colors_info=&#8221;{}&#8221;][et_pb_button button_url=&#8221;@ET-DC@eyJkeW5hbWljIjp0cnVlLCJjb250ZW50IjoicG9zdF9saW5rX3VybF9wYWdlIiwic2V0dGluZ3MiOnsicG9zdF9pZCI6IjE2MCJ9fQ==@&#8221; button_text=&#8221;V\u00f5ta meiega \u00fchendust&#8221; button_alignment=&#8221;center&#8221; admin_label=&#8221;Contact us&#8221; _builder_version=&#8221;4.27.4&#8243; _dynamic_attributes=&#8221;button_url&#8221; _module_preset=&#8221;default&#8221; custom_button=&#8221;on&#8221; button_border_width=&#8221;2px&#8221; button_icon=&#8221;&#xe090;||divi||400&#8243; button_icon_placement=&#8221;left&#8221; button_on_hover=&#8221;off&#8221; custom_margin=&#8221;||||false|false&#8221; custom_padding=&#8221;9px||9px||true|false&#8221; hover_enabled=&#8221;0&#8243; custom_css_main_element=&#8221;width: 100%;&#8221; global_colors_info=&#8221;{}&#8221; sticky_enabled=&#8221;0&#8243;][\/et_pb_button][\/et_pb_column][et_pb_column type=&#8221;1_2&#8243; _builder_version=&#8221;4.19.4&#8243; _module_preset=&#8221;default&#8221; global_colors_info=&#8221;{}&#8221;][et_pb_button button_url=&#8221;@ET-DC@eyJkeW5hbWljIjp0cnVlLCJjb250ZW50IjoicG9zdF9saW5rX3VybF9wYWdlIiwic2V0dGluZ3MiOnsicG9zdF9pZCI6IjMwMyJ9fQ==@&#8221; button_text=&#8221;K\u00fcsi hinnapakkumist&#8221; button_alignment=&#8221;center&#8221; admin_label=&#8221;Get a quote&#8221; _builder_version=&#8221;4.27.4&#8243; _dynamic_attributes=&#8221;button_url&#8221; _module_preset=&#8221;default&#8221; custom_button=&#8221;on&#8221; button_text_size=&#8221;20px&#8221; button_bg_color=&#8221;#004f7c&#8221; button_border_width=&#8221;2px&#8221; button_border_color=&#8221;#004f7c&#8221; button_icon=&#8221;&#xf15c;||fa||900&#8243; button_icon_placement=&#8221;left&#8221; button_on_hover=&#8221;off&#8221; custom_margin=&#8221;||||false|false&#8221; custom_padding=&#8221;9px||9px||true|false&#8221; hover_enabled=&#8221;0&#8243; button_border_color_last_edited=&#8221;off|desktop&#8221; custom_css_main_element=&#8221;width: 100%;&#8221; global_colors_info=&#8221;{}&#8221; button_border_color__hover_enabled=&#8221;on|hover&#8221; button_border_color__hover=&#8221;#004f7c&#8221; sticky_enabled=&#8221;0&#8243;][\/et_pb_button][\/et_pb_column][\/et_pb_row][\/et_pb_section]<\/p>\n","protected":false},"excerpt":{"rendered":"<p>ACE aitab kliente end ebameeldivuste vastu kaitsta. Vahendame veoste t\u00e4iskindlustust. Transpordi puhul katab kauba kadumise v\u00f5i selle v\u00e4\u00e4rtuse v\u00e4henemise vedaja vastutuskindlustus, mille h\u00fcvitise m\u00e4\u00e4r s\u00f5ltub konkreetsest transpordiliigist. Lisaks h\u00fcvitism\u00e4\u00e4rade piirangutele h\u00f5lmab vedaja vastutus ainult vedaja s\u00fc\u00fc t\u00f5ttu tekkinud kahjusid. Vedaja ei vastuta v\u00e4ltimatutel asjaoludel toimunud kahjude, nt r\u00f6\u00f6vi eest. lennutransport: k\u00f5ige rohkem 26 SDR-i kg [&hellip;]<\/p>\n","protected":false},"author":1,"featured_media":14616,"parent":1336,"menu_order":0,"comment_status":"closed","ping_status":"closed","template":"","meta":{"_et_pb_use_builder":"on","_et_pb_old_content":"","_et_gb_content_width":"","footnotes":""},"class_list":["post-1816","page","type-page","status-publish","has-post-thumbnail","hentry"],"yoast_head":"<!-- This site is optimized with the Yoast SEO plugin v26.8 - https:\/\/yoast.com\/product\/yoast-seo-wordpress\/ -->\n<title>Veosekindlustus - ACE Logistics Estonia<\/title>\n<meta name=\"description\" content=\"ACE Logistics soovitab teha veosekindlustuse kaupadele, mille v\u00e4\u00e4rtus on suurem, kui vedajavastutuskindlustus kataks. Loe lisaks siit.\" \/>\n<meta name=\"robots\" content=\"index, follow, max-snippet:-1, max-image-preview:large, max-video-preview:-1\" \/>\n<link rel=\"canonical\" href=\"https:\/\/www.acelogistics.eu\/ee\/et\/teenused\/veosekindlustus\/\" \/>\n<meta property=\"og:locale\" content=\"et_EE\" \/>\n<meta property=\"og:type\" content=\"article\" \/>\n<meta property=\"og:title\" content=\"Veosekindlustus - ACE Logistics Estonia\" \/>\n<meta property=\"og:description\" content=\"ACE Logistics soovitab teha veosekindlustuse kaupadele, mille v\u00e4\u00e4rtus on suurem, kui vedajavastutuskindlustus kataks. Loe lisaks siit.\" \/>\n<meta property=\"og:url\" content=\"https:\/\/www.acelogistics.eu\/ee\/et\/teenused\/veosekindlustus\/\" \/>\n<meta property=\"og:site_name\" content=\"ACE Logistics Estonia\" \/>\n<meta property=\"article:modified_time\" content=\"2026-04-06T08:39:43+00:00\" \/>\n<meta property=\"og:image\" content=\"https:\/\/www.acelogistics.eu\/ee\/wp-content\/uploads\/sites\/2\/2023\/01\/background_insurance.jpg\" \/>\n\t<meta property=\"og:image:width\" content=\"1900\" \/>\n\t<meta property=\"og:image:height\" content=\"350\" \/>\n\t<meta property=\"og:image:type\" content=\"image\/jpeg\" \/>\n<meta name=\"twitter:card\" content=\"summary_large_image\" \/>\n<meta name=\"twitter:label1\" content=\"Est. reading time\" \/>\n\t<meta name=\"twitter:data1\" content=\"2 minutit\" \/>\n<script type=\"application\/ld+json\" class=\"yoast-schema-graph\">{\"@context\":\"https:\/\/schema.org\",\"@graph\":[{\"@type\":\"WebPage\",\"@id\":\"https:\/\/www.acelogistics.eu\/ee\/et\/teenused\/veosekindlustus\/\",\"url\":\"https:\/\/www.acelogistics.eu\/ee\/et\/teenused\/veosekindlustus\/\",\"name\":\"Veosekindlustus - ACE Logistics Estonia\",\"isPartOf\":{\"@id\":\"https:\/\/www.acelogistics.eu\/ee\/en\/#website\"},\"primaryImageOfPage\":{\"@id\":\"https:\/\/www.acelogistics.eu\/ee\/et\/teenused\/veosekindlustus\/#primaryimage\"},\"image\":{\"@id\":\"https:\/\/www.acelogistics.eu\/ee\/et\/teenused\/veosekindlustus\/#primaryimage\"},\"thumbnailUrl\":\"https:\/\/www.acelogistics.eu\/ee\/wp-content\/uploads\/sites\/2\/2023\/01\/background_insurance.jpg\",\"datePublished\":\"2023-01-13T07:34:14+00:00\",\"dateModified\":\"2026-04-06T08:39:43+00:00\",\"description\":\"ACE Logistics soovitab teha veosekindlustuse kaupadele, mille v\u00e4\u00e4rtus on suurem, kui vedajavastutuskindlustus kataks. Loe lisaks siit.\",\"breadcrumb\":{\"@id\":\"https:\/\/www.acelogistics.eu\/ee\/et\/teenused\/veosekindlustus\/#breadcrumb\"},\"inLanguage\":\"et\",\"potentialAction\":[{\"@type\":\"ReadAction\",\"target\":[\"https:\/\/www.acelogistics.eu\/ee\/et\/teenused\/veosekindlustus\/\"]}]},{\"@type\":\"ImageObject\",\"inLanguage\":\"et\",\"@id\":\"https:\/\/www.acelogistics.eu\/ee\/et\/teenused\/veosekindlustus\/#primaryimage\",\"url\":\"https:\/\/www.acelogistics.eu\/ee\/wp-content\/uploads\/sites\/2\/2023\/01\/background_insurance.jpg\",\"contentUrl\":\"https:\/\/www.acelogistics.eu\/ee\/wp-content\/uploads\/sites\/2\/2023\/01\/background_insurance.jpg\",\"width\":1900,\"height\":350},{\"@type\":\"BreadcrumbList\",\"@id\":\"https:\/\/www.acelogistics.eu\/ee\/et\/teenused\/veosekindlustus\/#breadcrumb\",\"itemListElement\":[{\"@type\":\"ListItem\",\"position\":1,\"name\":\"Home\",\"item\":\"https:\/\/www.acelogistics.eu\/ee\/et\/\"},{\"@type\":\"ListItem\",\"position\":2,\"name\":\"Teenused\",\"item\":\"https:\/\/www.acelogistics.eu\/ee\/et\/teenused\/\"},{\"@type\":\"ListItem\",\"position\":3,\"name\":\"Veosekindlustus\"}]},{\"@type\":\"WebSite\",\"@id\":\"https:\/\/www.acelogistics.eu\/ee\/en\/#website\",\"url\":\"https:\/\/www.acelogistics.eu\/ee\/en\/\",\"name\":\"ACE Logistics Estonia\",\"description\":\"\",\"potentialAction\":[{\"@type\":\"SearchAction\",\"target\":{\"@type\":\"EntryPoint\",\"urlTemplate\":\"https:\/\/www.acelogistics.eu\/ee\/en\/?s={search_term_string}\"},\"query-input\":{\"@type\":\"PropertyValueSpecification\",\"valueRequired\":true,\"valueName\":\"search_term_string\"}}],\"inLanguage\":\"et\"}]}<\/script>\n<!-- \/ Yoast SEO plugin. -->","yoast_head_json":{"title":"Veosekindlustus - ACE Logistics Estonia","description":"ACE Logistics soovitab teha veosekindlustuse kaupadele, mille v\u00e4\u00e4rtus on suurem, kui vedajavastutuskindlustus kataks. Loe lisaks siit.","robots":{"index":"index","follow":"follow","max-snippet":"max-snippet:-1","max-image-preview":"max-image-preview:large","max-video-preview":"max-video-preview:-1"},"canonical":"https:\/\/www.acelogistics.eu\/ee\/et\/teenused\/veosekindlustus\/","og_locale":"et_EE","og_type":"article","og_title":"Veosekindlustus - ACE Logistics Estonia","og_description":"ACE Logistics soovitab teha veosekindlustuse kaupadele, mille v\u00e4\u00e4rtus on suurem, kui vedajavastutuskindlustus kataks. Loe lisaks siit.","og_url":"https:\/\/www.acelogistics.eu\/ee\/et\/teenused\/veosekindlustus\/","og_site_name":"ACE Logistics Estonia","article_modified_time":"2026-04-06T08:39:43+00:00","og_image":[{"width":1900,"height":350,"url":"https:\/\/www.acelogistics.eu\/ee\/wp-content\/uploads\/sites\/2\/2023\/01\/background_insurance.jpg","type":"image\/jpeg"}],"twitter_card":"summary_large_image","twitter_misc":{"Est. reading time":"2 minutit"},"schema":{"@context":"https:\/\/schema.org","@graph":[{"@type":"WebPage","@id":"https:\/\/www.acelogistics.eu\/ee\/et\/teenused\/veosekindlustus\/","url":"https:\/\/www.acelogistics.eu\/ee\/et\/teenused\/veosekindlustus\/","name":"Veosekindlustus - ACE Logistics Estonia","isPartOf":{"@id":"https:\/\/www.acelogistics.eu\/ee\/en\/#website"},"primaryImageOfPage":{"@id":"https:\/\/www.acelogistics.eu\/ee\/et\/teenused\/veosekindlustus\/#primaryimage"},"image":{"@id":"https:\/\/www.acelogistics.eu\/ee\/et\/teenused\/veosekindlustus\/#primaryimage"},"thumbnailUrl":"https:\/\/www.acelogistics.eu\/ee\/wp-content\/uploads\/sites\/2\/2023\/01\/background_insurance.jpg","datePublished":"2023-01-13T07:34:14+00:00","dateModified":"2026-04-06T08:39:43+00:00","description":"ACE Logistics soovitab teha veosekindlustuse kaupadele, mille v\u00e4\u00e4rtus on suurem, kui vedajavastutuskindlustus kataks. Loe lisaks siit.","breadcrumb":{"@id":"https:\/\/www.acelogistics.eu\/ee\/et\/teenused\/veosekindlustus\/#breadcrumb"},"inLanguage":"et","potentialAction":[{"@type":"ReadAction","target":["https:\/\/www.acelogistics.eu\/ee\/et\/teenused\/veosekindlustus\/"]}]},{"@type":"ImageObject","inLanguage":"et","@id":"https:\/\/www.acelogistics.eu\/ee\/et\/teenused\/veosekindlustus\/#primaryimage","url":"https:\/\/www.acelogistics.eu\/ee\/wp-content\/uploads\/sites\/2\/2023\/01\/background_insurance.jpg","contentUrl":"https:\/\/www.acelogistics.eu\/ee\/wp-content\/uploads\/sites\/2\/2023\/01\/background_insurance.jpg","width":1900,"height":350},{"@type":"BreadcrumbList","@id":"https:\/\/www.acelogistics.eu\/ee\/et\/teenused\/veosekindlustus\/#breadcrumb","itemListElement":[{"@type":"ListItem","position":1,"name":"Home","item":"https:\/\/www.acelogistics.eu\/ee\/et\/"},{"@type":"ListItem","position":2,"name":"Teenused","item":"https:\/\/www.acelogistics.eu\/ee\/et\/teenused\/"},{"@type":"ListItem","position":3,"name":"Veosekindlustus"}]},{"@type":"WebSite","@id":"https:\/\/www.acelogistics.eu\/ee\/en\/#website","url":"https:\/\/www.acelogistics.eu\/ee\/en\/","name":"ACE Logistics Estonia","description":"","potentialAction":[{"@type":"SearchAction","target":{"@type":"EntryPoint","urlTemplate":"https:\/\/www.acelogistics.eu\/ee\/en\/?s={search_term_string}"},"query-input":{"@type":"PropertyValueSpecification","valueRequired":true,"valueName":"search_term_string"}}],"inLanguage":"et"}]}},"_links":{"self":[{"href":"https:\/\/www.acelogistics.eu\/ee\/et\/wp-json\/wp\/v2\/pages\/1816","targetHints":{"allow":["GET"]}}],"collection":[{"href":"https:\/\/www.acelogistics.eu\/ee\/et\/wp-json\/wp\/v2\/pages"}],"about":[{"href":"https:\/\/www.acelogistics.eu\/ee\/et\/wp-json\/wp\/v2\/types\/page"}],"author":[{"embeddable":true,"href":"https:\/\/www.acelogistics.eu\/ee\/et\/wp-json\/wp\/v2\/users\/1"}],"replies":[{"embeddable":true,"href":"https:\/\/www.acelogistics.eu\/ee\/et\/wp-json\/wp\/v2\/comments?post=1816"}],"version-history":[{"count":22,"href":"https:\/\/www.acelogistics.eu\/ee\/et\/wp-json\/wp\/v2\/pages\/1816\/revisions"}],"predecessor-version":[{"id":18840,"href":"https:\/\/www.acelogistics.eu\/ee\/et\/wp-json\/wp\/v2\/pages\/1816\/revisions\/18840"}],"up":[{"embeddable":true,"href":"https:\/\/www.acelogistics.eu\/ee\/et\/wp-json\/wp\/v2\/pages\/1336"}],"wp:featuredmedia":[{"embeddable":true,"href":"https:\/\/www.acelogistics.eu\/ee\/et\/wp-json\/wp\/v2\/media\/14616"}],"wp:attachment":[{"href":"https:\/\/www.acelogistics.eu\/ee\/et\/wp-json\/wp\/v2\/media?parent=1816"}],"curies":[{"name":"wp","href":"https:\/\/api.w.org\/{rel}","templated":true}]}}