{"id":18207,"date":"2026-01-26T13:49:32","date_gmt":"2026-01-26T11:49:32","guid":{"rendered":"https:\/\/www.acelogistics.eu\/ee\/?page_id=18207"},"modified":"2026-04-06T11:48:40","modified_gmt":"2026-04-06T08:48:40","slug":"eetikakoodeks-aripartneritele","status":"publish","type":"page","link":"https:\/\/www.acelogistics.eu\/ee\/et\/ettevottest\/eetikakoodeks-aripartneritele\/","title":{"rendered":"Eetikakoodeks \u00e4ripartneritele"},"content":{"rendered":"<p>[et_pb_section fb_built=&#8221;1&#8243; _builder_version=&#8221;4.27.5&#8243; _module_preset=&#8221;default&#8221; custom_margin=&#8221;||96px||false|false&#8221; custom_padding=&#8221;0px||6px|||&#8221; locked=&#8221;off&#8221; global_colors_info=&#8221;{}&#8221;][et_pb_row _builder_version=&#8221;4.27.4&#8243; _module_preset=&#8221;default&#8221; custom_margin=&#8221;60px||||false|false&#8221; custom_padding=&#8221;0px||0px|||&#8221; global_colors_info=&#8221;{}&#8221;][et_pb_column type=&#8221;4_4&#8243; _builder_version=&#8221;4.19.4&#8243; _module_preset=&#8221;default&#8221; global_colors_info=&#8221;{}&#8221;][et_pb_text _builder_version=&#8221;4.27.5&#8243; _module_preset=&#8221;default&#8221; global_colors_info=&#8221;{}&#8221;]<\/p>\n<h2><strong>EETIKAKOODEKS \u00c4RIPARTNERITELE<\/strong><\/h2>\n<p>[\/et_pb_text][et_pb_text _builder_version=&#8221;4.27.5&#8243; _module_preset=&#8221;default&#8221; hover_enabled=&#8221;0&#8243; global_colors_info=&#8221;{}&#8221; sticky_enabled=&#8221;0&#8243;]<\/p>\n<p>ACE Logisticsis usume, et eetiline k\u00e4itumine, seaduste j\u00e4rgimine ning inim- ja keskkonna\u00f5iguste austamine on kestliku \u00e4ritegevuse aluseks. Meie v\u00e4\u00e4rtused &#8211; ausus, vastutustunne, usaldusv\u00e4\u00e4rsus ja koost\u00f6\u00f6 &#8211; juhivad ka meie suhteid tarnijate, allt\u00f6\u00f6v\u00f5tjate ja teiste \u00e4ripartneritega.<\/p>\n<p>K\u00e4esolevas koodeksis kasutatakse m\u00f5istet \u201e\u00e4ripartner\u201c k\u00f5igi ACE Logisticsi tarnijate, allt\u00f6\u00f6v\u00f5tjate ja muude koost\u00f6\u00f6partnerite kohta. Antud eetikakoodeks (edaspidi \u201eKoodeks\u201c) s\u00e4testab p\u00f5him\u00f5tted ja ootused, millest l\u00e4htumist eeldame oma \u00e4ripartneritelt ACE Logisticsiga koost\u00f6\u00f6d tehes.<\/p>\n<p>ACE Logisticsiga \u00e4risuhtesse astudes kinnitab \u00e4ripartner, et on k\u00e4esoleva eetikakoodeksi l\u00e4bi lugenud, sellest aru saanud ning n\u00f5ustub j\u00e4rgima selles s\u00e4testatud p\u00f5him\u00f5tteid.<\/p>\n<p>[\/et_pb_text][\/et_pb_column][\/et_pb_row][et_pb_row _builder_version=&#8221;4.19.4&#8243; _module_preset=&#8221;default&#8221; custom_padding=&#8221;||0px|||&#8221; global_colors_info=&#8221;{}&#8221;][et_pb_column type=&#8221;4_4&#8243; _builder_version=&#8221;4.19.4&#8243; _module_preset=&#8221;default&#8221; global_colors_info=&#8221;{}&#8221;][et_pb_toggle title=&#8221;1. \u00dcLDP\u00d5HIM\u00d5TTED&#8221; title_tablet=&#8221;1. \u00dcLDP\u00d5HIM\u00d5TTED&#8221; title_phone=&#8221;1. \u00dcLDP\u00d5HIM\u00d5TTED&#8221; title_last_edited=&#8221;on|desktop&#8221; _builder_version=&#8221;4.27.5&#8243; _module_preset=&#8221;default&#8221; title_line_height_tablet=&#8221;&#8221; title_line_height_phone=&#8221;&#8221; title_line_height_last_edited=&#8221;on|phone&#8221; global_colors_info=&#8221;{}&#8221;]<\/p>\n<p>ACE Logistics ootab oma \u00e4ripartneritelt, et nad:<\/p>\n<ul>\n<li>tegutsevad koosk\u00f5las k\u00f5igi kohalike, riiklike ja rahvusvaheliste kehtivate seaduste ja m\u00e4\u00e4rustega, sealhulgas t\u00f6\u00f6-, keskkonna- ja korruptsioonivastaste \u00f5igusaktidega;<br \/>\u2022 j\u00e4rgivad aususe, \u00f5igluse ja ausameelsuse p\u00f5him\u00f5tteid k\u00f5igis \u00e4ritegevustes;<br \/>\u2022 rakendavad k\u00e4esoleva Koodeksi p\u00f5him\u00f5tteid kogu oma tarneahelas.<\/li>\n<\/ul>\n<p>[\/et_pb_toggle][et_pb_toggle title=&#8221;2. INIM\u00d5IGUSED JA T\u00d6\u00d6STANDARDID&#8221; title_tablet=&#8221;2. INIM\u00d5IGUSED JA T\u00d6\u00d6STANDARDID&#8221; title_phone=&#8221;2. INIM\u00d5IGUSED JA T\u00d6\u00d6STANDARDID&#8221; title_last_edited=&#8221;on|desktop&#8221; _builder_version=&#8221;4.27.5&#8243; _module_preset=&#8221;default&#8221; title_line_height=&#8221;1.4em&#8221; global_colors_info=&#8221;{}&#8221;]<\/p>\n<p>ACE Logistics ootab oma \u00e4ripartneritelt, et nad:<\/p>\n<ul>\n<li>austavad ja edendavad rahvusvaheliselt tunnustatud inim\u00f5igusi;<br \/>\u2022 (keelavad igasuguse sunniviisilise v\u00f5i tahtevastase t\u00f6\u00f6, sealhulgas v\u00f5laorjuse)<br \/>\u2022 ei kasuta ega toeta lapst\u00f6\u00f6j\u00f5udu \u00fchelgi kujul;<strong><br \/>\u2022 <\/strong>tagavad mittediskrimineeriva ja lugupidava t\u00f6\u00f6keskkonna, mis on vaba ahistamisest, v\u00e4\u00e4rkohtlemisest ja k\u00e4ttemaksust;<br \/>\u2022 tunnustavad t\u00f6\u00f6tajate \u00f5igust \u00fchinemisvabadusele ja kollektiivl\u00e4bir\u00e4\u00e4kimistele;<br \/>\u2022 tagavad ohutud, h\u00fcgieenilised ja tervislikud t\u00f6\u00f6tingimused;<br \/>\u2022 maksavad \u00f5iglast t\u00f6\u00f6tasu ning j\u00e4rgivad t\u00f6\u00f6aja regulatsioone vastavalt riiklikele seadustele ja rahvusvahelistele standarditele.<\/li>\n<\/ul>\n<p>[\/et_pb_toggle][et_pb_toggle title=&#8221;3. \u00d5IGLANE \u00c4RITEGEVUS&#8221; title_tablet=&#8221;3. \u00d5IGLANE \u00c4RITEGEVUS&#8221; title_phone=&#8221;3. \u00d5IGLANE \u00c4RITEGEVUS&#8221; title_last_edited=&#8221;on|desktop&#8221; _builder_version=&#8221;4.27.5&#8243; _module_preset=&#8221;default&#8221; title_line_height_tablet=&#8221;&#8221; title_line_height_phone=&#8221;1.4em&#8221; title_line_height_last_edited=&#8221;on|phone&#8221; global_colors_info=&#8221;{}&#8221;]<\/p>\n<p>ACE Logisticsi \u00e4ripartnerid peavad:<\/p>\n<ul>\n<li>konkureerima ausalt ja v\u00e4ltima igasugust konkurentsivastast tegevust, nagu hinnakokkulepped, turgude jagamine v\u00f5i muu kokkum\u00e4ng;<br \/>\u2022 hoiduma igasugusest altk\u00e4emaksust, korruptsioonist v\u00f5i sobimatu eelise pakkumisest ning mitte sallima sellist tegevust;<br \/>\u2022 v\u00e4ltima huvide konflikte ACE Logisticsiga suhtlemisel ning neist viivitamatult teatama;<br \/>\u2022 hoiduma kingituste, kutsete v\u00f5i h\u00fcvede pakkumisest ACE Logisticsi t\u00f6\u00f6tajatele v\u00f5i esindajatele, mis v\u00f5iksid m\u00f5jutada nende erapooletust.<\/li>\n<\/ul>\n<p>[\/et_pb_toggle][et_pb_toggle title=&#8221;4. KESKKONNAVASTUTUS&#8221; title_tablet=&#8221;4. KESKKONNAVASTUTUS&#8221; title_phone=&#8221;4. KESKKONNAVASTUTUS&#8221; title_last_edited=&#8221;on|desktop&#8221; _builder_version=&#8221;4.27.5&#8243; _module_preset=&#8221;default&#8221; title_line_height=&#8221;1.4em&#8221; global_colors_info=&#8221;{}&#8221;]<\/p>\n<p>ACE Logistics ootab oma \u00e4ripartneritelt, et nad:<\/p>\n<ul>\n<li>j\u00e4rgivad k\u00f5iki kehtivaid keskkonnaalaseid seadusi ja m\u00e4\u00e4rusi;<br \/>\u2022 p\u00fc\u00fcavad minimeerida keskkonnam\u00f5jusid ning kasutada loodusressursse t\u00f5husalt;<br \/>\u2022 edendavad heitmete, j\u00e4\u00e4tmete ja keskkonnariskide v\u00e4hendamist;<br \/>\u2022 rakendavad samu standardeid oma allt\u00f6\u00f6v\u00f5tjatele ja partneritele kogu tarneahelas.<\/li>\n<\/ul>\n<p>[\/et_pb_toggle][et_pb_toggle title=&#8221;5. ANDMEKAITSE JA INFOTURVE&#8221; title_tablet=&#8221;5. ANDMEKAITSE JA INFOTURVE&#8221; title_phone=&#8221;5. ANDMEKAITSE JA INFOTURVE&#8221; title_last_edited=&#8221;on|desktop&#8221; _builder_version=&#8221;4.27.5&#8243; _module_preset=&#8221;default&#8221; global_colors_info=&#8221;{}&#8221;]<\/p>\n<p>ACE Logisticsi \u00e4ripartnerid on kohustatud:<\/p>\n<ul>\n<li>k\u00e4sitlema isiku- ja konfidentsiaalseid andmeid vastavalt kehtivatele andmekaitseseadustele;<br \/>\u2022 tagama ACE Logisticsi andmete turvalise s\u00e4ilitamise, t\u00f6\u00f6tlemise ja edastamise;<br \/>\u2022 kasutama ACE Logisticsi konfidentsiaalset teavet \u00fcksnes lepinguliste kohustuste t\u00e4itmise eesm\u00e4rgil.<\/li>\n<\/ul>\n<p>[\/et_pb_toggle][et_pb_toggle title=&#8221;6. ALLT\u00d6\u00d6V\u00d5TJAD JA TARNEAHELA VASTUTUS&#8221; title_tablet=&#8221;6. ALLT\u00d6\u00d6V\u00d5TJAD JA TARNEAHELA VASTUTUS&#8221; title_phone=&#8221;6. ALLT\u00d6\u00d6V\u00d5TJAD JA TARNEAHELA VASTUTUS&#8221; title_last_edited=&#8221;on|desktop&#8221; _builder_version=&#8221;4.27.5&#8243; _module_preset=&#8221;default&#8221; global_colors_info=&#8221;{}&#8221;]<\/p>\n<ul>\n<li>\u00c4ripartnerid peavad tagama, et ka nende tarnijad ja allt\u00f6\u00f6v\u00f5tjad j\u00e4rgivad k\u00e4esolevat Koodeksit.<\/li>\n<li>K\u00e4esoleva Koodeksi p\u00f5him\u00f5tted tuleb edastada ja j\u00f5ustada kogu \u00e4ripartneri tarneahelas.<\/li>\n<\/ul>\n<p>[\/et_pb_toggle][et_pb_toggle title=&#8221;7. N\u00d5UETE T\u00c4ITMISE J\u00c4LGIMINE JA TAGAJ\u00c4RJED&#8221; title_tablet=&#8221;7. N\u00d5UETE T\u00c4ITMISE J\u00c4LGIMINE JA TAGAJ\u00c4RJED&#8221; title_phone=&#8221;7. N\u00d5UETE T\u00c4ITMISE J\u00c4LGIMINE JA TAGAJ\u00c4RJED&#8221; title_last_edited=&#8221;on|desktop&#8221; _builder_version=&#8221;4.27.5&#8243; _module_preset=&#8221;default&#8221; title_font_size=&#8221;16px&#8221; title_line_height=&#8221;1.4em&#8221; title_font_size_tablet=&#8221;16px&#8221; title_font_size_phone=&#8221;15px&#8221; title_font_size_last_edited=&#8221;on|desktop&#8221; title_line_height_tablet=&#8221;1.4em&#8221; title_line_height_phone=&#8221;1.4em&#8221; title_line_height_last_edited=&#8221;on|phone&#8221; global_colors_info=&#8221;{}&#8221;]<\/p>\n<p>ACE Logistics j\u00e4tab endale \u00f5iguse hinnata ja j\u00e4lgida k\u00e4esoleva Koodeksi t\u00e4itmist auditite v\u00f5i \u00fclevaatuste kaudu. N\u00f5uete rikkumine v\u00f5ib kaasa tuua parandusmeetmete rakendamise, koost\u00f6\u00f6 peatamise v\u00f5i \u00e4risuhte l\u00f5petamise.<\/p>\n<p>[\/et_pb_toggle][et_pb_toggle title=&#8221;8. RIKKUMISTEST TEATAMINE&#8221; title_tablet=&#8221;8. RIKKUMISTEST TEATAMINE&#8221; title_phone=&#8221;8. RIKKUMISTEST TEATAMINE&#8221; title_last_edited=&#8221;on|desktop&#8221; _builder_version=&#8221;4.27.5&#8243; _module_preset=&#8221;default&#8221; title_line_height=&#8221;1.4em&#8221; global_colors_info=&#8221;{}&#8221;]<\/p>\n<p>\u00c4ripartnereid julgustatakse teatama k\u00f5igist kahtlustatavatest Koodeksi rikkumistest. Teateid saab esitada konfidentsiaalselt ACE Logisticsi poolt loodud vastava suhtluskanali kaudu:<br \/><a href=\"mailto:speakup@ace.ee\">speakup@ace.ee<\/a><\/p>\n<p>[\/et_pb_toggle][\/et_pb_column][\/et_pb_row][\/et_pb_section]<\/p>\n","protected":false},"excerpt":{"rendered":"<p>EETIKAKOODEKS \u00c4RIPARTNERITELEACE Logisticsis usume, et eetiline k\u00e4itumine, seaduste j\u00e4rgimine ning inim- ja keskkonna\u00f5iguste austamine on kestliku \u00e4ritegevuse aluseks. Meie v\u00e4\u00e4rtused &#8211; ausus, vastutustunne, usaldusv\u00e4\u00e4rsus ja koost\u00f6\u00f6 &#8211; juhivad ka meie suhteid tarnijate, allt\u00f6\u00f6v\u00f5tjate ja teiste \u00e4ripartneritega. K\u00e4esolevas koodeksis kasutatakse m\u00f5istet \u201e\u00e4ripartner\u201c k\u00f5igi ACE Logisticsi tarnijate, allt\u00f6\u00f6v\u00f5tjate ja muude koost\u00f6\u00f6partnerite kohta. Antud eetikakoodeks (edaspidi \u201eKoodeks\u201c) s\u00e4testab [&hellip;]<\/p>\n","protected":false},"author":1,"featured_media":18846,"parent":1885,"menu_order":0,"comment_status":"closed","ping_status":"closed","template":"","meta":{"_et_pb_use_builder":"on","_et_pb_old_content":"<!-- wp:divi\/placeholder \/-->","_et_gb_content_width":"","footnotes":""},"class_list":["post-18207","page","type-page","status-publish","has-post-thumbnail","hentry"],"yoast_head":"<!-- This site is optimized with the Yoast SEO plugin v26.8 - https:\/\/yoast.com\/product\/yoast-seo-wordpress\/ -->\n<title>Eetikakoodeks \u00e4ripartneritele - ACE Logistics Estonia<\/title>\n<meta name=\"description\" content=\"ACE Logisticsis usume, et eetiline k\u00e4itumine, seaduste j\u00e4rgimine ning inim- ja keskkonna\u00f5iguste austamine on kestliku \u00e4ritegevuse aluseks.\" \/>\n<meta name=\"robots\" content=\"index, follow, max-snippet:-1, max-image-preview:large, max-video-preview:-1\" \/>\n<link rel=\"canonical\" href=\"https:\/\/www.acelogistics.eu\/ee\/et\/ettevottest\/eetikakoodeks-aripartneritele\/\" \/>\n<meta property=\"og:locale\" content=\"et_EE\" \/>\n<meta property=\"og:type\" content=\"article\" \/>\n<meta property=\"og:title\" content=\"Eetikakoodeks \u00e4ripartneritele - ACE Logistics Estonia\" \/>\n<meta property=\"og:description\" content=\"ACE Logisticsis usume, et eetiline k\u00e4itumine, seaduste j\u00e4rgimine ning inim- ja keskkonna\u00f5iguste austamine on kestliku \u00e4ritegevuse aluseks.\" \/>\n<meta property=\"og:url\" content=\"https:\/\/www.acelogistics.eu\/ee\/et\/ettevottest\/eetikakoodeks-aripartneritele\/\" \/>\n<meta property=\"og:site_name\" content=\"ACE Logistics Estonia\" \/>\n<meta property=\"article:modified_time\" content=\"2026-04-06T08:48:40+00:00\" \/>\n<meta property=\"og:image\" content=\"https:\/\/www.acelogistics.eu\/ee\/wp-content\/uploads\/sites\/2\/2026\/04\/Eetikakoodeks.jpg\" \/>\n\t<meta property=\"og:image:width\" content=\"2560\" \/>\n\t<meta property=\"og:image:height\" content=\"1299\" \/>\n\t<meta property=\"og:image:type\" content=\"image\/jpeg\" \/>\n<meta name=\"twitter:card\" content=\"summary_large_image\" \/>\n<meta name=\"twitter:label1\" content=\"Est. reading time\" \/>\n\t<meta name=\"twitter:data1\" content=\"3 minutit\" \/>\n<script type=\"application\/ld+json\" class=\"yoast-schema-graph\">{\"@context\":\"https:\/\/schema.org\",\"@graph\":[{\"@type\":\"WebPage\",\"@id\":\"https:\/\/www.acelogistics.eu\/ee\/et\/ettevottest\/eetikakoodeks-aripartneritele\/\",\"url\":\"https:\/\/www.acelogistics.eu\/ee\/et\/ettevottest\/eetikakoodeks-aripartneritele\/\",\"name\":\"Eetikakoodeks \u00e4ripartneritele - ACE Logistics Estonia\",\"isPartOf\":{\"@id\":\"https:\/\/www.acelogistics.eu\/ee\/en\/#website\"},\"primaryImageOfPage\":{\"@id\":\"https:\/\/www.acelogistics.eu\/ee\/et\/ettevottest\/eetikakoodeks-aripartneritele\/#primaryimage\"},\"image\":{\"@id\":\"https:\/\/www.acelogistics.eu\/ee\/et\/ettevottest\/eetikakoodeks-aripartneritele\/#primaryimage\"},\"thumbnailUrl\":\"https:\/\/www.acelogistics.eu\/ee\/wp-content\/uploads\/sites\/2\/2026\/04\/Eetikakoodeks.jpg\",\"datePublished\":\"2026-01-26T11:49:32+00:00\",\"dateModified\":\"2026-04-06T08:48:40+00:00\",\"description\":\"ACE Logisticsis usume, et eetiline k\u00e4itumine, seaduste j\u00e4rgimine ning inim- ja keskkonna\u00f5iguste austamine on kestliku \u00e4ritegevuse aluseks.\",\"breadcrumb\":{\"@id\":\"https:\/\/www.acelogistics.eu\/ee\/et\/ettevottest\/eetikakoodeks-aripartneritele\/#breadcrumb\"},\"inLanguage\":\"et\",\"potentialAction\":[{\"@type\":\"ReadAction\",\"target\":[\"https:\/\/www.acelogistics.eu\/ee\/et\/ettevottest\/eetikakoodeks-aripartneritele\/\"]}]},{\"@type\":\"ImageObject\",\"inLanguage\":\"et\",\"@id\":\"https:\/\/www.acelogistics.eu\/ee\/et\/ettevottest\/eetikakoodeks-aripartneritele\/#primaryimage\",\"url\":\"https:\/\/www.acelogistics.eu\/ee\/wp-content\/uploads\/sites\/2\/2026\/04\/Eetikakoodeks.jpg\",\"contentUrl\":\"https:\/\/www.acelogistics.eu\/ee\/wp-content\/uploads\/sites\/2\/2026\/04\/Eetikakoodeks.jpg\",\"width\":2560,\"height\":1299},{\"@type\":\"BreadcrumbList\",\"@id\":\"https:\/\/www.acelogistics.eu\/ee\/et\/ettevottest\/eetikakoodeks-aripartneritele\/#breadcrumb\",\"itemListElement\":[{\"@type\":\"ListItem\",\"position\":1,\"name\":\"Home\",\"item\":\"https:\/\/www.acelogistics.eu\/ee\/et\/\"},{\"@type\":\"ListItem\",\"position\":2,\"name\":\"Ettev\u00f5ttest\",\"item\":\"https:\/\/www.acelogistics.eu\/ee\/et\/ettevottest\/\"},{\"@type\":\"ListItem\",\"position\":3,\"name\":\"Eetikakoodeks \u00e4ripartneritele\"}]},{\"@type\":\"WebSite\",\"@id\":\"https:\/\/www.acelogistics.eu\/ee\/en\/#website\",\"url\":\"https:\/\/www.acelogistics.eu\/ee\/en\/\",\"name\":\"ACE Logistics Estonia\",\"description\":\"\",\"potentialAction\":[{\"@type\":\"SearchAction\",\"target\":{\"@type\":\"EntryPoint\",\"urlTemplate\":\"https:\/\/www.acelogistics.eu\/ee\/en\/?s={search_term_string}\"},\"query-input\":{\"@type\":\"PropertyValueSpecification\",\"valueRequired\":true,\"valueName\":\"search_term_string\"}}],\"inLanguage\":\"et\"}]}<\/script>\n<!-- \/ Yoast SEO plugin. -->","yoast_head_json":{"title":"Eetikakoodeks \u00e4ripartneritele - ACE Logistics Estonia","description":"ACE Logisticsis usume, et eetiline k\u00e4itumine, seaduste j\u00e4rgimine ning inim- ja keskkonna\u00f5iguste austamine on kestliku \u00e4ritegevuse aluseks.","robots":{"index":"index","follow":"follow","max-snippet":"max-snippet:-1","max-image-preview":"max-image-preview:large","max-video-preview":"max-video-preview:-1"},"canonical":"https:\/\/www.acelogistics.eu\/ee\/et\/ettevottest\/eetikakoodeks-aripartneritele\/","og_locale":"et_EE","og_type":"article","og_title":"Eetikakoodeks \u00e4ripartneritele - ACE Logistics Estonia","og_description":"ACE Logisticsis usume, et eetiline k\u00e4itumine, seaduste j\u00e4rgimine ning inim- ja keskkonna\u00f5iguste austamine on kestliku \u00e4ritegevuse aluseks.","og_url":"https:\/\/www.acelogistics.eu\/ee\/et\/ettevottest\/eetikakoodeks-aripartneritele\/","og_site_name":"ACE Logistics Estonia","article_modified_time":"2026-04-06T08:48:40+00:00","og_image":[{"width":2560,"height":1299,"url":"https:\/\/www.acelogistics.eu\/ee\/wp-content\/uploads\/sites\/2\/2026\/04\/Eetikakoodeks.jpg","type":"image\/jpeg"}],"twitter_card":"summary_large_image","twitter_misc":{"Est. reading time":"3 minutit"},"schema":{"@context":"https:\/\/schema.org","@graph":[{"@type":"WebPage","@id":"https:\/\/www.acelogistics.eu\/ee\/et\/ettevottest\/eetikakoodeks-aripartneritele\/","url":"https:\/\/www.acelogistics.eu\/ee\/et\/ettevottest\/eetikakoodeks-aripartneritele\/","name":"Eetikakoodeks \u00e4ripartneritele - ACE Logistics Estonia","isPartOf":{"@id":"https:\/\/www.acelogistics.eu\/ee\/en\/#website"},"primaryImageOfPage":{"@id":"https:\/\/www.acelogistics.eu\/ee\/et\/ettevottest\/eetikakoodeks-aripartneritele\/#primaryimage"},"image":{"@id":"https:\/\/www.acelogistics.eu\/ee\/et\/ettevottest\/eetikakoodeks-aripartneritele\/#primaryimage"},"thumbnailUrl":"https:\/\/www.acelogistics.eu\/ee\/wp-content\/uploads\/sites\/2\/2026\/04\/Eetikakoodeks.jpg","datePublished":"2026-01-26T11:49:32+00:00","dateModified":"2026-04-06T08:48:40+00:00","description":"ACE Logisticsis usume, et eetiline k\u00e4itumine, seaduste j\u00e4rgimine ning inim- ja keskkonna\u00f5iguste austamine on kestliku \u00e4ritegevuse aluseks.","breadcrumb":{"@id":"https:\/\/www.acelogistics.eu\/ee\/et\/ettevottest\/eetikakoodeks-aripartneritele\/#breadcrumb"},"inLanguage":"et","potentialAction":[{"@type":"ReadAction","target":["https:\/\/www.acelogistics.eu\/ee\/et\/ettevottest\/eetikakoodeks-aripartneritele\/"]}]},{"@type":"ImageObject","inLanguage":"et","@id":"https:\/\/www.acelogistics.eu\/ee\/et\/ettevottest\/eetikakoodeks-aripartneritele\/#primaryimage","url":"https:\/\/www.acelogistics.eu\/ee\/wp-content\/uploads\/sites\/2\/2026\/04\/Eetikakoodeks.jpg","contentUrl":"https:\/\/www.acelogistics.eu\/ee\/wp-content\/uploads\/sites\/2\/2026\/04\/Eetikakoodeks.jpg","width":2560,"height":1299},{"@type":"BreadcrumbList","@id":"https:\/\/www.acelogistics.eu\/ee\/et\/ettevottest\/eetikakoodeks-aripartneritele\/#breadcrumb","itemListElement":[{"@type":"ListItem","position":1,"name":"Home","item":"https:\/\/www.acelogistics.eu\/ee\/et\/"},{"@type":"ListItem","position":2,"name":"Ettev\u00f5ttest","item":"https:\/\/www.acelogistics.eu\/ee\/et\/ettevottest\/"},{"@type":"ListItem","position":3,"name":"Eetikakoodeks \u00e4ripartneritele"}]},{"@type":"WebSite","@id":"https:\/\/www.acelogistics.eu\/ee\/en\/#website","url":"https:\/\/www.acelogistics.eu\/ee\/en\/","name":"ACE Logistics Estonia","description":"","potentialAction":[{"@type":"SearchAction","target":{"@type":"EntryPoint","urlTemplate":"https:\/\/www.acelogistics.eu\/ee\/en\/?s={search_term_string}"},"query-input":{"@type":"PropertyValueSpecification","valueRequired":true,"valueName":"search_term_string"}}],"inLanguage":"et"}]}},"_links":{"self":[{"href":"https:\/\/www.acelogistics.eu\/ee\/et\/wp-json\/wp\/v2\/pages\/18207","targetHints":{"allow":["GET"]}}],"collection":[{"href":"https:\/\/www.acelogistics.eu\/ee\/et\/wp-json\/wp\/v2\/pages"}],"about":[{"href":"https:\/\/www.acelogistics.eu\/ee\/et\/wp-json\/wp\/v2\/types\/page"}],"author":[{"embeddable":true,"href":"https:\/\/www.acelogistics.eu\/ee\/et\/wp-json\/wp\/v2\/users\/1"}],"replies":[{"embeddable":true,"href":"https:\/\/www.acelogistics.eu\/ee\/et\/wp-json\/wp\/v2\/comments?post=18207"}],"version-history":[{"count":14,"href":"https:\/\/www.acelogistics.eu\/ee\/et\/wp-json\/wp\/v2\/pages\/18207\/revisions"}],"predecessor-version":[{"id":18849,"href":"https:\/\/www.acelogistics.eu\/ee\/et\/wp-json\/wp\/v2\/pages\/18207\/revisions\/18849"}],"up":[{"embeddable":true,"href":"https:\/\/www.acelogistics.eu\/ee\/et\/wp-json\/wp\/v2\/pages\/1885"}],"wp:featuredmedia":[{"embeddable":true,"href":"https:\/\/www.acelogistics.eu\/ee\/et\/wp-json\/wp\/v2\/media\/18846"}],"wp:attachment":[{"href":"https:\/\/www.acelogistics.eu\/ee\/et\/wp-json\/wp\/v2\/media?parent=18207"}],"curies":[{"name":"wp","href":"https:\/\/api.w.org\/{rel}","templated":true}]}}