{"id":1878,"date":"2023-01-13T10:09:00","date_gmt":"2023-01-13T08:09:00","guid":{"rendered":"https:\/\/stiina.ability.ee\/ee\/?page_id=1878"},"modified":"2026-04-06T11:11:31","modified_gmt":"2026-04-06T08:11:31","slug":"eace-registreerimistaotlus","status":"publish","type":"page","link":"https:\/\/www.acelogistics.eu\/ee\/et\/teenused\/eace-registreerimistaotlus\/","title":{"rendered":"E-ace registreerimistaotlus"},"content":{"rendered":"<p>[et_pb_section fb_built=&#8221;1&#8243; _builder_version=&#8221;4.19.4&#8243; _module_preset=&#8221;default&#8221; custom_padding=&#8221;0px|||||&#8221; global_colors_info=&#8221;{}&#8221;][et_pb_row _builder_version=&#8221;4.27.4&#8243; _module_preset=&#8221;default&#8221; custom_padding=&#8221;55px||40px||false|false&#8221; hover_enabled=&#8221;0&#8243; global_colors_info=&#8221;{}&#8221; sticky_enabled=&#8221;0&#8243;][et_pb_column type=&#8221;4_4&#8243; _builder_version=&#8221;4.27.4&#8243; _module_preset=&#8221;default&#8221; global_colors_info=&#8221;{}&#8221;][et_pb_heading title=&#8221;@ET-DC@eyJkeW5hbWljIjp0cnVlLCJjb250ZW50IjoicG9zdF90aXRsZSIsInNldHRpbmdzIjp7ImJlZm9yZSI6IiIsImFmdGVyIjoiIn19@&#8221; _builder_version=&#8221;4.27.5&#8243; _dynamic_attributes=&#8221;title&#8221; _module_preset=&#8221;default&#8221; title_font=&#8221;&#8211;et_global_heading_font|700||on|||||&#8221; title_font_size=&#8221;26px&#8221; title_line_height=&#8221;1.3em&#8221; width=&#8221;100%&#8221; custom_margin=&#8221;||||false|false&#8221; custom_padding=&#8221;0px||||false|false&#8221; hover_enabled=&#8221;0&#8243; title_font_size_tablet=&#8221;26px&#8221; title_font_size_phone=&#8221;20px&#8221; title_font_size_last_edited=&#8221;on|phone&#8221; global_colors_info=&#8221;{}&#8221; sticky_enabled=&#8221;0&#8243;][\/et_pb_heading][\/et_pb_column][\/et_pb_row][et_pb_row _builder_version=&#8221;4.27.5&#8243; _module_preset=&#8221;default&#8221; width_tablet=&#8221;&#8221; width_phone=&#8221;&#8221; width_last_edited=&#8221;on|desktop&#8221; max_width_tablet=&#8221;&#8221; max_width_phone=&#8221;80%&#8221; max_width_last_edited=&#8221;on|phone&#8221; custom_padding=&#8221;0px|||||&#8221; global_colors_info=&#8221;{}&#8221;][et_pb_column type=&#8221;4_4&#8243; _builder_version=&#8221;4.19.4&#8243; _module_preset=&#8221;default&#8221; global_colors_info=&#8221;{}&#8221;][et_pb_text module_class=&#8221;contact-form-7-ace-contact&#8221; _builder_version=&#8221;4.27.5&#8243; _module_preset=&#8221;default&#8221; global_colors_info=&#8221;{}&#8221;]<\/p>\n<p>Soovin kasutada e-ace&#8217;i veotellimuste keskkonda.<\/p>\n\n<div class=\"wpcf7 no-js\" id=\"wpcf7-f1859-o1\" lang=\"en-US\" dir=\"ltr\" data-wpcf7-id=\"1859\">\n<div class=\"screen-reader-response\"><p role=\"status\" aria-live=\"polite\" aria-atomic=\"true\"><\/p> <ul><\/ul><\/div>\n<form action=\"\/ee\/et\/wp-json\/wp\/v2\/pages\/1878#wpcf7-f1859-o1\" method=\"post\" class=\"wpcf7-form init\" aria-label=\"Contact form\" novalidate=\"novalidate\" data-status=\"init\">\n<fieldset class=\"hidden-fields-container\"><input type=\"hidden\" name=\"_wpcf7\" value=\"1859\" \/><input type=\"hidden\" name=\"_wpcf7_version\" value=\"6.1.5\" \/><input type=\"hidden\" name=\"_wpcf7_locale\" value=\"en_US\" \/><input type=\"hidden\" name=\"_wpcf7_unit_tag\" value=\"wpcf7-f1859-o1\" \/><input type=\"hidden\" name=\"_wpcf7_container_post\" value=\"0\" \/><input type=\"hidden\" name=\"_wpcf7_posted_data_hash\" value=\"\" \/><input type=\"hidden\" name=\"_wpcf7cf_hidden_group_fields\" value=\"[]\" \/><input type=\"hidden\" name=\"_wpcf7cf_hidden_groups\" value=\"[]\" \/><input type=\"hidden\" name=\"_wpcf7cf_visible_groups\" value=\"[]\" \/><input type=\"hidden\" name=\"_wpcf7cf_repeaters\" value=\"[]\" \/><input type=\"hidden\" name=\"_wpcf7cf_steps\" value=\"{}\" \/><input type=\"hidden\" name=\"_wpcf7cf_options\" value=\"{&quot;form_id&quot;:1859,&quot;conditions&quot;:[],&quot;settings&quot;:{&quot;animation&quot;:&quot;yes&quot;,&quot;animation_intime&quot;:200,&quot;animation_outtime&quot;:200,&quot;conditions_ui&quot;:&quot;normal&quot;,&quot;notice_dismissed&quot;:false,&quot;notice_dismissed_rollback-cf7-5.7.2&quot;:true}}\" \/>\n<\/fieldset>\n<p><label> Nimi <span style=\"color: red\">*<\/span><br \/>\n<span class=\"wpcf7-form-control-wrap\" data-name=\"your-name\"><input size=\"40\" maxlength=\"400\" class=\"wpcf7-form-control wpcf7-text wpcf7-validates-as-required\" autocomplete=\"name\" aria-required=\"true\" aria-invalid=\"false\" value=\"\" type=\"text\" name=\"your-name\" \/><\/span> <\/label>\n<\/p>\n<p><label> Ettev\u00f5te <span style=\"color: red\">*<\/span><br \/>\n<span class=\"wpcf7-form-control-wrap\" data-name=\"your-company\"><input size=\"40\" maxlength=\"400\" class=\"wpcf7-form-control wpcf7-text wpcf7-validates-as-required\" aria-required=\"true\" aria-invalid=\"false\" value=\"\" type=\"text\" name=\"your-company\" \/><\/span> <\/label>\n<\/p>\n<p><label> E-posti aadress<span style=\"color: red\">*<\/span><br \/>\n<span class=\"wpcf7-form-control-wrap\" data-name=\"your-email\"><input size=\"40\" maxlength=\"400\" class=\"wpcf7-form-control wpcf7-email wpcf7-validates-as-required wpcf7-text wpcf7-validates-as-email\" autocomplete=\"email\" aria-required=\"true\" aria-invalid=\"false\" value=\"\" type=\"email\" name=\"your-email\" \/><\/span> <\/label>\n<\/p>\n<p><label> Telefon <span style=\"color: red\">*<\/span><br \/>\n<span class=\"wpcf7-form-control-wrap\" data-name=\"your-phone\"><input size=\"40\" maxlength=\"400\" class=\"wpcf7-form-control wpcf7-text wpcf7-validates-as-required\" aria-required=\"true\" aria-invalid=\"false\" value=\"\" type=\"text\" name=\"your-phone\" \/><\/span> <\/label>\n<\/p>\n<p><span id=\"wpcf7-69deff4599e41-wrapper\" class=\"wpcf7-form-control-wrap website-wrap\" style=\"display:none !important; visibility:hidden !important;\"><input type=\"hidden\" name=\"website-time-start\" value=\"1776222021\"><input type=\"hidden\" name=\"website-time-check\" value=\"6\"><label for=\"website-1\" class=\"hp-message\">Please leave this field empty.<\/label><input id=\"website-1\"  class=\"wpcf7-form-control wpcf7-text\" type=\"text\" name=\"website\" value=\"\" size=\"40\" tabindex=\"-1\" autocomplete=\"new-password\" \/><\/span>\n<\/p>\n<div class=\"form-send-button\">\n\t<p><input class=\"wpcf7-form-control wpcf7-submit has-spinner\" type=\"submit\" value=\"Saada\" \/>\n\t<\/p>\n<\/div><div class=\"wpcf7-response-output\" aria-hidden=\"true\"><\/div>\n<\/form>\n<\/div>\n\n<p>[\/et_pb_text][et_pb_code _builder_version=&#8221;4.27.5&#8243; _module_preset=&#8221;default&#8221; global_colors_info=&#8221;{}&#8221;]<\/p>\n<style><!-- [et_pb_line_break_holder] -->.contact-form-7-ace-contact {<!-- [et_pb_line_break_holder] -->font-family: inter;<!-- [et_pb_line_break_holder] -->}<!-- [et_pb_line_break_holder] -->.contact-form-7-ace-contact label {<!-- [et_pb_line_break_holder] -->font-family: inter;<!-- [et_pb_line_break_holder] -->}<!-- [et_pb_line_break_holder] -->.contact-form-7-ace-contact form {<!-- [et_pb_line_break_holder] -->margin-top: 12px;<!-- [et_pb_line_break_holder] -->}<!-- [et_pb_line_break_holder] -->.contact-form-7-ace-contact .form-send-button {<!-- [et_pb_line_break_holder] -->    display: flex !important;<!-- [et_pb_line_break_holder] -->    justify-content: flex-start !important;<!-- [et_pb_line_break_holder] -->}<!-- [et_pb_line_break_holder] -->  <!-- [et_pb_line_break_holder] -->.contact-form-7-ace-contact input {<!-- [et_pb_line_break_holder] -->    height: 35px;<!-- [et_pb_line_break_holder] -->  \tmargin-top: 5px;<!-- [et_pb_line_break_holder] -->}<!-- [et_pb_line_break_holder] -->.contact-form-7-ace-contact textarea {<!-- [et_pb_line_break_holder] -->  \tmargin-top: 5px;<!-- [et_pb_line_break_holder] -->}<!-- [et_pb_line_break_holder] -->.contact-form-7-ace-contact input:focus, .contact-form-7-ace-contact textarea:focus  {<!-- [et_pb_line_break_holder] -->    border-color: #004f7c;<!-- [et_pb_line_break_holder] -->}<!-- [et_pb_line_break_holder] -->.contact-form-7-ace-contact .form-send-button .wpcf7-submit {<!-- [et_pb_line_break_holder] -->    width: fit-content;<!-- [et_pb_line_break_holder] -->    font-size: 17px;<!-- [et_pb_line_break_holder] -->    background-color: #004f7c;<!-- [et_pb_line_break_holder] -->    padding-top: 8px !important;<!-- [et_pb_line_break_holder] -->    padding-right: 40px !important;<!-- [et_pb_line_break_holder] -->    padding-bottom: 8px !important;<!-- [et_pb_line_break_holder] -->    padding-left: 40px !important;<!-- [et_pb_line_break_holder] -->    color: white;<!-- [et_pb_line_break_holder] -->    cursor: pointer;<!-- [et_pb_line_break_holder] -->    font-family: 'Inter' !important;<!-- [et_pb_line_break_holder] -->    border: 3px solid #004f7c;<!-- [et_pb_line_break_holder] -->    border-radius: 2px;<!-- [et_pb_line_break_holder] -->    letter-spacing: 1px;<!-- [et_pb_line_break_holder] -->  \tdisplay: flex !important;<!-- [et_pb_line_break_holder] -->  \theight: 40px !important;<!-- [et_pb_line_break_holder] -->}<!-- [et_pb_line_break_holder] -->.contact-form-7-ace-contact .form-send-button .wpcf7-submit:hover {<!-- [et_pb_line_break_holder] -->   border-color: #156da1 !important;<!-- [et_pb_line_break_holder] -->}<!-- [et_pb_line_break_holder] -->  <!-- [et_pb_line_break_holder] -->.ace-checkbox input {<!-- [et_pb_line_break_holder] -->  height: 12px !important;<!-- [et_pb_line_break_holder] -->}<!-- [et_pb_line_break_holder] -->  <!-- [et_pb_line_break_holder] -->.contact-form-7-ace-contact .wpcf7-select {<!-- [et_pb_line_break_holder] -->    height: 38px;<!-- [et_pb_line_break_holder] -->    margin-top: 4px;<!-- [et_pb_line_break_holder] -->}<!-- [et_pb_line_break_holder] -->  <!-- [et_pb_line_break_holder] -->@media (max-width: 500px) {<!-- [et_pb_line_break_holder] -->.contact-form-7-ace-contact input {<!-- [et_pb_line_break_holder] -->    width: 94%;<!-- [et_pb_line_break_holder] -->} <!-- [et_pb_line_break_holder] -->}<!-- [et_pb_line_break_holder] -->  <!-- [et_pb_line_break_holder] --><\/style>\n<p>[\/et_pb_code][\/et_pb_column][\/et_pb_row][\/et_pb_section]<\/p>\n","protected":false},"excerpt":{"rendered":"<p>Soovin kasutada e-ace&#8217;i veotellimuste keskkonda. \n<div class=\"wpcf7 no-js\" id=\"wpcf7-f1859-o2\" lang=\"en-US\" dir=\"ltr\" data-wpcf7-id=\"1859\">\n<div class=\"screen-reader-response\"><p role=\"status\" aria-live=\"polite\" aria-atomic=\"true\"><\/p> <ul><\/ul><\/div>\n<form action=\"\/ee\/et\/wp-json\/wp\/v2\/pages\/1878#wpcf7-f1859-o2\" method=\"post\" class=\"wpcf7-form init\" aria-label=\"Contact form\" novalidate=\"novalidate\" data-status=\"init\">\n<fieldset class=\"hidden-fields-container\"><input type=\"hidden\" name=\"_wpcf7\" value=\"1859\" \/><input type=\"hidden\" name=\"_wpcf7_version\" value=\"6.1.5\" \/><input type=\"hidden\" name=\"_wpcf7_locale\" value=\"en_US\" \/><input type=\"hidden\" name=\"_wpcf7_unit_tag\" value=\"wpcf7-f1859-o2\" \/><input type=\"hidden\" name=\"_wpcf7_container_post\" value=\"0\" \/><input type=\"hidden\" name=\"_wpcf7_posted_data_hash\" value=\"\" \/><input type=\"hidden\" name=\"_wpcf7cf_hidden_group_fields\" value=\"[]\" \/><input type=\"hidden\" name=\"_wpcf7cf_hidden_groups\" value=\"[]\" \/><input type=\"hidden\" name=\"_wpcf7cf_visible_groups\" value=\"[]\" \/><input type=\"hidden\" name=\"_wpcf7cf_repeaters\" value=\"[]\" \/><input type=\"hidden\" name=\"_wpcf7cf_steps\" value=\"{}\" \/><input type=\"hidden\" name=\"_wpcf7cf_options\" value=\"{&quot;form_id&quot;:1859,&quot;conditions&quot;:[],&quot;settings&quot;:{&quot;animation&quot;:&quot;yes&quot;,&quot;animation_intime&quot;:200,&quot;animation_outtime&quot;:200,&quot;conditions_ui&quot;:&quot;normal&quot;,&quot;notice_dismissed&quot;:false,&quot;notice_dismissed_rollback-cf7-5.7.2&quot;:true}}\" \/>\n<\/fieldset>\n<p><label> Nimi <span style=\"color: red\">*<\/span><br \/>\n<span class=\"wpcf7-form-control-wrap\" data-name=\"your-name\"><input size=\"40\" maxlength=\"400\" class=\"wpcf7-form-control wpcf7-text wpcf7-validates-as-required\" autocomplete=\"name\" aria-required=\"true\" aria-invalid=\"false\" value=\"\" type=\"text\" name=\"your-name\" \/><\/span> <\/label>\n<\/p>\n<p><label> Ettev\u00f5te <span style=\"color: red\">*<\/span><br \/>\n<span class=\"wpcf7-form-control-wrap\" data-name=\"your-company\"><input size=\"40\" maxlength=\"400\" class=\"wpcf7-form-control wpcf7-text wpcf7-validates-as-required\" aria-required=\"true\" aria-invalid=\"false\" value=\"\" type=\"text\" name=\"your-company\" \/><\/span> <\/label>\n<\/p>\n<p><label> E-posti aadress<span style=\"color: red\">*<\/span><br \/>\n<span class=\"wpcf7-form-control-wrap\" data-name=\"your-email\"><input size=\"40\" maxlength=\"400\" class=\"wpcf7-form-control wpcf7-email wpcf7-validates-as-required wpcf7-text wpcf7-validates-as-email\" autocomplete=\"email\" aria-required=\"true\" aria-invalid=\"false\" value=\"\" type=\"email\" name=\"your-email\" \/><\/span> <\/label>\n<\/p>\n<p><label> Telefon <span style=\"color: red\">*<\/span><br \/>\n<span class=\"wpcf7-form-control-wrap\" data-name=\"your-phone\"><input size=\"40\" maxlength=\"400\" class=\"wpcf7-form-control wpcf7-text wpcf7-validates-as-required\" aria-required=\"true\" aria-invalid=\"false\" value=\"\" type=\"text\" name=\"your-phone\" \/><\/span> <\/label>\n<\/p>\n<p><span id=\"wpcf7-69deff45ccb1a-wrapper\" class=\"wpcf7-form-control-wrap website-wrap\" style=\"display:none !important; visibility:hidden !important;\"><input type=\"hidden\" name=\"website-time-start\" value=\"1776222021\"><input type=\"hidden\" name=\"website-time-check\" value=\"6\"><label for=\"website-1\" class=\"hp-message\">Please leave this field empty.<\/label><input id=\"website-1\"  class=\"wpcf7-form-control wpcf7-text\" type=\"text\" name=\"website\" value=\"\" size=\"40\" tabindex=\"-1\" autocomplete=\"new-password\" \/><\/span>\n<\/p>\n<div class=\"form-send-button\">\n\t<p><input class=\"wpcf7-form-control wpcf7-submit has-spinner\" type=\"submit\" value=\"Saada\" \/>\n\t<\/p>\n<\/div><div class=\"wpcf7-response-output\" aria-hidden=\"true\"><\/div>\n<\/form>\n<\/div>\n<\/p>\n","protected":false},"author":1,"featured_media":14609,"parent":1336,"menu_order":0,"comment_status":"closed","ping_status":"closed","template":"","meta":{"_et_pb_use_builder":"on","_et_pb_old_content":"","_et_gb_content_width":"","footnotes":""},"class_list":["post-1878","page","type-page","status-publish","has-post-thumbnail","hentry"],"yoast_head":"<!-- This site is optimized with the Yoast SEO plugin v26.8 - https:\/\/yoast.com\/product\/yoast-seo-wordpress\/ -->\n<title>E-ace registreerimistaotlus - ACE Logistics Estonia<\/title>\n<meta name=\"description\" content=\"ACE Logisticsi e-keskkonnas on v\u00f5imalik teha hinnap\u00e4ringuid, vormistada tellimusi kui ka j\u00e4lgida saadetisi. Vormista e-ace&#039;i taotlus siin.\" \/>\n<meta name=\"robots\" content=\"index, follow, max-snippet:-1, max-image-preview:large, max-video-preview:-1\" \/>\n<link rel=\"canonical\" href=\"https:\/\/www.acelogistics.eu\/ee\/et\/teenused\/eace-registreerimistaotlus\/\" \/>\n<meta property=\"og:locale\" content=\"et_EE\" \/>\n<meta property=\"og:type\" content=\"article\" \/>\n<meta property=\"og:title\" content=\"E-ace registreerimistaotlus - ACE Logistics Estonia\" \/>\n<meta property=\"og:description\" content=\"ACE Logisticsi e-keskkonnas on v\u00f5imalik teha hinnap\u00e4ringuid, vormistada tellimusi kui ka j\u00e4lgida saadetisi. Vormista e-ace&#039;i taotlus siin.\" \/>\n<meta property=\"og:url\" content=\"https:\/\/www.acelogistics.eu\/ee\/et\/teenused\/eace-registreerimistaotlus\/\" \/>\n<meta property=\"og:site_name\" content=\"ACE Logistics Estonia\" \/>\n<meta property=\"article:modified_time\" content=\"2026-04-06T08:11:31+00:00\" \/>\n<meta property=\"og:image\" content=\"https:\/\/www.acelogistics.eu\/ee\/wp-content\/uploads\/sites\/2\/2023\/01\/e-app-form-1-1.png\" \/>\n\t<meta property=\"og:image:width\" content=\"2000\" \/>\n\t<meta property=\"og:image:height\" content=\"905\" \/>\n\t<meta property=\"og:image:type\" content=\"image\/png\" \/>\n<meta name=\"twitter:card\" content=\"summary_large_image\" \/>\n<meta name=\"twitter:label1\" content=\"Est. reading time\" \/>\n\t<meta name=\"twitter:data1\" content=\"1 minut\" \/>\n<script type=\"application\/ld+json\" class=\"yoast-schema-graph\">{\"@context\":\"https:\/\/schema.org\",\"@graph\":[{\"@type\":\"WebPage\",\"@id\":\"https:\/\/www.acelogistics.eu\/ee\/et\/teenused\/eace-registreerimistaotlus\/\",\"url\":\"https:\/\/www.acelogistics.eu\/ee\/et\/teenused\/eace-registreerimistaotlus\/\",\"name\":\"E-ace registreerimistaotlus - ACE Logistics Estonia\",\"isPartOf\":{\"@id\":\"https:\/\/www.acelogistics.eu\/ee\/en\/#website\"},\"primaryImageOfPage\":{\"@id\":\"https:\/\/www.acelogistics.eu\/ee\/et\/teenused\/eace-registreerimistaotlus\/#primaryimage\"},\"image\":{\"@id\":\"https:\/\/www.acelogistics.eu\/ee\/et\/teenused\/eace-registreerimistaotlus\/#primaryimage\"},\"thumbnailUrl\":\"https:\/\/www.acelogistics.eu\/ee\/wp-content\/uploads\/sites\/2\/2023\/01\/e-app-form-1-1.png\",\"datePublished\":\"2023-01-13T08:09:00+00:00\",\"dateModified\":\"2026-04-06T08:11:31+00:00\",\"description\":\"ACE Logisticsi e-keskkonnas on v\u00f5imalik teha hinnap\u00e4ringuid, vormistada tellimusi kui ka j\u00e4lgida saadetisi. Vormista e-ace'i taotlus siin.\",\"breadcrumb\":{\"@id\":\"https:\/\/www.acelogistics.eu\/ee\/et\/teenused\/eace-registreerimistaotlus\/#breadcrumb\"},\"inLanguage\":\"et\",\"potentialAction\":[{\"@type\":\"ReadAction\",\"target\":[\"https:\/\/www.acelogistics.eu\/ee\/et\/teenused\/eace-registreerimistaotlus\/\"]}]},{\"@type\":\"ImageObject\",\"inLanguage\":\"et\",\"@id\":\"https:\/\/www.acelogistics.eu\/ee\/et\/teenused\/eace-registreerimistaotlus\/#primaryimage\",\"url\":\"https:\/\/www.acelogistics.eu\/ee\/wp-content\/uploads\/sites\/2\/2023\/01\/e-app-form-1-1.png\",\"contentUrl\":\"https:\/\/www.acelogistics.eu\/ee\/wp-content\/uploads\/sites\/2\/2023\/01\/e-app-form-1-1.png\",\"width\":2000,\"height\":905},{\"@type\":\"BreadcrumbList\",\"@id\":\"https:\/\/www.acelogistics.eu\/ee\/et\/teenused\/eace-registreerimistaotlus\/#breadcrumb\",\"itemListElement\":[{\"@type\":\"ListItem\",\"position\":1,\"name\":\"Home\",\"item\":\"https:\/\/www.acelogistics.eu\/ee\/et\/\"},{\"@type\":\"ListItem\",\"position\":2,\"name\":\"Teenused\",\"item\":\"https:\/\/www.acelogistics.eu\/ee\/et\/teenused\/\"},{\"@type\":\"ListItem\",\"position\":3,\"name\":\"E-ace registreerimistaotlus\"}]},{\"@type\":\"WebSite\",\"@id\":\"https:\/\/www.acelogistics.eu\/ee\/en\/#website\",\"url\":\"https:\/\/www.acelogistics.eu\/ee\/en\/\",\"name\":\"ACE Logistics Estonia\",\"description\":\"\",\"potentialAction\":[{\"@type\":\"SearchAction\",\"target\":{\"@type\":\"EntryPoint\",\"urlTemplate\":\"https:\/\/www.acelogistics.eu\/ee\/en\/?s={search_term_string}\"},\"query-input\":{\"@type\":\"PropertyValueSpecification\",\"valueRequired\":true,\"valueName\":\"search_term_string\"}}],\"inLanguage\":\"et\"}]}<\/script>\n<!-- \/ Yoast SEO plugin. -->","yoast_head_json":{"title":"E-ace registreerimistaotlus - ACE Logistics Estonia","description":"ACE Logisticsi e-keskkonnas on v\u00f5imalik teha hinnap\u00e4ringuid, vormistada tellimusi kui ka j\u00e4lgida saadetisi. Vormista e-ace'i taotlus siin.","robots":{"index":"index","follow":"follow","max-snippet":"max-snippet:-1","max-image-preview":"max-image-preview:large","max-video-preview":"max-video-preview:-1"},"canonical":"https:\/\/www.acelogistics.eu\/ee\/et\/teenused\/eace-registreerimistaotlus\/","og_locale":"et_EE","og_type":"article","og_title":"E-ace registreerimistaotlus - ACE Logistics Estonia","og_description":"ACE Logisticsi e-keskkonnas on v\u00f5imalik teha hinnap\u00e4ringuid, vormistada tellimusi kui ka j\u00e4lgida saadetisi. Vormista e-ace'i taotlus siin.","og_url":"https:\/\/www.acelogistics.eu\/ee\/et\/teenused\/eace-registreerimistaotlus\/","og_site_name":"ACE Logistics Estonia","article_modified_time":"2026-04-06T08:11:31+00:00","og_image":[{"width":2000,"height":905,"url":"https:\/\/www.acelogistics.eu\/ee\/wp-content\/uploads\/sites\/2\/2023\/01\/e-app-form-1-1.png","type":"image\/png"}],"twitter_card":"summary_large_image","twitter_misc":{"Est. reading time":"1 minut"},"schema":{"@context":"https:\/\/schema.org","@graph":[{"@type":"WebPage","@id":"https:\/\/www.acelogistics.eu\/ee\/et\/teenused\/eace-registreerimistaotlus\/","url":"https:\/\/www.acelogistics.eu\/ee\/et\/teenused\/eace-registreerimistaotlus\/","name":"E-ace registreerimistaotlus - ACE Logistics Estonia","isPartOf":{"@id":"https:\/\/www.acelogistics.eu\/ee\/en\/#website"},"primaryImageOfPage":{"@id":"https:\/\/www.acelogistics.eu\/ee\/et\/teenused\/eace-registreerimistaotlus\/#primaryimage"},"image":{"@id":"https:\/\/www.acelogistics.eu\/ee\/et\/teenused\/eace-registreerimistaotlus\/#primaryimage"},"thumbnailUrl":"https:\/\/www.acelogistics.eu\/ee\/wp-content\/uploads\/sites\/2\/2023\/01\/e-app-form-1-1.png","datePublished":"2023-01-13T08:09:00+00:00","dateModified":"2026-04-06T08:11:31+00:00","description":"ACE Logisticsi e-keskkonnas on v\u00f5imalik teha hinnap\u00e4ringuid, vormistada tellimusi kui ka j\u00e4lgida saadetisi. Vormista e-ace'i taotlus siin.","breadcrumb":{"@id":"https:\/\/www.acelogistics.eu\/ee\/et\/teenused\/eace-registreerimistaotlus\/#breadcrumb"},"inLanguage":"et","potentialAction":[{"@type":"ReadAction","target":["https:\/\/www.acelogistics.eu\/ee\/et\/teenused\/eace-registreerimistaotlus\/"]}]},{"@type":"ImageObject","inLanguage":"et","@id":"https:\/\/www.acelogistics.eu\/ee\/et\/teenused\/eace-registreerimistaotlus\/#primaryimage","url":"https:\/\/www.acelogistics.eu\/ee\/wp-content\/uploads\/sites\/2\/2023\/01\/e-app-form-1-1.png","contentUrl":"https:\/\/www.acelogistics.eu\/ee\/wp-content\/uploads\/sites\/2\/2023\/01\/e-app-form-1-1.png","width":2000,"height":905},{"@type":"BreadcrumbList","@id":"https:\/\/www.acelogistics.eu\/ee\/et\/teenused\/eace-registreerimistaotlus\/#breadcrumb","itemListElement":[{"@type":"ListItem","position":1,"name":"Home","item":"https:\/\/www.acelogistics.eu\/ee\/et\/"},{"@type":"ListItem","position":2,"name":"Teenused","item":"https:\/\/www.acelogistics.eu\/ee\/et\/teenused\/"},{"@type":"ListItem","position":3,"name":"E-ace registreerimistaotlus"}]},{"@type":"WebSite","@id":"https:\/\/www.acelogistics.eu\/ee\/en\/#website","url":"https:\/\/www.acelogistics.eu\/ee\/en\/","name":"ACE Logistics Estonia","description":"","potentialAction":[{"@type":"SearchAction","target":{"@type":"EntryPoint","urlTemplate":"https:\/\/www.acelogistics.eu\/ee\/en\/?s={search_term_string}"},"query-input":{"@type":"PropertyValueSpecification","valueRequired":true,"valueName":"search_term_string"}}],"inLanguage":"et"}]}},"_links":{"self":[{"href":"https:\/\/www.acelogistics.eu\/ee\/et\/wp-json\/wp\/v2\/pages\/1878","targetHints":{"allow":["GET"]}}],"collection":[{"href":"https:\/\/www.acelogistics.eu\/ee\/et\/wp-json\/wp\/v2\/pages"}],"about":[{"href":"https:\/\/www.acelogistics.eu\/ee\/et\/wp-json\/wp\/v2\/types\/page"}],"author":[{"embeddable":true,"href":"https:\/\/www.acelogistics.eu\/ee\/et\/wp-json\/wp\/v2\/users\/1"}],"replies":[{"embeddable":true,"href":"https:\/\/www.acelogistics.eu\/ee\/et\/wp-json\/wp\/v2\/comments?post=1878"}],"version-history":[{"count":39,"href":"https:\/\/www.acelogistics.eu\/ee\/et\/wp-json\/wp\/v2\/pages\/1878\/revisions"}],"predecessor-version":[{"id":18815,"href":"https:\/\/www.acelogistics.eu\/ee\/et\/wp-json\/wp\/v2\/pages\/1878\/revisions\/18815"}],"up":[{"embeddable":true,"href":"https:\/\/www.acelogistics.eu\/ee\/et\/wp-json\/wp\/v2\/pages\/1336"}],"wp:featuredmedia":[{"embeddable":true,"href":"https:\/\/www.acelogistics.eu\/ee\/et\/wp-json\/wp\/v2\/media\/14609"}],"wp:attachment":[{"href":"https:\/\/www.acelogistics.eu\/ee\/et\/wp-json\/wp\/v2\/media?parent=1878"}],"curies":[{"name":"wp","href":"https:\/\/api.w.org\/{rel}","templated":true}]}}