{"id":1893,"date":"2023-01-26T16:38:53","date_gmt":"2023-01-26T14:38:53","guid":{"rendered":"https:\/\/stiina.ability.ee\/ee\/?page_id=1893"},"modified":"2026-04-06T11:54:49","modified_gmt":"2026-04-06T08:54:49","slug":"juhtimispohimotted","status":"publish","type":"page","link":"https:\/\/www.acelogistics.eu\/ee\/et\/ettevottest\/juhtimispohimotted\/","title":{"rendered":"Juhtimisp\u00f5him\u00f5tted"},"content":{"rendered":"<p>[et_pb_section fb_built=&#8221;1&#8243; _builder_version=&#8221;4.22.2&#8243; _module_preset=&#8221;default&#8221; custom_padding=&#8221;0px|||||&#8221; global_colors_info=&#8221;{}&#8221;][et_pb_row _builder_version=&#8221;4.27.4&#8243; _module_preset=&#8221;default&#8221; custom_padding=&#8221;55px||40px||false|false&#8221; global_colors_info=&#8221;{}&#8221;][et_pb_column type=&#8221;4_4&#8243; _builder_version=&#8221;4.27.4&#8243; _module_preset=&#8221;default&#8221; global_colors_info=&#8221;{}&#8221;][et_pb_heading title=&#8221;@ET-DC@eyJkeW5hbWljIjp0cnVlLCJjb250ZW50IjoicG9zdF90aXRsZSIsInNldHRpbmdzIjp7ImJlZm9yZSI6IiIsImFmdGVyIjoiIn19@&#8221; _builder_version=&#8221;4.27.4&#8243; _dynamic_attributes=&#8221;title&#8221; _module_preset=&#8221;default&#8221; title_font=&#8221;&#8211;et_global_heading_font|700||on|||||&#8221; title_font_size=&#8221;26px&#8221; custom_margin=&#8221;||||false|false&#8221; custom_padding=&#8221;0px||||false|false&#8221; global_colors_info=&#8221;{}&#8221;][\/et_pb_heading][\/et_pb_column][\/et_pb_row][et_pb_row column_structure=&#8221;1_2,1_2&#8243; _builder_version=&#8221;4.22.2&#8243; _module_preset=&#8221;default&#8221; custom_margin=&#8221;|auto|28px|auto||&#8221; custom_padding=&#8221;0px||0px|||&#8221; global_colors_info=&#8221;{}&#8221;][et_pb_column type=&#8221;1_2&#8243; _builder_version=&#8221;4.22.2&#8243; _module_preset=&#8221;default&#8221; global_colors_info=&#8221;{}&#8221;][et_pb_text _builder_version=&#8221;4.27.4&#8243; _module_preset=&#8221;default&#8221; width=&#8221;100%&#8221; custom_margin=&#8221;0px|0px|||false|false&#8221; custom_padding=&#8221;25px|0px|0px|||&#8221; global_colors_info=&#8221;{}&#8221;]<\/p>\n<p><strong>ACE Logistics pakub oma klientidele laia valikut logistikateenuseid \u00f5hu-, mere-, raudtee- ja maanteetranspordi valdkonnas, mis vastavad k\u00f5rgetele kvaliteedistandarditele.<\/strong> Meie pakkumised on koosk\u00f5las klientide vajaduste ja meie v\u00f5imalustega \u2013 me ei esita liigseid ootusi, mida me ei pruugi suuta t\u00e4ita. Meie prioriteet on kliendi teavitamine teenuse osutamise eri etappides, kuna j\u00e4rgime p\u00f5him\u00f5tet pakkuda oodatust rohkem teavet, mitte v\u00e4hem.<\/p>\n<p>[\/et_pb_text][\/et_pb_column][et_pb_column type=&#8221;1_2&#8243; _builder_version=&#8221;4.22.2&#8243; _module_preset=&#8221;default&#8221; global_colors_info=&#8221;{}&#8221;][et_pb_text _builder_version=&#8221;4.27.4&#8243; _module_preset=&#8221;default&#8221; text_text_color=&#8221;#004f7c&#8221; text_font_size=&#8221;25px&#8221; width=&#8221;100%&#8221; custom_margin=&#8221;27px|-142px|||false|false&#8221; custom_padding=&#8221;|0px||0px||&#8221; global_colors_info=&#8221;{}&#8221;]<\/p>\n<p style=\"text-align: center;\">&#8220;Teenuseid osutatakse viisil, mis tasakaalustab klientide vajaduste rahuldamise, ettev\u00f5tte majandusliku efektiivsuse ja keskkonnaressursside s\u00e4\u00e4stliku kasutamise.&#8221;<\/p>\n<p>[\/et_pb_text][\/et_pb_column][\/et_pb_row][et_pb_row column_structure=&#8221;1_4,3_4&#8243; disabled_on=&#8221;on|on|off&#8221; admin_label=&#8221;desktop&#8221; _builder_version=&#8221;4.27.4&#8243; _module_preset=&#8221;default&#8221; custom_padding=&#8221;0px||1px|||&#8221; global_colors_info=&#8221;{}&#8221;][et_pb_column type=&#8221;1_4&#8243; _builder_version=&#8221;4.22.2&#8243; _module_preset=&#8221;default&#8221; global_colors_info=&#8221;{}&#8221;][et_pb_image src=&#8221;https:\/\/www.acelogistics.eu\/ee\/wp-content\/uploads\/sites\/2\/2025\/12\/BVCER_withoutQR-ISO-9001-ISO-14001.png&#8221; title_text=&#8221;BVCER_withoutQR-ISO 9001 &#038; ISO 14001&#8243; _builder_version=&#8221;4.27.5&#8243; _module_preset=&#8221;default&#8221; width=&#8221;100%&#8221; custom_margin=&#8221;0px|||||&#8221; custom_padding=&#8221;0px|||||&#8221; global_colors_info=&#8221;{}&#8221;][\/et_pb_image][\/et_pb_column][et_pb_column type=&#8221;3_4&#8243; _builder_version=&#8221;4.22.2&#8243; _module_preset=&#8221;default&#8221; global_colors_info=&#8221;{}&#8221;][et_pb_text _builder_version=&#8221;4.27.4&#8243; _module_preset=&#8221;default&#8221; width=&#8221;100%&#8221; custom_margin=&#8221;0px|0px|||false|false&#8221; custom_padding=&#8221;10px|0px|||false|false&#8221; global_colors_info=&#8221;{}&#8221;]<\/p>\n<p>J\u00e4rgime oma kvaliteedi- ja keskkonnaalases t\u00f6\u00f6s riiklikke ja rahvusvahelisi kokkuleppeid ja eeskirju. Sama ootame ka oma lepingupartneritelt ja allt\u00f6\u00f6v\u00f5tjatelt. ISO 9001 toetab t\u00f5husat juhtimist ja aitab t\u00e4ita n\u00f5udeid toodete ja teenuste kvaliteedi pidevaks parandamiseks, samas kui ISO 140001 tagab, et panustame oma keskkonnategevuse tulemuslikkuse parandamisse.<\/p>\n<p>[\/et_pb_text][\/et_pb_column][\/et_pb_row][et_pb_row _builder_version=&#8221;4.22.2&#8243; _module_preset=&#8221;default&#8221; custom_padding=&#8221;2px|||||&#8221; global_colors_info=&#8221;{}&#8221;][et_pb_column type=&#8221;4_4&#8243; _builder_version=&#8221;4.22.2&#8243; _module_preset=&#8221;default&#8221; global_colors_info=&#8221;{}&#8221;][et_pb_text _builder_version=&#8221;4.27.4&#8243; _module_preset=&#8221;default&#8221; header_text_color=&#8221;#004f7c&#8221; header_3_text_color=&#8221;#004f7c&#8221; width=&#8221;100%&#8221; custom_margin=&#8221;0px|0px|13px||false|false&#8221; custom_padding=&#8221;50px|0px||||&#8221; global_colors_info=&#8221;{}&#8221;]<\/p>\n<h3><span>Sotsiaalne vastutus<\/span><\/h3>\n<p>[\/et_pb_text][et_pb_text _builder_version=&#8221;4.27.4&#8243; _module_preset=&#8221;default&#8221; width=&#8221;100%&#8221; custom_margin=&#8221;0px|0px|||false|false&#8221; custom_padding=&#8221;4px|0px||||&#8221; global_colors_info=&#8221;{}&#8221;]<\/p>\n<p><strong>J\u00e4tkusuutlikkus:<\/strong> Uuenduslike praktikate kaudu edendame energiat\u00f5husust, j\u00e4\u00e4tmete v\u00e4hendamist ja vastutustundlikku ressursside haldamist. P\u00fc\u00fcdleme pidevalt keskkonnas\u00f5bralikumate transpordimeetodite kasutuselev\u00f5tu, marsruutide optimeerimise ja alternatiivk\u00fctuste uurimise poole, et v\u00e4hendada heitkoguseid ja panustada j\u00e4tkusuutlikumasse tulevikku.<\/p>\n<p><strong>Eetilised \u00e4ritavad:<\/strong> Suhtleme klientide, partnerite ja t\u00f6\u00f6tajatega l\u00e4bipaistvuse, aususe ja \u00f5igluse k\u00f5rgeimate standardite j\u00e4rgi. Meie eetikakoodeks juhib meie otsustusprotsesse, tagades, et tegutseme ausalt, austades inim\u00f5igusi ja olles p\u00fchendunud korruptsioonivastasele v\u00f5itlusele.<\/p>\n<p><strong>Kogukonna kaasatus:<\/strong> L\u00e4bi kohalike organisatsioonide partnerluste ja algatuste toetame sotsiaalseid eesm\u00e4rke ja projekte, mis muudavad maailma paremaks.<\/p>\n<p><strong>T\u00f6\u00f6tajate heaolu:<\/strong> Meie prioriteediks on t\u00f6\u00f6tajate heaolu ja areng. Pakume turvalist ja tervislikku t\u00f6\u00f6keskkonda koos programmidega, mis edendavad t\u00f6\u00f6- ja eraelu tasakaalu, vaimset tervist ja professionaalset kasvu.<\/p>\n<p>Oleme p\u00fchendunud j\u00e4tkusuutlikule ja vastutustundlikule tulevikule.<\/p>\n<p>[\/et_pb_text][\/et_pb_column][\/et_pb_row][et_pb_row _builder_version=&#8221;4.22.2&#8243; _module_preset=&#8221;default&#8221; custom_padding=&#8221;2px|||||&#8221; locked=&#8221;off&#8221; global_colors_info=&#8221;{}&#8221;][et_pb_column type=&#8221;4_4&#8243; _builder_version=&#8221;4.22.2&#8243; _module_preset=&#8221;default&#8221; global_colors_info=&#8221;{}&#8221;][et_pb_text _builder_version=&#8221;4.27.4&#8243; _module_preset=&#8221;default&#8221; text_text_color=&#8221;#004f7c&#8221; header_text_color=&#8221;#004f7c&#8221; header_3_text_color=&#8221;#004f7c&#8221; width=&#8221;100%&#8221; custom_margin=&#8221;0px|0px|13px||false|false&#8221; custom_padding=&#8221;50px|0px||||&#8221; global_colors_info=&#8221;{}&#8221;]<\/p>\n<h3><span>Liikmelisus<\/span><\/h3>\n<p>[\/et_pb_text][et_pb_text _builder_version=&#8221;4.27.5&#8243; _module_preset=&#8221;default&#8221; width=&#8221;100%&#8221; custom_margin=&#8221;0px|0px|||false|false&#8221; custom_padding=&#8221;4px|0px||||&#8221; hover_enabled=&#8221;0&#8243; locked=&#8221;off&#8221; global_colors_info=&#8221;{}&#8221; sticky_enabled=&#8221;0&#8243;]<\/p>\n<p>Selleks, et pakkuda oma klientidele ja partneritele parimaid logistikateenuseid, usume, et on oluline olla osa oma valdkonna juhtivatest v\u00f5rgustikest. Oleme p\u00fchendunud pidevale arengule &#8211; parandame pidevalt oma standardeid, kvaliteeti ja professionaalsust.<\/p>\n<p>Oleme uhkusega allolevate organisatsioonide liikmed:<\/p>\n<p><a href=\"https:\/\/waco-network.com\/\">WACO,<\/a>\u00a0<a href=\"https:\/\/www.elea.ee\">ELEA<\/a>, <a href=\"https:\/\/www.koda.ee\">Eesti Kaubandus-T\u00f6\u00f6stuskoda,<\/a> <a href=\"https:\/\/www.ahk-balt.org\/et\">AHK<\/a> ja <a href=\"https:\/\/www.iata.org\/\">IATA.<\/a><\/p>\n<p>[\/et_pb_text][\/et_pb_column][\/et_pb_row][et_pb_row column_structure=&#8221;1_5,1_5,1_5,1_5,1_5&#8243; _builder_version=&#8221;4.27.4&#8243; _module_preset=&#8221;default&#8221; hover_enabled=&#8221;0&#8243; locked=&#8221;off&#8221; global_colors_info=&#8221;{}&#8221; sticky_enabled=&#8221;0&#8243;][et_pb_column type=&#8221;1_5&#8243; _builder_version=&#8221;4.27.4&#8243; _module_preset=&#8221;default&#8221; global_colors_info=&#8221;{}&#8221;][et_pb_image src=&#8221;https:\/\/www.acelogistics.eu\/ee\/wp-content\/uploads\/sites\/2\/2025\/11\/WACO-logo-with-tagline-blue.png&#8221; title_text=&#8221;WACO logo with tagline blue&#8221; url=&#8221;https:\/\/waco-network.com\/&#8221; _builder_version=&#8221;4.27.5&#8243; _module_preset=&#8221;default&#8221; background_image=&#8221;https:\/\/www.acelogistics.eu\/ee\/wp-content\/uploads\/sites\/2\/2025\/11\/WACO-logo-with-tagline-blue.png&#8221; hover_enabled=&#8221;0&#8243; global_colors_info=&#8221;{}&#8221; url_new_window=&#8221;on&#8221; sticky_enabled=&#8221;0&#8243;][\/et_pb_image][\/et_pb_column][et_pb_column type=&#8221;1_5&#8243; _builder_version=&#8221;4.27.4&#8243; _module_preset=&#8221;default&#8221; global_colors_info=&#8221;{}&#8221;][et_pb_image src=&#8221;https:\/\/www.acelogistics.eu\/ee\/wp-content\/uploads\/sites\/2\/2025\/11\/1.-elea-ORIGINAAL-PNG-scaled.png&#8221; title_text=&#8221;1. elea-ORIGINAAL-PNG&#8221; url=&#8221;https:\/\/www.elea.ee&#8221; _builder_version=&#8221;4.27.5&#8243; _module_preset=&#8221;default&#8221; hover_enabled=&#8221;0&#8243; global_colors_info=&#8221;{}&#8221; url_new_window=&#8221;on&#8221; sticky_enabled=&#8221;0&#8243;][\/et_pb_image][\/et_pb_column][et_pb_column type=&#8221;1_5&#8243; _builder_version=&#8221;4.27.4&#8243; _module_preset=&#8221;default&#8221; global_colors_info=&#8221;{}&#8221;][et_pb_image src=&#8221;https:\/\/www.acelogistics.eu\/ee\/wp-content\/uploads\/sites\/2\/2025\/11\/Kaubanduskoda-liikmelogo_EST_logo_horiz.png&#8221; title_text=&#8221;Kaubanduskoda-liikmelogo_EST_logo_horiz&#8221; url=&#8221;https:\/\/www.koda.ee&#8221; _builder_version=&#8221;4.27.5&#8243; _module_preset=&#8221;default&#8221; hover_enabled=&#8221;0&#8243; global_colors_info=&#8221;{}&#8221; url_new_window=&#8221;on&#8221; sticky_enabled=&#8221;0&#8243;][\/et_pb_image][\/et_pb_column][et_pb_column _builder_version=&#8221;4.27.5&#8243; _module_preset=&#8221;default&#8221; type=&#8221;1_5&#8243;][et_pb_image src=&#8221;https:\/\/www.acelogistics.eu\/ee\/wp-content\/uploads\/sites\/2\/2026\/01\/AHK_EE_RGB.jpg&#8221; _builder_version=&#8221;4.27.5&#8243; _module_preset=&#8221;default&#8221; title_text=&#8221;AHK_EE_RGB&#8221; url_new_window=&#8221;on&#8221; url=&#8221;https:\/\/www.ahk-balt.org\/et&#8221; hover_enabled=&#8221;0&#8243; sticky_enabled=&#8221;0&#8243;][\/et_pb_image][\/et_pb_column][et_pb_column type=&#8221;1_5&#8243; _builder_version=&#8221;4.27.4&#8243; _module_preset=&#8221;default&#8221; global_colors_info=&#8221;{}&#8221;][et_pb_image src=&#8221;https:\/\/www.acelogistics.eu\/ee\/wp-content\/uploads\/sites\/2\/2025\/11\/iata-cargoagent-rgb.jpg&#8221; title_text=&#8221;iata-cargoagent-rgb&#8221; url=&#8221;https:\/\/www.iata.org\/&#8221; _builder_version=&#8221;4.27.5&#8243; _module_preset=&#8221;default&#8221; hover_enabled=&#8221;0&#8243; global_colors_info=&#8221;{}&#8221; url_new_window=&#8221;on&#8221; sticky_enabled=&#8221;0&#8243;][\/et_pb_image][\/et_pb_column][\/et_pb_row][\/et_pb_section]<\/p>\n","protected":false},"excerpt":{"rendered":"<p>ACE Logistics pakub oma klientidele laia valikut logistikateenuseid \u00f5hu-, mere-, raudtee- ja maanteetranspordi valdkonnas, mis vastavad k\u00f5rgetele kvaliteedistandarditele. Meie pakkumised on koosk\u00f5las klientide vajaduste ja meie v\u00f5imalustega \u2013 me ei esita liigseid ootusi, mida me ei pruugi suuta t\u00e4ita. Meie prioriteet on kliendi teavitamine teenuse osutamise eri etappides, kuna j\u00e4rgime p\u00f5him\u00f5tet pakkuda oodatust rohkem teavet, [&hellip;]<\/p>\n","protected":false},"author":1,"featured_media":14681,"parent":1885,"menu_order":0,"comment_status":"closed","ping_status":"closed","template":"","meta":{"_et_pb_use_builder":"on","_et_pb_old_content":"<!-- wp:divi\/placeholder \/-->","_et_gb_content_width":"","footnotes":""},"class_list":["post-1893","page","type-page","status-publish","has-post-thumbnail","hentry"],"yoast_head":"<!-- This site is optimized with the Yoast SEO plugin v26.8 - https:\/\/yoast.com\/product\/yoast-seo-wordpress\/ -->\n<title>Juhtimisp\u00f5him\u00f5tted - ACE Logistics Estonia<\/title>\n<meta name=\"description\" content=\"ACE Logistics pakub laia valikut logistikateenuseid \u00f5hu-, mere-, raudtee- ja maanteetranspordi, mis vastab k\u00f5rgetele kvaliteedistandarditele.\" \/>\n<meta name=\"robots\" content=\"index, follow, max-snippet:-1, max-image-preview:large, max-video-preview:-1\" \/>\n<link rel=\"canonical\" href=\"https:\/\/www.acelogistics.eu\/ee\/et\/ettevottest\/juhtimispohimotted\/\" \/>\n<meta property=\"og:locale\" content=\"et_EE\" \/>\n<meta property=\"og:type\" content=\"article\" \/>\n<meta property=\"og:title\" content=\"Juhtimisp\u00f5him\u00f5tted - ACE Logistics Estonia\" \/>\n<meta property=\"og:description\" content=\"ACE Logistics pakub laia valikut logistikateenuseid \u00f5hu-, mere-, raudtee- ja maanteetranspordi, mis vastab k\u00f5rgetele kvaliteedistandarditele.\" \/>\n<meta property=\"og:url\" content=\"https:\/\/www.acelogistics.eu\/ee\/et\/ettevottest\/juhtimispohimotted\/\" \/>\n<meta property=\"og:site_name\" content=\"ACE Logistics Estonia\" \/>\n<meta property=\"article:modified_time\" content=\"2026-04-06T08:54:49+00:00\" \/>\n<meta property=\"og:image\" content=\"https:\/\/www.acelogistics.eu\/ee\/wp-content\/uploads\/sites\/2\/2023\/01\/background4-min-1.png\" \/>\n\t<meta property=\"og:image:width\" content=\"1900\" \/>\n\t<meta property=\"og:image:height\" content=\"350\" \/>\n\t<meta property=\"og:image:type\" content=\"image\/png\" \/>\n<meta name=\"twitter:card\" content=\"summary_large_image\" \/>\n<meta name=\"twitter:label1\" content=\"Est. reading time\" \/>\n\t<meta name=\"twitter:data1\" content=\"3 minutit\" \/>\n<script type=\"application\/ld+json\" class=\"yoast-schema-graph\">{\"@context\":\"https:\/\/schema.org\",\"@graph\":[{\"@type\":\"WebPage\",\"@id\":\"https:\/\/www.acelogistics.eu\/ee\/et\/ettevottest\/juhtimispohimotted\/\",\"url\":\"https:\/\/www.acelogistics.eu\/ee\/et\/ettevottest\/juhtimispohimotted\/\",\"name\":\"Juhtimisp\u00f5him\u00f5tted - ACE Logistics Estonia\",\"isPartOf\":{\"@id\":\"https:\/\/www.acelogistics.eu\/ee\/en\/#website\"},\"primaryImageOfPage\":{\"@id\":\"https:\/\/www.acelogistics.eu\/ee\/et\/ettevottest\/juhtimispohimotted\/#primaryimage\"},\"image\":{\"@id\":\"https:\/\/www.acelogistics.eu\/ee\/et\/ettevottest\/juhtimispohimotted\/#primaryimage\"},\"thumbnailUrl\":\"https:\/\/www.acelogistics.eu\/ee\/wp-content\/uploads\/sites\/2\/2023\/01\/background4-min-1.png\",\"datePublished\":\"2023-01-26T14:38:53+00:00\",\"dateModified\":\"2026-04-06T08:54:49+00:00\",\"description\":\"ACE Logistics pakub laia valikut logistikateenuseid \u00f5hu-, mere-, raudtee- ja maanteetranspordi, mis vastab k\u00f5rgetele kvaliteedistandarditele.\",\"breadcrumb\":{\"@id\":\"https:\/\/www.acelogistics.eu\/ee\/et\/ettevottest\/juhtimispohimotted\/#breadcrumb\"},\"inLanguage\":\"et\",\"potentialAction\":[{\"@type\":\"ReadAction\",\"target\":[\"https:\/\/www.acelogistics.eu\/ee\/et\/ettevottest\/juhtimispohimotted\/\"]}]},{\"@type\":\"ImageObject\",\"inLanguage\":\"et\",\"@id\":\"https:\/\/www.acelogistics.eu\/ee\/et\/ettevottest\/juhtimispohimotted\/#primaryimage\",\"url\":\"https:\/\/www.acelogistics.eu\/ee\/wp-content\/uploads\/sites\/2\/2023\/01\/background4-min-1.png\",\"contentUrl\":\"https:\/\/www.acelogistics.eu\/ee\/wp-content\/uploads\/sites\/2\/2023\/01\/background4-min-1.png\",\"width\":1900,\"height\":350},{\"@type\":\"BreadcrumbList\",\"@id\":\"https:\/\/www.acelogistics.eu\/ee\/et\/ettevottest\/juhtimispohimotted\/#breadcrumb\",\"itemListElement\":[{\"@type\":\"ListItem\",\"position\":1,\"name\":\"Home\",\"item\":\"https:\/\/www.acelogistics.eu\/ee\/et\/\"},{\"@type\":\"ListItem\",\"position\":2,\"name\":\"Ettev\u00f5ttest\",\"item\":\"https:\/\/www.acelogistics.eu\/ee\/et\/ettevottest\/\"},{\"@type\":\"ListItem\",\"position\":3,\"name\":\"Juhtimisp\u00f5him\u00f5tted\"}]},{\"@type\":\"WebSite\",\"@id\":\"https:\/\/www.acelogistics.eu\/ee\/en\/#website\",\"url\":\"https:\/\/www.acelogistics.eu\/ee\/en\/\",\"name\":\"ACE Logistics Estonia\",\"description\":\"\",\"potentialAction\":[{\"@type\":\"SearchAction\",\"target\":{\"@type\":\"EntryPoint\",\"urlTemplate\":\"https:\/\/www.acelogistics.eu\/ee\/en\/?s={search_term_string}\"},\"query-input\":{\"@type\":\"PropertyValueSpecification\",\"valueRequired\":true,\"valueName\":\"search_term_string\"}}],\"inLanguage\":\"et\"}]}<\/script>\n<!-- \/ Yoast SEO plugin. -->","yoast_head_json":{"title":"Juhtimisp\u00f5him\u00f5tted - ACE Logistics Estonia","description":"ACE Logistics pakub laia valikut logistikateenuseid \u00f5hu-, mere-, raudtee- ja maanteetranspordi, mis vastab k\u00f5rgetele kvaliteedistandarditele.","robots":{"index":"index","follow":"follow","max-snippet":"max-snippet:-1","max-image-preview":"max-image-preview:large","max-video-preview":"max-video-preview:-1"},"canonical":"https:\/\/www.acelogistics.eu\/ee\/et\/ettevottest\/juhtimispohimotted\/","og_locale":"et_EE","og_type":"article","og_title":"Juhtimisp\u00f5him\u00f5tted - ACE Logistics Estonia","og_description":"ACE Logistics pakub laia valikut logistikateenuseid \u00f5hu-, mere-, raudtee- ja maanteetranspordi, mis vastab k\u00f5rgetele kvaliteedistandarditele.","og_url":"https:\/\/www.acelogistics.eu\/ee\/et\/ettevottest\/juhtimispohimotted\/","og_site_name":"ACE Logistics Estonia","article_modified_time":"2026-04-06T08:54:49+00:00","og_image":[{"width":1900,"height":350,"url":"https:\/\/www.acelogistics.eu\/ee\/wp-content\/uploads\/sites\/2\/2023\/01\/background4-min-1.png","type":"image\/png"}],"twitter_card":"summary_large_image","twitter_misc":{"Est. reading time":"3 minutit"},"schema":{"@context":"https:\/\/schema.org","@graph":[{"@type":"WebPage","@id":"https:\/\/www.acelogistics.eu\/ee\/et\/ettevottest\/juhtimispohimotted\/","url":"https:\/\/www.acelogistics.eu\/ee\/et\/ettevottest\/juhtimispohimotted\/","name":"Juhtimisp\u00f5him\u00f5tted - ACE Logistics Estonia","isPartOf":{"@id":"https:\/\/www.acelogistics.eu\/ee\/en\/#website"},"primaryImageOfPage":{"@id":"https:\/\/www.acelogistics.eu\/ee\/et\/ettevottest\/juhtimispohimotted\/#primaryimage"},"image":{"@id":"https:\/\/www.acelogistics.eu\/ee\/et\/ettevottest\/juhtimispohimotted\/#primaryimage"},"thumbnailUrl":"https:\/\/www.acelogistics.eu\/ee\/wp-content\/uploads\/sites\/2\/2023\/01\/background4-min-1.png","datePublished":"2023-01-26T14:38:53+00:00","dateModified":"2026-04-06T08:54:49+00:00","description":"ACE Logistics pakub laia valikut logistikateenuseid \u00f5hu-, mere-, raudtee- ja maanteetranspordi, mis vastab k\u00f5rgetele kvaliteedistandarditele.","breadcrumb":{"@id":"https:\/\/www.acelogistics.eu\/ee\/et\/ettevottest\/juhtimispohimotted\/#breadcrumb"},"inLanguage":"et","potentialAction":[{"@type":"ReadAction","target":["https:\/\/www.acelogistics.eu\/ee\/et\/ettevottest\/juhtimispohimotted\/"]}]},{"@type":"ImageObject","inLanguage":"et","@id":"https:\/\/www.acelogistics.eu\/ee\/et\/ettevottest\/juhtimispohimotted\/#primaryimage","url":"https:\/\/www.acelogistics.eu\/ee\/wp-content\/uploads\/sites\/2\/2023\/01\/background4-min-1.png","contentUrl":"https:\/\/www.acelogistics.eu\/ee\/wp-content\/uploads\/sites\/2\/2023\/01\/background4-min-1.png","width":1900,"height":350},{"@type":"BreadcrumbList","@id":"https:\/\/www.acelogistics.eu\/ee\/et\/ettevottest\/juhtimispohimotted\/#breadcrumb","itemListElement":[{"@type":"ListItem","position":1,"name":"Home","item":"https:\/\/www.acelogistics.eu\/ee\/et\/"},{"@type":"ListItem","position":2,"name":"Ettev\u00f5ttest","item":"https:\/\/www.acelogistics.eu\/ee\/et\/ettevottest\/"},{"@type":"ListItem","position":3,"name":"Juhtimisp\u00f5him\u00f5tted"}]},{"@type":"WebSite","@id":"https:\/\/www.acelogistics.eu\/ee\/en\/#website","url":"https:\/\/www.acelogistics.eu\/ee\/en\/","name":"ACE Logistics Estonia","description":"","potentialAction":[{"@type":"SearchAction","target":{"@type":"EntryPoint","urlTemplate":"https:\/\/www.acelogistics.eu\/ee\/en\/?s={search_term_string}"},"query-input":{"@type":"PropertyValueSpecification","valueRequired":true,"valueName":"search_term_string"}}],"inLanguage":"et"}]}},"_links":{"self":[{"href":"https:\/\/www.acelogistics.eu\/ee\/et\/wp-json\/wp\/v2\/pages\/1893","targetHints":{"allow":["GET"]}}],"collection":[{"href":"https:\/\/www.acelogistics.eu\/ee\/et\/wp-json\/wp\/v2\/pages"}],"about":[{"href":"https:\/\/www.acelogistics.eu\/ee\/et\/wp-json\/wp\/v2\/types\/page"}],"author":[{"embeddable":true,"href":"https:\/\/www.acelogistics.eu\/ee\/et\/wp-json\/wp\/v2\/users\/1"}],"replies":[{"embeddable":true,"href":"https:\/\/www.acelogistics.eu\/ee\/et\/wp-json\/wp\/v2\/comments?post=1893"}],"version-history":[{"count":38,"href":"https:\/\/www.acelogistics.eu\/ee\/et\/wp-json\/wp\/v2\/pages\/1893\/revisions"}],"predecessor-version":[{"id":18853,"href":"https:\/\/www.acelogistics.eu\/ee\/et\/wp-json\/wp\/v2\/pages\/1893\/revisions\/18853"}],"up":[{"embeddable":true,"href":"https:\/\/www.acelogistics.eu\/ee\/et\/wp-json\/wp\/v2\/pages\/1885"}],"wp:featuredmedia":[{"embeddable":true,"href":"https:\/\/www.acelogistics.eu\/ee\/et\/wp-json\/wp\/v2\/media\/14681"}],"wp:attachment":[{"href":"https:\/\/www.acelogistics.eu\/ee\/et\/wp-json\/wp\/v2\/media?parent=1893"}],"curies":[{"name":"wp","href":"https:\/\/api.w.org\/{rel}","templated":true}]}}