{"id":1927,"date":"2023-01-26T17:47:56","date_gmt":"2023-01-26T15:47:56","guid":{"rendered":"https:\/\/stiina.ability.ee\/ee\/?page_id=1927"},"modified":"2026-04-08T15:12:23","modified_gmt":"2026-04-08T12:12:23","slug":"tule-meie-meeskonda","status":"publish","type":"page","link":"https:\/\/www.acelogistics.eu\/ee\/et\/ettevottest\/tule-meie-meeskonda\/","title":{"rendered":"Tule meie meeskonda"},"content":{"rendered":"<p>[et_pb_section fb_built=&#8221;1&#8243; _builder_version=&#8221;4.19.4&#8243; _module_preset=&#8221;default&#8221; global_colors_info=&#8221;{}&#8221;][et_pb_row _builder_version=&#8221;4.19.4&#8243; _module_preset=&#8221;default&#8221; global_colors_info=&#8221;{}&#8221;][et_pb_column type=&#8221;4_4&#8243; _builder_version=&#8221;4.19.4&#8243; _module_preset=&#8221;default&#8221; global_colors_info=&#8221;{}&#8221;][et_pb_heading title=&#8221;TULE MEIE MEESKONDA&#8221; _builder_version=&#8221;4.27.5&#8243; _module_preset=&#8221;default&#8221; title_level=&#8221;h2&#8243; title_line_height_tablet=&#8221;&#8221; title_line_height_phone=&#8221;1.4em&#8221; title_line_height_last_edited=&#8221;on|phone&#8221; global_colors_info=&#8221;{}&#8221;][\/et_pb_heading][et_pb_text _builder_version=&#8221;4.27.5&#8243; _module_preset=&#8221;default&#8221; global_colors_info=&#8221;{}&#8221;]<\/p>\n<p>ACE Logistics avaldab oma t\u00f6\u00f6kuulutused siinsamas rubriigis.<\/p>\n<p>Kui avalikku konkurssi hetkel k\u00e4imas pole, saada oma CV ja kaaskiri aadressile <a href=\"mailto:hr@ace.ee\">hr@ace.ee<\/a>. V\u00f5imaluse avanemisel v\u00f5tame Sinuga \u00fchendust.<\/p>\n<p>[\/et_pb_text][\/et_pb_column][\/et_pb_row][\/et_pb_section][et_pb_section fb_built=&#8221;1&#8243; _builder_version=&#8221;4.27.5&#8243; _module_preset=&#8221;default&#8221; global_colors_info=&#8221;{}&#8221;][et_pb_row _builder_version=&#8221;4.27.5&#8243; _module_preset=&#8221;default&#8221; global_colors_info=&#8221;{}&#8221;][et_pb_column type=&#8221;4_4&#8243; _builder_version=&#8221;4.27.5&#8243; _module_preset=&#8221;default&#8221; global_colors_info=&#8221;{}&#8221;][et_pb_image src=&#8221;https:\/\/www.acelogistics.eu\/ee\/wp-content\/uploads\/sites\/2\/2026\/04\/Tostukijuhi-tookuulutus-ACE-Logistics.jpg&#8221; title_text=&#8221;T\u00f5stukijuhi t\u00f6\u00f6kuulutus ACE Logistics&#8221; _builder_version=&#8221;4.27.6&#8243; _module_preset=&#8221;default&#8221; hover_enabled=&#8221;0&#8243; global_colors_info=&#8221;{}&#8221; sticky_enabled=&#8221;0&#8243;][\/et_pb_image][\/et_pb_column][\/et_pb_row][\/et_pb_section]<\/p>\n","protected":false},"excerpt":{"rendered":"<p>ACE Logistics avaldab oma t\u00f6\u00f6kuulutused siinsamas rubriigis. Kui avalikku konkurssi hetkel k\u00e4imas pole, saada oma CV ja kaaskiri aadressile hr@ace.ee. V\u00f5imaluse avanemisel v\u00f5tame Sinuga \u00fchendust.<\/p>\n","protected":false},"author":1,"featured_media":14677,"parent":1885,"menu_order":0,"comment_status":"closed","ping_status":"closed","template":"","meta":{"_et_pb_use_builder":"on","_et_pb_old_content":"[et_pb_section fb_built=\"1\" theme_builder_area=\"post_content\" _builder_version=\"4.19.4\" _module_preset=\"default\"][et_pb_row _builder_version=\"4.19.4\" _module_preset=\"default\" theme_builder_area=\"post_content\"][et_pb_column _builder_version=\"4.19.4\" _module_preset=\"default\" type=\"4_4\" theme_builder_area=\"post_content\"][et_pb_text _builder_version=\"4.19.4\" _module_preset=\"default\" theme_builder_area=\"post_content\" hover_enabled=\"0\" sticky_enabled=\"0\"]\n\nOur open positions are available on<span>&nbsp;<\/span><a href=\"https:\/\/www.cvkeskus.ee\/ace-logistics-estonia-as-toopakkumised-2129\">CV Keskus portal<\/a>.\n\nFurther information on open position is available by e-mail:<span>&nbsp;<\/span><a href=\"mailto:personal@ace.ee\">personal@ace.ee<\/a>\n\n[\/et_pb_text][\/et_pb_column][\/et_pb_row][\/et_pb_section]","_et_gb_content_width":"","footnotes":""},"class_list":["post-1927","page","type-page","status-publish","has-post-thumbnail","hentry"],"yoast_head":"<!-- This site is optimized with the Yoast SEO plugin v26.8 - https:\/\/yoast.com\/product\/yoast-seo-wordpress\/ -->\n<title>Tule meie meeskonda - ACE Logistics Estonia<\/title>\n<meta name=\"description\" content=\"Otsid logistikas erialast t\u00f6\u00f6d n\u00e4iteks veokorralduses, lennutranspordis, m\u00fc\u00fcgiosakonnas? Tutvu ACE Logisticsi t\u00f6\u00f6pakkumistega siin.\" \/>\n<meta name=\"robots\" content=\"index, follow, max-snippet:-1, max-image-preview:large, max-video-preview:-1\" \/>\n<link rel=\"canonical\" href=\"https:\/\/www.acelogistics.eu\/ee\/et\/ettevottest\/tule-meie-meeskonda\/\" \/>\n<meta property=\"og:locale\" content=\"et_EE\" \/>\n<meta property=\"og:type\" content=\"article\" \/>\n<meta property=\"og:title\" content=\"Tule meie meeskonda - ACE Logistics Estonia\" \/>\n<meta property=\"og:description\" content=\"Otsid logistikas erialast t\u00f6\u00f6d n\u00e4iteks veokorralduses, lennutranspordis, m\u00fc\u00fcgiosakonnas? Tutvu ACE Logisticsi t\u00f6\u00f6pakkumistega siin.\" \/>\n<meta property=\"og:url\" content=\"https:\/\/www.acelogistics.eu\/ee\/et\/ettevottest\/tule-meie-meeskonda\/\" \/>\n<meta property=\"og:site_name\" content=\"ACE Logistics Estonia\" \/>\n<meta property=\"article:modified_time\" content=\"2026-04-08T12:12:23+00:00\" \/>\n<meta property=\"og:image\" content=\"https:\/\/www.acelogistics.eu\/ee\/wp-content\/uploads\/sites\/2\/2023\/02\/background4-min-1.png\" \/>\n\t<meta property=\"og:image:width\" content=\"1900\" \/>\n\t<meta property=\"og:image:height\" content=\"350\" \/>\n\t<meta property=\"og:image:type\" content=\"image\/png\" \/>\n<meta name=\"twitter:card\" content=\"summary_large_image\" \/>\n<meta name=\"twitter:label1\" content=\"Est. reading time\" \/>\n\t<meta name=\"twitter:data1\" content=\"1 minut\" \/>\n<script type=\"application\/ld+json\" class=\"yoast-schema-graph\">{\"@context\":\"https:\/\/schema.org\",\"@graph\":[{\"@type\":\"WebPage\",\"@id\":\"https:\/\/www.acelogistics.eu\/ee\/et\/ettevottest\/tule-meie-meeskonda\/\",\"url\":\"https:\/\/www.acelogistics.eu\/ee\/et\/ettevottest\/tule-meie-meeskonda\/\",\"name\":\"Tule meie meeskonda - ACE Logistics Estonia\",\"isPartOf\":{\"@id\":\"https:\/\/www.acelogistics.eu\/ee\/en\/#website\"},\"primaryImageOfPage\":{\"@id\":\"https:\/\/www.acelogistics.eu\/ee\/et\/ettevottest\/tule-meie-meeskonda\/#primaryimage\"},\"image\":{\"@id\":\"https:\/\/www.acelogistics.eu\/ee\/et\/ettevottest\/tule-meie-meeskonda\/#primaryimage\"},\"thumbnailUrl\":\"https:\/\/www.acelogistics.eu\/ee\/wp-content\/uploads\/sites\/2\/2023\/02\/background4-min-1.png\",\"datePublished\":\"2023-01-26T15:47:56+00:00\",\"dateModified\":\"2026-04-08T12:12:23+00:00\",\"description\":\"Otsid logistikas erialast t\u00f6\u00f6d n\u00e4iteks veokorralduses, lennutranspordis, m\u00fc\u00fcgiosakonnas? Tutvu ACE Logisticsi t\u00f6\u00f6pakkumistega siin.\",\"breadcrumb\":{\"@id\":\"https:\/\/www.acelogistics.eu\/ee\/et\/ettevottest\/tule-meie-meeskonda\/#breadcrumb\"},\"inLanguage\":\"et\",\"potentialAction\":[{\"@type\":\"ReadAction\",\"target\":[\"https:\/\/www.acelogistics.eu\/ee\/et\/ettevottest\/tule-meie-meeskonda\/\"]}]},{\"@type\":\"ImageObject\",\"inLanguage\":\"et\",\"@id\":\"https:\/\/www.acelogistics.eu\/ee\/et\/ettevottest\/tule-meie-meeskonda\/#primaryimage\",\"url\":\"https:\/\/www.acelogistics.eu\/ee\/wp-content\/uploads\/sites\/2\/2023\/02\/background4-min-1.png\",\"contentUrl\":\"https:\/\/www.acelogistics.eu\/ee\/wp-content\/uploads\/sites\/2\/2023\/02\/background4-min-1.png\",\"width\":1900,\"height\":350},{\"@type\":\"BreadcrumbList\",\"@id\":\"https:\/\/www.acelogistics.eu\/ee\/et\/ettevottest\/tule-meie-meeskonda\/#breadcrumb\",\"itemListElement\":[{\"@type\":\"ListItem\",\"position\":1,\"name\":\"Home\",\"item\":\"https:\/\/www.acelogistics.eu\/ee\/et\/\"},{\"@type\":\"ListItem\",\"position\":2,\"name\":\"Ettev\u00f5ttest\",\"item\":\"https:\/\/www.acelogistics.eu\/ee\/et\/ettevottest\/\"},{\"@type\":\"ListItem\",\"position\":3,\"name\":\"Tule meie meeskonda\"}]},{\"@type\":\"WebSite\",\"@id\":\"https:\/\/www.acelogistics.eu\/ee\/en\/#website\",\"url\":\"https:\/\/www.acelogistics.eu\/ee\/en\/\",\"name\":\"ACE Logistics Estonia\",\"description\":\"\",\"potentialAction\":[{\"@type\":\"SearchAction\",\"target\":{\"@type\":\"EntryPoint\",\"urlTemplate\":\"https:\/\/www.acelogistics.eu\/ee\/en\/?s={search_term_string}\"},\"query-input\":{\"@type\":\"PropertyValueSpecification\",\"valueRequired\":true,\"valueName\":\"search_term_string\"}}],\"inLanguage\":\"et\"}]}<\/script>\n<!-- \/ Yoast SEO plugin. -->","yoast_head_json":{"title":"Tule meie meeskonda - ACE Logistics Estonia","description":"Otsid logistikas erialast t\u00f6\u00f6d n\u00e4iteks veokorralduses, lennutranspordis, m\u00fc\u00fcgiosakonnas? Tutvu ACE Logisticsi t\u00f6\u00f6pakkumistega siin.","robots":{"index":"index","follow":"follow","max-snippet":"max-snippet:-1","max-image-preview":"max-image-preview:large","max-video-preview":"max-video-preview:-1"},"canonical":"https:\/\/www.acelogistics.eu\/ee\/et\/ettevottest\/tule-meie-meeskonda\/","og_locale":"et_EE","og_type":"article","og_title":"Tule meie meeskonda - ACE Logistics Estonia","og_description":"Otsid logistikas erialast t\u00f6\u00f6d n\u00e4iteks veokorralduses, lennutranspordis, m\u00fc\u00fcgiosakonnas? Tutvu ACE Logisticsi t\u00f6\u00f6pakkumistega siin.","og_url":"https:\/\/www.acelogistics.eu\/ee\/et\/ettevottest\/tule-meie-meeskonda\/","og_site_name":"ACE Logistics Estonia","article_modified_time":"2026-04-08T12:12:23+00:00","og_image":[{"width":1900,"height":350,"url":"https:\/\/www.acelogistics.eu\/ee\/wp-content\/uploads\/sites\/2\/2023\/02\/background4-min-1.png","type":"image\/png"}],"twitter_card":"summary_large_image","twitter_misc":{"Est. reading time":"1 minut"},"schema":{"@context":"https:\/\/schema.org","@graph":[{"@type":"WebPage","@id":"https:\/\/www.acelogistics.eu\/ee\/et\/ettevottest\/tule-meie-meeskonda\/","url":"https:\/\/www.acelogistics.eu\/ee\/et\/ettevottest\/tule-meie-meeskonda\/","name":"Tule meie meeskonda - ACE Logistics Estonia","isPartOf":{"@id":"https:\/\/www.acelogistics.eu\/ee\/en\/#website"},"primaryImageOfPage":{"@id":"https:\/\/www.acelogistics.eu\/ee\/et\/ettevottest\/tule-meie-meeskonda\/#primaryimage"},"image":{"@id":"https:\/\/www.acelogistics.eu\/ee\/et\/ettevottest\/tule-meie-meeskonda\/#primaryimage"},"thumbnailUrl":"https:\/\/www.acelogistics.eu\/ee\/wp-content\/uploads\/sites\/2\/2023\/02\/background4-min-1.png","datePublished":"2023-01-26T15:47:56+00:00","dateModified":"2026-04-08T12:12:23+00:00","description":"Otsid logistikas erialast t\u00f6\u00f6d n\u00e4iteks veokorralduses, lennutranspordis, m\u00fc\u00fcgiosakonnas? Tutvu ACE Logisticsi t\u00f6\u00f6pakkumistega siin.","breadcrumb":{"@id":"https:\/\/www.acelogistics.eu\/ee\/et\/ettevottest\/tule-meie-meeskonda\/#breadcrumb"},"inLanguage":"et","potentialAction":[{"@type":"ReadAction","target":["https:\/\/www.acelogistics.eu\/ee\/et\/ettevottest\/tule-meie-meeskonda\/"]}]},{"@type":"ImageObject","inLanguage":"et","@id":"https:\/\/www.acelogistics.eu\/ee\/et\/ettevottest\/tule-meie-meeskonda\/#primaryimage","url":"https:\/\/www.acelogistics.eu\/ee\/wp-content\/uploads\/sites\/2\/2023\/02\/background4-min-1.png","contentUrl":"https:\/\/www.acelogistics.eu\/ee\/wp-content\/uploads\/sites\/2\/2023\/02\/background4-min-1.png","width":1900,"height":350},{"@type":"BreadcrumbList","@id":"https:\/\/www.acelogistics.eu\/ee\/et\/ettevottest\/tule-meie-meeskonda\/#breadcrumb","itemListElement":[{"@type":"ListItem","position":1,"name":"Home","item":"https:\/\/www.acelogistics.eu\/ee\/et\/"},{"@type":"ListItem","position":2,"name":"Ettev\u00f5ttest","item":"https:\/\/www.acelogistics.eu\/ee\/et\/ettevottest\/"},{"@type":"ListItem","position":3,"name":"Tule meie meeskonda"}]},{"@type":"WebSite","@id":"https:\/\/www.acelogistics.eu\/ee\/en\/#website","url":"https:\/\/www.acelogistics.eu\/ee\/en\/","name":"ACE Logistics Estonia","description":"","potentialAction":[{"@type":"SearchAction","target":{"@type":"EntryPoint","urlTemplate":"https:\/\/www.acelogistics.eu\/ee\/en\/?s={search_term_string}"},"query-input":{"@type":"PropertyValueSpecification","valueRequired":true,"valueName":"search_term_string"}}],"inLanguage":"et"}]}},"_links":{"self":[{"href":"https:\/\/www.acelogistics.eu\/ee\/et\/wp-json\/wp\/v2\/pages\/1927","targetHints":{"allow":["GET"]}}],"collection":[{"href":"https:\/\/www.acelogistics.eu\/ee\/et\/wp-json\/wp\/v2\/pages"}],"about":[{"href":"https:\/\/www.acelogistics.eu\/ee\/et\/wp-json\/wp\/v2\/types\/page"}],"author":[{"embeddable":true,"href":"https:\/\/www.acelogistics.eu\/ee\/et\/wp-json\/wp\/v2\/users\/1"}],"replies":[{"embeddable":true,"href":"https:\/\/www.acelogistics.eu\/ee\/et\/wp-json\/wp\/v2\/comments?post=1927"}],"version-history":[{"count":21,"href":"https:\/\/www.acelogistics.eu\/ee\/et\/wp-json\/wp\/v2\/pages\/1927\/revisions"}],"predecessor-version":[{"id":18953,"href":"https:\/\/www.acelogistics.eu\/ee\/et\/wp-json\/wp\/v2\/pages\/1927\/revisions\/18953"}],"up":[{"embeddable":true,"href":"https:\/\/www.acelogistics.eu\/ee\/et\/wp-json\/wp\/v2\/pages\/1885"}],"wp:featuredmedia":[{"embeddable":true,"href":"https:\/\/www.acelogistics.eu\/ee\/et\/wp-json\/wp\/v2\/media\/14677"}],"wp:attachment":[{"href":"https:\/\/www.acelogistics.eu\/ee\/et\/wp-json\/wp\/v2\/media?parent=1927"}],"curies":[{"name":"wp","href":"https:\/\/api.w.org\/{rel}","templated":true}]}}