{"id":1960,"date":"2023-01-26T18:02:01","date_gmt":"2023-01-26T16:02:01","guid":{"rendered":"https:\/\/stiina.ability.ee\/ee\/?page_id=1960"},"modified":"2026-04-06T10:58:46","modified_gmt":"2026-04-06T07:58:46","slug":"kauba-hilinemine","status":"publish","type":"page","link":"https:\/\/www.acelogistics.eu\/ee\/et\/kauba-hilinemine\/","title":{"rendered":"Kauba hilinemine"},"content":{"rendered":"<p>[et_pb_section fb_built=&#8221;1&#8243; theme_builder_area=&#8221;post_content&#8221; _builder_version=&#8221;4.19.4&#8243; _module_preset=&#8221;default&#8221;][et_pb_row _builder_version=&#8221;4.19.4&#8243; _module_preset=&#8221;default&#8221; theme_builder_area=&#8221;post_content&#8221;][et_pb_column _builder_version=&#8221;4.19.4&#8243; _module_preset=&#8221;default&#8221; type=&#8221;4_4&#8243; theme_builder_area=&#8221;post_content&#8221;][et_pb_text _builder_version=&#8221;4.19.4&#8243; _module_preset=&#8221;default&#8221; theme_builder_area=&#8221;post_content&#8221; hover_enabled=&#8221;0&#8243; sticky_enabled=&#8221;0&#8243;]<\/p>\n<p>Kauba hilinemine on ja j\u00e4\u00e4b kindlasti ka tulevikus oluliseks probleemkohaks transpordis. Kui teiste transpordi k\u00e4igus esilekerkivate probleemide (kauba kahjustumine, kauba kadumine) puhul on selgelt m\u00e4\u00e4ratletud<span>\u00a0<\/span><strong>vastutuspiirid<\/strong>, siis hilinemise puhul on olukord m\u00f5nev\u00f5rra keerulisem.<\/p>\n<p>Kui vedaja v\u00f5i ekspedeerija s\u00f5lmivad kliendiga transpordilepingu, siis pakkumises \u00e4ra m\u00e4rgitud veoaja all m\u00f5eldakse transpordile kulunud aega normaaltingimustes, mitte ei garanteerita kauba kohalej\u00f5udmist sihtpunkti mingi teatud aja jooksul.<\/p>\n<p><strong>Miks ei anta garantiisid?<br \/><\/strong>N\u00e4iteks lennutranspordi puhul on garantiide jagamisel suureks takistuseks Eestisse lendavate lennukite v\u00e4ikene mahutavus ja kindlad n\u00f5uded kaubam\u00f5\u00f5tmetele. Alati ei suuda lennufirma tagada eelnevalt kinnitatud broneeringut transiitpunktist edasilendamisel. Maanteetranspordis on raske ette ennustada piiril tekkivaid j\u00e4rjekordi v\u00f5i \u00e4kitselt juhtuvat tehnilist riket.<br \/>Ekspedeerija peab klienti eelnevalt teavitama viivituse tekkimise v\u00f5imalikkusest. V\u00f5imaluse korral peaks klient arvestama eelnevaid asjaolusid ning j\u00e4tma endale alati mingi varu ootamatuste puhuks.<\/p>\n<p><strong>Kuidas siiski saada garantii?<br \/><\/strong>Ajalist garantiid on v\u00f5imalik saada vedajalt kui selles on konkreetselt kokku lepitud ja vedaja on selges\u00f5naliselt andnud m\u00f5ista, et tegemist on tema poolt osutatava ajalubadusega teenusega.<\/p>\n<p>Vedaja siiski ei vastuta viivituse eest, kui see on tingitud kauba l\u00e4hetajast v\u00f5i kauba saajast. Samuti ei korvata ka saamataj\u00e4\u00e4nud tulu, turu kaotust, moraalset kahju jms. Need korvatakse ainult juhul, kui klient ja vedaja on selle lepingusse kirja pannud.<\/p>\n<p>Seega on \u00e4\u00e4rmisel oluline, et klient teavitaks alati, kui tegu on v\u00e4ga ajatundlike kaupadega, juba transporti tellides. Sellisel juhul saame v\u00f5tta tarvitusele k\u00f5ik meetmed, et hilinemise v\u00f5imalikkust minimaliseerida, ja vaajdusel s\u00f5lmida nii kliendi kui ka oma allhankijate (vedajate ja partneritega) kokkuleppe, mis on h\u00fcvitus hilinemise puhul.<\/p>\n<p>[\/et_pb_text][\/et_pb_column][\/et_pb_row][\/et_pb_section]<\/p>\n","protected":false},"excerpt":{"rendered":"<p>Kauba hilinemine on ja j\u00e4\u00e4b kindlasti ka tulevikus oluliseks probleemkohaks transpordis. Kui teiste transpordi k\u00e4igus esilekerkivate probleemide (kauba kahjustumine, kauba kadumine) puhul on selgelt m\u00e4\u00e4ratletud\u00a0vastutuspiirid, siis hilinemise puhul on olukord m\u00f5nev\u00f5rra keerulisem. Kui vedaja v\u00f5i ekspedeerija s\u00f5lmivad kliendiga transpordilepingu, siis pakkumises \u00e4ra m\u00e4rgitud veoaja all m\u00f5eldakse transpordile kulunud aega normaaltingimustes, mitte ei garanteerita kauba kohalej\u00f5udmist [&hellip;]<\/p>\n","protected":false},"author":1,"featured_media":14691,"parent":0,"menu_order":0,"comment_status":"closed","ping_status":"closed","template":"","meta":{"_et_pb_use_builder":"on","_et_pb_old_content":"","_et_gb_content_width":"","footnotes":""},"class_list":["post-1960","page","type-page","status-publish","has-post-thumbnail","hentry"],"yoast_head":"<!-- This site is optimized with the Yoast SEO plugin v26.8 - https:\/\/yoast.com\/product\/yoast-seo-wordpress\/ -->\n<title>Kauba hilinemine - ACE Logistics Estonia<\/title>\n<meta name=\"description\" content=\"Kauba hilinemine transpordis. Loe, miks garantiisid pole, kuidas viivitusi v\u00e4hendada ja kuidas ACE aitab tagada \u00f5igel ajal kohaletoimetamist.\" \/>\n<meta name=\"robots\" content=\"index, follow, max-snippet:-1, max-image-preview:large, max-video-preview:-1\" \/>\n<link rel=\"canonical\" href=\"https:\/\/www.acelogistics.eu\/ee\/et\/kauba-hilinemine\/\" \/>\n<meta property=\"og:locale\" content=\"et_EE\" \/>\n<meta property=\"og:type\" content=\"article\" \/>\n<meta property=\"og:title\" content=\"Kauba hilinemine - ACE Logistics Estonia\" \/>\n<meta property=\"og:description\" content=\"Kauba hilinemine transpordis. Loe, miks garantiisid pole, kuidas viivitusi v\u00e4hendada ja kuidas ACE aitab tagada \u00f5igel ajal kohaletoimetamist.\" \/>\n<meta property=\"og:url\" content=\"https:\/\/www.acelogistics.eu\/ee\/et\/kauba-hilinemine\/\" \/>\n<meta property=\"og:site_name\" content=\"ACE Logistics Estonia\" \/>\n<meta property=\"article:modified_time\" content=\"2026-04-06T07:58:46+00:00\" \/>\n<meta property=\"og:image\" content=\"https:\/\/www.acelogistics.eu\/ee\/wp-content\/uploads\/sites\/2\/2023\/02\/background_contacts-min-1-1.png\" \/>\n\t<meta property=\"og:image:width\" content=\"1900\" \/>\n\t<meta property=\"og:image:height\" content=\"350\" \/>\n\t<meta property=\"og:image:type\" content=\"image\/png\" \/>\n<meta name=\"twitter:card\" content=\"summary_large_image\" \/>\n<meta name=\"twitter:label1\" content=\"Est. reading time\" \/>\n\t<meta name=\"twitter:data1\" content=\"2 minutit\" \/>\n<script type=\"application\/ld+json\" class=\"yoast-schema-graph\">{\"@context\":\"https:\/\/schema.org\",\"@graph\":[{\"@type\":\"WebPage\",\"@id\":\"https:\/\/www.acelogistics.eu\/ee\/et\/kauba-hilinemine\/\",\"url\":\"https:\/\/www.acelogistics.eu\/ee\/et\/kauba-hilinemine\/\",\"name\":\"Kauba hilinemine - ACE Logistics Estonia\",\"isPartOf\":{\"@id\":\"https:\/\/www.acelogistics.eu\/ee\/en\/#website\"},\"primaryImageOfPage\":{\"@id\":\"https:\/\/www.acelogistics.eu\/ee\/et\/kauba-hilinemine\/#primaryimage\"},\"image\":{\"@id\":\"https:\/\/www.acelogistics.eu\/ee\/et\/kauba-hilinemine\/#primaryimage\"},\"thumbnailUrl\":\"https:\/\/www.acelogistics.eu\/ee\/wp-content\/uploads\/sites\/2\/2023\/02\/background_contacts-min-1-1.png\",\"datePublished\":\"2023-01-26T16:02:01+00:00\",\"dateModified\":\"2026-04-06T07:58:46+00:00\",\"description\":\"Kauba hilinemine transpordis. Loe, miks garantiisid pole, kuidas viivitusi v\u00e4hendada ja kuidas ACE aitab tagada \u00f5igel ajal kohaletoimetamist.\",\"breadcrumb\":{\"@id\":\"https:\/\/www.acelogistics.eu\/ee\/et\/kauba-hilinemine\/#breadcrumb\"},\"inLanguage\":\"et\",\"potentialAction\":[{\"@type\":\"ReadAction\",\"target\":[\"https:\/\/www.acelogistics.eu\/ee\/et\/kauba-hilinemine\/\"]}]},{\"@type\":\"ImageObject\",\"inLanguage\":\"et\",\"@id\":\"https:\/\/www.acelogistics.eu\/ee\/et\/kauba-hilinemine\/#primaryimage\",\"url\":\"https:\/\/www.acelogistics.eu\/ee\/wp-content\/uploads\/sites\/2\/2023\/02\/background_contacts-min-1-1.png\",\"contentUrl\":\"https:\/\/www.acelogistics.eu\/ee\/wp-content\/uploads\/sites\/2\/2023\/02\/background_contacts-min-1-1.png\",\"width\":1900,\"height\":350},{\"@type\":\"BreadcrumbList\",\"@id\":\"https:\/\/www.acelogistics.eu\/ee\/et\/kauba-hilinemine\/#breadcrumb\",\"itemListElement\":[{\"@type\":\"ListItem\",\"position\":1,\"name\":\"Home\",\"item\":\"https:\/\/www.acelogistics.eu\/ee\/et\/\"},{\"@type\":\"ListItem\",\"position\":2,\"name\":\"Kauba hilinemine\"}]},{\"@type\":\"WebSite\",\"@id\":\"https:\/\/www.acelogistics.eu\/ee\/en\/#website\",\"url\":\"https:\/\/www.acelogistics.eu\/ee\/en\/\",\"name\":\"ACE Logistics Estonia\",\"description\":\"\",\"potentialAction\":[{\"@type\":\"SearchAction\",\"target\":{\"@type\":\"EntryPoint\",\"urlTemplate\":\"https:\/\/www.acelogistics.eu\/ee\/en\/?s={search_term_string}\"},\"query-input\":{\"@type\":\"PropertyValueSpecification\",\"valueRequired\":true,\"valueName\":\"search_term_string\"}}],\"inLanguage\":\"et\"}]}<\/script>\n<!-- \/ Yoast SEO plugin. -->","yoast_head_json":{"title":"Kauba hilinemine - ACE Logistics Estonia","description":"Kauba hilinemine transpordis. Loe, miks garantiisid pole, kuidas viivitusi v\u00e4hendada ja kuidas ACE aitab tagada \u00f5igel ajal kohaletoimetamist.","robots":{"index":"index","follow":"follow","max-snippet":"max-snippet:-1","max-image-preview":"max-image-preview:large","max-video-preview":"max-video-preview:-1"},"canonical":"https:\/\/www.acelogistics.eu\/ee\/et\/kauba-hilinemine\/","og_locale":"et_EE","og_type":"article","og_title":"Kauba hilinemine - ACE Logistics Estonia","og_description":"Kauba hilinemine transpordis. Loe, miks garantiisid pole, kuidas viivitusi v\u00e4hendada ja kuidas ACE aitab tagada \u00f5igel ajal kohaletoimetamist.","og_url":"https:\/\/www.acelogistics.eu\/ee\/et\/kauba-hilinemine\/","og_site_name":"ACE Logistics Estonia","article_modified_time":"2026-04-06T07:58:46+00:00","og_image":[{"width":1900,"height":350,"url":"https:\/\/www.acelogistics.eu\/ee\/wp-content\/uploads\/sites\/2\/2023\/02\/background_contacts-min-1-1.png","type":"image\/png"}],"twitter_card":"summary_large_image","twitter_misc":{"Est. reading time":"2 minutit"},"schema":{"@context":"https:\/\/schema.org","@graph":[{"@type":"WebPage","@id":"https:\/\/www.acelogistics.eu\/ee\/et\/kauba-hilinemine\/","url":"https:\/\/www.acelogistics.eu\/ee\/et\/kauba-hilinemine\/","name":"Kauba hilinemine - ACE Logistics Estonia","isPartOf":{"@id":"https:\/\/www.acelogistics.eu\/ee\/en\/#website"},"primaryImageOfPage":{"@id":"https:\/\/www.acelogistics.eu\/ee\/et\/kauba-hilinemine\/#primaryimage"},"image":{"@id":"https:\/\/www.acelogistics.eu\/ee\/et\/kauba-hilinemine\/#primaryimage"},"thumbnailUrl":"https:\/\/www.acelogistics.eu\/ee\/wp-content\/uploads\/sites\/2\/2023\/02\/background_contacts-min-1-1.png","datePublished":"2023-01-26T16:02:01+00:00","dateModified":"2026-04-06T07:58:46+00:00","description":"Kauba hilinemine transpordis. Loe, miks garantiisid pole, kuidas viivitusi v\u00e4hendada ja kuidas ACE aitab tagada \u00f5igel ajal kohaletoimetamist.","breadcrumb":{"@id":"https:\/\/www.acelogistics.eu\/ee\/et\/kauba-hilinemine\/#breadcrumb"},"inLanguage":"et","potentialAction":[{"@type":"ReadAction","target":["https:\/\/www.acelogistics.eu\/ee\/et\/kauba-hilinemine\/"]}]},{"@type":"ImageObject","inLanguage":"et","@id":"https:\/\/www.acelogistics.eu\/ee\/et\/kauba-hilinemine\/#primaryimage","url":"https:\/\/www.acelogistics.eu\/ee\/wp-content\/uploads\/sites\/2\/2023\/02\/background_contacts-min-1-1.png","contentUrl":"https:\/\/www.acelogistics.eu\/ee\/wp-content\/uploads\/sites\/2\/2023\/02\/background_contacts-min-1-1.png","width":1900,"height":350},{"@type":"BreadcrumbList","@id":"https:\/\/www.acelogistics.eu\/ee\/et\/kauba-hilinemine\/#breadcrumb","itemListElement":[{"@type":"ListItem","position":1,"name":"Home","item":"https:\/\/www.acelogistics.eu\/ee\/et\/"},{"@type":"ListItem","position":2,"name":"Kauba hilinemine"}]},{"@type":"WebSite","@id":"https:\/\/www.acelogistics.eu\/ee\/en\/#website","url":"https:\/\/www.acelogistics.eu\/ee\/en\/","name":"ACE Logistics Estonia","description":"","potentialAction":[{"@type":"SearchAction","target":{"@type":"EntryPoint","urlTemplate":"https:\/\/www.acelogistics.eu\/ee\/en\/?s={search_term_string}"},"query-input":{"@type":"PropertyValueSpecification","valueRequired":true,"valueName":"search_term_string"}}],"inLanguage":"et"}]}},"_links":{"self":[{"href":"https:\/\/www.acelogistics.eu\/ee\/et\/wp-json\/wp\/v2\/pages\/1960","targetHints":{"allow":["GET"]}}],"collection":[{"href":"https:\/\/www.acelogistics.eu\/ee\/et\/wp-json\/wp\/v2\/pages"}],"about":[{"href":"https:\/\/www.acelogistics.eu\/ee\/et\/wp-json\/wp\/v2\/types\/page"}],"author":[{"embeddable":true,"href":"https:\/\/www.acelogistics.eu\/ee\/et\/wp-json\/wp\/v2\/users\/1"}],"replies":[{"embeddable":true,"href":"https:\/\/www.acelogistics.eu\/ee\/et\/wp-json\/wp\/v2\/comments?post=1960"}],"version-history":[{"count":9,"href":"https:\/\/www.acelogistics.eu\/ee\/et\/wp-json\/wp\/v2\/pages\/1960\/revisions"}],"predecessor-version":[{"id":18805,"href":"https:\/\/www.acelogistics.eu\/ee\/et\/wp-json\/wp\/v2\/pages\/1960\/revisions\/18805"}],"wp:featuredmedia":[{"embeddable":true,"href":"https:\/\/www.acelogistics.eu\/ee\/et\/wp-json\/wp\/v2\/media\/14691"}],"wp:attachment":[{"href":"https:\/\/www.acelogistics.eu\/ee\/et\/wp-json\/wp\/v2\/media?parent=1960"}],"curies":[{"name":"wp","href":"https:\/\/api.w.org\/{rel}","templated":true}]}}