{"id":1967,"date":"2023-01-12T14:31:31","date_gmt":"2023-01-12T12:31:31","guid":{"rendered":"https:\/\/stiina.ability.ee\/ee\/?page_id=1967"},"modified":"2026-04-06T11:00:15","modified_gmt":"2026-04-06T08:00:15","slug":"kontaktid","status":"publish","type":"page","link":"https:\/\/www.acelogistics.eu\/ee\/et\/kontaktid\/","title":{"rendered":"Kontaktid"},"content":{"rendered":"<p>[et_pb_section fb_built=&#8221;1&#8243; _builder_version=&#8221;4.19.4&#8243; _module_preset=&#8221;default&#8221; custom_padding=&#8221;0px|||||&#8221; global_colors_info=&#8221;{}&#8221;][et_pb_row _builder_version=&#8221;4.27.4&#8243; _module_preset=&#8221;default&#8221; custom_padding=&#8221;55px||40px||false|false&#8221; global_colors_info=&#8221;{}&#8221;][et_pb_column type=&#8221;4_4&#8243; _builder_version=&#8221;4.27.4&#8243; _module_preset=&#8221;default&#8221; global_colors_info=&#8221;{}&#8221;][et_pb_heading title=&#8221;@ET-DC@eyJkeW5hbWljIjp0cnVlLCJjb250ZW50IjoicG9zdF90aXRsZSIsInNldHRpbmdzIjp7ImJlZm9yZSI6IiIsImFmdGVyIjoiIn19@&#8221; _builder_version=&#8221;4.27.4&#8243; _dynamic_attributes=&#8221;title&#8221; _module_preset=&#8221;default&#8221; title_font=&#8221;&#8211;et_global_heading_font|700||on|||||&#8221; title_text_color=&#8221;#004f7c&#8221; title_font_size=&#8221;26px&#8221; custom_margin=&#8221;||||false|false&#8221; custom_padding=&#8221;0px||||false|false&#8221; global_colors_info=&#8221;{}&#8221;][\/et_pb_heading][\/et_pb_column][\/et_pb_row][et_pb_row column_structure=&#8221;1_2,1_2&#8243; _builder_version=&#8221;4.19.4&#8243; _module_preset=&#8221;default&#8221; custom_padding=&#8221;0px|||||&#8221; global_colors_info=&#8221;{}&#8221;][et_pb_column type=&#8221;1_2&#8243; _builder_version=&#8221;4.19.4&#8243; _module_preset=&#8221;default&#8221; global_colors_info=&#8221;{}&#8221;][et_pb_text _builder_version=&#8221;4.27.6&#8243; _module_preset=&#8221;default&#8221; min_height=&#8221;68.4px&#8221; hover_enabled=&#8221;0&#8243; global_colors_info=&#8221;{}&#8221; sticky_enabled=&#8221;0&#8243;]<\/p>\n<h4 style=\"text-align: right;\"><span>Kontaktinfo:<\/span><\/h4>\n<p style=\"text-align: right;\">\u00a0ACE Logistics Estonia AS<\/p>\n<p style=\"text-align: right;\"><span>Rukki tee 12, Lehmja 75306, Harju maakond, Eesti<\/span><br \/>Telefon: <a href=\"+372%20640 1401\">+372 640 1401<\/a><br \/>E-mail:\u00a0<a href=\"mailto:ace@ace.ee\">ace@ace.ee<\/a><br \/><a href=\"https:\/\/www.acelogistics.eu\/ee\/et\/\">www.acelogistics.eu<\/a><\/p>\n<p style=\"text-align: right;\"><strong>T\u00f6\u00f6ajad:<\/strong><br \/>E-R 8.00-17.00<\/p>\n<p>[\/et_pb_text][et_pb_text _builder_version=&#8221;4.27.5&#8243; _module_preset=&#8221;default&#8221; header_4_line_height_tablet=&#8221;&#8221; header_4_line_height_phone=&#8221;1.4em&#8221; header_4_line_height_last_edited=&#8221;on|phone&#8221; global_colors_info=&#8221;{}&#8221;]<\/p>\n<h4 class=\"vc_custom_heading\" style=\"text-align: right;\">Panga rekvisiidid:<\/h4>\n<p style=\"text-align: right;\">Swedbank<br \/>Liivalaia 8, Tallinn<br \/>IBAN EE682200221001124803<br \/>s.w.i.f.t HABAEE2X<\/p>\n<p style=\"text-align: right;\"><strong>KMKR nr EE100066041<\/strong><\/p>\n<p>[\/et_pb_text][et_pb_text admin_label=&#8221;Map&#8221; _builder_version=&#8221;4.27.4&#8243; _module_preset=&#8221;default&#8221; global_colors_info=&#8221;{}&#8221;]<\/p>\n<p><iframe src=\"https:\/\/www.google.com\/maps\/embed?pb=!1m14!1m8!1m3!1d4066.267816563753!2d24.863077!3d59.364104000000005!3m2!1i1024!2i768!4f13.1!3m3!1m2!1s0x4692ebb54114e86d%3A0xa50b2ffe257eb041!2sRukki%20tee%2012%2C%20Lehmja%2C%2075306%20Harju%20maakond!5e0!3m2!1sen!2see!4v1674751377399!5m2!1sen!2see\" width=\"100%\" height=\"460\" style=\"border: 0;\" allowfullscreen=\"\" loading=\"lazy\" referrerpolicy=\"no-referrer-when-downgrade\"><\/iframe><\/p>\n<p>[\/et_pb_text][\/et_pb_column][et_pb_column type=&#8221;1_2&#8243; _builder_version=&#8221;4.19.4&#8243; _module_preset=&#8221;default&#8221; global_colors_info=&#8221;{}&#8221;][et_pb_text admin_label=&#8221;Our departments&#8221; _builder_version=&#8221;4.27.4&#8243; _module_preset=&#8221;default&#8221; text_text_color=&#8221;#0C71C3&#8243; header_text_color=&#8221;#0C71C3&#8243; module_alignment=&#8221;center&#8221; custom_margin=&#8221;|13px|9px|13px|false|false&#8221; custom_padding=&#8221;||20px||false|false&#8221; locked=&#8221;off&#8221; global_colors_info=&#8221;{}&#8221;]<\/p>\n<h4><span style=\"color: #ff9900;\"><strong>ACE Logistics Estonia osakonnad<\/strong><\/span><\/h4>\n<p>[\/et_pb_text][et_pb_toggle title=&#8221;M\u00fc\u00fcgiosakond&#8221; icon_color=&#8221;#004f7c&#8221; open_icon_color=&#8221;#004f7c&#8221; admin_label=&#8221;Sales Department&#8221; _builder_version=&#8221;4.27.4&#8243; _module_preset=&#8221;default&#8221; locked=&#8221;off&#8221; global_colors_info=&#8221;{}&#8221;]<\/p>\n<p>Telefon <a href=\"+372%205563 8495\">+372 5563 8495<\/a><\/p>\n<p>E-mail <a href=\"mailto:sales@ace.ee\">sales@ace.ee<\/a><\/p>\n<p>[\/et_pb_toggle][et_pb_toggle title=&#8221;Lennu-Mere-Raudtee osakond&#8221; icon_color=&#8221;#004f7c&#8221; open_icon_color=&#8221;#004f7c&#8221; admin_label=&#8221;Air-Sea-Rail Department&#8221; _builder_version=&#8221;4.27.5&#8243; _module_preset=&#8221;default&#8221; title_line_height_tablet=&#8221;&#8221; title_line_height_phone=&#8221;1.4em&#8221; title_line_height_last_edited=&#8221;on|phone&#8221; locked=&#8221;off&#8221; global_colors_info=&#8221;{}&#8221;]<\/p>\n<p>Telefon <a href=\"+372%205306 7547\">+372 5306 7547<\/a><\/p>\n<p>E-mail <a href=\"mailto:asrsales@ace.ee\">asrsales@ace.ee<\/a><\/p>\n<p>[\/et_pb_toggle][et_pb_toggle title=&#8221;Maanteevedude osakond&#8221; icon_color=&#8221;#004f7c&#8221; open_icon_color=&#8221;#004f7c&#8221; admin_label=&#8221;Road Freight Department&#8221; _builder_version=&#8221;4.27.4&#8243; _module_preset=&#8221;default&#8221; locked=&#8221;off&#8221; global_colors_info=&#8221;{}&#8221;]<\/p>\n<p><strong>Grupikaupade osakond<\/strong><\/p>\n<p>Telefon\u00a0 <a href=\"+372%205918 7889\">+372 5918 7889<\/a><\/p>\n<p>E-mail <a href=\"mailto:groupage@ace.ee\">groupage@ace.ee<\/a><a href=\"+372%205918 7889\"> <\/a><\/p>\n<p><strong>Osa- ja t\u00e4iskoormate osakond<\/strong><\/p>\n<p>Telefon <a href=\"+372%205198 8946\">+372 5198 8946<\/a><\/p>\n<p>E-mail <a href=\"mailto:dispo@ace.ee\">dispo@ace.ee<\/a><\/p>\n<p><strong>Osa- ja t\u00e4iskoormate Skandinaavia osakond<\/strong><\/p>\n<p>Telefon <a href=\"+372%205198 8946\">+372 5198 8946<\/a><\/p>\n<p>E-mail <a href=\"mailto:dispoSC@ace.ee\">dispoSC@ace.ee<\/a><\/p>\n<p><strong>Sisevedude osakond<\/strong><\/p>\n<p>Telefon\u00a0<a href=\"+372%205301 8605\">+372 5301 8605<\/a><\/p>\n<p>E-mail <a href=\"mailto:domestic@ace.ee\">domestic@ace.ee<\/a><\/p>\n<p>[\/et_pb_toggle][et_pb_toggle title=&#8221;Tolliosakond&#8221; icon_color=&#8221;#004f7c&#8221; open_icon_color=&#8221;#004f7c&#8221; admin_label=&#8221;Customs&#8221; _builder_version=&#8221;4.27.4&#8243; _module_preset=&#8221;default&#8221; locked=&#8221;off&#8221; global_colors_info=&#8221;{}&#8221;]<\/p>\n<p><span>Telefon\u00a0<a href=\"+372%205393 9375\">+372 5393 9375<\/a><\/span><\/p>\n<p><span>E-mail <a href=\"mailto:cl@ace.ee\">cl@ace.ee<\/a><\/span><\/p>\n<p>[\/et_pb_toggle][et_pb_toggle title=&#8221;Ladu&#8221; icon_color=&#8221;#004f7c&#8221; open_icon_color=&#8221;#004f7c&#8221; admin_label=&#8221;Warehouse&#8221; _builder_version=&#8221;4.27.4&#8243; _module_preset=&#8221;default&#8221; locked=&#8221;off&#8221; global_colors_info=&#8221;{}&#8221;]<\/p>\n<p>Telefon\u00a0 <a href=\"+372%205916 1185\">+372 5916 1185<\/a><\/p>\n<p>E-mail <a href=\"mailto:warehouse@ace.ee\">warehouse@ace.ee<\/a><\/p>\n<p>[\/et_pb_toggle][et_pb_toggle title=&#8221;Personaliosakond&#8221; icon_color=&#8221;#004f7c&#8221; open_icon_color=&#8221;#004f7c&#8221; admin_label=&#8221;LTL\/FTL department&#8221; _builder_version=&#8221;4.27.4&#8243; _module_preset=&#8221;default&#8221; locked=&#8221;off&#8221; global_colors_info=&#8221;{}&#8221;]<\/p>\n<p>Telefon\u00a0 <a href=\"+372\u00a0509%202755\">+372\u00a0509 2755<\/a><\/p>\n<p>E-mail <a href=\"mailto:personal@ace.ee\">hr@ace.ee<\/a><\/p>\n<p>[\/et_pb_toggle][et_pb_toggle title=&#8221;Finantsosakond&#8221; icon_color=&#8221;#004f7c&#8221; open_icon_color=&#8221;#004f7c&#8221; _builder_version=&#8221;4.27.4&#8243; _module_preset=&#8221;default&#8221; locked=&#8221;off&#8221; global_colors_info=&#8221;{}&#8221;]<\/p>\n<p>Telefon\u00a0 <a href=\"+372\u00a05696%202084\">+372\u00a05696 2084<\/a><\/p>\n<p>E-mail <a href=\"mailto:accounting@ace.ee\">accounting@ace.ee<\/a><\/p>\n<p>[\/et_pb_toggle][\/et_pb_column][\/et_pb_row][\/et_pb_section][et_pb_section fb_built=&#8221;1&#8243; _builder_version=&#8221;4.27.4&#8243; _module_preset=&#8221;default&#8221; background_color=&#8221;#ededed&#8221; max_width=&#8221;100%&#8221; module_alignment=&#8221;center&#8221; custom_padding=&#8221;14px||3px|||&#8221; box_shadow_style=&#8221;preset1&#8243; global_colors_info=&#8221;{}&#8221;][et_pb_row _builder_version=&#8221;4.27.4&#8243; _module_preset=&#8221;default&#8221; custom_padding=&#8221;50px|||||&#8221; global_colors_info=&#8221;{}&#8221;][et_pb_column type=&#8221;4_4&#8243; _builder_version=&#8221;4.27.4&#8243; _module_preset=&#8221;default&#8221; global_colors_info=&#8221;{}&#8221;][et_pb_text admin_label=&#8221;contact-form&#8221; module_class=&#8221;contact-form-7-ace-contact&#8221; _builder_version=&#8221;4.27.4&#8243; _module_preset=&#8221;default&#8221; global_colors_info=&#8221;{}&#8221;]<\/p>\n<h4>V\u00f5ta \u00fchendust<\/h4>\n\n<div class=\"wpcf7 no-js\" id=\"wpcf7-f1865-o1\" lang=\"en-US\" dir=\"ltr\" data-wpcf7-id=\"1865\">\n<div class=\"screen-reader-response\"><p role=\"status\" aria-live=\"polite\" aria-atomic=\"true\"><\/p> <ul><\/ul><\/div>\n<form action=\"\/ee\/et\/wp-json\/wp\/v2\/pages\/1967#wpcf7-f1865-o1\" method=\"post\" class=\"wpcf7-form init\" aria-label=\"Contact form\" novalidate=\"novalidate\" data-status=\"init\">\n<fieldset class=\"hidden-fields-container\"><input type=\"hidden\" name=\"_wpcf7\" value=\"1865\" \/><input type=\"hidden\" name=\"_wpcf7_version\" value=\"6.1.5\" \/><input type=\"hidden\" name=\"_wpcf7_locale\" value=\"en_US\" \/><input type=\"hidden\" name=\"_wpcf7_unit_tag\" value=\"wpcf7-f1865-o1\" \/><input type=\"hidden\" name=\"_wpcf7_container_post\" value=\"0\" \/><input type=\"hidden\" name=\"_wpcf7_posted_data_hash\" value=\"\" \/><input type=\"hidden\" name=\"_wpcf7cf_hidden_group_fields\" value=\"[]\" \/><input type=\"hidden\" name=\"_wpcf7cf_hidden_groups\" value=\"[]\" \/><input type=\"hidden\" name=\"_wpcf7cf_visible_groups\" value=\"[]\" \/><input type=\"hidden\" name=\"_wpcf7cf_repeaters\" value=\"[]\" \/><input type=\"hidden\" name=\"_wpcf7cf_steps\" value=\"{}\" \/><input type=\"hidden\" name=\"_wpcf7cf_options\" value=\"{&quot;form_id&quot;:1865,&quot;conditions&quot;:[],&quot;settings&quot;:{&quot;animation&quot;:&quot;yes&quot;,&quot;animation_intime&quot;:200,&quot;animation_outtime&quot;:200,&quot;conditions_ui&quot;:&quot;normal&quot;,&quot;notice_dismissed&quot;:false,&quot;notice_dismissed_rollback-cf7-5.7.2&quot;:true}}\" \/>\n<\/fieldset>\n<p><label> Sinu nimi <span style=\"color: #004f7c;\">*<\/span><br \/>\n<span class=\"wpcf7-form-control-wrap\" data-name=\"your-name\"><input size=\"40\" maxlength=\"400\" class=\"wpcf7-form-control wpcf7-text wpcf7-validates-as-required\" autocomplete=\"name\" aria-required=\"true\" aria-invalid=\"false\" value=\"\" type=\"text\" name=\"your-name\" \/><\/span> <\/label>\n<\/p>\n<p><label> Sinu e-post <span style=\"color: #004f7c;\">*<\/span><br \/>\n<span class=\"wpcf7-form-control-wrap\" data-name=\"your-email\"><input size=\"40\" maxlength=\"400\" class=\"wpcf7-form-control wpcf7-email wpcf7-validates-as-required wpcf7-text wpcf7-validates-as-email\" autocomplete=\"email\" aria-required=\"true\" aria-invalid=\"false\" value=\"\" type=\"email\" name=\"your-email\" \/><\/span> <\/label>\n<\/p>\n<p><label> Telefon <span style=\"color: #004f7c;\">*<\/span><br \/>\n<span class=\"wpcf7-form-control-wrap\" data-name=\"your-phone\"><input size=\"40\" maxlength=\"400\" class=\"wpcf7-form-control wpcf7-text wpcf7-validates-as-required\" aria-required=\"true\" aria-invalid=\"false\" value=\"\" type=\"text\" name=\"your-phone\" \/><\/span> <\/label>\n<\/p>\n<p><label> Sinu s\u00f5num <span style=\"color: #004f7c;\">*<\/span><br \/>\n<span class=\"wpcf7-form-control-wrap\" data-name=\"your-message\"><textarea cols=\"40\" rows=\"10\" maxlength=\"2000\" class=\"wpcf7-form-control wpcf7-textarea wpcf7-validates-as-required\" aria-required=\"true\" aria-invalid=\"false\" name=\"your-message\"><\/textarea><\/span> <\/label>\n<\/p>\n<p><span id=\"wpcf7-69dee04de7a32-wrapper\" class=\"wpcf7-form-control-wrap website-wrap\" style=\"display:none !important; visibility:hidden !important;\"><input type=\"hidden\" name=\"website-time-start\" value=\"1776214093\"><input type=\"hidden\" name=\"website-time-check\" value=\"6\"><label for=\"website-1\" class=\"hp-message\">Please leave this field empty.<\/label><input id=\"website-1\"  class=\"wpcf7-form-control wpcf7-text\" type=\"text\" name=\"website\" value=\"\" size=\"40\" tabindex=\"-1\" autocomplete=\"new-password\" \/><\/span>\n<\/p>\n<div class=\"form-send-button\">\n\t<p><input class=\"wpcf7-form-control wpcf7-submit has-spinner\" type=\"submit\" value=\"Saada\" \/>\n\t<\/p>\n<\/div>\n<style>\n.wpcf7 input, .wpcf7 textarea {\n width: 100%\n}\n<\/style><div class=\"wpcf7-response-output\" aria-hidden=\"true\"><\/div>\n<\/form>\n<\/div>\n\n<p>[\/et_pb_text][et_pb_code _builder_version=&#8221;4.27.4&#8243; _module_preset=&#8221;default&#8221; global_colors_info=&#8221;{}&#8221;]<\/p>\n<style><!-- [et_pb_line_break_holder] -->.contact-form-7-ace-contact {<!-- [et_pb_line_break_holder] -->font-family: inter;<!-- [et_pb_line_break_holder] -->}<!-- [et_pb_line_break_holder] -->.contact-form-7-ace-contact label {<!-- [et_pb_line_break_holder] -->font-family: inter;<!-- [et_pb_line_break_holder] -->}<!-- [et_pb_line_break_holder] -->.contact-form-7-ace-contact form {<!-- [et_pb_line_break_holder] -->margin-top: 12px;<!-- [et_pb_line_break_holder] -->}<!-- [et_pb_line_break_holder] -->.contact-form-7-ace-contact .form-send-button {<!-- [et_pb_line_break_holder] -->    display: flex !important;<!-- [et_pb_line_break_holder] -->    justify-content: flex-end !important;<!-- [et_pb_line_break_holder] -->}<!-- [et_pb_line_break_holder] -->  <!-- [et_pb_line_break_holder] -->.contact-form-7-ace-contact input {<!-- [et_pb_line_break_holder] -->    height: 35px;<!-- [et_pb_line_break_holder] -->  \tmargin-top: 5px;<!-- [et_pb_line_break_holder] -->}<!-- [et_pb_line_break_holder] -->.contact-form-7-ace-contact textarea {<!-- [et_pb_line_break_holder] -->  \tmargin-top: 5px;<!-- [et_pb_line_break_holder] -->}<!-- [et_pb_line_break_holder] -->.contact-form-7-ace-contact input:focus, .contact-form-7-ace-contact textarea:focus  {<!-- [et_pb_line_break_holder] -->    border-color: #004f7c;<!-- [et_pb_line_break_holder] -->}<!-- [et_pb_line_break_holder] -->.contact-form-7-ace-contact .form-send-button .wpcf7-submit {<!-- [et_pb_line_break_holder] -->    width: fit-content;<!-- [et_pb_line_break_holder] -->    font-size: 17px;<!-- [et_pb_line_break_holder] -->    background-color: #004f7c;<!-- [et_pb_line_break_holder] -->    padding-top: 8px !important;<!-- [et_pb_line_break_holder] -->    padding-right: 40px !important;<!-- [et_pb_line_break_holder] -->    padding-bottom: 8px !important;<!-- [et_pb_line_break_holder] -->    padding-left: 40px !important;<!-- [et_pb_line_break_holder] -->    color: white;<!-- [et_pb_line_break_holder] -->    cursor: pointer;<!-- [et_pb_line_break_holder] -->    font-family: 'Inter' !important;<!-- [et_pb_line_break_holder] -->    border: 3px solid #004f7c;<!-- [et_pb_line_break_holder] -->    border-radius: 2px;<!-- [et_pb_line_break_holder] -->    letter-spacing: 1px;<!-- [et_pb_line_break_holder] -->  \tdisplay: flex !important;<!-- [et_pb_line_break_holder] -->  \theight: 40px !important;<!-- [et_pb_line_break_holder] -->}<!-- [et_pb_line_break_holder] -->.contact-form-7-ace-contact .form-send-button .wpcf7-submit:hover {<!-- [et_pb_line_break_holder] -->   border-color: #156da1 !important;<!-- [et_pb_line_break_holder] -->}<!-- [et_pb_line_break_holder] --><\/style>\n<p>[\/et_pb_code][\/et_pb_column][\/et_pb_row][\/et_pb_section]<\/p>\n","protected":false},"excerpt":{"rendered":"<p>Kontaktinfo: \u00a0ACE Logistics Estonia AS Rukki tee 12, Lehmja 75306, Harju maakond, EestiTelefon: +372 640 1401E-mail:\u00a0ace@ace.eewww.acelogistics.eu T\u00f6\u00f6ajad:E-R 8.00-17.00Panga rekvisiidid: SwedbankLiivalaia 8, TallinnIBAN EE682200221001124803s.w.i.f.t HABAEE2X KMKR nr EE100066041ACE Logistics Estonia osakonnadTelefon +372 5563 8495 E-mail sales@ace.eeTelefon +372 5306 7547 E-mail asrsales@ace.eeGrupikaupade osakond Telefon\u00a0 +372 5918 7889 E-mail groupage@ace.ee Osa- ja t\u00e4iskoormate osakond Telefon +372 5198 8946 [&hellip;]<\/p>\n","protected":false},"author":1,"featured_media":15563,"parent":0,"menu_order":0,"comment_status":"closed","ping_status":"closed","template":"","meta":{"_et_pb_use_builder":"on","_et_pb_old_content":"","_et_gb_content_width":"","footnotes":""},"class_list":["post-1967","page","type-page","status-publish","has-post-thumbnail","hentry"],"yoast_head":"<!-- This site is optimized with the Yoast SEO plugin v26.8 - https:\/\/yoast.com\/product\/yoast-seo-wordpress\/ -->\n<title>Kontaktid - ACE Logistics Estonia<\/title>\n<meta name=\"description\" content=\"V\u00f5ta \u00fchendust ACE Logisticsi logistikaettev\u00f5ttega. Siit leiad meie p\u00f5hikontaktid ning osakondade kontaktid. Paneme teie kaubad liikuma.\" \/>\n<meta name=\"robots\" content=\"index, follow, max-snippet:-1, max-image-preview:large, max-video-preview:-1\" \/>\n<link rel=\"canonical\" href=\"https:\/\/www.acelogistics.eu\/ee\/et\/kontaktid\/\" \/>\n<meta property=\"og:locale\" content=\"et_EE\" \/>\n<meta property=\"og:type\" content=\"article\" \/>\n<meta property=\"og:title\" content=\"Kontaktid - ACE Logistics Estonia\" \/>\n<meta property=\"og:description\" content=\"V\u00f5ta \u00fchendust ACE Logisticsi logistikaettev\u00f5ttega. Siit leiad meie p\u00f5hikontaktid ning osakondade kontaktid. Paneme teie kaubad liikuma.\" \/>\n<meta property=\"og:url\" content=\"https:\/\/www.acelogistics.eu\/ee\/et\/kontaktid\/\" \/>\n<meta property=\"og:site_name\" content=\"ACE Logistics Estonia\" \/>\n<meta property=\"article:modified_time\" content=\"2026-04-06T08:00:15+00:00\" \/>\n<meta property=\"og:image\" content=\"https:\/\/www.acelogistics.eu\/ee\/wp-content\/uploads\/sites\/2\/2025\/03\/ace-contacts-header-2.jpg\" \/>\n\t<meta property=\"og:image:width\" content=\"2000\" \/>\n\t<meta property=\"og:image:height\" content=\"353\" \/>\n\t<meta property=\"og:image:type\" content=\"image\/jpeg\" \/>\n<meta name=\"twitter:card\" content=\"summary_large_image\" \/>\n<meta name=\"twitter:label1\" content=\"Est. reading time\" \/>\n\t<meta name=\"twitter:data1\" content=\"1 minut\" \/>\n<script type=\"application\/ld+json\" class=\"yoast-schema-graph\">{\"@context\":\"https:\/\/schema.org\",\"@graph\":[{\"@type\":\"WebPage\",\"@id\":\"https:\/\/www.acelogistics.eu\/ee\/et\/kontaktid\/\",\"url\":\"https:\/\/www.acelogistics.eu\/ee\/et\/kontaktid\/\",\"name\":\"Kontaktid - ACE Logistics Estonia\",\"isPartOf\":{\"@id\":\"https:\/\/www.acelogistics.eu\/ee\/en\/#website\"},\"primaryImageOfPage\":{\"@id\":\"https:\/\/www.acelogistics.eu\/ee\/et\/kontaktid\/#primaryimage\"},\"image\":{\"@id\":\"https:\/\/www.acelogistics.eu\/ee\/et\/kontaktid\/#primaryimage\"},\"thumbnailUrl\":\"https:\/\/www.acelogistics.eu\/ee\/wp-content\/uploads\/sites\/2\/2025\/03\/ace-contacts-header-2.jpg\",\"datePublished\":\"2023-01-12T12:31:31+00:00\",\"dateModified\":\"2026-04-06T08:00:15+00:00\",\"description\":\"V\u00f5ta \u00fchendust ACE Logisticsi logistikaettev\u00f5ttega. Siit leiad meie p\u00f5hikontaktid ning osakondade kontaktid. Paneme teie kaubad liikuma.\",\"breadcrumb\":{\"@id\":\"https:\/\/www.acelogistics.eu\/ee\/et\/kontaktid\/#breadcrumb\"},\"inLanguage\":\"et\",\"potentialAction\":[{\"@type\":\"ReadAction\",\"target\":[\"https:\/\/www.acelogistics.eu\/ee\/et\/kontaktid\/\"]}]},{\"@type\":\"ImageObject\",\"inLanguage\":\"et\",\"@id\":\"https:\/\/www.acelogistics.eu\/ee\/et\/kontaktid\/#primaryimage\",\"url\":\"https:\/\/www.acelogistics.eu\/ee\/wp-content\/uploads\/sites\/2\/2025\/03\/ace-contacts-header-2.jpg\",\"contentUrl\":\"https:\/\/www.acelogistics.eu\/ee\/wp-content\/uploads\/sites\/2\/2025\/03\/ace-contacts-header-2.jpg\",\"width\":2000,\"height\":353},{\"@type\":\"BreadcrumbList\",\"@id\":\"https:\/\/www.acelogistics.eu\/ee\/et\/kontaktid\/#breadcrumb\",\"itemListElement\":[{\"@type\":\"ListItem\",\"position\":1,\"name\":\"Home\",\"item\":\"https:\/\/www.acelogistics.eu\/ee\/et\/\"},{\"@type\":\"ListItem\",\"position\":2,\"name\":\"Kontaktid\"}]},{\"@type\":\"WebSite\",\"@id\":\"https:\/\/www.acelogistics.eu\/ee\/en\/#website\",\"url\":\"https:\/\/www.acelogistics.eu\/ee\/en\/\",\"name\":\"ACE Logistics Estonia\",\"description\":\"\",\"potentialAction\":[{\"@type\":\"SearchAction\",\"target\":{\"@type\":\"EntryPoint\",\"urlTemplate\":\"https:\/\/www.acelogistics.eu\/ee\/en\/?s={search_term_string}\"},\"query-input\":{\"@type\":\"PropertyValueSpecification\",\"valueRequired\":true,\"valueName\":\"search_term_string\"}}],\"inLanguage\":\"et\"}]}<\/script>\n<!-- \/ Yoast SEO plugin. -->","yoast_head_json":{"title":"Kontaktid - ACE Logistics Estonia","description":"V\u00f5ta \u00fchendust ACE Logisticsi logistikaettev\u00f5ttega. Siit leiad meie p\u00f5hikontaktid ning osakondade kontaktid. Paneme teie kaubad liikuma.","robots":{"index":"index","follow":"follow","max-snippet":"max-snippet:-1","max-image-preview":"max-image-preview:large","max-video-preview":"max-video-preview:-1"},"canonical":"https:\/\/www.acelogistics.eu\/ee\/et\/kontaktid\/","og_locale":"et_EE","og_type":"article","og_title":"Kontaktid - ACE Logistics Estonia","og_description":"V\u00f5ta \u00fchendust ACE Logisticsi logistikaettev\u00f5ttega. Siit leiad meie p\u00f5hikontaktid ning osakondade kontaktid. Paneme teie kaubad liikuma.","og_url":"https:\/\/www.acelogistics.eu\/ee\/et\/kontaktid\/","og_site_name":"ACE Logistics Estonia","article_modified_time":"2026-04-06T08:00:15+00:00","og_image":[{"width":2000,"height":353,"url":"https:\/\/www.acelogistics.eu\/ee\/wp-content\/uploads\/sites\/2\/2025\/03\/ace-contacts-header-2.jpg","type":"image\/jpeg"}],"twitter_card":"summary_large_image","twitter_misc":{"Est. reading time":"1 minut"},"schema":{"@context":"https:\/\/schema.org","@graph":[{"@type":"WebPage","@id":"https:\/\/www.acelogistics.eu\/ee\/et\/kontaktid\/","url":"https:\/\/www.acelogistics.eu\/ee\/et\/kontaktid\/","name":"Kontaktid - ACE Logistics Estonia","isPartOf":{"@id":"https:\/\/www.acelogistics.eu\/ee\/en\/#website"},"primaryImageOfPage":{"@id":"https:\/\/www.acelogistics.eu\/ee\/et\/kontaktid\/#primaryimage"},"image":{"@id":"https:\/\/www.acelogistics.eu\/ee\/et\/kontaktid\/#primaryimage"},"thumbnailUrl":"https:\/\/www.acelogistics.eu\/ee\/wp-content\/uploads\/sites\/2\/2025\/03\/ace-contacts-header-2.jpg","datePublished":"2023-01-12T12:31:31+00:00","dateModified":"2026-04-06T08:00:15+00:00","description":"V\u00f5ta \u00fchendust ACE Logisticsi logistikaettev\u00f5ttega. Siit leiad meie p\u00f5hikontaktid ning osakondade kontaktid. Paneme teie kaubad liikuma.","breadcrumb":{"@id":"https:\/\/www.acelogistics.eu\/ee\/et\/kontaktid\/#breadcrumb"},"inLanguage":"et","potentialAction":[{"@type":"ReadAction","target":["https:\/\/www.acelogistics.eu\/ee\/et\/kontaktid\/"]}]},{"@type":"ImageObject","inLanguage":"et","@id":"https:\/\/www.acelogistics.eu\/ee\/et\/kontaktid\/#primaryimage","url":"https:\/\/www.acelogistics.eu\/ee\/wp-content\/uploads\/sites\/2\/2025\/03\/ace-contacts-header-2.jpg","contentUrl":"https:\/\/www.acelogistics.eu\/ee\/wp-content\/uploads\/sites\/2\/2025\/03\/ace-contacts-header-2.jpg","width":2000,"height":353},{"@type":"BreadcrumbList","@id":"https:\/\/www.acelogistics.eu\/ee\/et\/kontaktid\/#breadcrumb","itemListElement":[{"@type":"ListItem","position":1,"name":"Home","item":"https:\/\/www.acelogistics.eu\/ee\/et\/"},{"@type":"ListItem","position":2,"name":"Kontaktid"}]},{"@type":"WebSite","@id":"https:\/\/www.acelogistics.eu\/ee\/en\/#website","url":"https:\/\/www.acelogistics.eu\/ee\/en\/","name":"ACE Logistics Estonia","description":"","potentialAction":[{"@type":"SearchAction","target":{"@type":"EntryPoint","urlTemplate":"https:\/\/www.acelogistics.eu\/ee\/en\/?s={search_term_string}"},"query-input":{"@type":"PropertyValueSpecification","valueRequired":true,"valueName":"search_term_string"}}],"inLanguage":"et"}]}},"_links":{"self":[{"href":"https:\/\/www.acelogistics.eu\/ee\/et\/wp-json\/wp\/v2\/pages\/1967","targetHints":{"allow":["GET"]}}],"collection":[{"href":"https:\/\/www.acelogistics.eu\/ee\/et\/wp-json\/wp\/v2\/pages"}],"about":[{"href":"https:\/\/www.acelogistics.eu\/ee\/et\/wp-json\/wp\/v2\/types\/page"}],"author":[{"embeddable":true,"href":"https:\/\/www.acelogistics.eu\/ee\/et\/wp-json\/wp\/v2\/users\/1"}],"replies":[{"embeddable":true,"href":"https:\/\/www.acelogistics.eu\/ee\/et\/wp-json\/wp\/v2\/comments?post=1967"}],"version-history":[{"count":39,"href":"https:\/\/www.acelogistics.eu\/ee\/et\/wp-json\/wp\/v2\/pages\/1967\/revisions"}],"predecessor-version":[{"id":18807,"href":"https:\/\/www.acelogistics.eu\/ee\/et\/wp-json\/wp\/v2\/pages\/1967\/revisions\/18807"}],"wp:featuredmedia":[{"embeddable":true,"href":"https:\/\/www.acelogistics.eu\/ee\/et\/wp-json\/wp\/v2\/media\/15563"}],"wp:attachment":[{"href":"https:\/\/www.acelogistics.eu\/ee\/et\/wp-json\/wp\/v2\/media?parent=1967"}],"curies":[{"name":"wp","href":"https:\/\/api.w.org\/{rel}","templated":true}]}}