{"id":2110,"date":"2023-02-06T15:41:31","date_gmt":"2023-02-06T13:41:31","guid":{"rendered":"https:\/\/stiina.ability.ee\/ee\/?page_id=2110"},"modified":"2026-04-06T11:08:34","modified_gmt":"2026-04-06T08:08:34","slug":"privaatsuseeskiri","status":"publish","type":"page","link":"https:\/\/www.acelogistics.eu\/ee\/et\/privaatsuseeskiri\/","title":{"rendered":"Privaatsuseeskiri"},"content":{"rendered":"<p>[et_pb_section fb_built=&#8221;1&#8243; theme_builder_area=&#8221;post_content&#8221; _builder_version=&#8221;4.19.4&#8243; _module_preset=&#8221;default&#8221;][et_pb_row _builder_version=&#8221;4.19.4&#8243; _module_preset=&#8221;default&#8221; theme_builder_area=&#8221;post_content&#8221;][et_pb_column _builder_version=&#8221;4.19.4&#8243; _module_preset=&#8221;default&#8221; type=&#8221;4_4&#8243; theme_builder_area=&#8221;post_content&#8221;][et_pb_text _builder_version=&#8221;4.19.4&#8243; _module_preset=&#8221;default&#8221; theme_builder_area=&#8221;post_content&#8221; hover_enabled=&#8221;0&#8243; sticky_enabled=&#8221;0&#8243;]<\/p>\n<h1 class=\"vc_custom_heading\">ACE LOGISTICS GROUP\u2019I PRIVAATSUSEESKIRI<\/h1>\n<p>&nbsp;<\/p>\n<p>ACE Logistics Group AS koos oma t\u00fctarettev\u00f5tetega (edaspidi ACE Logistics v\u00f5i ACE) v\u00e4\u00e4rtustab klientide poolt talle usaldatud andmeid ning j\u00e4rgib isikuandmete kaitse \u00fcldm\u00e4\u00e4ruse (GDPR, General Data Protection Regulation) ja riiklike m\u00e4\u00e4rustega s\u00e4testatud isikuandmete kaitse n\u00f5udeid.<\/p>\n<p>ACE Logistics Group\u2019i ettev\u00f5tted v\u00f5tavad kasutusele asjakohased turvameetmed ja ettevaatusabin\u00f5ud, et v\u00e4ltida volitamata juurdep\u00e4\u00e4su andmetele, nende v\u00e4\u00e4rkasutust v\u00f5i h\u00e4vimist.\u00a0<\/p>\n<p>&nbsp;<\/p>\n<h4><span>Milliseid isikuandmeid ACE Logistics Group\u2019i ettev\u00f5tted koguvad:<\/span><\/h4>\n<p>ACE Logistics kogub, kasutab ja t\u00f6\u00f6tleb andmeid, mis on vajalikud kliendi poolt tellitud teenuste osutamiseks v\u00f5i mis on seadusega kohustuslikud. Osade andmete alusel on f\u00fc\u00fcsilist isikut v\u00f5imalik otseselt v\u00f5i kaudselt tuvastada, seega loetakse selliseid andmeid isikuandmeteks. Kogutavad isikuandmed v\u00f5ivad muuhulgas h\u00f5lmata nime, aadressi, telefoninumbrit, e-posti aadressi, isikukoodi, kasutajanimesid ja salas\u00f5nu.<\/p>\n<p>Lepingu t\u00e4itmisega mitteseotud v\u00f5i seadusest mittetulenev isikuandmete kogumine ja t\u00f6\u00f6tlemine toimub vaid isiku selges\u00f5nalisel n\u00f5usolekul.<\/p>\n<p>Isikuandmeid kogutakse, s\u00e4ilitatakse ja t\u00f6\u00f6deldakse j\u00e4rgnevatel juhtudel:<\/p>\n<ul>\n<li>Taotluse alusel, et edastada teavet pakutava teenuse v\u00f5imaluste ja tingimuste kohta;<\/li>\n<li>Osutamaks kliendi tellimuse alusel logistikateenuseid ja t\u00e4itmaks seadusest tulenevaid kohustusi tema nimel;<\/li>\n<li>Kliendi maksete t\u00f6\u00f6tlemiseks v\u00f5i krediidi andmiseks;<\/li>\n<li>Taotluse alusel, et pakkuda kliendile juurdep\u00e4\u00e4su ACE Logisticsi e-teenustele;<\/li>\n<li>Kvaliteedi tagamise eesm\u00e4rgil tagasiside k\u00fcsimiseks osutatud teenuste kohta;<\/li>\n<li>ACE veebip\u00f5histe ja tavateenuste kvaliteedi parandamiseks ja kliendisuhete haldamiseks;<\/li>\n<li>Kliendi n\u00f5usolekul, ACE uudiste ja teadaannete edastamiseks uudiskirja ja e-posti teel.<\/li>\n<\/ul>\n<p>Isikuandmeid v\u00f5ib koguda aktiivsel ja passiivsel moel. M\u00f5lemal juhul j\u00e4rgib ACE Logistics isikuandmete kaitse \u00fcldm\u00e4\u00e4ruses s\u00e4testatud andmete eesm\u00e4rgikohasuse ja v\u00f5imalikult v\u00e4heste andmete kogumise p\u00f5him\u00f5tet. Isikuandmeid ei s\u00e4ilitata kauem kui seadusega lubatud on.<\/p>\n<h5>AKTIIVNE ANDMETE KOGUMINE<\/h5>\n<p>Isikuandmete aktiivne kogumine v\u00f5ib toimuda e-kirjade vahetamise, telefonik\u00f5nede, fakside, kasutaja poolt ACE veebilehel t\u00e4idetud vormide v\u00f5i muude asjakohaste vahendite kaudu. Klient esitab vabatahtlikult lepingu t\u00e4itmiseks vajalikud isikuandmed.<\/p>\n<h5>PASSIIVNE ANDMETE KOGUMINE<\/h5>\n<p>ACE Logistics kasutab oma veebip\u00f5histe teenuste parandamiseks ja sisu kohandamiseks veebilehe k\u00fclastajate j\u00e4lgimisvahendeid. ACE Logisticsi veebilehe igakordsel k\u00fclastamisel kogutakse ja salvestatakse teatud andmeid passiivselt k\u00fcpsiste abil (nt, veebilehe navigatsioonimustrid, asukoha ja seadme info).<\/p>\n<p>ACE Logisticsi veebilehed kasutavad lehitsemise info kogumiseks k\u00fcpsiseid (nii enda kui kolmandate poolte, nt. Google Analyticsi omi). K\u00fcpsis on v\u00e4ike tekstifail, mille k\u00fclastatav veebileht saadab k\u00fclastaja veebilehitsejale. See aitab veebilehel salvestada k\u00fclastusega seotud infot, sealhulgas keelevalikut ja muid seadeid. ACE Logisticsi veebilehe \u00fcldteave on ligip\u00e4\u00e4setav ilma k\u00fcpsisteta. Piirangud kehtivad kliendi salas\u00f5naga kaitstud sisule. K\u00fclastajad saavad k\u00fcpsiste seadeid oma veebilehitsejas muuta.<\/p>\n<p>ACE ei koosta konkreetsete kasutajate profiile nende k\u00e4itumise ja tegevuse alusel. K\u00f5iki kogutud andmeid kasutatakse koondandmetena.<\/p>\n<h4><span>Kuidas ACE Logistics isikuandmeid t\u00f6\u00f6tleb<\/span><\/h4>\n<p><span>Klientidelt v\u00f5i rahvusvahelistelt partneritelt lepinguliste kohustuste t\u00e4itmise k\u00e4igus saadud isikuandmeid kasutatakse ainult lepingu ulatuses, j\u00e4rgides eesm\u00e4rgikohasuse p\u00f5him\u00f5tet. Kliendi poolt edastatud kontaktandmeid v\u00f5ib kasutada kliendi rahulolu v\u00f5i tagasiside saamiseks kasutatud teenuste kohta.<\/span><\/p>\n<h4><span>Isikuandmete edastamine kolmandale isikule<\/span><\/h4>\n<p>Kliendile kokkulepitud logistikateenuste osutamiseks v\u00f5ib ACE Logistics edastada osapoolte isikuandmeid (nt. nimi, aadress, telefoninumber, e-posti aadress) grupi- v\u00f5i partnerettev\u00f5ttele, kes asuvad Euroopa Liidus v\u00f5i v\u00e4ljaspool seda.<\/p>\n<p>L\u00e4htudes logistika- ja tollialaste seaduste n\u00f5uetest kauba kohale toimetamiseks v\u00f5ib ACE Logistics olla kohustatud edastama isikuandmeid l\u00e4hte-, siht- v\u00f5i transiitriigi riigiasutustele.<\/p>\n<p>Isikuandmete edastamisel ELis ja v\u00e4ljaspool ELi asuvatele kolmandatele isikutele j\u00e4rgib ACE Logistics v\u00f5imalikult v\u00e4heste andmete kogumise p\u00f5him\u00f5tet, edastades ainult lepinguliste v\u00f5i seadusest tulenevate kohustuste t\u00e4itmiseks vajalikud isikuandmeid. Muudel juhtudel k\u00fcsitakse isikult selges\u00f5nalist n\u00f5usolekut.<\/p>\n<p>ACE Logistics kasutab oma teenuste kvaliteedi parandamiseks ja turunduseesm\u00e4rkidel mitmeid usaldusv\u00e4\u00e4rseid kolmandatest osapooltest teenusepakkujaid. V\u00e4listel teenusepakkujatel on keelatud kasutada edastatud isikuandmeid k\u00e4esolevas eeskirjas mittem\u00e4\u00e4ratletud eesm\u00e4rkidel.<\/p>\n<h4>Lingid v\u00e4listele veebilehtedele<\/h4>\n<p>ACE Logistics veebilehtedel v\u00f5ivad olla lingid v\u00e4listele veebilehtedele, mille eesm\u00e4rgiks on pakkuda k\u00fclastajatele kasulikku teavet. ACE Logistics ei v\u00f5ta endale vastutust v\u00e4liste veebilehtede sisu ja privaatsusn\u00f5uete osas. Palume kasutada ettevaatusabin\u00f5usid.<\/p>\n<h4>Andmesubjekti \u00f5igus saada enda kohta k\u00e4ivaid isikuandmeid<\/h4>\n<p>ACE Logistics teeb endast olenevalt k\u00f5ik, et hoida oma valduses olevad isikuandmed t\u00e4psete ja ajakohastena. Vastavalt isikuandmete kaitse \u00fcldm\u00e4\u00e4rusele on isikul \u00f5igus saada \u00fclevaadet oma isikuandmetest, mis on ACE Logisticsile t\u00f6\u00f6tlemiseks edastatud. Isikul on \u00f5igus oma andmeid t\u00e4iendada, parandada, paluda oma andmete ebaseadusliku t\u00f6\u00f6tlemise l\u00f5petamist v\u00f5i kustutamist, juhul kui see ei ole vastuolus seadusega. Nende \u00f5iguste kasutamiseks tuleb saata taotlus ACE Logistics Group\u2019i e-postile: <a href=\"mailto:\">gdpr@acegroup.ee<\/a>. Taotlust k\u00e4sitletakse 30 p\u00e4eva jooksul.<\/p>\n<p>Kui isik on andnud n\u00f5usoleku ACE Logistics\u2019i teadaannete ja uudiskirja saamiseks, saab selle n\u00f5usoleku igal ajal tagasi v\u00f5tta, kasutades iga ACE Logisticsi uudiskirja jaluses olevat vastavat linki.<\/p>\n<p>[\/et_pb_text][\/et_pb_column][\/et_pb_row][\/et_pb_section]<\/p>\n","protected":false},"excerpt":{"rendered":"<p>ACE LOGISTICS GROUP\u2019I PRIVAATSUSEESKIRI &nbsp; ACE Logistics Group AS koos oma t\u00fctarettev\u00f5tetega (edaspidi ACE Logistics v\u00f5i ACE) v\u00e4\u00e4rtustab klientide poolt talle usaldatud andmeid ning j\u00e4rgib isikuandmete kaitse \u00fcldm\u00e4\u00e4ruse (GDPR, General Data Protection Regulation) ja riiklike m\u00e4\u00e4rustega s\u00e4testatud isikuandmete kaitse n\u00f5udeid. ACE Logistics Group\u2019i ettev\u00f5tted v\u00f5tavad kasutusele asjakohased turvameetmed ja ettevaatusabin\u00f5ud, et v\u00e4ltida volitamata juurdep\u00e4\u00e4su andmetele, [&hellip;]<\/p>\n","protected":false},"author":1,"featured_media":0,"parent":0,"menu_order":0,"comment_status":"closed","ping_status":"closed","template":"","meta":{"_et_pb_use_builder":"on","_et_pb_old_content":"","_et_gb_content_width":"","footnotes":""},"class_list":["post-2110","page","type-page","status-publish","hentry"],"yoast_head":"<!-- This site is optimized with the Yoast SEO plugin v26.8 - https:\/\/yoast.com\/product\/yoast-seo-wordpress\/ -->\n<title>Privaatsuseeskiri - ACE Logistics Estonia<\/title>\n<meta name=\"description\" content=\"ACE Logistics Group AS v\u00e4\u00e4rtustab klientide poolt talle usaldatud andmeid ning j\u00e4rgib GDPR ja teisi isikuandmete kaitse n\u00f5udeid.\" \/>\n<meta name=\"robots\" content=\"index, follow, max-snippet:-1, max-image-preview:large, max-video-preview:-1\" \/>\n<link rel=\"canonical\" href=\"https:\/\/www.acelogistics.eu\/ee\/et\/privaatsuseeskiri\/\" \/>\n<meta property=\"og:locale\" content=\"et_EE\" \/>\n<meta property=\"og:type\" content=\"article\" \/>\n<meta property=\"og:title\" content=\"Privaatsuseeskiri - ACE Logistics Estonia\" \/>\n<meta property=\"og:description\" content=\"ACE Logistics Group AS v\u00e4\u00e4rtustab klientide poolt talle usaldatud andmeid ning j\u00e4rgib GDPR ja teisi isikuandmete kaitse n\u00f5udeid.\" \/>\n<meta property=\"og:url\" content=\"https:\/\/www.acelogistics.eu\/ee\/et\/privaatsuseeskiri\/\" \/>\n<meta property=\"og:site_name\" content=\"ACE Logistics Estonia\" \/>\n<meta property=\"article:modified_time\" content=\"2026-04-06T08:08:34+00:00\" \/>\n<meta name=\"twitter:card\" content=\"summary_large_image\" \/>\n<meta name=\"twitter:label1\" content=\"Est. reading time\" \/>\n\t<meta name=\"twitter:data1\" content=\"3 minutit\" \/>\n<script type=\"application\/ld+json\" class=\"yoast-schema-graph\">{\"@context\":\"https:\/\/schema.org\",\"@graph\":[{\"@type\":\"WebPage\",\"@id\":\"https:\/\/www.acelogistics.eu\/ee\/et\/privaatsuseeskiri\/\",\"url\":\"https:\/\/www.acelogistics.eu\/ee\/et\/privaatsuseeskiri\/\",\"name\":\"Privaatsuseeskiri - ACE Logistics Estonia\",\"isPartOf\":{\"@id\":\"https:\/\/www.acelogistics.eu\/ee\/en\/#website\"},\"datePublished\":\"2023-02-06T13:41:31+00:00\",\"dateModified\":\"2026-04-06T08:08:34+00:00\",\"description\":\"ACE Logistics Group AS v\u00e4\u00e4rtustab klientide poolt talle usaldatud andmeid ning j\u00e4rgib GDPR ja teisi isikuandmete kaitse n\u00f5udeid.\",\"breadcrumb\":{\"@id\":\"https:\/\/www.acelogistics.eu\/ee\/et\/privaatsuseeskiri\/#breadcrumb\"},\"inLanguage\":\"et\",\"potentialAction\":[{\"@type\":\"ReadAction\",\"target\":[\"https:\/\/www.acelogistics.eu\/ee\/et\/privaatsuseeskiri\/\"]}]},{\"@type\":\"BreadcrumbList\",\"@id\":\"https:\/\/www.acelogistics.eu\/ee\/et\/privaatsuseeskiri\/#breadcrumb\",\"itemListElement\":[{\"@type\":\"ListItem\",\"position\":1,\"name\":\"Home\",\"item\":\"https:\/\/www.acelogistics.eu\/ee\/et\/\"},{\"@type\":\"ListItem\",\"position\":2,\"name\":\"Privaatsuseeskiri\"}]},{\"@type\":\"WebSite\",\"@id\":\"https:\/\/www.acelogistics.eu\/ee\/en\/#website\",\"url\":\"https:\/\/www.acelogistics.eu\/ee\/en\/\",\"name\":\"ACE Logistics Estonia\",\"description\":\"\",\"potentialAction\":[{\"@type\":\"SearchAction\",\"target\":{\"@type\":\"EntryPoint\",\"urlTemplate\":\"https:\/\/www.acelogistics.eu\/ee\/en\/?s={search_term_string}\"},\"query-input\":{\"@type\":\"PropertyValueSpecification\",\"valueRequired\":true,\"valueName\":\"search_term_string\"}}],\"inLanguage\":\"et\"}]}<\/script>\n<!-- \/ Yoast SEO plugin. -->","yoast_head_json":{"title":"Privaatsuseeskiri - ACE Logistics Estonia","description":"ACE Logistics Group AS v\u00e4\u00e4rtustab klientide poolt talle usaldatud andmeid ning j\u00e4rgib GDPR ja teisi isikuandmete kaitse n\u00f5udeid.","robots":{"index":"index","follow":"follow","max-snippet":"max-snippet:-1","max-image-preview":"max-image-preview:large","max-video-preview":"max-video-preview:-1"},"canonical":"https:\/\/www.acelogistics.eu\/ee\/et\/privaatsuseeskiri\/","og_locale":"et_EE","og_type":"article","og_title":"Privaatsuseeskiri - ACE Logistics Estonia","og_description":"ACE Logistics Group AS v\u00e4\u00e4rtustab klientide poolt talle usaldatud andmeid ning j\u00e4rgib GDPR ja teisi isikuandmete kaitse n\u00f5udeid.","og_url":"https:\/\/www.acelogistics.eu\/ee\/et\/privaatsuseeskiri\/","og_site_name":"ACE Logistics Estonia","article_modified_time":"2026-04-06T08:08:34+00:00","twitter_card":"summary_large_image","twitter_misc":{"Est. reading time":"3 minutit"},"schema":{"@context":"https:\/\/schema.org","@graph":[{"@type":"WebPage","@id":"https:\/\/www.acelogistics.eu\/ee\/et\/privaatsuseeskiri\/","url":"https:\/\/www.acelogistics.eu\/ee\/et\/privaatsuseeskiri\/","name":"Privaatsuseeskiri - ACE Logistics Estonia","isPartOf":{"@id":"https:\/\/www.acelogistics.eu\/ee\/en\/#website"},"datePublished":"2023-02-06T13:41:31+00:00","dateModified":"2026-04-06T08:08:34+00:00","description":"ACE Logistics Group AS v\u00e4\u00e4rtustab klientide poolt talle usaldatud andmeid ning j\u00e4rgib GDPR ja teisi isikuandmete kaitse n\u00f5udeid.","breadcrumb":{"@id":"https:\/\/www.acelogistics.eu\/ee\/et\/privaatsuseeskiri\/#breadcrumb"},"inLanguage":"et","potentialAction":[{"@type":"ReadAction","target":["https:\/\/www.acelogistics.eu\/ee\/et\/privaatsuseeskiri\/"]}]},{"@type":"BreadcrumbList","@id":"https:\/\/www.acelogistics.eu\/ee\/et\/privaatsuseeskiri\/#breadcrumb","itemListElement":[{"@type":"ListItem","position":1,"name":"Home","item":"https:\/\/www.acelogistics.eu\/ee\/et\/"},{"@type":"ListItem","position":2,"name":"Privaatsuseeskiri"}]},{"@type":"WebSite","@id":"https:\/\/www.acelogistics.eu\/ee\/en\/#website","url":"https:\/\/www.acelogistics.eu\/ee\/en\/","name":"ACE Logistics Estonia","description":"","potentialAction":[{"@type":"SearchAction","target":{"@type":"EntryPoint","urlTemplate":"https:\/\/www.acelogistics.eu\/ee\/en\/?s={search_term_string}"},"query-input":{"@type":"PropertyValueSpecification","valueRequired":true,"valueName":"search_term_string"}}],"inLanguage":"et"}]}},"_links":{"self":[{"href":"https:\/\/www.acelogistics.eu\/ee\/et\/wp-json\/wp\/v2\/pages\/2110","targetHints":{"allow":["GET"]}}],"collection":[{"href":"https:\/\/www.acelogistics.eu\/ee\/et\/wp-json\/wp\/v2\/pages"}],"about":[{"href":"https:\/\/www.acelogistics.eu\/ee\/et\/wp-json\/wp\/v2\/types\/page"}],"author":[{"embeddable":true,"href":"https:\/\/www.acelogistics.eu\/ee\/et\/wp-json\/wp\/v2\/users\/1"}],"replies":[{"embeddable":true,"href":"https:\/\/www.acelogistics.eu\/ee\/et\/wp-json\/wp\/v2\/comments?post=2110"}],"version-history":[{"count":9,"href":"https:\/\/www.acelogistics.eu\/ee\/et\/wp-json\/wp\/v2\/pages\/2110\/revisions"}],"predecessor-version":[{"id":18811,"href":"https:\/\/www.acelogistics.eu\/ee\/et\/wp-json\/wp\/v2\/pages\/2110\/revisions\/18811"}],"wp:attachment":[{"href":"https:\/\/www.acelogistics.eu\/ee\/et\/wp-json\/wp\/v2\/media?parent=2110"}],"curies":[{"name":"wp","href":"https:\/\/api.w.org\/{rel}","templated":true}]}}