{"id":2128,"date":"2023-02-06T17:00:32","date_gmt":"2023-02-06T15:00:32","guid":{"rendered":"https:\/\/stiina.ability.ee\/ee\/?page_id=2128"},"modified":"2026-04-06T11:06:48","modified_gmt":"2026-04-06T08:06:48","slug":"kupsiste-kasutamise-eeskiri","status":"publish","type":"page","link":"https:\/\/www.acelogistics.eu\/ee\/et\/kupsiste-kasutamise-eeskiri\/","title":{"rendered":"K\u00fcpsiste kasutamise eeskiri"},"content":{"rendered":"<p>[et_pb_section fb_built=&#8221;1&#8243; theme_builder_area=&#8221;post_content&#8221; _builder_version=&#8221;4.19.4&#8243; _module_preset=&#8221;default&#8221;][et_pb_row _builder_version=&#8221;4.19.4&#8243; _module_preset=&#8221;default&#8221; theme_builder_area=&#8221;post_content&#8221;][et_pb_column _builder_version=&#8221;4.19.4&#8243; _module_preset=&#8221;default&#8221; type=&#8221;4_4&#8243; theme_builder_area=&#8221;post_content&#8221;][et_pb_text _builder_version=&#8221;4.19.4&#8243; _module_preset=&#8221;default&#8221; theme_builder_area=&#8221;post_content&#8221; hover_enabled=&#8221;0&#8243; sticky_enabled=&#8221;0&#8243;]<\/p>\n<h1 class=\"vc_custom_heading\">K\u00dcPSISTE KASUTAMISE EESKIRI<\/h1>\n<p>ACE`i veebileht kasutab<span>\u00a0<\/span><em>k\u00fcpsiseid<\/em><span>\u00a0<\/span>(cookies). K\u00fcpsis on veebilehe k\u00fclastaja seadmele salvestuv tekstifail, milles sisalduv info aitab meil muuta veebilehe k\u00fclastaja kasutajakogemust vastavalt tema eelistustele.<\/p>\n<p>ACE veebilehel kasutame j\u00e4rgmiseid k\u00fcpsiste liike:<\/p>\n<p><em>Sessioonik\u00fcpsised<\/em><span>\u00a0<\/span>on ajutised ja kaovad, kui k\u00fclastaja lahkub veebilehelt. Need on vajalikud veebilehe kavandatud funktsionaalsuse tagamiseks.<\/p>\n<p><em>P\u00fcsik\u00fcpsised<\/em><span>\u00a0<\/span>on failid, mis j\u00e4\u00e4vad k\u00fclastaja seadmesse p\u00fcsivalt. Neid kasutatakse korduvk\u00fclastaja tuvastamiseks ja veebilehe kohandamiseks vastavalt k\u00fclastaja eelistustele (nt. keelevalik). K\u00fclastaja saab p\u00fcsik\u00fcpsiseid soovi korral kustutada.<\/p>\n<p>M\u00f5ned k\u00fcpsised aitavad meil koguda statistilisi andmeid edasiseks anal\u00fc\u00fcsiks ja veebilehe arendamiseks. Meie kasutame kolmanda osapoole k\u00fcpsiseid, n\u00e4iteks Google\u2019i k\u00fcpsiseid.<\/p>\n<p>Kui Te k\u00fclastate ACE`i veebilehte ning Teie veebilehitseja on seadistatud k\u00fcpsiste vastuv\u00f5tmiseks, v\u00f5tame seda kui n\u00f5usolekut ACE`i k\u00fcpsiste tingimustega. Vastasel juhul ei saa me tagada, et k\u00f5ik veebilehe funktsioonid toimivad etten\u00e4htud viisil.<\/p>\n<p>Kui Te ei soovi meie veebilehel k\u00fcpsiseid vastu v\u00f5tta, saate k\u00fcpsiste blokeerimist seadistada veebilehitseja turvas\u00e4tetes. Juhiseid turvas\u00e4tete muutmiseks leiate vastava veebilehitseja dokumentatsioonis.<\/p>\n<p>[\/et_pb_text][\/et_pb_column][\/et_pb_row][\/et_pb_section]<\/p>\n","protected":false},"excerpt":{"rendered":"<p>K\u00dcPSISTE KASUTAMISE EESKIRI ACE`i veebileht kasutab\u00a0k\u00fcpsiseid\u00a0(cookies). K\u00fcpsis on veebilehe k\u00fclastaja seadmele salvestuv tekstifail, milles sisalduv info aitab meil muuta veebilehe k\u00fclastaja kasutajakogemust vastavalt tema eelistustele. ACE veebilehel kasutame j\u00e4rgmiseid k\u00fcpsiste liike: Sessioonik\u00fcpsised\u00a0on ajutised ja kaovad, kui k\u00fclastaja lahkub veebilehelt. Need on vajalikud veebilehe kavandatud funktsionaalsuse tagamiseks. P\u00fcsik\u00fcpsised\u00a0on failid, mis j\u00e4\u00e4vad k\u00fclastaja seadmesse p\u00fcsivalt. Neid kasutatakse [&hellip;]<\/p>\n","protected":false},"author":1,"featured_media":0,"parent":0,"menu_order":0,"comment_status":"closed","ping_status":"closed","template":"","meta":{"_et_pb_use_builder":"on","_et_pb_old_content":"<!-- wp:divi\/placeholder \/-->","_et_gb_content_width":"","footnotes":""},"class_list":["post-2128","page","type-page","status-publish","hentry"],"yoast_head":"<!-- This site is optimized with the Yoast SEO plugin v26.8 - https:\/\/yoast.com\/product\/yoast-seo-wordpress\/ -->\n<title>K\u00fcpsiste kasutamise eeskiri - ACE Logistics Estonia<\/title>\n<meta name=\"description\" content=\"ACE&#039;i veebileht kasutab k\u00fcpsiseid. See on k\u00fclastaja seadmele salvestuv teksifail, mille info aitab meil muuta veebilehe kasutajakogemust.\" \/>\n<meta name=\"robots\" content=\"index, follow, max-snippet:-1, max-image-preview:large, max-video-preview:-1\" \/>\n<link rel=\"canonical\" href=\"https:\/\/www.acelogistics.eu\/ee\/et\/kupsiste-kasutamise-eeskiri\/\" \/>\n<meta property=\"og:locale\" content=\"et_EE\" \/>\n<meta property=\"og:type\" content=\"article\" \/>\n<meta property=\"og:title\" content=\"K\u00fcpsiste kasutamise eeskiri - ACE Logistics Estonia\" \/>\n<meta property=\"og:description\" content=\"ACE&#039;i veebileht kasutab k\u00fcpsiseid. See on k\u00fclastaja seadmele salvestuv teksifail, mille info aitab meil muuta veebilehe kasutajakogemust.\" \/>\n<meta property=\"og:url\" content=\"https:\/\/www.acelogistics.eu\/ee\/et\/kupsiste-kasutamise-eeskiri\/\" \/>\n<meta property=\"og:site_name\" content=\"ACE Logistics Estonia\" \/>\n<meta property=\"article:modified_time\" content=\"2026-04-06T08:06:48+00:00\" \/>\n<meta name=\"twitter:card\" content=\"summary_large_image\" \/>\n<meta name=\"twitter:label1\" content=\"Est. reading time\" \/>\n\t<meta name=\"twitter:data1\" content=\"1 minut\" \/>\n<script type=\"application\/ld+json\" class=\"yoast-schema-graph\">{\"@context\":\"https:\/\/schema.org\",\"@graph\":[{\"@type\":\"WebPage\",\"@id\":\"https:\/\/www.acelogistics.eu\/ee\/et\/kupsiste-kasutamise-eeskiri\/\",\"url\":\"https:\/\/www.acelogistics.eu\/ee\/et\/kupsiste-kasutamise-eeskiri\/\",\"name\":\"K\u00fcpsiste kasutamise eeskiri - ACE Logistics Estonia\",\"isPartOf\":{\"@id\":\"https:\/\/www.acelogistics.eu\/ee\/en\/#website\"},\"datePublished\":\"2023-02-06T15:00:32+00:00\",\"dateModified\":\"2026-04-06T08:06:48+00:00\",\"description\":\"ACE'i veebileht kasutab k\u00fcpsiseid. See on k\u00fclastaja seadmele salvestuv teksifail, mille info aitab meil muuta veebilehe kasutajakogemust.\",\"breadcrumb\":{\"@id\":\"https:\/\/www.acelogistics.eu\/ee\/et\/kupsiste-kasutamise-eeskiri\/#breadcrumb\"},\"inLanguage\":\"et\",\"potentialAction\":[{\"@type\":\"ReadAction\",\"target\":[\"https:\/\/www.acelogistics.eu\/ee\/et\/kupsiste-kasutamise-eeskiri\/\"]}]},{\"@type\":\"BreadcrumbList\",\"@id\":\"https:\/\/www.acelogistics.eu\/ee\/et\/kupsiste-kasutamise-eeskiri\/#breadcrumb\",\"itemListElement\":[{\"@type\":\"ListItem\",\"position\":1,\"name\":\"Home\",\"item\":\"https:\/\/www.acelogistics.eu\/ee\/et\/\"},{\"@type\":\"ListItem\",\"position\":2,\"name\":\"K\u00fcpsiste kasutamise eeskiri\"}]},{\"@type\":\"WebSite\",\"@id\":\"https:\/\/www.acelogistics.eu\/ee\/en\/#website\",\"url\":\"https:\/\/www.acelogistics.eu\/ee\/en\/\",\"name\":\"ACE Logistics Estonia\",\"description\":\"\",\"potentialAction\":[{\"@type\":\"SearchAction\",\"target\":{\"@type\":\"EntryPoint\",\"urlTemplate\":\"https:\/\/www.acelogistics.eu\/ee\/en\/?s={search_term_string}\"},\"query-input\":{\"@type\":\"PropertyValueSpecification\",\"valueRequired\":true,\"valueName\":\"search_term_string\"}}],\"inLanguage\":\"et\"}]}<\/script>\n<!-- \/ Yoast SEO plugin. -->","yoast_head_json":{"title":"K\u00fcpsiste kasutamise eeskiri - ACE Logistics Estonia","description":"ACE'i veebileht kasutab k\u00fcpsiseid. See on k\u00fclastaja seadmele salvestuv teksifail, mille info aitab meil muuta veebilehe kasutajakogemust.","robots":{"index":"index","follow":"follow","max-snippet":"max-snippet:-1","max-image-preview":"max-image-preview:large","max-video-preview":"max-video-preview:-1"},"canonical":"https:\/\/www.acelogistics.eu\/ee\/et\/kupsiste-kasutamise-eeskiri\/","og_locale":"et_EE","og_type":"article","og_title":"K\u00fcpsiste kasutamise eeskiri - ACE Logistics Estonia","og_description":"ACE'i veebileht kasutab k\u00fcpsiseid. See on k\u00fclastaja seadmele salvestuv teksifail, mille info aitab meil muuta veebilehe kasutajakogemust.","og_url":"https:\/\/www.acelogistics.eu\/ee\/et\/kupsiste-kasutamise-eeskiri\/","og_site_name":"ACE Logistics Estonia","article_modified_time":"2026-04-06T08:06:48+00:00","twitter_card":"summary_large_image","twitter_misc":{"Est. reading time":"1 minut"},"schema":{"@context":"https:\/\/schema.org","@graph":[{"@type":"WebPage","@id":"https:\/\/www.acelogistics.eu\/ee\/et\/kupsiste-kasutamise-eeskiri\/","url":"https:\/\/www.acelogistics.eu\/ee\/et\/kupsiste-kasutamise-eeskiri\/","name":"K\u00fcpsiste kasutamise eeskiri - ACE Logistics Estonia","isPartOf":{"@id":"https:\/\/www.acelogistics.eu\/ee\/en\/#website"},"datePublished":"2023-02-06T15:00:32+00:00","dateModified":"2026-04-06T08:06:48+00:00","description":"ACE'i veebileht kasutab k\u00fcpsiseid. See on k\u00fclastaja seadmele salvestuv teksifail, mille info aitab meil muuta veebilehe kasutajakogemust.","breadcrumb":{"@id":"https:\/\/www.acelogistics.eu\/ee\/et\/kupsiste-kasutamise-eeskiri\/#breadcrumb"},"inLanguage":"et","potentialAction":[{"@type":"ReadAction","target":["https:\/\/www.acelogistics.eu\/ee\/et\/kupsiste-kasutamise-eeskiri\/"]}]},{"@type":"BreadcrumbList","@id":"https:\/\/www.acelogistics.eu\/ee\/et\/kupsiste-kasutamise-eeskiri\/#breadcrumb","itemListElement":[{"@type":"ListItem","position":1,"name":"Home","item":"https:\/\/www.acelogistics.eu\/ee\/et\/"},{"@type":"ListItem","position":2,"name":"K\u00fcpsiste kasutamise eeskiri"}]},{"@type":"WebSite","@id":"https:\/\/www.acelogistics.eu\/ee\/en\/#website","url":"https:\/\/www.acelogistics.eu\/ee\/en\/","name":"ACE Logistics Estonia","description":"","potentialAction":[{"@type":"SearchAction","target":{"@type":"EntryPoint","urlTemplate":"https:\/\/www.acelogistics.eu\/ee\/en\/?s={search_term_string}"},"query-input":{"@type":"PropertyValueSpecification","valueRequired":true,"valueName":"search_term_string"}}],"inLanguage":"et"}]}},"_links":{"self":[{"href":"https:\/\/www.acelogistics.eu\/ee\/et\/wp-json\/wp\/v2\/pages\/2128","targetHints":{"allow":["GET"]}}],"collection":[{"href":"https:\/\/www.acelogistics.eu\/ee\/et\/wp-json\/wp\/v2\/pages"}],"about":[{"href":"https:\/\/www.acelogistics.eu\/ee\/et\/wp-json\/wp\/v2\/types\/page"}],"author":[{"embeddable":true,"href":"https:\/\/www.acelogistics.eu\/ee\/et\/wp-json\/wp\/v2\/users\/1"}],"replies":[{"embeddable":true,"href":"https:\/\/www.acelogistics.eu\/ee\/et\/wp-json\/wp\/v2\/comments?post=2128"}],"version-history":[{"count":5,"href":"https:\/\/www.acelogistics.eu\/ee\/et\/wp-json\/wp\/v2\/pages\/2128\/revisions"}],"predecessor-version":[{"id":18809,"href":"https:\/\/www.acelogistics.eu\/ee\/et\/wp-json\/wp\/v2\/pages\/2128\/revisions\/18809"}],"wp:attachment":[{"href":"https:\/\/www.acelogistics.eu\/ee\/et\/wp-json\/wp\/v2\/media?parent=2128"}],"curies":[{"name":"wp","href":"https:\/\/api.w.org\/{rel}","templated":true}]}}