{"id":160,"date":"2023-01-12T14:31:31","date_gmt":"2023-01-12T14:31:31","guid":{"rendered":"https:\/\/stiina.ability.ee\/lt\/?page_id=160"},"modified":"2026-03-26T10:44:19","modified_gmt":"2026-03-26T08:44:19","slug":"contacts","status":"publish","type":"page","link":"https:\/\/www.acelogistics.eu\/lt\/en\/contacts\/","title":{"rendered":"Contacts"},"content":{"rendered":"<p>[et_pb_section fb_built=&#8221;1&#8243; _builder_version=&#8221;4.19.4&#8243; _module_preset=&#8221;default&#8221; custom_padding=&#8221;0px|||||&#8221; global_colors_info=&#8221;{}&#8221;][et_pb_row _builder_version=&#8221;4.27.4&#8243; _module_preset=&#8221;default&#8221; custom_padding=&#8221;55px||40px||false|false&#8221; global_colors_info=&#8221;{}&#8221;][et_pb_column type=&#8221;4_4&#8243; _builder_version=&#8221;4.27.4&#8243; _module_preset=&#8221;default&#8221; global_colors_info=&#8221;{}&#8221;][et_pb_heading title=&#8221;@ET-DC@eyJkeW5hbWljIjp0cnVlLCJjb250ZW50IjoicG9zdF90aXRsZSIsInNldHRpbmdzIjp7ImJlZm9yZSI6IiIsImFmdGVyIjoiIn19@&#8221; _builder_version=&#8221;4.27.4&#8243; _dynamic_attributes=&#8221;title&#8221; _module_preset=&#8221;default&#8221; title_font=&#8221;&#8211;et_global_heading_font|700||on|||||&#8221; title_font_size=&#8221;26px&#8221; custom_margin=&#8221;||||false|false&#8221; custom_padding=&#8221;0px||||false|false&#8221; global_colors_info=&#8221;{}&#8221;][\/et_pb_heading][\/et_pb_column][\/et_pb_row][et_pb_row column_structure=&#8221;1_2,1_2&#8243; _builder_version=&#8221;4.19.4&#8243; _module_preset=&#8221;default&#8221; custom_padding=&#8221;0px|||||&#8221; global_colors_info=&#8221;{}&#8221;][et_pb_column type=&#8221;1_2&#8243; _builder_version=&#8221;4.19.4&#8243; _module_preset=&#8221;default&#8221; global_colors_info=&#8221;{}&#8221;][et_pb_text _builder_version=&#8221;4.27.6&#8243; _module_preset=&#8221;default&#8221; hover_enabled=&#8221;0&#8243; global_colors_info=&#8221;{}&#8221; sticky_enabled=&#8221;0&#8243;]<\/p>\n<h4 style=\"text-align: right;\">Contact Details:<\/h4>\n<p style=\"text-align: right;\">ACE Logistics Lithuania UAB<br \/><strong>Vilnius terminal:<\/strong> Jurgio Dobkevi\u010diaus g. 10, LT-02189 Vilnius, Lithuania<br \/><strong>Kaunas terminal:<\/strong> Erdv\u0117s g. 19, Ramu\u010diai, Kaunas district, Lithuania<br \/>Phone: <a href=\"+370%205 2106 106\">+370 5 2106 106<\/a><br \/><span>E-mail:\u00a0<\/span><a href=\"mailto:ace@ace.lt\">ace@ace.lt<\/a><a href=\"mailto:ladu@ace.ee\"><br \/><\/a><a href=\"http:\/\/www.acelogistics.eu\">www.acelogistics.eu<\/a><\/p>\n<p style=\"text-align: right;\"><strong>Working hours:<\/strong><br \/>Mo-Fr 8:00 AM-5:00 PM<\/p>\n<p>[\/et_pb_text][et_pb_text _builder_version=&#8221;4.27.5&#8243; _module_preset=&#8221;default&#8221; header_4_line_height=&#8221;1.4em&#8221; global_colors_info=&#8221;{}&#8221;]<\/p>\n<h4 class=\"vc_custom_heading\" style=\"text-align: right;\">Bank Details:<\/h4>\n<p style=\"text-align: right;\">SEB Vilniaus bankas AB<br \/>Gedimino pr. 12, 01103 Vilnius, Lithuania<\/p>\n<p style=\"text-align: right;\">IBAN LT087044060001131168<br \/>SWIFT: CBVI LT 2X<\/p>\n<p style=\"text-align: right;\"><strong>VAT No: <span>LT115728610<\/span><\/strong><\/p>\n<p>[\/et_pb_text][et_pb_text admin_label=&#8221;Map&#8221; _builder_version=&#8221;4.27.4&#8243; _module_preset=&#8221;default&#8221; custom_padding=&#8221;|3px||||&#8221; global_colors_info=&#8221;{}&#8221;]<iframe src=\"https:\/\/www.google.com\/maps\/embed?pb=!1m18!1m12!1m3!1d2308.823963139133!2d25.264135797981215!3d54.64231790656834!2m3!1f0!2f0!3f0!3m2!1i1024!2i768!4f13.1!3m3!1m2!1s0x46dd94e69d419933%3A0x3df1380210a6ff3a!2sACE%20Logistics%20UAB!5e0!3m2!1sen!2see!4v1764694665724!5m2!1sen!2see\" width=\"100%\" height=\"450\" style=\"border:0;\" allowfullscreen=\"\" loading=\"lazy\" referrerpolicy=\"no-referrer-when-downgrade\"><\/iframe>[\/et_pb_text][\/et_pb_column][et_pb_column type=&#8221;1_2&#8243; _builder_version=&#8221;4.19.4&#8243; _module_preset=&#8221;default&#8221; global_colors_info=&#8221;{}&#8221;][et_pb_text admin_label=&#8221;Our departments&#8221; _builder_version=&#8221;4.27.5&#8243; _module_preset=&#8221;default&#8221; text_text_color=&#8221;#E09900&#8243; header_text_color=&#8221;#E09900&#8243; header_4_line_height=&#8221;1.4em&#8221; module_alignment=&#8221;center&#8221; custom_margin=&#8221;|13px|9px|13px|false|false&#8221; custom_padding=&#8221;||20px||false|false&#8221; locked=&#8221;off&#8221; global_colors_info=&#8221;{}&#8221;]<\/p>\n<h4><span style=\"color: #ff9900;\"><strong>Departments of\u00a0<\/strong><strong>ACE Logistics Lithuania<\/strong><\/span><\/h4>\n<p>[\/et_pb_text][et_pb_toggle title=&#8221;Sales Department&#8221; icon_color=&#8221;#004f7c&#8221; open_icon_color=&#8221;#004f7c&#8221; admin_label=&#8221;Sales Department&#8221; _builder_version=&#8221;4.27.5&#8243; _module_preset=&#8221;default&#8221; locked=&#8221;off&#8221; global_colors_info=&#8221;{}&#8221;]<\/p>\n<p>Phone <a href=\"+370%206901 6695\">+370 6901 6695<\/a><\/p>\n<p>E-mail <a href=\"mailto:sales@ace.lt\">sales@ace.lt<\/a><\/p>\n<p>[\/et_pb_toggle][et_pb_toggle title=&#8221;Air-Sea-Rail Department&#8221; icon_color=&#8221;#004f7c&#8221; open_icon_color=&#8221;#004f7c&#8221; admin_label=&#8221;Air-Sea-Rail Department&#8221; _builder_version=&#8221;4.27.5&#8243; _module_preset=&#8221;default&#8221; locked=&#8221;off&#8221; global_colors_info=&#8221;{}&#8221;]<\/p>\n<p><strong>Air transport<\/strong><\/p>\n<p>Phone <a href=\"+370%206204 5210\">+370 6204 5210<\/a><\/p>\n<p>E-mail\u00a0<a href=\"mailto:air@ace.lt\">air@ace.lt<\/a><\/p>\n<p><strong>Sea transport<\/strong><\/p>\n<p>Phone <a href=\"+370%206140 4305\">+370 6140 4305<\/a><\/p>\n<p>E-mail <a href=\"mailto:ocean@ace.lt\">ocean@ace.lt<\/a><\/p>\n<p><strong>Rail transport<\/strong><\/p>\n<p>Phone <a href=\"+370%206140 4305\">+370 6140 4305<\/a><\/p>\n<p>E-mail <a href=\"mailto:rail@ace.lt\">rail@ace.lt<\/a><\/p>\n<p>[\/et_pb_toggle][et_pb_toggle title=&#8221;Road Freight Department&#8221; icon_color=&#8221;#004f7c&#8221; open_icon_color=&#8221;#004f7c&#8221; admin_label=&#8221;Road Freight Department&#8221; _builder_version=&#8221;4.27.5&#8243; _module_preset=&#8221;default&#8221; locked=&#8221;off&#8221; global_colors_info=&#8221;{}&#8221;]<\/p>\n<p><strong>General Contact:<\/strong><\/p>\n<p>Phone <a href=\"+370%206872 2665\">+370 6872 2665<\/a><\/p>\n<p>E-mail <a href=\"mailto:road@ace.lt\">road@ace.lt<\/a><\/p>\n<p><strong>Groupage Department <\/strong><\/p>\n<p>Phone export <a href=\"+370%206860 4272\">+370 6860 4272<\/a><\/p>\n<p>E-mail export <a href=\"mailto:groupage@ace.ee\">groupage@ace.ee<\/a><a href=\"+372%205918 7889\"> <\/a><\/p>\n<p>Phone import <a href=\"+370%206860 4272\">+370 6860 4272<\/a><\/p>\n<p>E-mail import &#8211; <a href=\"mailto:import@ace.lt\">import@ace.lt<\/a><\/p>\n<p><strong>LTL\/FTL Department <\/strong><\/p>\n<p>Phone <a href=\"+370%206128 7041\">+370 6128 7041<\/a><\/p>\n<p>E-mail <a href=\"mailto:partload@ace.lt\">partload@ace.lt<\/a><\/p>\n<p><strong>Domestic Freight Department <\/strong><\/p>\n<p>Phone <a href=\"+370%206208 8474\">+370 6208 8474<\/a><\/p>\n<p>E-mail <a href=\"mailto:domestic@ace.lt\">domestic@ace.lt<\/a><\/p>\n<p>[\/et_pb_toggle][et_pb_toggle title=&#8221;Customs Department&#8221; icon_color=&#8221;#004f7c&#8221; open_icon_color=&#8221;#004f7c&#8221; admin_label=&#8221;Customs&#8221; _builder_version=&#8221;4.27.5&#8243; _module_preset=&#8221;default&#8221; locked=&#8221;off&#8221; global_colors_info=&#8221;{}&#8221;]<\/p>\n<p><span>Phone<\/span><a href=\"mailto:customs@ace.lt\"><\/a> <a href=\"+370%206111 8140\">+370 6111 8140<\/a><\/p>\n<p><span>E-mail <\/span><a href=\"mailto:customs@ace.lt\">customs@ace.lt<\/a><\/p>\n<p>[\/et_pb_toggle][et_pb_toggle title=&#8221;Warehouse&#8221; icon_color=&#8221;#004f7c&#8221; open_icon_color=&#8221;#004f7c&#8221; admin_label=&#8221;Warehouse&#8221; _builder_version=&#8221;4.27.5&#8243; _module_preset=&#8221;default&#8221; locked=&#8221;off&#8221; global_colors_info=&#8221;{}&#8221;]<\/p>\n<p>Phone <a href=\"+370%206208 8474\">+370 6208 8474<\/a><\/p>\n<p>[\/et_pb_toggle][et_pb_toggle title=&#8221;Human Resource Department&#8221; icon_color=&#8221;#004f7c&#8221; open_icon_color=&#8221;#004f7c&#8221; admin_label=&#8221;LTL\/FTL department&#8221; _builder_version=&#8221;4.27.5&#8243; _module_preset=&#8221;default&#8221; title_line_height=&#8221;1.4em&#8221; locked=&#8221;off&#8221; global_colors_info=&#8221;{}&#8221;]<\/p>\n<p>Phone <a href=\"+370%206828 8104\">+370 6828 8104<\/a><\/p>\n<p>E-mail <a href=\"mailto:cv@ace.lt\">cv@ace.lt<\/a><\/p>\n<p>[\/et_pb_toggle][et_pb_toggle title=&#8221;Financial Department&#8221; icon_color=&#8221;#004f7c&#8221; open_icon_color=&#8221;#004f7c&#8221; _builder_version=&#8221;4.27.5&#8243; _module_preset=&#8221;default&#8221; locked=&#8221;off&#8221; global_colors_info=&#8221;{}&#8221;]<\/p>\n<p>Phone <a href=\"+370%2066441629\">+370 66441629<\/a><\/p>\n<p>E-mail <a href=\"mailto:finances@ace.lt\">finances@ace.lt<\/a><\/p>\n<p>[\/et_pb_toggle][\/et_pb_column][\/et_pb_row][\/et_pb_section][et_pb_section fb_built=&#8221;1&#8243; _builder_version=&#8221;4.27.4&#8243; _module_preset=&#8221;default&#8221; background_color=&#8221;#ededed&#8221; max_width=&#8221;100%&#8221; module_alignment=&#8221;center&#8221; custom_padding=&#8221;14px||3px|||&#8221; box_shadow_style=&#8221;preset1&#8243; global_colors_info=&#8221;{}&#8221;][et_pb_row _builder_version=&#8221;4.27.4&#8243; _module_preset=&#8221;default&#8221; custom_padding=&#8221;50px|||||&#8221; global_colors_info=&#8221;{}&#8221;][et_pb_column type=&#8221;4_4&#8243; _builder_version=&#8221;4.27.4&#8243; _module_preset=&#8221;default&#8221; global_colors_info=&#8221;{}&#8221;][et_pb_text admin_label=&#8221;contact-form&#8221; module_class=&#8221;contact-form-7-ace-contact&#8221; _builder_version=&#8221;4.27.4&#8243; _module_preset=&#8221;default&#8221; global_colors_info=&#8221;{}&#8221;]<\/p>\n<h4>Contact Us<\/h4>\n\n<div class=\"wpcf7 no-js\" id=\"wpcf7-f1328-o1\" lang=\"en-US\" dir=\"ltr\" data-wpcf7-id=\"1328\">\n<div class=\"screen-reader-response\"><p role=\"status\" aria-live=\"polite\" aria-atomic=\"true\"><\/p> <ul><\/ul><\/div>\n<form action=\"\/lt\/en\/wp-json\/wp\/v2\/pages\/160#wpcf7-f1328-o1\" method=\"post\" class=\"wpcf7-form init\" aria-label=\"Contact form\" novalidate=\"novalidate\" data-status=\"init\">\n<fieldset class=\"hidden-fields-container\"><input type=\"hidden\" name=\"_wpcf7\" value=\"1328\" \/><input type=\"hidden\" name=\"_wpcf7_version\" value=\"6.1.5\" \/><input type=\"hidden\" name=\"_wpcf7_locale\" value=\"en_US\" \/><input type=\"hidden\" name=\"_wpcf7_unit_tag\" value=\"wpcf7-f1328-o1\" \/><input type=\"hidden\" name=\"_wpcf7_container_post\" value=\"0\" \/><input type=\"hidden\" name=\"_wpcf7_posted_data_hash\" value=\"\" \/><input type=\"hidden\" name=\"_wpcf7cf_hidden_group_fields\" value=\"[]\" \/><input type=\"hidden\" name=\"_wpcf7cf_hidden_groups\" value=\"[]\" \/><input type=\"hidden\" name=\"_wpcf7cf_visible_groups\" value=\"[]\" \/><input type=\"hidden\" name=\"_wpcf7cf_repeaters\" value=\"[]\" \/><input type=\"hidden\" name=\"_wpcf7cf_steps\" value=\"{}\" \/><input type=\"hidden\" name=\"_wpcf7cf_options\" value=\"{&quot;form_id&quot;:1328,&quot;conditions&quot;:[],&quot;settings&quot;:{&quot;animation&quot;:&quot;yes&quot;,&quot;animation_intime&quot;:200,&quot;animation_outtime&quot;:200,&quot;conditions_ui&quot;:&quot;normal&quot;,&quot;notice_dismissed&quot;:false,&quot;notice_dismissed_rollback-cf7-5.7.2&quot;:true}}\" \/>\n<\/fieldset>\n<p><label> Your name <span class=\"required-field\">*<\/span><br \/>\n<span class=\"wpcf7-form-control-wrap\" data-name=\"your-name\"><input size=\"40\" maxlength=\"400\" class=\"wpcf7-form-control wpcf7-text wpcf7-validates-as-required\" autocomplete=\"name\" aria-required=\"true\" aria-invalid=\"false\" value=\"\" type=\"text\" name=\"your-name\" \/><\/span> <\/label>\n<\/p>\n<p><label> Your email <span class=\"required-field\">*<\/span><br \/>\n<span class=\"wpcf7-form-control-wrap\" data-name=\"your-email\"><input size=\"40\" maxlength=\"400\" class=\"wpcf7-form-control wpcf7-email wpcf7-validates-as-required wpcf7-text wpcf7-validates-as-email\" autocomplete=\"email\" aria-required=\"true\" aria-invalid=\"false\" value=\"\" type=\"email\" name=\"your-email\" \/><\/span> <\/label>\n<\/p>\n<p><label> Phone <span class=\"required-field\">*<\/span><br \/>\n<span class=\"wpcf7-form-control-wrap\" data-name=\"your-phone\"><input size=\"40\" maxlength=\"400\" class=\"wpcf7-form-control wpcf7-text wpcf7-validates-as-required\" aria-required=\"true\" aria-invalid=\"false\" value=\"\" type=\"text\" name=\"your-phone\" \/><\/span> <\/label>\n<\/p>\n<p><label> Your message <span class=\"required-field\">*<\/span><br \/>\n<span class=\"wpcf7-form-control-wrap\" data-name=\"your-message\"><textarea cols=\"40\" rows=\"10\" maxlength=\"2000\" class=\"wpcf7-form-control wpcf7-textarea wpcf7-validates-as-required\" aria-required=\"true\" aria-invalid=\"false\" name=\"your-message\"><\/textarea><\/span> <\/label>\n<\/p>\n<p><span id=\"wpcf7-69df66b757010-wrapper\" class=\"wpcf7-form-control-wrap website-wrap\" style=\"display:none !important; visibility:hidden !important;\"><input type=\"hidden\" name=\"website-time-start\" value=\"1776248503\"><input type=\"hidden\" name=\"website-time-check\" value=\"6\"><label for=\"website-1\" class=\"hp-message\">Please leave this field empty.<\/label><input id=\"website-1\"  class=\"wpcf7-form-control wpcf7-text\" type=\"text\" name=\"website\" value=\"\" size=\"40\" tabindex=\"-1\" autocomplete=\"new-password\" \/><\/span>\n<\/p>\n<div class=\"form-send-button\">\n\t<p><input class=\"wpcf7-form-control wpcf7-submit has-spinner\" type=\"submit\" value=\"Send\" \/>\n\t<\/p>\n<\/div>\n<style>\n.wpcf7 input, .wpcf7 textarea {\nwidth: 100%\n}\n.required-field {\ncolor: #004f7c;\n}\n<\/style><div class=\"wpcf7-response-output\" aria-hidden=\"true\"><\/div>\n<\/form>\n<\/div>\n\n<p>[\/et_pb_text][et_pb_code _builder_version=&#8221;4.27.4&#8243; _module_preset=&#8221;default&#8221; global_colors_info=&#8221;{}&#8221;]<\/p>\n<style><!-- [et_pb_line_break_holder] -->.contact-form-7-ace-contact {<!-- [et_pb_line_break_holder] -->font-family: inter;<!-- [et_pb_line_break_holder] -->}<!-- [et_pb_line_break_holder] -->.contact-form-7-ace-contact label {<!-- [et_pb_line_break_holder] -->font-family: inter;<!-- [et_pb_line_break_holder] -->}<!-- [et_pb_line_break_holder] -->.contact-form-7-ace-contact form {<!-- [et_pb_line_break_holder] -->margin-top: 12px;<!-- [et_pb_line_break_holder] -->}<!-- [et_pb_line_break_holder] -->.contact-form-7-ace-contact .form-send-button {<!-- [et_pb_line_break_holder] -->    display: flex !important;<!-- [et_pb_line_break_holder] -->    justify-content: flex-end !important;<!-- [et_pb_line_break_holder] -->}<!-- [et_pb_line_break_holder] -->  <!-- [et_pb_line_break_holder] -->.contact-form-7-ace-contact input {<!-- [et_pb_line_break_holder] -->    height: 35px;<!-- [et_pb_line_break_holder] -->  \tmargin-top: 5px;<!-- [et_pb_line_break_holder] -->}<!-- [et_pb_line_break_holder] -->.contact-form-7-ace-contact textarea {<!-- [et_pb_line_break_holder] -->  \tmargin-top: 5px;<!-- [et_pb_line_break_holder] -->}<!-- [et_pb_line_break_holder] -->.contact-form-7-ace-contact input:focus, .contact-form-7-ace-contact textarea:focus  {<!-- [et_pb_line_break_holder] -->    border-color: #004f7c;<!-- [et_pb_line_break_holder] -->}<!-- [et_pb_line_break_holder] -->.contact-form-7-ace-contact .form-send-button .wpcf7-submit {<!-- [et_pb_line_break_holder] -->    width: fit-content;<!-- [et_pb_line_break_holder] -->    font-size: 17px;<!-- [et_pb_line_break_holder] -->    background-color: #004f7c;<!-- [et_pb_line_break_holder] -->    padding-top: 8px !important;<!-- [et_pb_line_break_holder] -->    padding-right: 40px !important;<!-- [et_pb_line_break_holder] -->    padding-bottom: 8px !important;<!-- [et_pb_line_break_holder] -->    padding-left: 40px !important;<!-- [et_pb_line_break_holder] -->    color: white;<!-- [et_pb_line_break_holder] -->    cursor: pointer;<!-- [et_pb_line_break_holder] -->    font-family: 'Inter' !important;<!-- [et_pb_line_break_holder] -->    border: 3px solid #004f7c;<!-- [et_pb_line_break_holder] -->    border-radius: 2px;<!-- [et_pb_line_break_holder] -->    letter-spacing: 1px;<!-- [et_pb_line_break_holder] -->  \tdisplay: flex !important;<!-- [et_pb_line_break_holder] -->  \theight: 40px !important;<!-- [et_pb_line_break_holder] -->}<!-- [et_pb_line_break_holder] -->.contact-form-7-ace-contact .form-send-button .wpcf7-submit:hover {<!-- [et_pb_line_break_holder] -->   border-color: #156da1 !important;<!-- [et_pb_line_break_holder] -->}<!-- [et_pb_line_break_holder] --><\/style>\n<p>[\/et_pb_code][\/et_pb_column][\/et_pb_row][\/et_pb_section]<\/p>\n","protected":false},"excerpt":{"rendered":"<p>Contact Details: ACE Logistics Lithuania UABVilnius terminal: Jurgio Dobkevi\u010diaus g. 10, LT-02189 Vilnius, LithuaniaKaunas terminal: Erdv\u0117s g. 19, Ramu\u010diai, Kaunas district, LithuaniaPhone: +370 5 2106 106E-mail:\u00a0ace@ace.ltwww.acelogistics.eu Working hours:Mo-Fr 8:00 AM-5:00 PMBank Details: SEB Vilniaus bankas ABGedimino pr. 12, 01103 Vilnius, Lithuania IBAN LT087044060001131168SWIFT: CBVI LT 2X VAT No: LT115728610Departments of\u00a0ACE Logistics LithuaniaPhone +370 6901 6695 [&hellip;]<\/p>\n","protected":false},"author":1,"featured_media":15562,"parent":0,"menu_order":0,"comment_status":"closed","ping_status":"closed","template":"","meta":{"_et_pb_use_builder":"on","_et_pb_old_content":"","_et_gb_content_width":"","footnotes":""},"class_list":["post-160","page","type-page","status-publish","has-post-thumbnail","hentry"],"yoast_head":"<!-- This site is optimized with the Yoast SEO plugin v26.8 - https:\/\/yoast.com\/product\/yoast-seo-wordpress\/ -->\n<title>Contacts - ACE Logistics Lithuania<\/title>\n<meta name=\"robots\" content=\"index, follow, max-snippet:-1, max-image-preview:large, max-video-preview:-1\" \/>\n<link rel=\"canonical\" href=\"https:\/\/www.acelogistics.eu\/lt\/en\/contacts\/\" \/>\n<meta property=\"og:locale\" content=\"en_US\" \/>\n<meta property=\"og:type\" content=\"article\" \/>\n<meta property=\"og:title\" content=\"Contacts - ACE Logistics Lithuania\" \/>\n<meta property=\"og:description\" content=\"Contact Details: ACE Logistics Lithuania UABVilnius terminal: Jurgio Dobkevi\u010diaus g. 10, LT-02189 Vilnius, LithuaniaKaunas terminal: Erdv\u0117s g. 19, Ramu\u010diai, Kaunas district, LithuaniaPhone: +370 5 2106 106E-mail:\u00a0ace@ace.ltwww.acelogistics.eu Working hours:Mo-Fr 8:00 AM-5:00 PMBank Details: SEB Vilniaus bankas ABGedimino pr. 12, 01103 Vilnius, Lithuania IBAN LT087044060001131168SWIFT: CBVI LT 2X VAT No: LT115728610Departments of\u00a0ACE Logistics LithuaniaPhone +370 6901 6695 [&hellip;]\" \/>\n<meta property=\"og:url\" content=\"https:\/\/www.acelogistics.eu\/lt\/en\/contacts\/\" \/>\n<meta property=\"og:site_name\" content=\"ACE Logistics Lithuania\" \/>\n<meta property=\"article:modified_time\" content=\"2026-03-26T08:44:19+00:00\" \/>\n<meta property=\"og:image\" content=\"https:\/\/www.acelogistics.eu\/lt\/wp-content\/uploads\/sites\/6\/2025\/03\/ace-contacts-header-2.jpg\" \/>\n\t<meta property=\"og:image:width\" content=\"2000\" \/>\n\t<meta property=\"og:image:height\" content=\"353\" \/>\n\t<meta property=\"og:image:type\" content=\"image\/jpeg\" \/>\n<meta name=\"twitter:card\" content=\"summary_large_image\" \/>\n<meta name=\"twitter:label1\" content=\"Est. reading time\" \/>\n\t<meta name=\"twitter:data1\" content=\"4 minutes\" \/>\n<script type=\"application\/ld+json\" class=\"yoast-schema-graph\">{\"@context\":\"https:\/\/schema.org\",\"@graph\":[{\"@type\":\"WebPage\",\"@id\":\"https:\/\/www.acelogistics.eu\/lt\/en\/contacts\/\",\"url\":\"https:\/\/www.acelogistics.eu\/lt\/en\/contacts\/\",\"name\":\"Contacts - ACE Logistics Lithuania\",\"isPartOf\":{\"@id\":\"https:\/\/www.acelogistics.eu\/lt\/en\/#website\"},\"primaryImageOfPage\":{\"@id\":\"https:\/\/www.acelogistics.eu\/lt\/en\/contacts\/#primaryimage\"},\"image\":{\"@id\":\"https:\/\/www.acelogistics.eu\/lt\/en\/contacts\/#primaryimage\"},\"thumbnailUrl\":\"https:\/\/www.acelogistics.eu\/lt\/wp-content\/uploads\/sites\/6\/2025\/03\/ace-contacts-header-2.jpg\",\"datePublished\":\"2023-01-12T14:31:31+00:00\",\"dateModified\":\"2026-03-26T08:44:19+00:00\",\"breadcrumb\":{\"@id\":\"https:\/\/www.acelogistics.eu\/lt\/en\/contacts\/#breadcrumb\"},\"inLanguage\":\"en-US\",\"potentialAction\":[{\"@type\":\"ReadAction\",\"target\":[\"https:\/\/www.acelogistics.eu\/lt\/en\/contacts\/\"]}]},{\"@type\":\"ImageObject\",\"inLanguage\":\"en-US\",\"@id\":\"https:\/\/www.acelogistics.eu\/lt\/en\/contacts\/#primaryimage\",\"url\":\"https:\/\/www.acelogistics.eu\/lt\/wp-content\/uploads\/sites\/6\/2025\/03\/ace-contacts-header-2.jpg\",\"contentUrl\":\"https:\/\/www.acelogistics.eu\/lt\/wp-content\/uploads\/sites\/6\/2025\/03\/ace-contacts-header-2.jpg\",\"width\":2000,\"height\":353},{\"@type\":\"BreadcrumbList\",\"@id\":\"https:\/\/www.acelogistics.eu\/lt\/en\/contacts\/#breadcrumb\",\"itemListElement\":[{\"@type\":\"ListItem\",\"position\":1,\"name\":\"Home\",\"item\":\"https:\/\/www.acelogistics.eu\/lt\/en\/\"},{\"@type\":\"ListItem\",\"position\":2,\"name\":\"Contacts\"}]},{\"@type\":\"WebSite\",\"@id\":\"https:\/\/www.acelogistics.eu\/lt\/en\/#website\",\"url\":\"https:\/\/www.acelogistics.eu\/lt\/en\/\",\"name\":\"ACE Logistics Lithuania\",\"description\":\"\",\"potentialAction\":[{\"@type\":\"SearchAction\",\"target\":{\"@type\":\"EntryPoint\",\"urlTemplate\":\"https:\/\/www.acelogistics.eu\/lt\/en\/?s={search_term_string}\"},\"query-input\":{\"@type\":\"PropertyValueSpecification\",\"valueRequired\":true,\"valueName\":\"search_term_string\"}}],\"inLanguage\":\"en-US\"}]}<\/script>\n<!-- \/ Yoast SEO plugin. -->","yoast_head_json":{"title":"Contacts - ACE Logistics Lithuania","robots":{"index":"index","follow":"follow","max-snippet":"max-snippet:-1","max-image-preview":"max-image-preview:large","max-video-preview":"max-video-preview:-1"},"canonical":"https:\/\/www.acelogistics.eu\/lt\/en\/contacts\/","og_locale":"en_US","og_type":"article","og_title":"Contacts - ACE Logistics Lithuania","og_description":"Contact Details: ACE Logistics Lithuania UABVilnius terminal: Jurgio Dobkevi\u010diaus g. 10, LT-02189 Vilnius, LithuaniaKaunas terminal: Erdv\u0117s g. 19, Ramu\u010diai, Kaunas district, LithuaniaPhone: +370 5 2106 106E-mail:\u00a0ace@ace.ltwww.acelogistics.eu Working hours:Mo-Fr 8:00 AM-5:00 PMBank Details: SEB Vilniaus bankas ABGedimino pr. 12, 01103 Vilnius, Lithuania IBAN LT087044060001131168SWIFT: CBVI LT 2X VAT No: LT115728610Departments of\u00a0ACE Logistics LithuaniaPhone +370 6901 6695 [&hellip;]","og_url":"https:\/\/www.acelogistics.eu\/lt\/en\/contacts\/","og_site_name":"ACE Logistics Lithuania","article_modified_time":"2026-03-26T08:44:19+00:00","og_image":[{"width":2000,"height":353,"url":"https:\/\/www.acelogistics.eu\/lt\/wp-content\/uploads\/sites\/6\/2025\/03\/ace-contacts-header-2.jpg","type":"image\/jpeg"}],"twitter_card":"summary_large_image","twitter_misc":{"Est. reading time":"4 minutes"},"schema":{"@context":"https:\/\/schema.org","@graph":[{"@type":"WebPage","@id":"https:\/\/www.acelogistics.eu\/lt\/en\/contacts\/","url":"https:\/\/www.acelogistics.eu\/lt\/en\/contacts\/","name":"Contacts - ACE Logistics Lithuania","isPartOf":{"@id":"https:\/\/www.acelogistics.eu\/lt\/en\/#website"},"primaryImageOfPage":{"@id":"https:\/\/www.acelogistics.eu\/lt\/en\/contacts\/#primaryimage"},"image":{"@id":"https:\/\/www.acelogistics.eu\/lt\/en\/contacts\/#primaryimage"},"thumbnailUrl":"https:\/\/www.acelogistics.eu\/lt\/wp-content\/uploads\/sites\/6\/2025\/03\/ace-contacts-header-2.jpg","datePublished":"2023-01-12T14:31:31+00:00","dateModified":"2026-03-26T08:44:19+00:00","breadcrumb":{"@id":"https:\/\/www.acelogistics.eu\/lt\/en\/contacts\/#breadcrumb"},"inLanguage":"en-US","potentialAction":[{"@type":"ReadAction","target":["https:\/\/www.acelogistics.eu\/lt\/en\/contacts\/"]}]},{"@type":"ImageObject","inLanguage":"en-US","@id":"https:\/\/www.acelogistics.eu\/lt\/en\/contacts\/#primaryimage","url":"https:\/\/www.acelogistics.eu\/lt\/wp-content\/uploads\/sites\/6\/2025\/03\/ace-contacts-header-2.jpg","contentUrl":"https:\/\/www.acelogistics.eu\/lt\/wp-content\/uploads\/sites\/6\/2025\/03\/ace-contacts-header-2.jpg","width":2000,"height":353},{"@type":"BreadcrumbList","@id":"https:\/\/www.acelogistics.eu\/lt\/en\/contacts\/#breadcrumb","itemListElement":[{"@type":"ListItem","position":1,"name":"Home","item":"https:\/\/www.acelogistics.eu\/lt\/en\/"},{"@type":"ListItem","position":2,"name":"Contacts"}]},{"@type":"WebSite","@id":"https:\/\/www.acelogistics.eu\/lt\/en\/#website","url":"https:\/\/www.acelogistics.eu\/lt\/en\/","name":"ACE Logistics Lithuania","description":"","potentialAction":[{"@type":"SearchAction","target":{"@type":"EntryPoint","urlTemplate":"https:\/\/www.acelogistics.eu\/lt\/en\/?s={search_term_string}"},"query-input":{"@type":"PropertyValueSpecification","valueRequired":true,"valueName":"search_term_string"}}],"inLanguage":"en-US"}]}},"_links":{"self":[{"href":"https:\/\/www.acelogistics.eu\/lt\/en\/wp-json\/wp\/v2\/pages\/160","targetHints":{"allow":["GET"]}}],"collection":[{"href":"https:\/\/www.acelogistics.eu\/lt\/en\/wp-json\/wp\/v2\/pages"}],"about":[{"href":"https:\/\/www.acelogistics.eu\/lt\/en\/wp-json\/wp\/v2\/types\/page"}],"author":[{"embeddable":true,"href":"https:\/\/www.acelogistics.eu\/lt\/en\/wp-json\/wp\/v2\/users\/1"}],"replies":[{"embeddable":true,"href":"https:\/\/www.acelogistics.eu\/lt\/en\/wp-json\/wp\/v2\/comments?post=160"}],"version-history":[{"count":85,"href":"https:\/\/www.acelogistics.eu\/lt\/en\/wp-json\/wp\/v2\/pages\/160\/revisions"}],"predecessor-version":[{"id":20025,"href":"https:\/\/www.acelogistics.eu\/lt\/en\/wp-json\/wp\/v2\/pages\/160\/revisions\/20025"}],"wp:featuredmedia":[{"embeddable":true,"href":"https:\/\/www.acelogistics.eu\/lt\/en\/wp-json\/wp\/v2\/media\/15562"}],"wp:attachment":[{"href":"https:\/\/www.acelogistics.eu\/lt\/en\/wp-json\/wp\/v2\/media?parent=160"}],"curies":[{"name":"wp","href":"https:\/\/api.w.org\/{rel}","templated":true}]}}